{"id":38495,"date":"2021-08-20T17:55:35","date_gmt":"2021-08-20T17:55:35","guid":{"rendered":"https:\/\/www.sisinternational.com\/?page_id=38495"},"modified":"2026-01-26T16:47:55","modified_gmt":"2026-01-26T21:47:55","slug":"ricerche-di-mercato-in-venezuela","status":"publish","type":"page","link":"https:\/\/www.sisinternational.com\/it\/copertura\/latin-america\/ricerche-di-mercato-in-america-latina\/ricerche-di-mercato-in-venezuela\/","title":{"rendered":"Ricerche di mercato in Venezuela"},"content":{"rendered":"<h1 class=\"wp-block-heading\">Ricerche di mercato in Venezuela<\/h1>\n\n\n\n<figure class=\"gb-block-image gb-block-image-8d7b827f\"><img loading=\"lazy\" decoding=\"async\" width=\"1456\" height=\"816\" class=\"gb-image gb-image-8d7b827f\" src=\"https:\/\/www.sisinternational.com\/wp-content\/uploads\/2025\/09\/Venezuela-5.jpg\" alt=\"Ricerca e strategia di mercato internazionale SIS\" title=\"Venezuela (5)\" srcset=\"https:\/\/www.sisinternational.com\/wp-content\/uploads\/2025\/09\/Venezuela-5.jpg 1456w, https:\/\/www.sisinternational.com\/wp-content\/uploads\/2025\/09\/Venezuela-5-300x168.jpg 300w, https:\/\/www.sisinternational.com\/wp-content\/uploads\/2025\/09\/Venezuela-5-1024x574.jpg 1024w, https:\/\/www.sisinternational.com\/wp-content\/uploads\/2025\/09\/Venezuela-5-768x430.jpg 768w, https:\/\/www.sisinternational.com\/wp-content\/uploads\/2025\/09\/Venezuela-5-18x10.jpg 18w\" sizes=\"auto, (max-width: 1456px) 100vw, 1456px\"><\/figure>\n\n\n\n<p><\/p>\n\n\n\n<h2 class=\"wp-block-heading\">Il Venezuela \u00e8 uno scalo allettante.<\/h2>\n\n\n\n<p>\u00c8 uno dei paesi pi\u00f9 grandi del mondo, con circa 32 milioni di residenti. Ha una superficie di 350.000 miglia quadrate ed \u00e8 leader in termini di paesaggi e ricchezza culturale. Vanta splendide cascate, praterie, fitte foreste pluviali tropicali e spiagge incontaminate.<\/p>\n\n\n\n<p>To this day, the culture of the land still reflects the customs of the past. There\u2019s also a hint of the old Spanish along with it. It borders countries such as <a class=\"wpil_keyword_link\" href=\"https:\/\/www.sisinternational.com\/it\/copertura\/le-americhe\/ricerche-di-mercato-in-america-latina\/ricerche-di-mercato-in-guyana\/\"   title=\"Ricerche di mercato in Guyana\" data-wpil-keyword-link=\"linked\"  data-wpil-monitor-id=\"420\">Guyana<\/a>, Colombia, and Brazil. <a href=\"https:\/\/www.sisinternational.com\/it\/copertura\/le-americhe\/ricerche-di-mercato-nei-caraibi\/ricerche-di-mercato-trinidad-tobago\/\" title=\"Ricerche di mercato a Trinidad e Tobago\"  data-wpil-monitor-id=\"6204\">Trinidad &amp; Tobago<\/a> is also close by. Other island neighbors include Grenada, Curacao, and Aruba.<\/p>\n\n\n\n<p>Il Venezuela ospita le pi\u00f9 grandi riserve di petrolio del pianeta. \u00c8 il primo esportatore di petrolio al mondo. \u00c8 anche tra i primi otto fornitori di gas naturale a livello mondiale. La sua societ\u00e0 dipende in larga misura dalle esportazioni di petrolio, che le conferiscono la posizione che occupa sul mercato mondiale. Le esportazioni di petrolio rappresentano la maggior parte dei proventi delle esportazioni del paese. La terra detiene anche altre risorse naturali come ferro, oro, diamanti e altri minerali. Pur disponendo di queste risorse, il Paese ha ancora molti problemi.<\/p>\n\n\n\n<h2 class=\"wp-block-heading\">Quartieri<\/h2>\n\n\n\n<p>Caracas \u00e8 la capitale e la citt\u00e0 pi\u00f9 grande con oltre 4 milioni di residenti. \u00c8 anche il centro della sanit\u00e0, dell&#039;istruzione, del governo e della produzione. Caracas ha anche una grande industria dei servizi.<\/p>\n\n\n\n<p>Maracaibo \u00e8 la seconda citt\u00e0 pi\u00f9 grande con circa 3 milioni di residenti e il pi\u00f9 grande porto marittimo. Questa citt\u00e0 \u00e8 il cuore dell&#039;industria petrolifera e lo \u00e8 stata per diversi anni.<\/p>\n\n\n\n<p>Valencia City is the primary link between the west terrain and the rest of the country.&nbsp;It also&nbsp;has&nbsp;some of the most fertile lands. It is well known for cattle breeding and growing several crops.<\/p>\n\n\n\n<h2 class=\"wp-block-heading\">Industrie chiave<\/h2>\n\n\n\n<p>L\u2019agricoltura \u00e8 un settore chiave. Le principali colture prodotte sono canna da zucchero, riso, mais e sorgo. Anche il settore petrolchimico \u00e8 in rapida crescita.<\/p>\n\n\n\n<p>In addition, there are the gold mining, oil, manufacturing, plastics, and pharmaceuticals industries. The country also produces steel, tobacco products, paper, and textiles.&nbsp;Still other products include cement, food, woven goods, rope, drinks, and soaps.<\/p>\n\n\n\n<p>There are large tracts of untouched arable land and vast bodies of water.&nbsp;Moreover, the country has rich sources of iron ore, gold, natural gas, and various minerals.<\/p>\n\n\n\n<p>There are also plans to revive the production of coffee and cocoa for export. Currently, exports include corn, soybeans, wheat, cotton, and cooking oils.&nbsp;Furthermore, rice, fish, fruits, pork, beef, and coffee are also in demand. The country\u2019s main export partners&nbsp;are China, Brazil, Colombia, Mexico, and the United States.<\/p>\n\n\n\n<h2 class=\"wp-block-heading\">Tendenze<\/h2>\n\n\n\n<p>I venezuelani sono altamente alfabetizzati. Di conseguenza, il paese dispone di una forza lavoro qualificata. Tuttavia, esiste un ampio divario di reddito tra i suoi cittadini. Questo divario lascia quasi tutti i locali al di sotto della soglia di povert\u00e0. La gente del posto non pu\u00f2 permettersi di acquistare beni di prima necessit\u00e0. Il paese ha quartieri eleganti. Ma ha anche decine di baracche per le persone che vivono in povert\u00e0.<\/p>\n\n\n\n<p>Nonostante queste sfide sociali, questo paese ha molte promesse. Ad esempio, gli investitori possono prendere in considerazione l\u2019idea di investire i propri soldi nella produzione di petrolio, che \u00e8 un settore in crescita. Anche le esportazioni continuano a crescere.<\/p>\n\n\n\n<h2 class=\"wp-block-heading\">Base dei consumatori<\/h2>\n\n\n\n<p>Una percentuale molto elevata di cittadini vive nelle citt\u00e0. Pi\u00f9 di un quarto della popolazione ha meno di 15 anni. Pi\u00f9 della met\u00e0 ha tra i 15 e i 65 anni. Al cittadino medio mancano beni essenziali come articoli da toeletta, farina e latte. Molti cittadini inoltre non hanno accesso all\u2019acqua potabile. I prezzi sono aumentati vertiginosamente e si prevede che aumentino ancora di pi\u00f9.<\/p>\n\n\n\n<p>Tuttavia, questo paese ha un mercato di quasi 30 milioni. C&#039;\u00e8 un grande potenziale per formare joint venture locali. Sebbene esista un potenziale, tieni presente che le persone non possono permettersi i prezzi fissati dagli imprenditori locali. La maggior parte dei negozi di alimentari ha gli scaffali vuoti a causa della carenza di cibo e di beni di prima necessit\u00e0.<\/p>\n\n\n\n<h2 class=\"wp-block-heading\">Motivi per far crescere la tua attivit\u00e0 in Venezuela<\/h2>\n\n\n\n<p>Ci sono diversi motivi per far crescere la tua attivit\u00e0 in questo stato. Per prima cosa, c&#039;\u00e8 la sua posizione. Il Venezuela \u00e8 facilmente raggiungibile attraverso i Caraibi. Ha anche molti altri gateway.<\/p>\n\n\n\n<p>Inoltre, i costi per fare impresa sono bassi. La forza lavoro \u00e8 un altro incentivo, poich\u00e9 le persone sono disposte a lavorare per poter soddisfare i bisogni di base. Pertanto, la manodopera costa poco.<\/p>\n\n\n\n<p>Inoltre, le esportazioni di petrolio continuano a migliorare nonostante alcune battute d\u2019arresto minori. Le riserve di sabbie bituminose, bitume e petrolio greggio sono buone opzioni da esplorare. Il mercato dell\u2019energia \u00e8 in crescita, ma \u00e8 necessario potenziare il settore dei prodotti non petroliferi. Nonostante le sfide, i viaggi, il turismo, l\u2019agricoltura, le forniture alimentari e l\u2019informatica sono ottime scommesse per gli investitori.<\/p>\n\n\n\n<h2 class=\"wp-block-heading\">Informazioni sulle ricerche di mercato in Venezuela<\/h2>\n\n\n\n<p>Desideri fare affari in Venezuela? La ricerca ne mostra diversi<br>i settori sono ottimi per gli investimenti. Offriamo ricerca quantitativa e qualitativa nei settori emergenti. Forniamo anche ricerche strategiche. Inoltre, possiamo implementare Focus Group per testare il tuo mercato. Possiamo anche aiutarti a migliorare il tuo gioco facendo sondaggi e interviste.<\/p>\n\n\n\n<p><a href=\"https:\/\/www.sisinternational.com\/it\/sulla-sua-ricerca-internazionale\/contact-sis-international-market-research\/\">Contattaci oggi per vedere come possiamo aiutarti.<\/a><\/p>\n\n\n\n<p><\/p>\n\n\n\n<h2 class=\"wp-block-heading\">&nbsp;<\/h2>","protected":false},"excerpt":{"rendered":"<p>Scopri come far crescere la tua attivit\u00e0 con le ricerche di mercato del Venezuela.<\/p>","protected":false},"author":1,"featured_media":66384,"parent":14351,"menu_order":18,"comment_status":"closed","ping_status":"closed","template":"","meta":{"footnotes":""},"class_list":["post-38495","page","type-page","status-publish","has-post-thumbnail"],"_links":{"self":[{"href":"https:\/\/www.sisinternational.com\/it\/wp-json\/wp\/v2\/pages\/38495","targetHints":{"allow":["GET"]}}],"collection":[{"href":"https:\/\/www.sisinternational.com\/it\/wp-json\/wp\/v2\/pages"}],"about":[{"href":"https:\/\/www.sisinternational.com\/it\/wp-json\/wp\/v2\/types\/page"}],"author":[{"embeddable":true,"href":"https:\/\/www.sisinternational.com\/it\/wp-json\/wp\/v2\/users\/1"}],"replies":[{"embeddable":true,"href":"https:\/\/www.sisinternational.com\/it\/wp-json\/wp\/v2\/comments?post=38495"}],"version-history":[{"count":7,"href":"https:\/\/www.sisinternational.com\/it\/wp-json\/wp\/v2\/pages\/38495\/revisions"}],"predecessor-version":[{"id":79791,"href":"https:\/\/www.sisinternational.com\/it\/wp-json\/wp\/v2\/pages\/38495\/revisions\/79791"}],"up":[{"embeddable":true,"href":"https:\/\/www.sisinternational.com\/it\/wp-json\/wp\/v2\/pages\/14351"}],"wp:featuredmedia":[{"embeddable":true,"href":"https:\/\/www.sisinternational.com\/it\/wp-json\/wp\/v2\/media\/66384"}],"wp:attachment":[{"href":"https:\/\/www.sisinternational.com\/it\/wp-json\/wp\/v2\/media?parent=38495"}],"curies":[{"name":"wp","href":"https:\/\/api.w.org\/{rel}","templated":true}]}}