{"id":38487,"date":"2021-08-20T16:35:39","date_gmt":"2021-08-20T16:35:39","guid":{"rendered":"https:\/\/www.sisinternational.com\/?page_id=38487"},"modified":"2025-09-15T01:27:24","modified_gmt":"2025-09-15T05:27:24","slug":"ricerche-di-mercato-uruguay","status":"publish","type":"page","link":"https:\/\/www.sisinternational.com\/it\/copertura\/latin-america\/ricerche-di-mercato-in-america-latina\/ricerche-di-mercato-uruguay\/","title":{"rendered":"Ricerche di mercato in Uruguay"},"content":{"rendered":"<h1 class=\"wp-block-heading\">Ricerche di mercato in Uruguay<\/h1>\n\n\n\n<figure class=\"gb-block-image gb-block-image-4afdc781\"><img loading=\"lazy\" decoding=\"async\" width=\"1456\" height=\"816\" class=\"gb-image gb-image-4afdc781\" src=\"https:\/\/www.sisinternational.com\/wp-content\/uploads\/2025\/09\/Uruguay-1.jpg\" alt=\"Ricerca e strategia di mercato internazionale SIS\" title=\"Uruguay (1)\" srcset=\"https:\/\/www.sisinternational.com\/wp-content\/uploads\/2025\/09\/Uruguay-1.jpg 1456w, https:\/\/www.sisinternational.com\/wp-content\/uploads\/2025\/09\/Uruguay-1-300x168.jpg 300w, https:\/\/www.sisinternational.com\/wp-content\/uploads\/2025\/09\/Uruguay-1-1024x574.jpg 1024w, https:\/\/www.sisinternational.com\/wp-content\/uploads\/2025\/09\/Uruguay-1-768x430.jpg 768w, https:\/\/www.sisinternational.com\/wp-content\/uploads\/2025\/09\/Uruguay-1-18x10.jpg 18w\" sizes=\"auto, (max-width: 1456px) 100vw, 1456px\"><\/figure>\n\n\n\n<p><\/p>\n\n\n\n<h2 class=\"wp-block-heading\">L&#039;Uruguay \u00e8 piccolo. In effetti, \u00e8 uno dei paesi dell&#039;America latina pi\u00f9 piccoli.<\/h2>\n\n\n\n<p>L&#039;area \u00e8 di 68.000 miglia quadrate e vi vivono solo quattro milioni di persone. Il paese si trova tra Brasile e Argentina. Ci sono colline basse e bellissime zone costiere. La regione centrale ospita grandi allevamenti di bestiame. I verdi pascoli forniscono un buon pascolo per l&#039;allevamento di bovini e ovini.<\/p>\n\n\n\n<h2 class=\"wp-block-heading\">Quartieri<\/h2>\n\n\n\n<p>Uruguay has three main cities. The capital, Montevideo, is an active, colorful coastal area. An old-world charm blends with the modern. In addition, the <a href=\"https:\/\/www.sisinternational.com\/it\/soluzioni\/soluzioni-di-ricerca-quantitativa-qualitativa\/test-di-posizioni-centrali-a-new-york-city\/\" title=\"Test di sedi centrali a New York City: vantaggi per i test di prodotto\"  data-wpil-monitor-id=\"7811\">city is the central<\/a> cultural hub. It has several museums and old churches, which are popular with tourists. Several plazas, piers, restaurants, and green spaces offer shopping, dining, and other fun options.<\/p>\n\n\n\n<p>Salto \u00e8 pi\u00f9 piccola della capitale. \u00c8 una zona turistica con molto da vedere. Salto dispone di resort primaverili, campeggi, ristoranti, negozi e bancarelle di venditori. Ha anche diversi vigneti, campi di pomodori, agrumi, mais, grano e lino. inoltre, gli agricoltori locali coltivano fragole, semi di girasole, mais e grano.<\/p>\n\n\n\n<p>Un&#039;altra citt\u00e0 importante \u00e8 Paysand\u00fa, un&#039;animata zona industriale. Questa citt\u00e0 ha mulini e mulini tessili, birrifici, concerie e impianti di lavorazione della carne.<\/p>\n\n\n\n<h2 class=\"wp-block-heading\">Tendenze<\/h2>\n\n\n\n<figure class=\"gb-block-image gb-block-image-c7e350aa\"><img loading=\"lazy\" decoding=\"async\" width=\"1456\" height=\"816\" class=\"gb-image gb-image-c7e350aa\" src=\"https:\/\/www.sisinternational.com\/wp-content\/uploads\/2025\/09\/Uruguay-2.jpg\" alt=\"Ricerca e strategia di mercato internazionale SIS\" title=\"Uruguay (2)\" srcset=\"https:\/\/www.sisinternational.com\/wp-content\/uploads\/2025\/09\/Uruguay-2.jpg 1456w, https:\/\/www.sisinternational.com\/wp-content\/uploads\/2025\/09\/Uruguay-2-300x168.jpg 300w, https:\/\/www.sisinternational.com\/wp-content\/uploads\/2025\/09\/Uruguay-2-1024x574.jpg 1024w, https:\/\/www.sisinternational.com\/wp-content\/uploads\/2025\/09\/Uruguay-2-768x430.jpg 768w, https:\/\/www.sisinternational.com\/wp-content\/uploads\/2025\/09\/Uruguay-2-18x10.jpg 18w\" sizes=\"auto, (max-width: 1456px) 100vw, 1456px\"><\/figure>\n\n\n\n<p><\/p>\n\n\n\n<p>L\u2019Uruguay ha una forza lavoro ben istruita e un buon sistema sanitario. Circa due terzi della forza lavoro \u00e8 nel settore dei servizi. Tuttavia, molte persone sono senza lavoro a causa dei bassi arrivi di turisti e del calo delle esportazioni. Un\u2019altra tendenza preoccupante \u00e8 che i cittadini lasciano il Paese in massa.<\/p>\n\n\n\n<p>Inoltre, il basso tasso di natalit\u00e0 significa che la popolazione sta invecchiando. L&#039;et\u00e0 media \u00e8 di 35,8 anni e un quarto della popolazione ha un&#039;et\u00e0 compresa tra 15 e 29 anni. Inoltre, \u00e8 richiesta manodopera giovane e qualificata. Nonostante questi problemi, la spesa personale \u00e8 in aumento, il che \u00e8 una buona notizia per chiunque voglia fare affari l\u00ec.<\/p>\n\n\n\n<h2 class=\"wp-block-heading\">Industrie chiave<\/h2>\n\n\n\n<p>L&#039;Uruguay \u00e8 tra i principali produttori di vino dell&#039;America Latina. Da segnalare anche le esportazioni di carne bovina allevata ad erba, che continuano ad aumentare. Allo stesso modo, prosperano le esportazioni di pesca, silvicoltura, lavorazione della carne, topazio e ametista.<\/p>\n\n\n\n<p>I settori della pelletteria di lusso e della conceria sono maturi per gli investimenti. Sono praticabili anche l&#039;allevamento di bovini e ovini, la frutta, gli agrumi, il mais e il riso. Inoltre, semi di soia, carne in scatola, latticini, pesce, cellulosa, riso e grano rappresentano esportazioni chiave.<\/p>\n\n\n\n<p>I principali partner di esportazione dell&#039;Uruguay sono:<\/p>\n\n\n\n<ul class=\"wp-block-list\">\n<li>L&#039;Unione Europea<\/li>\n\n\n\n<li>Argentina<\/li>\n\n\n\n<li>Gli Stati Uniti<\/li>\n\n\n\n<li>Brasile<\/li>\n<\/ul>\n\n\n\n<h2 class=\"wp-block-heading\">Base dei consumatori<\/h2>\n\n\n\n<p>L&#039;Uruguay ha un elevato tenore di vita e libert\u00e0 sociali. La maggior parte delle persone vive nelle aree urbane. C&#039;\u00e8 spazio per sviluppare le imprese nelle zone centrali e rurali.<\/p>\n\n\n\n<p>Gli articoli locali pi\u00f9 popolari sono snack, sigari, tabacco, dolci, vino, sidro e birra. La spesa personale continua ad aumentare dopo un crollo iniziale. Pertanto, le cose stanno migliorando in diverse aree di business.<\/p>\n\n\n\n<p>Le principali importazioni includono parti di veicoli, petrolio raffinato e greggio e veicoli passeggeri. Anche i telefoni cellulari e gli insetticidi sono in cima alla lista.<\/p>\n\n\n\n<p>Al momento, \u00e8 necessario espandere le acque reflue e gestire l\u2019ambiente. Il paese ha anche bisogno di aiuto per i settori dell\u2019edilizia, della silvicoltura e dell\u2019energia.<\/p>\n\n\n\n<h2 class=\"wp-block-heading\">Motivi per far crescere la tua attivit\u00e0 in Uruguay<\/h2>\n\n\n\n<p>Uruguay has a thriving wine <a href=\"https:\/\/www.sisinternational.com\/it\/la-migliore-azienda-di-analisi-del-settore-a-new-york\/\" title=\"La migliore azienda di analisi del settore a New York\"  data-wpil-monitor-id=\"7810\">industry and is among the top<\/a> five Latam wine producers. Also, the country is among the best places to do business. It is one of the top three emerging Latam giants. In addition, the country ranks very low on the corruption scale.<\/p>\n\n\n\n<p>L&#039;Uruguay ha un clima caldo con inverni miti. Offre un buon equilibrio tra lavoro e vita privata. Inoltre, il Paese \u00e8 sicuro, con un governo stabile. Ha buoni trasporti stradali, servizi di traghetti e assistenza sanitaria a basso costo.<\/p>\n\n\n\n<h2 class=\"wp-block-heading\">Ricerche di mercato in Uruguay<\/h2>\n\n\n\n<p>Uruguay is one of the <a href=\"https:\/\/www.sisinternational.com\/it\/top-5-benefits-of-qualitative-market-research-for-businesses\/\" title=\"Top 5 Benefits of Qualitative Market Research for Businesses\"  data-wpil-monitor-id=\"7812\">top<\/a> places in Latin America to do business. We offer Qualitative, Quantitative, and Strategy <a href=\"https:\/\/www.sisinternational.com\/it\/casi-studio\/\" title=\"Casi studio\"  data-wpil-monitor-id=\"7809\">market research studies<\/a> of Uruguay and other countries. We hope that this article will help you to make sound investment decisions.<\/p>\n\n\n\n<h2 class=\"wp-block-heading\">&nbsp;<\/h2>","protected":false},"excerpt":{"rendered":"<p>Scopri come far crescere la tua organizzazione con le ricerche di mercato in Uruguay.<\/p>","protected":false},"author":1,"featured_media":66374,"parent":14351,"menu_order":17,"comment_status":"closed","ping_status":"closed","template":"","meta":{"footnotes":""},"class_list":["post-38487","page","type-page","status-publish","has-post-thumbnail"],"_links":{"self":[{"href":"https:\/\/www.sisinternational.com\/it\/wp-json\/wp\/v2\/pages\/38487","targetHints":{"allow":["GET"]}}],"collection":[{"href":"https:\/\/www.sisinternational.com\/it\/wp-json\/wp\/v2\/pages"}],"about":[{"href":"https:\/\/www.sisinternational.com\/it\/wp-json\/wp\/v2\/types\/page"}],"author":[{"embeddable":true,"href":"https:\/\/www.sisinternational.com\/it\/wp-json\/wp\/v2\/users\/1"}],"replies":[{"embeddable":true,"href":"https:\/\/www.sisinternational.com\/it\/wp-json\/wp\/v2\/comments?post=38487"}],"version-history":[{"count":4,"href":"https:\/\/www.sisinternational.com\/it\/wp-json\/wp\/v2\/pages\/38487\/revisions"}],"predecessor-version":[{"id":81318,"href":"https:\/\/www.sisinternational.com\/it\/wp-json\/wp\/v2\/pages\/38487\/revisions\/81318"}],"up":[{"embeddable":true,"href":"https:\/\/www.sisinternational.com\/it\/wp-json\/wp\/v2\/pages\/14351"}],"wp:featuredmedia":[{"embeddable":true,"href":"https:\/\/www.sisinternational.com\/it\/wp-json\/wp\/v2\/media\/66374"}],"wp:attachment":[{"href":"https:\/\/www.sisinternational.com\/it\/wp-json\/wp\/v2\/media?parent=38487"}],"curies":[{"name":"wp","href":"https:\/\/api.w.org\/{rel}","templated":true}]}}