{"id":38482,"date":"2021-08-20T16:33:18","date_gmt":"2021-08-20T16:33:18","guid":{"rendered":"https:\/\/www.sisinternational.com\/?page_id=38482"},"modified":"2026-01-25T16:55:40","modified_gmt":"2026-01-25T21:55:40","slug":"ricerche-di-mercato-repubblica-dominicana","status":"publish","type":"page","link":"https:\/\/www.sisinternational.com\/it\/copertura\/latin-america\/ricerche-di-mercato-in-america-latina\/ricerche-di-mercato-repubblica-dominicana\/","title":{"rendered":"Ricerche di mercato nella Repubblica Dominicana"},"content":{"rendered":"<h1 class=\"wp-block-heading\">Ricerche di mercato nella Repubblica Dominicana<\/h1>\n\n\n\n<figure class=\"gb-block-image gb-block-image-cb40ad49\"><img loading=\"lazy\" decoding=\"async\" width=\"1456\" height=\"816\" class=\"gb-image gb-image-cb40ad49\" src=\"https:\/\/www.sisinternational.com\/wp-content\/uploads\/2025\/09\/Dominican-Republic-3.jpg\" alt=\"Ricerca e strategia di mercato internazionale SIS\" title=\"Dominican Republic (3)\" srcset=\"https:\/\/www.sisinternational.com\/wp-content\/uploads\/2025\/09\/Dominican-Republic-3.jpg 1456w, https:\/\/www.sisinternational.com\/wp-content\/uploads\/2025\/09\/Dominican-Republic-3-300x168.jpg 300w, https:\/\/www.sisinternational.com\/wp-content\/uploads\/2025\/09\/Dominican-Republic-3-1024x574.jpg 1024w, https:\/\/www.sisinternational.com\/wp-content\/uploads\/2025\/09\/Dominican-Republic-3-768x430.jpg 768w, https:\/\/www.sisinternational.com\/wp-content\/uploads\/2025\/09\/Dominican-Republic-3-18x10.jpg 18w\" sizes=\"auto, (max-width: 1456px) 100vw, 1456px\"><\/figure>\n\n\n\n<p><\/p>\n\n\n\n<h2 class=\"wp-block-heading\">La Repubblica Dominicana, o Repubblica Dominicana, si trova sul lato orientale dell&#039;isola di Hispaniola.<\/h2>\n\n\n\n<p>La nazione francofona, Haiti, si trova a ovest.<\/p>\n\n\n\n<h2 class=\"wp-block-heading\">Industrie chiave<\/h2>\n\n\n\n<p>Settori come il turismo, l\u2019industria manifatturiera, l\u2019edilizia e l\u2019estrazione mineraria guidano il mercato.<\/p>\n\n\n\n<p>La Repubblica Democratica del Congo esporta metalli, minerali, zucchero e tabacco. Produce ed esporta la seconda maggiore quantit\u00e0 di canna da zucchero della regione.<\/p>\n\n\n\n<p>Most exports are to the United States, but other major trade partners are <a href=\"https:\/\/www.sisinternational.com\/it\/competenza\/ricerche-di-mercato-bric\/\" title=\"Ricerche di mercato BRIC (Brasile, Russia, India e Cina)\"  data-wpil-monitor-id=\"11149\">China and India<\/a>.<\/p>\n\n\n\n<p>Il clima tropicale della nazione la rende una meta turistica popolare, insieme alle sue spiagge di sabbia bianca e alle bellissime montagne. Ha anche una ricca storia.<\/p>\n\n\n\n<p>La Repubblica Democratica del Congo guadagna molti soldi dall\u2019attivit\u00e0 mineraria, il che contribuisce ad aumentare il suo PIL. Ha la pi\u00f9 grande miniera d&#039;oro della regione Latam.<\/p>\n\n\n\n<p>The country also has a growing \u201cFree-trade zone.\u201d This area allows the import, production, export, and transport of goods. Custom duties are low here. Within this zone, the <a href=\"https:\/\/www.sisinternational.com\/it\/soluzioni\/soluzioni-di-branding-e-ricerca-clienti\/ricerche-di-mercato-per-test-di-prodotto\/product-testing-for-consumer-products\/medical-device-product-testing-in-nyc\/\" title=\"Medical Device Product Testing in NYC\"  data-wpil-monitor-id=\"11151\">production of medical<\/a> equipment for export is fast-growing.<\/p>\n\n\n\n<h2 class=\"wp-block-heading\">Quartieri<\/h2>\n\n\n\n<p>Santo Domingo \u00e8 la capitale e la citt\u00e0 pi\u00f9 grande. Ospita molti monumenti religiosi. Anche i piccoli centri urbani sono una caratteristica. Grandi parchi e spazi verdi riempiono la citt\u00e0.<\/p>\n\n\n\n<p>Un&#039;altra citt\u00e0 centrale \u00e8 Santiago, circondata da alte montagne con fitte foreste tropicali. Queste caratteristiche aiutano a proteggere la citt\u00e0 dagli uragani.<\/p>\n\n\n\n<h2 class=\"wp-block-heading\">Tendenze<\/h2>\n\n\n\n<figure class=\"gb-block-image gb-block-image-d851b78f\"><img loading=\"lazy\" decoding=\"async\" width=\"1456\" height=\"816\" class=\"gb-image gb-image-d851b78f\" src=\"https:\/\/www.sisinternational.com\/wp-content\/uploads\/2025\/09\/Dominican-Republic-2.jpg\" alt=\"Ricerca e strategia di mercato internazionale SIS\" title=\"Dominican Republic (2)\" srcset=\"https:\/\/www.sisinternational.com\/wp-content\/uploads\/2025\/09\/Dominican-Republic-2.jpg 1456w, https:\/\/www.sisinternational.com\/wp-content\/uploads\/2025\/09\/Dominican-Republic-2-300x168.jpg 300w, https:\/\/www.sisinternational.com\/wp-content\/uploads\/2025\/09\/Dominican-Republic-2-1024x574.jpg 1024w, https:\/\/www.sisinternational.com\/wp-content\/uploads\/2025\/09\/Dominican-Republic-2-768x430.jpg 768w, https:\/\/www.sisinternational.com\/wp-content\/uploads\/2025\/09\/Dominican-Republic-2-18x10.jpg 18w\" sizes=\"auto, (max-width: 1456px) 100vw, 1456px\"><\/figure>\n\n\n\n<p>S<\/p>\n\n\n\n<p>ectors within the nation continue to grow due to an increase in external demand. As a result, there are more exports of goods and services and all-round growth.<\/p>\n\n\n\n<p>Questa crescita ha molti effetti positivi, come l\u2019aumento dei salari nel settore pubblico e privato. Crea anche pi\u00f9 posti di lavoro. I tassi di povert\u00e0 diminuiscono e la classe media cresce, tutto come risultato della crescita economica.<\/p>\n\n\n\n<p>Tutte queste sono ragioni per cui gli investimenti privati nel Paese dovrebbero aumentare. Ne beneficiano sia l\u2019investitore che il popolo della Repubblica Democratica del Congo.<\/p>\n\n\n\n<h2 class=\"wp-block-heading\">Vantaggi e punti di forza nel mercato<\/h2>\n\n\n\n<p>I tassi di inflazione all\u2019interno del paese sono bassi e stabili, il che attira ingenti somme di investimenti esteri.<\/p>\n\n\n\n<p>Inoltre, la distanza della Repubblica Democratica del Congo dagli Stati Uniti presenta dei vantaggi. \u00c8 vicino; quindi, le aziende possono stabilirvi filiali estere.<\/p>\n\n\n\n<p>Il Paese \u00e8 stabile. Il PIL sta crescendo e i livelli di povert\u00e0 stanno diminuendo, il che pu\u00f2 aiutare gli investitori. La Repubblica Democratica del Congo ha anche accordi commerciali con molti paesi, che le consentono di esportare di pi\u00f9.<\/p>\n\n\n\n<p>The people in the DR treat foreign and local investors as equals, which is an added benefit.&nbsp;Furthermore, they use tax incentives and other measures to attract foreign investors. They give these incentives when the investment made can help the country.<\/p>\n\n\n\n<h2 class=\"wp-block-heading\">Base dei consumatori<\/h2>\n\n\n\n<p>Attualmente la maggior parte dei cittadini si trova al di sotto della soglia di povert\u00e0.<\/p>\n\n\n\n<p>A causa della pandemia di Covid-19 i consumatori sono pi\u00f9 attenti alla spesa. Il loro focus \u00e8 una buona vita familiare, la sicurezza e la salute pubblica.<\/p>\n\n\n\n<h2 class=\"wp-block-heading\">Motivi per far crescere la tua attivit\u00e0 nel mercato dominicano<\/h2>\n\n\n\n<p>The DR is an excellent place for foreign investments. It is a central place for <a href=\"https:\/\/www.sisinternational.com\/it\/soluzioni\/ricerca-di-consulenza-strategica-fintech\/ricerca-di-mercato-del-trading-algoritmico\/\" title=\"Ricerche di mercato sul trading algoritmico\"  data-wpil-monitor-id=\"11146\">trade and transport between many large markets<\/a>, including Central, South, and North America.<\/p>\n\n\n\n<p>Gli investitori possono anche godere di un ampio mercato del lavoro. L\u2019istruzione \u00e8 gratuita e obbligatoria, quindi i cittadini possono apprendere competenze e aggiungere valore per l\u2019investitore. Ci\u00f2 avvantaggia gli investitori che possono creare posti di lavoro.<\/p>\n\n\n\n<p>Inoltre, il paese \u00e8 adatto alle iniziative imprenditoriali grazie alle sue grandi dimensioni.<\/p>\n\n\n\n<p>The thriving export <a href=\"https:\/\/www.sisinternational.com\/it\/soluzioni\/consulenza-per-lospitalita-turistica-turistica\/ricerche-di-mercato-di-societa-di-guide-turistiche\/\" title=\"Ricerche di mercato sull&#039;azienda di guide turistiche\"  data-wpil-monitor-id=\"11147\">market provides an added benefit for companies<\/a>. <a href=\"https:\/\/www.sisinternational.com\/it\/compagnie-aeree-low-cost-nel-settore-dellaviazione\/\" title=\"Ricerche di mercato sulle compagnie aeree low cost\"  data-wpil-monitor-id=\"11148\">Low operating and labor costs<\/a> allow companies to achieve economies of scale.<\/p>\n\n\n\n<h2 class=\"wp-block-heading\">Informazioni sulle ricerche di mercato nella Repubblica Dominicana<\/h2>\n\n\n\n<p>Businesses must conduct Quantitative, Qualitative, and Strategic <a href=\"https:\/\/www.sisinternational.com\/it\/copertura\/le-americhe\/ricerche-di-mercato-nei-caraibi\/ricerche-di-mercato-antigua-barbuda\/\" title=\"Ricerche di mercato ad Antigua e Barbuda\"  data-wpil-monitor-id=\"3799\">Research before market<\/a> entry. Such <a href=\"https:\/\/www.sisinternational.com\/it\/copertura\/europa\/ricerche-di-mercato-liverpool-regno-unito\/\" title=\"Ricerche di mercato a Liverpool | Focus group e raccolta dati nel Regno Unito\"  data-wpil-monitor-id=\"11150\">research analyzes current data<\/a>, and this helps investors with decision-making. <a href=\"https:\/\/www.sisinternational.com\/it\/soluzioni\/soluzioni-di-branding-e-ricerca-clienti\/ricerca-di-mercato-sul-posizionamento-del-marchio\/\" title=\"Ricerche di mercato sul posizionamento del marchio\"  data-wpil-monitor-id=\"11145\">Market Research can have a positive<\/a> impact on your business ventures. Thus, it is essential to conduct <a href=\"https:\/\/www.sisinternational.com\/it\/competenza\/industrie\/ricerche-di-mercato-geopolitiche\/\" title=\"Ricerche di mercato geopolitiche\"  data-wpil-monitor-id=\"3811\">research before entering the market<\/a>.<\/p>\n\n\n\n<p><\/p>\n\n\n\n<h2 class=\"wp-block-heading\">&nbsp;<\/h2>","protected":false},"excerpt":{"rendered":"<p>Scopri come far crescere la tua organizzazione con le ricerche di mercato nella Repubblica Dominicana.<\/p>","protected":false},"author":1,"featured_media":66248,"parent":14351,"menu_order":16,"comment_status":"closed","ping_status":"closed","template":"","meta":{"footnotes":""},"class_list":["post-38482","page","type-page","status-publish","has-post-thumbnail"],"_links":{"self":[{"href":"https:\/\/www.sisinternational.com\/it\/wp-json\/wp\/v2\/pages\/38482","targetHints":{"allow":["GET"]}}],"collection":[{"href":"https:\/\/www.sisinternational.com\/it\/wp-json\/wp\/v2\/pages"}],"about":[{"href":"https:\/\/www.sisinternational.com\/it\/wp-json\/wp\/v2\/types\/page"}],"author":[{"embeddable":true,"href":"https:\/\/www.sisinternational.com\/it\/wp-json\/wp\/v2\/users\/1"}],"replies":[{"embeddable":true,"href":"https:\/\/www.sisinternational.com\/it\/wp-json\/wp\/v2\/comments?post=38482"}],"version-history":[{"count":6,"href":"https:\/\/www.sisinternational.com\/it\/wp-json\/wp\/v2\/pages\/38482\/revisions"}],"predecessor-version":[{"id":81821,"href":"https:\/\/www.sisinternational.com\/it\/wp-json\/wp\/v2\/pages\/38482\/revisions\/81821"}],"up":[{"embeddable":true,"href":"https:\/\/www.sisinternational.com\/it\/wp-json\/wp\/v2\/pages\/14351"}],"wp:featuredmedia":[{"embeddable":true,"href":"https:\/\/www.sisinternational.com\/it\/wp-json\/wp\/v2\/media\/66248"}],"wp:attachment":[{"href":"https:\/\/www.sisinternational.com\/it\/wp-json\/wp\/v2\/media?parent=38482"}],"curies":[{"name":"wp","href":"https:\/\/api.w.org\/{rel}","templated":true}]}}