{"id":38472,"date":"2021-08-20T16:09:22","date_gmt":"2021-08-20T16:09:22","guid":{"rendered":"https:\/\/www.sisinternational.com\/?page_id=38472"},"modified":"2026-01-25T19:02:34","modified_gmt":"2026-01-26T00:02:34","slug":"ricerche-di-mercato-porto-rico","status":"publish","type":"page","link":"https:\/\/www.sisinternational.com\/it\/copertura\/latin-america\/ricerche-di-mercato-in-america-latina\/ricerche-di-mercato-porto-rico\/","title":{"rendered":"Ricerca di scrivania a Porto Rico"},"content":{"rendered":"<h1 class=\"wp-block-heading\"><strong>Ricerca di scrivania a Porto Rico<\/strong><\/h1>\n\n\n\n<figure class=\"gb-block-image gb-block-image-c1e1b3d0\"><img loading=\"lazy\" decoding=\"async\" width=\"1456\" height=\"816\" class=\"gb-image gb-image-c1e1b3d0\" src=\"https:\/\/www.sisinternational.com\/wp-content\/uploads\/2025\/09\/Puerto-Rico-4-1.jpg\" alt=\"Ricerca e strategia di mercato internazionale SIS\" title=\"Puerto Rico (4)\" srcset=\"https:\/\/www.sisinternational.com\/wp-content\/uploads\/2025\/09\/Puerto-Rico-4-1.jpg 1456w, https:\/\/www.sisinternational.com\/wp-content\/uploads\/2025\/09\/Puerto-Rico-4-1-300x168.jpg 300w, https:\/\/www.sisinternational.com\/wp-content\/uploads\/2025\/09\/Puerto-Rico-4-1-1024x574.jpg 1024w, https:\/\/www.sisinternational.com\/wp-content\/uploads\/2025\/09\/Puerto-Rico-4-1-768x430.jpg 768w, https:\/\/www.sisinternational.com\/wp-content\/uploads\/2025\/09\/Puerto-Rico-4-1-18x10.jpg 18w\" sizes=\"auto, (max-width: 1456px) 100vw, 1456px\"><\/figure>\n\n\n\n<p><\/p>\n\n\n\n<h3 class=\"wp-block-heading\">Data la ricca cultura e l&#039;economia in evoluzione di Porto Rico, i marchi devono comprendere le dinamiche specifiche del mercato. Un approccio approfondito aiuta le aziende a gestire efficacemente sia le sfide che le opportunit\u00e0.<\/h3>\n\n\n\n<p>Immagina il tuo marchio che si collega senza soluzione di continuit\u00e0 con i consumatori di Porto Rico. La ricerca desk a Porto Rico rende possibile questa connessione, offrendo le informazioni necessarie per catturare cuori e portafogli.<\/p>\n\n\n\n<h2 class=\"wp-block-heading\"><strong>Cos&#039;\u00e8 la ricerca documentale a Porto Rico?<\/strong><\/h2>\n\n\n\n<p>Desk research in Puerto Rico is critical for identifying consumer preferences, spotting emerging opportunities, and mitigating risks. The Puerto Rican market presents unique challenges, including cultural diversity, economic fluctuation, and regional regulations. These factors make it essential for businesses to conduct comprehensive <a class=\"wpil_keyword_link\" href=\"https:\/\/www.sisinternational.com\/it\/soluzioni\/soluzioni-di-ricerca-quantitativa-qualitativa\/ricerca-a-tavolino\/\"   title=\"Ricerca a tavolino\" data-wpil-keyword-link=\"linked\"  data-wpil-monitor-id=\"744\">ricerca a tavolino<\/a> before making decisions.<\/p>\n\n\n\n<h2 class=\"wp-block-heading\"><strong>Perch\u00e9 le aziende hanno bisogno di ricerche documentali a Porto Rico?<\/strong><\/h2>\n\n\n\n<p>Le aziende hanno bisogno di ricerche di scrivania a Porto Rico per comprendere meglio il panorama economico unico e le sfumature culturali che modellano il comportamento dei consumatori. Le normative federali degli Stati Uniti, un patrimonio culturale distinto e un&#039;economia guidata dal turismo influenzano il mercato di Porto Rico. Questi fattori unici rendono la ricerca di mercato completa fondamentale per prendere decisioni strategiche informate.<\/p>\n\n\n\n<p>Desk research in <a href=\"https:\/\/www.sisinternational.com\/it\/copertura\/ricerche-di-mercato-africane\/ricerche-di-mercato-in-egitto\/\" title=\"Ricerche di mercato in Egitto\"  data-wpil-monitor-id=\"5385\">Puerto Rico<\/a> helps businesses to accurately assess market demand, identify target audiences, and tailor their products and services to meet local preferences. In Puerto Rico, consumer behavior is influenced by a combination of American and Latin cultural elements, making it crucial to develop marketing campaigns that resonate with these dual influences. Understanding these cultural nuances allows businesses to communicate more effectively with their audience.<\/p>\n\n\n\n<p>Inoltre, scrivania <a href=\"https:\/\/www.linkedin.com\/pulse\/how-market-research-enables-growth-ruth-stanat-phekf\/\" target=\"_blank\" rel=\"noopener\"><span style=\"font-weight: 400;\">ricerca<\/span><\/a> a Porto Rico fornisce approfondimenti sulle sfide normative e logistiche che potrebbero influenzare le operazioni aziendali. Ci\u00f2 include la comprensione delle complessit\u00e0 delle normative federali e locali degli Stati Uniti, nonch\u00e9 delle politiche economiche che incidono sui costi di gestione. Le aziende che conducono ricerche di mercato approfondite possono anche identificare tendenze e opportunit\u00e0 emergenti, consentendo loro di rimanere un passo avanti rispetto ai concorrenti e di adattarsi rapidamente ai cambiamenti del mercato.<\/p>\n\n\n\n<h2 class=\"wp-block-heading\"><strong>La nostra attuale revisione del mercato e raccomandazioni<\/strong><\/h2>\n\n\n\n<p>Consideriamo i settori del turismo e farmaceutico aree di crescita particolarmente promettenti a Porto Rico. Con un&#039;elevata domanda di servizi e prodotti di qualit\u00e0, le aziende che investono nella comprensione di questi settori attraverso ricerche di mercato troveranno opportunit\u00e0 significative. La ricerca desk a Porto Rico \u00e8 uno strumento prezioso per aiutare i marchi a entrare in contatto con i consumatori locali, adattarsi alle tendenze regionali ed entrare con successo nel mercato.<\/p>\n\n\n\n<p>Nella nostra attuale analisi di mercato, osserviamo che il sentiment dei consumatori si sta spostando verso una maggiore domanda di prodotti locali, sostenibilit\u00e0 e soluzioni basate sulla tecnologia. Consigliamo alle aziende di capitalizzare queste tendenze adattando le loro offerte per evidenziare l&#039;autenticit\u00e0 locale, le pratiche eco-compatibili e le soluzioni innovative. Inoltre, con l&#039;aumento del turismo, le aziende nei settori dell&#039;ospitalit\u00e0, della vendita al dettaglio e dell&#039;intrattenimento hanno un potenziale di crescita significativo se allineano le loro strategie con le tendenze di viaggio emergenti e le preferenze dei consumatori.<\/p>\n\n\n\n<h2 class=\"wp-block-heading\"><strong>Industrie chiave a Porto Rico<\/strong><\/h2>\n\n\n\n<figure class=\"gb-block-image gb-block-image-6c35eddf\"><img loading=\"lazy\" decoding=\"async\" width=\"1456\" height=\"816\" class=\"gb-image gb-image-6c35eddf\" src=\"https:\/\/www.sisinternational.com\/wp-content\/uploads\/2025\/09\/Puerto-Rico-2-1.jpg\" alt=\"Ricerca e strategia di mercato internazionale SIS\" title=\"Puerto Rico (2)\" srcset=\"https:\/\/www.sisinternational.com\/wp-content\/uploads\/2025\/09\/Puerto-Rico-2-1.jpg 1456w, https:\/\/www.sisinternational.com\/wp-content\/uploads\/2025\/09\/Puerto-Rico-2-1-300x168.jpg 300w, https:\/\/www.sisinternational.com\/wp-content\/uploads\/2025\/09\/Puerto-Rico-2-1-1024x574.jpg 1024w, https:\/\/www.sisinternational.com\/wp-content\/uploads\/2025\/09\/Puerto-Rico-2-1-768x430.jpg 768w, https:\/\/www.sisinternational.com\/wp-content\/uploads\/2025\/09\/Puerto-Rico-2-1-18x10.jpg 18w\" sizes=\"auto, (max-width: 1456px) 100vw, 1456px\"><\/figure>\n\n\n\n<p><\/p>\n\n\n\n<p>Puerto Rico vanta diverse industrie chiave che contribuiscono in modo significativo alla sua economia. Tra queste rientrano i settori farmaceutico, turistico, manifatturiero, agricolo e delle energie rinnovabili.<\/p>\n\n\n\n<ul class=\"wp-block-list\">\n<li><strong>Industria farmaceutica<\/strong>: L&#039;industria farmaceutica \u00e8 uno dei maggiori contributori all&#039;economia di Porto Rico. Aziende come Pfizer, Johnson &amp; Johnson e Amgen hanno avviato importanti attivit\u00e0 a Porto Rico, attratte dalla forza lavoro qualificata e dalle favorevoli condizioni normative.<\/li>\n\n\n\n<li><strong>Industria del turismo<\/strong>: Il turismo svolge un ruolo fondamentale, alimentato dal ricco patrimonio culturale e dalla bellezza naturale di Porto Rico. I principali attori come Hilton e Marriott hanno una forte presenza, contribuendo a rendere l&#039;isola una delle principali destinazioni turistiche.<\/li>\n\n\n\n<li><strong>Industria manifatturiera<\/strong>: La produzione \u00e8 un altro settore chiave, in particolare nell&#039;elettronica e nei dispositivi medici. Aziende come Medtronic hanno capitalizzato la forza lavoro altamente qualificata dell&#039;isola per avviare operazioni di successo.<\/li>\n\n\n\n<li><strong>agricoltura<\/strong>: L&#039;agricoltura, inclusa la produzione di caff\u00e8 e frutta tropicale, contribuisce all&#039;economia locale, con aziende come Caf\u00e9 Yaucono che sono leader degne di nota. C&#039;\u00e8 anche un crescente interesse per l&#039;agricoltura biologica e la produzione alimentare locale.<\/li>\n\n\n\n<li><strong>Energia rinnovabile<\/strong>: Il settore delle energie rinnovabili sta crescendo rapidamente mentre Porto Rico si muove verso l&#039;indipendenza energetica. Aziende come New Energy e Tesla stanno investendo in progetti di energia solare per affrontare la resilienza energetica e la sostenibilit\u00e0.<\/li>\n<\/ul>\n\n\n\n<h2 class=\"wp-block-heading\"><strong>Principali attrazioni turistiche di Porto Rico<\/strong><\/h2>\n\n\n\n<p>La ricerca documentale a Porto Rico evidenzia diverse attrazioni turistiche che attraggono milioni di visitatori ogni anno. Ecco cinque attrazioni chiave:<\/p>\n\n\n\n<ul class=\"wp-block-list\">\n<li><strong>San Giovanni<\/strong>:La citt\u00e0 storica di San Juan, con la sua architettura coloniale spagnola ben conservata e la sua cultura vivace, \u00e8 un&#039;importante attrazione culturale.<\/li>\n\n\n\n<li><strong>Foresta nazionale di El Yunque<\/strong>: L&#039;unica foresta pluviale tropicale del National Forest System degli Stati Uniti, con la sua flora e fauna diversificate, offre un&#039;esperienza unica per gli amanti della natura.<\/li>\n\n\n\n<li><strong>Baia delle zanzare<\/strong>: La baia bioluminescente di Vieques \u00e8 una delle attrazioni naturali pi\u00f9 popolari di Porto Rico. \u00c8 nota per le sue acque luminose causate da organismi bioluminescenti.<\/li>\n\n\n\n<li><strong>Castello San Felipe del Morro<\/strong>: Una fortezza del XVI secolo che offre viste mozzafiato e una ricca storia, rendendola una popolare destinazione turistica.<\/li>\n\n\n\n<li><strong>Isola di Culebra<\/strong>: Famosa per le sue bellissime spiagge, in particolare Flamenco Beach, che viene spesso annoverata tra le spiagge pi\u00f9 belle del mondo.<\/li>\n<\/ul>\n\n\n\n<h2 class=\"wp-block-heading\">Quartieri<\/h2>\n\n\n\n<figure class=\"gb-block-image gb-block-image-583283f8\"><img loading=\"lazy\" decoding=\"async\" width=\"1456\" height=\"816\" class=\"gb-image gb-image-583283f8\" src=\"https:\/\/www.sisinternational.com\/wp-content\/uploads\/2025\/09\/Puerto-Rico-3-1.jpg\" alt=\"Ricerca e strategia di mercato internazionale SIS\" title=\"Puerto Rico (3)\" srcset=\"https:\/\/www.sisinternational.com\/wp-content\/uploads\/2025\/09\/Puerto-Rico-3-1.jpg 1456w, https:\/\/www.sisinternational.com\/wp-content\/uploads\/2025\/09\/Puerto-Rico-3-1-300x168.jpg 300w, https:\/\/www.sisinternational.com\/wp-content\/uploads\/2025\/09\/Puerto-Rico-3-1-1024x574.jpg 1024w, https:\/\/www.sisinternational.com\/wp-content\/uploads\/2025\/09\/Puerto-Rico-3-1-768x430.jpg 768w, https:\/\/www.sisinternational.com\/wp-content\/uploads\/2025\/09\/Puerto-Rico-3-1-18x10.jpg 18w\" sizes=\"auto, (max-width: 1456px) 100vw, 1456px\"><\/figure>\n\n\n\n<p><\/p>\n\n\n\n<p>Porto Rico \u00e8 un territorio degli Stati Uniti. Si trova a 50 miglia a est della Repubblica Dominicana, ed \u00e8 attraversato dal Passaggio di Mona. Si trova a 40 miglia a ovest delle Isole Vergini e 1.600 miglia a sud-est della Florida.<\/p>\n\n\n\n<p>La capitale di Porto Rico \u00e8 San Juan. \u00c8 anche la citt\u00e0 pi\u00f9 popolosa e pi\u00f9 antica sotto il potere degli Stati Uniti. Inoltre, \u00e8 la pi\u00f9 grande citt\u00e0 manifatturiera dell&#039;isola. Insieme a Mayaguez, \u00e8 una delle principali citt\u00e0 che produce abbigliamento. Ha aree per la raffinazione di petrolio e zucchero, la produzione di birra e la distillazione. San Juan produce anche cemento, medicinali, prodotti in metallo e tabacco.<\/p>\n\n\n\n<p>Molti uffici, banche statunitensi e aziende operano l\u00ec. San Juan \u00e8 il secondo porto marittimo pi\u00f9 grande. Tra gli edifici degni di nota di San Juan ci sono El Arsenal e la Cattedrale di San Juan Bautista. La citt\u00e0 ospita anche il Museo Casa Blanca, la Casa del Libro e molto altro.<\/p>\n\n\n\n<h2 class=\"wp-block-heading\">Vantaggi e punti di forza nel mercato<\/h2>\n\n\n\n<p>I servizi e la produzione sono i maggiori punti di forza di Porto Rico nel mercato. Questi settori rappresentano pi\u00f9 della met\u00e0 del PIL del paese. Il principale partner di esportazione di Porto Rico sono gli Stati Uniti (che rappresentano due terzi delle esportazioni totali). Anche Belgio, Italia e Paesi Bassi sono partner importanti. Il principale prodotto di esportazione dell&#039;isola sono i prodotti farmaceutici.<\/p>\n\n\n\n<h2 class=\"wp-block-heading\"><strong>Fattori trainanti del mercato a Porto Rico<\/strong><\/h2>\n\n\n\n<p>I principali fattori trainanti del mercato a Porto Rico includono:<\/p>\n\n\n\n<ol start=\"1\" class=\"wp-block-list\">\n<li><strong>Posizione strategica<\/strong>:La vicinanza di Porto Rico alla terraferma degli Stati Uniti e all&#039;America Latina lo rende un polo strategico per l&#039;espansione commerciale regionale.<\/li>\n\n\n\n<li><strong>Forza lavoro qualificata<\/strong>:Una forza lavoro altamente qualificata \u00e8 un importante motore economico, soprattutto nei settori farmaceutico e manifatturiero.<\/li>\n\n\n\n<li><strong>Crescita del turismo<\/strong>:Il patrimonio culturale e le bellezze naturali dell&#039;isola alimentano un&#039;industria turistica in crescita.<\/li>\n\n\n\n<li><strong>Incentivi fiscali<\/strong>: Le agevolazioni fiscali per le imprese, in particolare quelle previste dalle leggi 20 e 22, incoraggiano gli investimenti e l&#039;attivit\u00e0 economica.<\/li>\n\n\n\n<li><strong>Supporto federale degli Stati Uniti<\/strong>: Porto Rico beneficia del sostegno federale e di programmi che promuovono lo sviluppo economico in quanto territorio degli Stati Uniti.<\/li>\n\n\n\n<li><strong>Investimenti in infrastrutture<\/strong>:Lo sviluppo continuo delle infrastrutture, compresi i progetti di energia rinnovabile, sostiene la crescita economica a lungo termine.<\/li>\n\n\n\n<li><strong>Iniziative per l&#039;energia rinnovabile<\/strong>:La spinta verso le energie rinnovabili e la sostenibilit\u00e0 crea nuove opportunit\u00e0 di business.<\/li>\n<\/ol>\n\n\n\n<h2 class=\"wp-block-heading\"><strong>Restrizioni di mercato a Porto Rico<\/strong><\/h2>\n\n\n\n<p>Nonostante le sue numerose opportunit\u00e0, la ricerca Desk a Porto Rico identifica diverse sfide che le aziende devono affrontare. Tra queste:<\/p>\n\n\n\n<ol start=\"1\" class=\"wp-block-list\">\n<li><strong>Instabilit\u00e0 economica<\/strong>:I problemi di debito pubblico e le limitazioni fiscali hanno creato instabilit\u00e0 economica che incide sulle attivit\u00e0 aziendali.<\/li>\n\n\n\n<li><strong>Disastri naturali<\/strong>:Il rischio di uragani e altri disastri naturali pone sfide operative e pu\u00f2 compromettere la continuit\u00e0 aziendale.<\/li>\n\n\n\n<li><strong>Complessit\u00e0 normativa<\/strong>:L&#039;interazione tra le normative federali e locali degli Stati Uniti pu\u00f2 creare barriere all&#039;ingresso e complicare la conformit\u00e0 aziendale.<\/li>\n\n\n\n<li><strong>Costi energetici elevati<\/strong>:I costi energetici a Porto Rico sono notevolmente pi\u00f9 alti rispetto agli Stati Uniti continentali, il che incide sulla redditivit\u00e0.<\/li>\n\n\n\n<li><strong>Sfide logistiche<\/strong>: Essendo un&#039;isola, Porto Rico deve affrontare sfide logistiche legate all&#039;importazione e all&#039;esportazione di merci.<\/li>\n\n\n\n<li><strong>Accesso al capitale<\/strong>:L&#039;accesso limitato al capitale finanziario pu\u00f2 rappresentare un ostacolo, soprattutto per le piccole e medie imprese.<\/li>\n\n\n\n<li><strong>Vincoli del mercato del lavoro<\/strong>:Sebbene esista una forza lavoro qualificata, alcuni settori si trovano ad affrontare carenze di manodopera, in particolare nei settori tecnici specializzati.<\/li>\n<\/ol>\n\n\n\n<h2 class=\"wp-block-heading\">Base dei consumatori<\/h2>\n\n\n\n<p>Porto Rico ha 3,1 milioni di persone. La Banca Mondiale l&#039;ha classificata come un&#039;economia ad alto reddito. Uno dei motivi \u00e8 che Porto Rico ha molti percettori di reddito elevato. Inoltre, pi\u00f9 della met\u00e0 della sua popolazione \u00e8 disposta a provare nuovi prodotti. Non sempre si attengono ai marchi che conoscono.<\/p>\n\n\n\n<h2 class=\"wp-block-heading\">Motivi per far crescere la tua attivit\u00e0 sul mercato<\/h2>\n\n\n\n<p>Ci sono molte ragioni per correre il rischio e avviare e far crescere la tua attivit\u00e0 a Porto Rico.<\/p>\n\n\n\n<p>C&#039;\u00e8 spazio per l&#039;occupazione in un settore manifatturiero emergente. Le aziende che entrano in quel settore devono pagare un&#039;aliquota fissa di imposta sul reddito, ma godono di agevolazioni da alcuni tipi di tasse.<\/p>\n\n\n\n<p>Inoltre, a Porto Rico non esiste alcuna burocrazia. Gli imprenditori non devono preoccuparsi di viaggiare da e per gli Stati Uniti. Se il proprietario \u00e8 cittadino statunitense, non \u00e8 necessario il passaporto per recarsi a Porto Rico.<\/p>\n\n\n\n<p>Inoltre, le entit\u00e0 commerciali a Porto Rico crescono molto pi\u00f9 velocemente grazie agli incentivi per le startup. Questi incentivi danno alle aziende un vantaggio, spesso consentendo loro di guidare il mercato.<\/p>\n\n\n\n<h2 class=\"wp-block-heading\"><strong>Come la ricerca desk di SIS International a Porto Rico aiuta le aziende<\/strong><\/h2>\n\n\n\n<p>La ricerca desk di SIS International a Porto Rico copre settori chiave, preferenze dei consumatori e tendenze di mercato. Questa ricerca aiuta le aziende a sviluppare strategie che risuonano con il mercato locale, fornendo ai clienti dati fruibili e raccomandazioni strategiche. Grazie alla partnership con SIS International, le aziende possono trarre vantaggio da:<\/p>\n\n\n\n<ol start=\"1\" class=\"wp-block-list\">\n<li><strong>Migliore comprensione del mercato<\/strong>: <a href=\"https:\/\/twitter.com\/SISIntlResearch\" target=\"_blank\" rel=\"noopener\">SIS<\/a> aiuta le aziende a comprendere in modo completo il mercato portoricano, comprese le preferenze e i comportamenti dei consumatori, nonch\u00e9 le influenze culturali uniche della regione.<\/li>\n\n\n\n<li><strong>Processo decisionale informato<\/strong>:Il nostro team consente alle aziende di prendere decisioni basate sui dati che riducono i rischi e massimizzano il successo quando entrano a Porto Rico, tenendo conto del sentiment dei consumatori locali e delle dinamiche di mercato.<\/li>\n\n\n\n<li><strong>Vantaggio competitivo<\/strong>: Aiutiamo le aziende a identificare tendenze e opportunit\u00e0 emergenti prima dei concorrenti, mantenendole in vantaggio in questo mercato caraibico e garantendo un posizionamento strategico.<\/li>\n\n\n\n<li><strong>Sviluppo di strategie localizzate<\/strong>: <a href=\"https:\/\/www.linkedin.com\/company\/sisinternationalresearch\/\" target=\"_blank\" rel=\"noopener\"><span style=\"font-weight: 400;\">SIS Internazionale<\/span><\/a> aiuta le aziende di Porto Rico a sviluppare strategie efficaci, su misura per il panorama culturale ed economico unico della regione, anche adattandosi ai gusti locali e al comportamento dei consumatori.<\/li>\n\n\n\n<li><strong>Orientamenti normativi<\/strong>:I nostri esperti aiutano i clienti a orientarsi nel complesso contesto normativo fornendo approfondimenti specialistici sulla conformit\u00e0 alle leggi federali degli Stati Uniti e locali di Portorico.<\/li>\n<\/ol>\n\n\n\n<h2 class=\"wp-block-heading\"><strong>Informazioni sulla ricerca documentale SIS International a Porto Rico<\/strong><\/h2>\n\n\n\n<p><a href=\"https:\/\/www.sisinternational.com\/it\/\"><span style=\"font-weight: 400;\">SIS Internazionale<\/span><\/a><span style=\"font-weight: 400;\"> offre ricerca quantitativa, qualitativa e strategica. Forniamo dati, strumenti, strategie, report e approfondimenti per il processo decisionale. Conduciamo anche interviste, sondaggi, focus group e altri metodi e approcci di ricerca di mercato.<\/span><a href=\"https:\/\/www.sisinternational.com\/it\/sulla-sua-ricerca-internazionale\/contact-sis-international-market-research\/\"><span style=\"font-weight: 400;\"> Contattaci<\/span><\/a><span style=\"font-weight: 400;\"> per il tuo prossimo progetto di ricerca di mercato.<\/span><\/p>\n\n\n\n<p><\/p>\n\n\n\n<h2 class=\"wp-block-heading\">&nbsp;<\/h2>","protected":false},"excerpt":{"rendered":"<p>Scopri come far crescere la tua organizzazione con ricerche di mercato a Porto Rico.<\/p>","protected":false},"author":1,"featured_media":66453,"parent":14351,"menu_order":15,"comment_status":"closed","ping_status":"closed","template":"","meta":{"footnotes":""},"class_list":["post-38472","page","type-page","status-publish","has-post-thumbnail"],"_links":{"self":[{"href":"https:\/\/www.sisinternational.com\/it\/wp-json\/wp\/v2\/pages\/38472","targetHints":{"allow":["GET"]}}],"collection":[{"href":"https:\/\/www.sisinternational.com\/it\/wp-json\/wp\/v2\/pages"}],"about":[{"href":"https:\/\/www.sisinternational.com\/it\/wp-json\/wp\/v2\/types\/page"}],"author":[{"embeddable":true,"href":"https:\/\/www.sisinternational.com\/it\/wp-json\/wp\/v2\/users\/1"}],"replies":[{"embeddable":true,"href":"https:\/\/www.sisinternational.com\/it\/wp-json\/wp\/v2\/comments?post=38472"}],"version-history":[{"count":10,"href":"https:\/\/www.sisinternational.com\/it\/wp-json\/wp\/v2\/pages\/38472\/revisions"}],"predecessor-version":[{"id":79167,"href":"https:\/\/www.sisinternational.com\/it\/wp-json\/wp\/v2\/pages\/38472\/revisions\/79167"}],"up":[{"embeddable":true,"href":"https:\/\/www.sisinternational.com\/it\/wp-json\/wp\/v2\/pages\/14351"}],"wp:featuredmedia":[{"embeddable":true,"href":"https:\/\/www.sisinternational.com\/it\/wp-json\/wp\/v2\/media\/66453"}],"wp:attachment":[{"href":"https:\/\/www.sisinternational.com\/it\/wp-json\/wp\/v2\/media?parent=38472"}],"curies":[{"name":"wp","href":"https:\/\/api.w.org\/{rel}","templated":true}]}}