{"id":38470,"date":"2021-08-19T17:02:33","date_gmt":"2021-08-19T17:02:33","guid":{"rendered":"https:\/\/www.sisinternational.com\/?page_id=38470"},"modified":"2025-09-15T01:36:57","modified_gmt":"2025-09-15T05:36:57","slug":"ricerche-di-mercato-paraguay","status":"publish","type":"page","link":"https:\/\/www.sisinternational.com\/it\/copertura\/latin-america\/ricerche-di-mercato-in-america-latina\/ricerche-di-mercato-paraguay\/","title":{"rendered":"Ricerche di mercato in Paraguay"},"content":{"rendered":"<h1 class=\"wp-block-heading\">Ricerche di mercato in Paraguay<\/h1>\n\n\n\n<figure class=\"gb-block-image gb-block-image-7902f428\"><img loading=\"lazy\" decoding=\"async\" width=\"1456\" height=\"816\" class=\"gb-image gb-image-7902f428\" src=\"https:\/\/www.sisinternational.com\/wp-content\/uploads\/2025\/09\/Paraguay-3.jpg\" alt=\"Ricerca e strategia di mercato internazionale SIS\" title=\"Paraguay (3)\" srcset=\"https:\/\/www.sisinternational.com\/wp-content\/uploads\/2025\/09\/Paraguay-3.jpg 1456w, https:\/\/www.sisinternational.com\/wp-content\/uploads\/2025\/09\/Paraguay-3-300x168.jpg 300w, https:\/\/www.sisinternational.com\/wp-content\/uploads\/2025\/09\/Paraguay-3-1024x574.jpg 1024w, https:\/\/www.sisinternational.com\/wp-content\/uploads\/2025\/09\/Paraguay-3-768x430.jpg 768w, https:\/\/www.sisinternational.com\/wp-content\/uploads\/2025\/09\/Paraguay-3-18x10.jpg 18w\" sizes=\"auto, (max-width: 1456px) 100vw, 1456px\"><\/figure>\n\n\n\n<p><\/p>\n\n\n\n<h2 class=\"wp-block-heading\">Industrie chiave<\/h2>\n\n\n\n<p>L\u2019agricoltura \u00e8 fondamentale in Paraguay. Questo settore rappresenta un quinto del PIL del paese e impiega quasi la met\u00e0 della forza lavoro. Le principali colture piantate in questo paese sono il grano, il mais e la manioca. Produce anche caff\u00e8, agrumi, arachidi, riso, canna da zucchero, sorgo, fagioli, patate dolci e latticini. La carne bovina \u00e8 un\u2019altra importante esportazione, cos\u00ec come il legname. Il Paraguay trasforma legname e legname come combustibile su larga scala.<\/p>\n\n\n\n<h2 class=\"wp-block-heading\">Quartieri<\/h2>\n\n\n\n<p>Asunci\u00f3n is the capital and also the largest city in Paraguay. In addition, it has the largest population. Asunci\u00f3n is also home to many famous buildings. For example, one can find the National Pantheon of Heroes and the Hotel Guaran\u00ed here. The cathedral and the Presidential Palace are also in La Asunci\u00f3n. All four of these buildings date back to the 19th century. Asunci\u00f3n also has its own airport.<\/p>\n\n\n\n<h2 class=\"wp-block-heading\">Tendenze<\/h2>\n\n\n\n<p>Il Paraguay ha visto una forte crescita negli ultimi anni grazie al suo solido sistema finanziario. Un altro motore della crescita \u00e8 stata la riduzione della povert\u00e0 e altre politiche. Queste politiche hanno aperto la strada alla riforma sociale. La pandemia di COVID-19 ha colpito il Paraguay mentre il paese era in una tendenza al rialzo. La crescita stava per decollare dopo lo stallo del 2019. Gli esperti si aspettano che la crescita ritorni a livelli normali con la ripresa dell\u2019economia mondiale.<\/p>\n\n\n\n<p>Il governo del Paraguay ha annunciato un coraggioso piano di ripresa. Il piano punta agli investimenti pubblici. Cercher\u00e0 anche garanzie sui prestiti per le imprese piccole e informali. I trasferimenti sociali alle famiglie povere costituiscono un altro aspetto del programma. Propone inoltre una revisione della normativa fiscale. Il piano metter\u00e0 in atto la riforma della funzione pubblica e dello Stato. Cercher\u00e0 inoltre di sviluppare migliori sistemi di appalti pubblici. La crisi del Covid-19 potrebbe rappresentare l\u2019inizio di un periodo di profonde riforme che pongono il Paraguay sulla strada verso un futuro luminoso.<\/p>\n\n\n\n<h2 class=\"wp-block-heading\">Vantaggi e punti di forza nel mercato<\/h2>\n\n\n\n<p>Il Paraguay fa affidamento sull&#039;agricoltura. Lo stato ha visto una crescita in quel settore a causa dell&#039;aumento delle esportazioni di soia e carne bovina.<\/p>\n\n\n\n<p>Il Paraguay ha anche circa 17.705 ettari di terreno biologico, dove sono attive diverse migliaia di aziende agricole biologiche.<\/p>\n\n\n\n<p>I principali partner commerciali del Paraguay sono Brasile, Argentina, Cile, Federazione Russa e Turchia.<\/p>\n\n\n\n<h2 class=\"wp-block-heading\">Base dei consumatori<\/h2>\n\n\n\n<p>Paraguay is one of the poorest countries because of the unequal division of income. Much of the state lives in poverty. People cannot buy certain goods and <a href=\"https:\/\/www.sisinternational.com\/it\/soluzioni\/focus-group\/professional-focus-group-services\/\" title=\"Professional Focus Group Services\"  data-wpil-monitor-id=\"7677\">services since their main focus<\/a> is basic needs for their families.<\/p>\n\n\n\n<h2 class=\"wp-block-heading\">Motivi per far crescere la tua attivit\u00e0 sul mercato<\/h2>\n\n\n\n<p>Although Paraguay is poor, it is now in a state of healing. There are reasons why one should consider starting and <a href=\"https:\/\/www.sisinternational.com\/it\/pubblicazioni\/giappone-esportatore-di-fascia-media-del-mercato\/\" title=\"Far crescere il tuo business in Giappone\"  data-wpil-monitor-id=\"7673\">growing their business<\/a>.<\/p>\n\n\n\n<p>In Paraguay, there are green <a href=\"https:\/\/www.sisinternational.com\/it\/competenza\/industrie\/consulenza-sulla-strategia-energetica-e-ricerche-di-mercato\/\" title=\"Ricerca di mercato di consulenza sulla strategia energetica e energetica\"  data-wpil-monitor-id=\"7681\">energia<\/a> benefits because the country receives all its power from Itaipu Dam. For this reason, Paraguay has an adequate power supply, and it can even export. Furthermore, companies have an edge when starting up. Power is cheap and safe, and green <a href=\"https:\/\/www.sisinternational.com\/it\/competenza\/curriculum-di-esperienza\/curriculum-di-esperienza-nel-settore-chimico-ed-energetico\/\" title=\"Societ\u00e0 di ricerche di mercato nel settore chimico ed energetico\"  data-wpil-monitor-id=\"7675\">energy reduces the carbon footprint of companies<\/a>. It also fulfills their social duty. Also, starting a business in this country is very easy. Paraguay supports investment by foreign investors and business persons.<\/p>\n\n\n\n<h2 class=\"wp-block-heading\">Informazioni sulle ricerche di mercato in Paraguay<\/h2>\n\n\n\n<p>Are you having thoughts about starting your business in Paraguay? We offer Quantitative, Qualitative, and <a href=\"https:\/\/www.sisinternational.com\/it\/soluzioni\/consulenza-per-lospitalita-turistica-turistica\/consulenza-strategica-per-ricerche-di-mercato-da-parte-di-societa-di-gestione-alberghiera\/\" title=\"Societ\u00e0 di gestione alberghiera Ricerche di mercato e consulenza strategica\"  data-wpil-monitor-id=\"7672\">Strategy Research for startups and other companies<\/a>. Our methods include Interviews, Surveys, and Focus Groups. Contact us now to see how we can help you <a href=\"https:\/\/www.sisinternational.com\/it\/avviare-unimpresa-in-turchia\/\" title=\"Avviare un&#039;impresa in Turchia\"  data-wpil-monitor-id=\"7679\">set up your business<\/a> in Paraguay.<\/p>\n\n\n\n<h2 class=\"wp-block-heading\">&nbsp;<\/h2>","protected":false},"excerpt":{"rendered":"<p>Scopri come far crescere la tua organizzazione con le ricerche di mercato in Paraguay.<\/p>","protected":false},"author":1,"featured_media":66335,"parent":14351,"menu_order":14,"comment_status":"closed","ping_status":"closed","template":"","meta":{"footnotes":""},"class_list":["post-38470","page","type-page","status-publish","has-post-thumbnail"],"_links":{"self":[{"href":"https:\/\/www.sisinternational.com\/it\/wp-json\/wp\/v2\/pages\/38470","targetHints":{"allow":["GET"]}}],"collection":[{"href":"https:\/\/www.sisinternational.com\/it\/wp-json\/wp\/v2\/pages"}],"about":[{"href":"https:\/\/www.sisinternational.com\/it\/wp-json\/wp\/v2\/types\/page"}],"author":[{"embeddable":true,"href":"https:\/\/www.sisinternational.com\/it\/wp-json\/wp\/v2\/users\/1"}],"replies":[{"embeddable":true,"href":"https:\/\/www.sisinternational.com\/it\/wp-json\/wp\/v2\/comments?post=38470"}],"version-history":[{"count":4,"href":"https:\/\/www.sisinternational.com\/it\/wp-json\/wp\/v2\/pages\/38470\/revisions"}],"predecessor-version":[{"id":81295,"href":"https:\/\/www.sisinternational.com\/it\/wp-json\/wp\/v2\/pages\/38470\/revisions\/81295"}],"up":[{"embeddable":true,"href":"https:\/\/www.sisinternational.com\/it\/wp-json\/wp\/v2\/pages\/14351"}],"wp:featuredmedia":[{"embeddable":true,"href":"https:\/\/www.sisinternational.com\/it\/wp-json\/wp\/v2\/media\/66335"}],"wp:attachment":[{"href":"https:\/\/www.sisinternational.com\/it\/wp-json\/wp\/v2\/media?parent=38470"}],"curies":[{"name":"wp","href":"https:\/\/api.w.org\/{rel}","templated":true}]}}