{"id":38466,"date":"2021-08-19T16:53:13","date_gmt":"2021-08-19T16:53:13","guid":{"rendered":"https:\/\/www.sisinternational.com\/?page_id=38466"},"modified":"2025-09-15T01:39:47","modified_gmt":"2025-09-15T05:39:47","slug":"ricerche-di-mercato-nicaragua","status":"publish","type":"page","link":"https:\/\/www.sisinternational.com\/it\/copertura\/latin-america\/ricerche-di-mercato-in-america-latina\/ricerche-di-mercato-nicaragua\/","title":{"rendered":"Ricerche di mercato in Nicaragua"},"content":{"rendered":"<h1 class=\"wp-block-heading\">Ricerche di mercato in Nicaragua<\/h1>\n\n\n\n<figure class=\"gb-block-image gb-block-image-933f39c5\"><img loading=\"lazy\" decoding=\"async\" width=\"1456\" height=\"816\" class=\"gb-image gb-image-933f39c5\" src=\"https:\/\/www.sisinternational.com\/wp-content\/uploads\/2025\/09\/Nicaragua-1.jpg\" alt=\"Ricerca e strategia di mercato internazionale SIS\" title=\"Nicaragua (1)\" srcset=\"https:\/\/www.sisinternational.com\/wp-content\/uploads\/2025\/09\/Nicaragua-1.jpg 1456w, https:\/\/www.sisinternational.com\/wp-content\/uploads\/2025\/09\/Nicaragua-1-300x168.jpg 300w, https:\/\/www.sisinternational.com\/wp-content\/uploads\/2025\/09\/Nicaragua-1-1024x574.jpg 1024w, https:\/\/www.sisinternational.com\/wp-content\/uploads\/2025\/09\/Nicaragua-1-768x430.jpg 768w, https:\/\/www.sisinternational.com\/wp-content\/uploads\/2025\/09\/Nicaragua-1-18x10.jpg 18w\" sizes=\"auto, (max-width: 1456px) 100vw, 1456px\"><\/figure>\n\n\n\n<p><\/p>\n\n\n\n<h2 class=\"wp-block-heading\">Il Nicaragua \u00e8 uno dei pi\u00f9 grandi paesi dell&#039;America Latina.<\/h2>\n\n\n\n<p>Confina a nord con l&#039;Honduras e a sud con la Costa Rica. Inoltre, ha due coste molto lunghe.<\/p>\n\n\n\n<p>Il clima \u00e8 freddo a est e anche molto pi\u00f9 umido che a ovest.<\/p>\n\n\n\n<p>La lingua ufficiale \u00e8 lo spagnolo. Molti artisti e scrittori chiamano questa casa di campagna.<\/p>\n\n\n\n<p>Quasi la met\u00e0 della popolazione \u00e8 cattolica. Un altro terzo sono protestanti. C&#039;\u00e8 poi un piccolo seguito di ebrei e musulmani.<\/p>\n\n\n\n<p>La principale festa religiosa \u00e8 La Pur\u00edsima, un evento che dura una settimana all&#039;inizio di dicembre. Celebra l&#039;Immacolata Concezione. A quel tempo, le case e i luoghi di lavoro spesso espongono altari decorati alla Vergine Maria.<\/p>\n\n\n\n<h2 class=\"wp-block-heading\">Industrie chiave<\/h2>\n\n\n\n<p>Farming and <a href=\"https:\/\/www.sisinternational.com\/it\/soluzioni\/ai-ricerche-di-mercato-e-consulenza-strategica\/consulenza-per-lindustria-del-turismo-ospitalita-adozione-viaggi\/\" title=\"Adozione dell&#039;intelligenza artificiale nella consulenza nel settore dei viaggi, dell&#039;ospitalit\u00e0 e del turismo\"  data-wpil-monitor-id=\"7799\">tourism are two powerful industries<\/a> in this country. In fact, farmers produce bananas, rice, sugar cane, beans, beef, poultry, coffee, cotton, and timber.<\/p>\n\n\n\n<p>Then there\u2019s the service sector, which employs around half of the labor force.&nbsp;This sector includes many services, for example<\/p>\n\n\n\n<ul class=\"wp-block-list\">\n<li>trasporti, commercio, servizi bancari<\/li>\n\n\n\n<li>arte, salute e istruzione<\/li>\n\n\n\n<li><a href=\"https:\/\/www.sisinternational.com\/it\/soluzioni\/consulenza-per-lospitalita-turistica-turistica\/consulenza-marketing-ristoranti-alberghieri\/\" title=\"Consulenza marketing per ristoranti alberghieri\"  data-wpil-monitor-id=\"7801\">ristoranti e alberghi<\/a><\/li>\n<\/ul>\n\n\n\n<p>Il turismo guida questo settore e molti altri. In effetti, il turismo \u00e8 fondamentale. Inoltre, il Los Angeles Times loda la nazione definendola un \u201cparadiso tropicale\u201d. Ha molti luoghi turistici, tra cui:<\/p>\n\n\n\n<ul class=\"wp-block-list\">\n<li>spiagge,<\/li>\n\n\n\n<li>percorsi panoramici,<\/li>\n\n\n\n<li>Belle citt\u00e0 come Le\u00f3n e Granada<\/li>\n<\/ul>\n\n\n\n<p>I turisti possono fare escursioni, andare in kayak, visitare la citt\u00e0, arrampicarsi, campeggiare e nuotare. Cultura, natura e avventura sono i principali punti di forza. Il vulcano Masaya \u00e8 un altro popolare luogo turistico.<\/p>\n\n\n\n<p>L&#039;ecoturismo \u00e8 ancora un altro punto di forza, e questo \u00e8 un paese con flora e fauna diversificate. Ad esempio, i turisti possono visitare:<\/p>\n\n\n\n<ul class=\"wp-block-list\">\n<li>La Riserva Naturale del Charco Verde,<\/li>\n\n\n\n<li>Bosawas, una delle pi\u00f9 grandi foreste pluviali dell&#039;America Latina<\/li>\n\n\n\n<li>Lago Nicaragua<\/li>\n<\/ul>\n\n\n\n<p>Il paese vanta 78 aree protette. Questi coprono un quinto della nazione.<\/p>\n\n\n\n<p>Farmers profit from <a href=\"https:\/\/www.sisinternational.com\/it\/soluzioni\/consulenza-per-lospitalita-turistica-turistica\/\" title=\"Consulenza per viaggi, turismo e ospitalit\u00e0\"  data-wpil-monitor-id=\"7794\">tourism by letting travelers<\/a> visit their coffee farms. There, they can learn about making coffee, stay overnight, and explore with a guide.<\/p>\n\n\n\n<p>Altre industrie degne di nota includono:<\/p>\n\n\n\n<ul class=\"wp-block-list\">\n<li>Tessili: tessuti a maglia e tessuti, calzature.<\/li>\n\n\n\n<li>Cemento, prodotti chimici, raffinazione del petrolio, macchinari e prodotti in metallo<\/li>\n\n\n\n<li>Bevande, lavorazione alimentare<\/li>\n\n\n\n<li>Estrazione mineraria: rame, argento e oro<\/li>\n<\/ul>\n\n\n\n<h2 class=\"wp-block-heading\">Quartieri<\/h2>\n\n\n\n<p>Circa tre quinti della popolazione vive nelle citt\u00e0. La capitale \u00e8 Managua, che \u00e8 la citt\u00e0 pi\u00f9 grande del paese. Altre aree urbane degne di nota sono Granada, Le\u00f3n, Matagalpa e Bluefields. La maggior parte delle citt\u00e0 e delle industrie si trovano a ovest, cos\u00ec come la maggior parte della popolazione.<\/p>\n\n\n\n<p>Quelli dell&#039;est, invece, coltivano, allevano bestiame e sfruttano le risorse di legname.<\/p>\n\n\n\n<h2 class=\"wp-block-heading\">Tendenze<\/h2>\n\n\n\n<figure class=\"gb-block-image gb-block-image-99378de4\"><img loading=\"lazy\" decoding=\"async\" width=\"1456\" height=\"816\" class=\"gb-image gb-image-99378de4\" src=\"https:\/\/www.sisinternational.com\/wp-content\/uploads\/2025\/09\/Nicaragua-2.jpg\" alt=\"Ricerca e strategia di mercato internazionale SIS\" title=\"Nicaragua (2)\" srcset=\"https:\/\/www.sisinternational.com\/wp-content\/uploads\/2025\/09\/Nicaragua-2.jpg 1456w, https:\/\/www.sisinternational.com\/wp-content\/uploads\/2025\/09\/Nicaragua-2-300x168.jpg 300w, https:\/\/www.sisinternational.com\/wp-content\/uploads\/2025\/09\/Nicaragua-2-1024x574.jpg 1024w, https:\/\/www.sisinternational.com\/wp-content\/uploads\/2025\/09\/Nicaragua-2-768x430.jpg 768w, https:\/\/www.sisinternational.com\/wp-content\/uploads\/2025\/09\/Nicaragua-2-18x10.jpg 18w\" sizes=\"auto, (max-width: 1456px) 100vw, 1456px\"><\/figure>\n\n\n\n<p><\/p>\n\n\n\n<p>La risposta del Paese alla pandemia di COVID-19 \u00e8 stata permissiva. Ha deciso contro le misure di blocco e le rigide politiche di test di altri paesi. Di conseguenza, un giornale americano lo ha definito \u201cun governo che nega\u201d e il Dipartimento di Stato americano ha messo in guardia contro i viaggi.<\/p>\n\n\n\n<p>Tuttavia, i blocchi globali danneggiano il Paese. Lo stesso hanno fatto gli uragani Eta e Iota. Pertanto, il commercio e il turismo si sono ridotti.<\/p>\n\n\n\n<p>Gli esperti si aspettano che l\u2019economia si riprenda presto.<\/p>\n\n\n\n<h2 class=\"wp-block-heading\">Vantaggi e punti di forza del mercato<\/h2>\n\n\n\n<p>This is a very promising Latam country, even though it\u2019s one of the least developed. For one thing, it has strong ties with the United States. It has also signed free trade agreements with large <a href=\"https:\/\/www.sisinternational.com\/it\/copertura\/le-americhe\/copertura-degli-stati-uniti\/\" title=\"Ricerche di mercato negli Stati Uniti\"  data-wpil-monitor-id=\"7791\">markets such as the United States<\/a>, Taiwan, and others.<\/p>\n\n\n\n<p>In secondo luogo, offre un buon clima imprenditoriale per la gente del posto e i potenziali investitori.<\/p>\n\n\n\n<p>It is the <a href=\"https:\/\/www.sisinternational.com\/it\/soluzioni\/soluzioni-di-branding-e-ricerca-clienti\/ricerche-di-mercato-per-test-di-prodotto\/azienda-leader-nei-test-di-posizione-centrale\/\" title=\"Azienda leader nei test in posizione centrale\"  data-wpil-monitor-id=\"7787\">top location in Central<\/a> America for starting or closing a business and investor protection. It also ranks high for ease of doing business, and it\u2019s easy to register a business and pay taxes.<\/p>\n\n\n\n<h2 class=\"wp-block-heading\">Base dei consumatori<\/h2>\n\n\n\n<p>Questo paese ospita pi\u00f9 di sei milioni di persone. Molti di loro sono Meticci, una miscela bianca e autoctona. La citt\u00e0 con pi\u00f9 abitanti \u00e8 la capitale, Managua.<\/p>\n\n\n\n<p>Many of the country\u2019s nationals are living abroad. Thus there is a high foreign remittance rate.&nbsp;Sadly, the global lockdowns caused a marked decrease in money sent home by those living abroad.<\/p>\n\n\n\n<p>Nove decimi della popolazione vive nelle pianure del Pacifico occidentale e negli altopiani vicini. Altri vivono nelle regioni del Pacifico, del Centro e del Nord. La regione dei Caraibi orientali costituisce il restante decimo.<\/p>\n\n\n\n<p>Il paese ha una popolazione giovane, molti dei quali hanno meno di 15 anni.<\/p>\n\n\n\n<h2 class=\"wp-block-heading\">Perch\u00e9 far crescere la tua attivit\u00e0 nel mercato nicaraguense<\/h2>\n\n\n\n<p>Questo \u00e8 il paese dell&#039;America Latina con il tasso di criminalit\u00e0 pi\u00f9 basso, come affermato dall&#039;Interpol e da molte altre fonti.<\/p>\n\n\n\n<p>Inoltre, offre numerosi incentivi per l\u2019avvio e la chiusura di un\u2019impresa, oltre a offrire protezione agli investitori. Il paese eccelle nella sua capacit\u00e0 di importare ed esportare. Ha un punteggio elevato anche nelle misure per l\u2019ottenimento della propriet\u00e0 e il pagamento delle tasse.<\/p>\n\n\n\n<h2 class=\"wp-block-heading\">Informazioni sulle ricerche di mercato in Nicaragua<\/h2>\n\n\n\n<p><a href=\"https:\/\/www.sisinternational.com\/it\/soluzioni\/soluzioni-di-ricerca-quantitativa-qualitativa\/reclutamento-per-la-ricerca-qualitativa\/\" title=\"Reclutamento per la ricerca qualitativa\"  data-wpil-monitor-id=\"7796\">Qualitative and Quantitative research<\/a> can shed insights for your investment. So can Strategy Research. We also offer Surveys, Interviews, and Focus Groups. Contact us today to find out how we can help your business venture.<\/p>\n\n\n\n<p><\/p>","protected":false},"excerpt":{"rendered":"<p>Scopri come far crescere la tua organizzazione con le ricerche di mercato in Nicaragua.<\/p>","protected":false},"author":1,"featured_media":66327,"parent":14351,"menu_order":12,"comment_status":"closed","ping_status":"closed","template":"","meta":{"footnotes":""},"class_list":["post-38466","page","type-page","status-publish","has-post-thumbnail"],"_links":{"self":[{"href":"https:\/\/www.sisinternational.com\/it\/wp-json\/wp\/v2\/pages\/38466","targetHints":{"allow":["GET"]}}],"collection":[{"href":"https:\/\/www.sisinternational.com\/it\/wp-json\/wp\/v2\/pages"}],"about":[{"href":"https:\/\/www.sisinternational.com\/it\/wp-json\/wp\/v2\/types\/page"}],"author":[{"embeddable":true,"href":"https:\/\/www.sisinternational.com\/it\/wp-json\/wp\/v2\/users\/1"}],"replies":[{"embeddable":true,"href":"https:\/\/www.sisinternational.com\/it\/wp-json\/wp\/v2\/comments?post=38466"}],"version-history":[{"count":4,"href":"https:\/\/www.sisinternational.com\/it\/wp-json\/wp\/v2\/pages\/38466\/revisions"}],"predecessor-version":[{"id":81316,"href":"https:\/\/www.sisinternational.com\/it\/wp-json\/wp\/v2\/pages\/38466\/revisions\/81316"}],"up":[{"embeddable":true,"href":"https:\/\/www.sisinternational.com\/it\/wp-json\/wp\/v2\/pages\/14351"}],"wp:featuredmedia":[{"embeddable":true,"href":"https:\/\/www.sisinternational.com\/it\/wp-json\/wp\/v2\/media\/66327"}],"wp:attachment":[{"href":"https:\/\/www.sisinternational.com\/it\/wp-json\/wp\/v2\/media?parent=38466"}],"curies":[{"name":"wp","href":"https:\/\/api.w.org\/{rel}","templated":true}]}}