{"id":38458,"date":"2021-08-19T13:14:11","date_gmt":"2021-08-19T13:14:11","guid":{"rendered":"https:\/\/www.sisinternational.com\/?page_id=38458"},"modified":"2025-09-14T18:58:14","modified_gmt":"2025-09-14T22:58:14","slug":"ricerche-di-mercato-in-honduras","status":"publish","type":"page","link":"https:\/\/www.sisinternational.com\/it\/copertura\/latin-america\/ricerche-di-mercato-in-america-latina\/ricerche-di-mercato-in-honduras\/","title":{"rendered":"Ricerche di mercato in Honduras"},"content":{"rendered":"<h1 class=\"wp-block-heading\">Ricerche di mercato in Honduras<\/h1>\n\n\n\n<figure class=\"gb-block-image gb-block-image-85a8f18c\"><img loading=\"lazy\" decoding=\"async\" width=\"1456\" height=\"816\" class=\"gb-image gb-image-85a8f18c\" src=\"https:\/\/www.sisinternational.com\/wp-content\/uploads\/2025\/09\/Honduras-1.jpg\" alt=\"Ricerca e strategia di mercato internazionale SIS\" title=\"Honduras (1)\" srcset=\"https:\/\/www.sisinternational.com\/wp-content\/uploads\/2025\/09\/Honduras-1.jpg 1456w, https:\/\/www.sisinternational.com\/wp-content\/uploads\/2025\/09\/Honduras-1-300x168.jpg 300w, https:\/\/www.sisinternational.com\/wp-content\/uploads\/2025\/09\/Honduras-1-1024x574.jpg 1024w, https:\/\/www.sisinternational.com\/wp-content\/uploads\/2025\/09\/Honduras-1-768x430.jpg 768w, https:\/\/www.sisinternational.com\/wp-content\/uploads\/2025\/09\/Honduras-1-18x10.jpg 18w\" sizes=\"auto, (max-width: 1456px) 100vw, 1456px\"><\/figure>\n\n\n\n<p><\/p>\n\n\n\n<h2 class=\"wp-block-heading\">Quartieri<\/h2>\n\n\n\n<p>L&#039;Honduras si trova nell&#039;America Centrale tra El Salvador e Guatemala. Il Nicaragua \u00e8 pi\u00f9 a sud-est. Fondamentalmente, il paese ha 18 dipartimenti o stati. Anche la capitale, \u201cTegucigalpa\u201d, \u00e8 un dipartimento.<\/p>\n\n\n\n<p>La capitale dell&#039;Honduras \u00e8 una delle principali citt\u00e0 in povert\u00e0. Anche molte persone che vivono nelle zone rurali si trovano ad affrontare una povert\u00e0 estrema. Nonostante ci\u00f2, il Paese conserva ancora raggi di speranza. Le esportazioni sono superiori alle importazioni poich\u00e9 l\u2019agricoltura \u00e8 un settore significativo.<\/p>\n\n\n\n<p>Ci sono alcune aree in cui avviene la maggior parte delle transazioni commerciali. Un altro punto chiave \u00e8 che, a partire dal 2013, l\u2019Honduras ha sviluppato una nuova divisione in zone economiche. \u00c8 un dato di fatto, con questo sistema, la maggior parte delle citt\u00e0 sono diventate autonome. Questo sistema \u00e8 valido in quanto pu\u00f2 aumentare le entrate, ma \u00e8 negativo a causa degli elevati rischi che ne derivano. Amalia \u00e8 stata la prima contrada ad essere zona franca. Pu\u00f2 condurre la propria attivit\u00e0 con una qualche forma di autogoverno.<\/p>\n\n\n\n<h2 class=\"wp-block-heading\">Tendenze<\/h2>\n\n\n\n<p>Il paese ha quattro aeroporti. Il pi\u00f9 popolare \u00e8 &quot;Ramon Villeda Morales&quot;, che non si trova nella capitale, ma in una zona chiamata San Pedro Sula. Un altro degli aeroporti dell&#039;Honduras \u00e8 famoso per essere il secondo pi\u00f9 pericoloso al mondo. \u00c8 comune vedere persone pregare all&#039;atterraggio.<\/p>\n\n\n\n<p>Lo spagnolo \u00e8 la lingua principale in Honduras. Il mix eterogeneo di persone \u00e8 ci\u00f2 che rende il paese cos\u00ec grande. Le rovine Maya di Copan e il tempio di Rosalia sono alcuni dei siti pi\u00f9 comuni. Le scale scolpite e l&#039;aspetto antico sono una delle migliori attrazioni turistiche.<\/p>\n\n\n\n<p>L&#039;Honduras ha alcuni degli animali pi\u00f9 esotici poich\u00e9 i suoi cittadini sono orgogliosi di preservarli. Ha anche una riserva forestale che aiuta nella protezione di alberi e animali rari.<\/p>\n\n\n\n<p>L&#039;Honduras \u00e8 circondato da circa 20 isole, la maggior parte delle quali si trovano nel Mar dei Caraibi. Il pi\u00f9 noto \u00e8 \u201cBonacca Cay\u201d. \u00c8 l&#039;isola pi\u00f9 affollata dell&#039;Honduras.<\/p>\n\n\n\n<p>Il paese ha un record di non sicurezza poich\u00e9 \u00e8 stato molto popolare tra bande e furti. I turisti dovrebbero fare attenzione quando viaggiano in Honduras.<\/p>\n\n\n\n<h2 class=\"wp-block-heading\">Base dei consumatori<\/h2>\n\n\n\n<p>La loro principale fonte di reddito \u00e8 l\u2019agricoltura. Gli honduregni coltivano la maggior parte di ci\u00f2 che mangiano, quindi questo riduce le importazioni di alcuni alimenti. Cose come macchine per fabbriche e carburanti sono le principali importazioni.<\/p>\n\n\n\n<p>Il paese esporta di pi\u00f9 spendendo meno per le importazioni. Questa inversione di tendenza \u00e8 un grande segnale di crescita economica. I suoi principali partner commerciali sono Stati Uniti, Cina, Messico e Guatemala.<\/p>\n\n\n\n<h2 class=\"wp-block-heading\">Industrie chiave<\/h2>\n\n\n\n<figure class=\"gb-block-image gb-block-image-9b3ca6d9\"><img loading=\"lazy\" decoding=\"async\" width=\"1456\" height=\"816\" class=\"gb-image gb-image-9b3ca6d9\" src=\"https:\/\/www.sisinternational.com\/wp-content\/uploads\/2025\/09\/Honduras-5.jpg\" alt=\"Ricerca e strategia di mercato internazionale SIS\" title=\"Honduras (5)\" srcset=\"https:\/\/www.sisinternational.com\/wp-content\/uploads\/2025\/09\/Honduras-5.jpg 1456w, https:\/\/www.sisinternational.com\/wp-content\/uploads\/2025\/09\/Honduras-5-300x168.jpg 300w, https:\/\/www.sisinternational.com\/wp-content\/uploads\/2025\/09\/Honduras-5-1024x574.jpg 1024w, https:\/\/www.sisinternational.com\/wp-content\/uploads\/2025\/09\/Honduras-5-768x430.jpg 768w, https:\/\/www.sisinternational.com\/wp-content\/uploads\/2025\/09\/Honduras-5-18x10.jpg 18w\" sizes=\"auto, (max-width: 1456px) 100vw, 1456px\"><\/figure>\n\n\n\n<p><\/p>\n\n\n\n<p>Il paese \u00e8 ricco di risorse. Il settore primario \u00e8 l\u2019agricoltura e il caff\u00e8 \u00e8 la principale esportazione. Rappresenta il 22% del fatturato delle esportazioni. Questo settore ha fornito molti posti di lavoro ai disoccupati e ha anche consentito di risparmiare molte spese.<\/p>\n\n\n\n<p>Cemento, pesca, estrazione mineraria, sigari e silvicoltura sono le altre industrie primarie. Alcuni dei prodotti locali sono prodotti chimici, banane, zucchero, caff\u00e8 e legname.<\/p>\n\n\n\n<h2 class=\"wp-block-heading\">Motivi per far crescere la tua attivit\u00e0 in Honduras<\/h2>\n\n\n\n<p>L\u2019Honduras \u00e8 un ottimo paese per gli investimenti. Il coinvolgimento del governo nella crescita economica del paese \u00e8 sicuramente un vantaggio. Hanno messo le riforme come priorit\u00e0 per attrarre gli investitori. Avere un governo che ha a cuore gli interessi del Paese \u00e8 eccellente per gli investitori. Li aiuta a realizzare un profitto.<\/p>\n\n\n\n<h2 class=\"wp-block-heading\">Informazioni sulle ricerche di mercato in Honduras<\/h2>\n\n\n\n<p>Vuoi investire in Honduras? In questo articolo ti forniamo tutte le informazioni necessarie per prendere la tua decisione. Organizziamo ricerche quantitative, qualitative e strategiche per fornirti una maggiore conoscenza dell&#039;Honduras. Tale conoscenza \u00e8 vitale e ci auguriamo che anche tu prenderai in considerazione l&#039;idea di investire in Honduras.<\/p>\n\n\n\n<p><\/p>","protected":false},"excerpt":{"rendered":"<p>Scopri come far crescere la tua organizzazione con le ricerche di mercato in Honduras.<\/p>","protected":false},"author":1,"featured_media":66287,"parent":14351,"menu_order":11,"comment_status":"closed","ping_status":"closed","template":"","meta":{"footnotes":""},"class_list":["post-38458","page","type-page","status-publish","has-post-thumbnail"],"_links":{"self":[{"href":"https:\/\/www.sisinternational.com\/it\/wp-json\/wp\/v2\/pages\/38458","targetHints":{"allow":["GET"]}}],"collection":[{"href":"https:\/\/www.sisinternational.com\/it\/wp-json\/wp\/v2\/pages"}],"about":[{"href":"https:\/\/www.sisinternational.com\/it\/wp-json\/wp\/v2\/types\/page"}],"author":[{"embeddable":true,"href":"https:\/\/www.sisinternational.com\/it\/wp-json\/wp\/v2\/users\/1"}],"replies":[{"embeddable":true,"href":"https:\/\/www.sisinternational.com\/it\/wp-json\/wp\/v2\/comments?post=38458"}],"version-history":[{"count":3,"href":"https:\/\/www.sisinternational.com\/it\/wp-json\/wp\/v2\/pages\/38458\/revisions"}],"predecessor-version":[{"id":68606,"href":"https:\/\/www.sisinternational.com\/it\/wp-json\/wp\/v2\/pages\/38458\/revisions\/68606"}],"up":[{"embeddable":true,"href":"https:\/\/www.sisinternational.com\/it\/wp-json\/wp\/v2\/pages\/14351"}],"wp:featuredmedia":[{"embeddable":true,"href":"https:\/\/www.sisinternational.com\/it\/wp-json\/wp\/v2\/media\/66287"}],"wp:attachment":[{"href":"https:\/\/www.sisinternational.com\/it\/wp-json\/wp\/v2\/media?parent=38458"}],"curies":[{"name":"wp","href":"https:\/\/api.w.org\/{rel}","templated":true}]}}