{"id":38456,"date":"2021-08-19T13:09:26","date_gmt":"2021-08-19T13:09:26","guid":{"rendered":"https:\/\/www.sisinternational.com\/?page_id=38456"},"modified":"2025-09-14T19:00:10","modified_gmt":"2025-09-14T23:00:10","slug":"ricerche-di-mercato-guatemalteche","status":"publish","type":"page","link":"https:\/\/www.sisinternational.com\/it\/copertura\/latin-america\/ricerche-di-mercato-in-america-latina\/ricerche-di-mercato-guatemalteche\/","title":{"rendered":"Ricerche di mercato in Guatemala"},"content":{"rendered":"<h1 class=\"wp-block-heading\">Ricerche di mercato in Guatemala<\/h1>\n\n\n\n<figure class=\"gb-block-image gb-block-image-0a3badc8\"><img loading=\"lazy\" decoding=\"async\" width=\"1456\" height=\"816\" class=\"gb-image gb-image-0a3badc8\" src=\"https:\/\/www.sisinternational.com\/wp-content\/uploads\/2025\/09\/Guatemala-5.jpg\" alt=\"Ricerca e strategia di mercato internazionale SIS\" title=\"Guatemala (5)\" srcset=\"https:\/\/www.sisinternational.com\/wp-content\/uploads\/2025\/09\/Guatemala-5.jpg 1456w, https:\/\/www.sisinternational.com\/wp-content\/uploads\/2025\/09\/Guatemala-5-300x168.jpg 300w, https:\/\/www.sisinternational.com\/wp-content\/uploads\/2025\/09\/Guatemala-5-1024x574.jpg 1024w, https:\/\/www.sisinternational.com\/wp-content\/uploads\/2025\/09\/Guatemala-5-768x430.jpg 768w, https:\/\/www.sisinternational.com\/wp-content\/uploads\/2025\/09\/Guatemala-5-18x10.jpg 18w\" sizes=\"auto, (max-width: 1456px) 100vw, 1456px\"><\/figure>\n\n\n\n<p><\/p>\n\n\n\n<h2 class=\"wp-block-heading\">Quartieri<\/h2>\n\n\n\n<p>Guatemala is in Central America, south of Mexico. It is home to roughly 16 million people. Nearby countries include Mexico, Belize, Honduras, and El Salvador. It is lovely to travel to and also a nice place to <a href=\"https:\/\/www.sisinternational.com\/it\/pubblicazioni\/giappone-esportatore-di-fascia-media-del-mercato\/\" title=\"Far crescere il tuo business in Giappone\"  data-wpil-monitor-id=\"7800\">grow your business<\/a>.<\/p>\n\n\n\n<p>La capitale \u00e8 Citt\u00e0 del Guatemala. \u00c8 anche il luogo in cui si svolge la maggior parte delle attivit\u00e0 economiche. Alcune altre grandi citt\u00e0 includono Mixco, Villa e Nueva.<\/p>\n\n\n\n<h2 class=\"wp-block-heading\">Tendenze<\/h2>\n\n\n\n<p>Il Guatemala ha ricchi paesaggi vulcanici e antichi edifici in pietra. La storia Maya del paese ha molto a che fare con la situazione odierna. La cultura del paese deriva dalla tradizione Maya. La gente riconosce ancora oggi gli antichi eventi culturali.<\/p>\n\n\n\n<p>New <a href=\"https:\/\/www.sisinternational.com\/it\/azienda-leader-nel-monitoraggio-delle-tendenze-del-mercato-b2b\/\" title=\"Principali societ\u00e0 di monitoraggio delle tendenze del mercato B2B\"  data-wpil-monitor-id=\"7792\">trends continue to rise in the market<\/a>. For example, the country\u2019s communication sector has strong <a href=\"https:\/\/www.sisinternational.com\/it\/soluzioni\/ricerche-di-mercato-sulla-crescita-aziendale-internazionale\/\" title=\"Ricerche di mercato sulla crescita aziendale internazionale\"  data-wpil-monitor-id=\"7795\">growth potential across the market<\/a>.<\/p>\n\n\n\n<p>Anche il Guatemala ha registrato un aumento della crescita economica. Nonostante il recente virus, il Paese sta andando bene. Purtroppo, il divario di reddito rimane ampio, con alti tassi di povert\u00e0 tra la popolazione Maya. Il Guatemala \u00e8 ora il principale paese d\u2019origine dei richiedenti asilo e dei migranti al confine meridionale degli Stati Uniti.<\/p>\n\n\n\n<p>The government is giving out vaccines in light of the COVID-19 virus, and despite the challenges, things seem to be looking up for this small nation. It is on the path to being one of the largest <a href=\"https:\/\/www.sisinternational.com\/it\/copertura\/le-americhe\/ricerche-di-mercato-in-america-latina\/\" title=\"Ricerche di mercato in America Latina\"  data-wpil-monitor-id=\"7790\">markets in Central America<\/a>.<\/p>\n\n\n\n<h2 class=\"wp-block-heading\">Industrie chiave<\/h2>\n\n\n\n<p>Il Guatemala ha una grande economia: una delle pi\u00f9 grandi dell\u2019America Centrale. Oltre la met\u00e0 della vita economica del Paese si svolge nel settore privato.<\/p>\n\n\n\n<p>Alcune delle industrie chiave sono la carta, il caff\u00e8 e il turismo. Le persone si dedicano anche all&#039;estrazione mineraria su piccola scala. Le pietre e i metalli preziosi sono esportazioni. Sebbene questa sia una cosa recente, sta crescendo rapidamente. Il paese esporta anche manufatti. Il sistema delle esportazioni aiuta la ricchezza dell\u2019economia.<\/p>\n\n\n\n<p>Il settore primario del Guatemala \u00e8 l&#039;agricoltura e le colture principali includono noce moscata, zucchero di canna, banane e caff\u00e8. L\u2019industria offre anche lavoro a molte persone. Tuttavia, il paese \u00e8 a rischio di cambiamento climatico. Ne sente l&#039;effetto pi\u00f9 dei suoi vicini pi\u00f9 vicini. La mancanza di pioggia \u00e8 uno dei problemi principali. Le stagioni secche possono durare fino a quattro mesi in molte parti del paese. Questo fenomeno avviene anche in El Salvador e in Honduras, il che non aiuta certo il settore. Investire nel settore agricolo del Guatemala \u00e8 rischioso a causa delle frequenti siccit\u00e0. Anche se cos\u00ec \u00e8, il piccolo paese sta andando bene.<\/p>\n\n\n\n<p>The primary export <a href=\"https:\/\/www.sisinternational.com\/it\/copertura\/le-americhe\/copertura-degli-stati-uniti\/\" title=\"Ricerche di mercato negli Stati Uniti\"  data-wpil-monitor-id=\"7783\">market is the United States<\/a> of America. Its other trading partners include El Salvador, Mexico, and Honduras.<\/p>\n\n\n\n<h2 class=\"wp-block-heading\">Base di clienti<\/h2>\n\n\n\n<figure class=\"gb-block-image gb-block-image-34912991\"><img loading=\"lazy\" decoding=\"async\" width=\"1456\" height=\"816\" class=\"gb-image gb-image-34912991\" src=\"https:\/\/www.sisinternational.com\/wp-content\/uploads\/2025\/09\/Guatemala-5.jpg\" alt=\"Ricerca e strategia di mercato internazionale SIS\" title=\"Guatemala (5)\" srcset=\"https:\/\/www.sisinternational.com\/wp-content\/uploads\/2025\/09\/Guatemala-5.jpg 1456w, https:\/\/www.sisinternational.com\/wp-content\/uploads\/2025\/09\/Guatemala-5-300x168.jpg 300w, https:\/\/www.sisinternational.com\/wp-content\/uploads\/2025\/09\/Guatemala-5-1024x574.jpg 1024w, https:\/\/www.sisinternational.com\/wp-content\/uploads\/2025\/09\/Guatemala-5-768x430.jpg 768w, https:\/\/www.sisinternational.com\/wp-content\/uploads\/2025\/09\/Guatemala-5-18x10.jpg 18w\" sizes=\"auto, (max-width: 1456px) 100vw, 1456px\"><\/figure>\n\n\n\n<p><\/p>\n\n\n\n<p>Le principali esportazioni del paese sono beni strumentali, beni di consumo e petrolio. La maggior parte delle sue importazioni provengono dagli Stati Uniti. Nonostante queste importazioni, i cittadini vivono dei prodotti agricoli. Dipendono dai loro campi di mais e di altri frutti e verdure locali.<\/p>\n\n\n\n<h2 class=\"wp-block-heading\">Motivi per far crescere la tua attivit\u00e0 sul mercato<\/h2>\n\n\n\n<p>The main reason to grow your business is the country\u2019s location. It is a bridge to a <a href=\"https:\/\/www.sisinternational.com\/it\/competenza\/industrie\/ricerche-di-mercato-sulle-popolazioni-indigene\/\" title=\"Ricerche di mercato sulle popolazioni indigene\"  data-wpil-monitor-id=\"7797\">market with over 68 million people<\/a>. Also, Guatemala offers perks like free trading with the US and Europe.<\/p>\n\n\n\n<p>Alcuni altri vantaggi includono:<\/p>\n\n\n\n<ul class=\"wp-block-list\">\n<li>Bassa aliquota fiscale<\/li>\n\n\n\n<li>Bassi tassi di criminalit\u00e0 rispetto ad altri paesi<\/li>\n\n\n\n<li>Una forza lavoro qualificata.<\/li>\n<\/ul>\n\n\n\n<h2 class=\"wp-block-heading\">Informazioni sulle ricerche di mercato in Guatemala<\/h2>\n\n\n\n<p>Are you looking to invest in Guatemala? Do you want to expand your business to new places? We have given you all the details about the country\u2019s economy and profit potential. <a href=\"https:\/\/www.sisinternational.com\/it\/sis-presenta-la-piattaforma-di-data-science-e-analisi-quantitativa\/\" title=\"SIS presenta la piattaforma di scienza dei dati e analisi quantitativa\"  data-wpil-monitor-id=\"7781\">SIS Research gathers Quantitative and Qualitative data<\/a>, and we also offer Strategy Research. We use interviews, surveys, and <a href=\"https:\/\/www.sisinternational.com\/it\/soluzioni\/ricerche-di-mercato-con-focus-group\/\" title=\"Focus Group Ricerche di mercato\"  data-wpil-monitor-id=\"7786\">focus group<\/a> to help you decide your market strategy. Contact us today for more insights!<\/p>\n\n\n\n<p><\/p>","protected":false},"excerpt":{"rendered":"<p>Scopri come far crescere la tua organizzazione con le ricerche di mercato in Guatemala.<\/p>","protected":false},"author":1,"featured_media":66276,"parent":14351,"menu_order":10,"comment_status":"closed","ping_status":"closed","template":"","meta":{"footnotes":""},"class_list":["post-38456","page","type-page","status-publish","has-post-thumbnail"],"_links":{"self":[{"href":"https:\/\/www.sisinternational.com\/it\/wp-json\/wp\/v2\/pages\/38456","targetHints":{"allow":["GET"]}}],"collection":[{"href":"https:\/\/www.sisinternational.com\/it\/wp-json\/wp\/v2\/pages"}],"about":[{"href":"https:\/\/www.sisinternational.com\/it\/wp-json\/wp\/v2\/types\/page"}],"author":[{"embeddable":true,"href":"https:\/\/www.sisinternational.com\/it\/wp-json\/wp\/v2\/users\/1"}],"replies":[{"embeddable":true,"href":"https:\/\/www.sisinternational.com\/it\/wp-json\/wp\/v2\/comments?post=38456"}],"version-history":[{"count":4,"href":"https:\/\/www.sisinternational.com\/it\/wp-json\/wp\/v2\/pages\/38456\/revisions"}],"predecessor-version":[{"id":81315,"href":"https:\/\/www.sisinternational.com\/it\/wp-json\/wp\/v2\/pages\/38456\/revisions\/81315"}],"up":[{"embeddable":true,"href":"https:\/\/www.sisinternational.com\/it\/wp-json\/wp\/v2\/pages\/14351"}],"wp:featuredmedia":[{"embeddable":true,"href":"https:\/\/www.sisinternational.com\/it\/wp-json\/wp\/v2\/media\/66276"}],"wp:attachment":[{"href":"https:\/\/www.sisinternational.com\/it\/wp-json\/wp\/v2\/media?parent=38456"}],"curies":[{"name":"wp","href":"https:\/\/api.w.org\/{rel}","templated":true}]}}