{"id":38450,"date":"2021-08-19T04:44:36","date_gmt":"2021-08-19T04:44:36","guid":{"rendered":"https:\/\/www.sisinternational.com\/?page_id=38450"},"modified":"2025-09-14T19:06:59","modified_gmt":"2025-09-14T23:06:59","slug":"ricerche-di-mercato-in-costa-rica","status":"publish","type":"page","link":"https:\/\/www.sisinternational.com\/it\/copertura\/latin-america\/ricerche-di-mercato-in-america-latina\/ricerche-di-mercato-in-costa-rica\/","title":{"rendered":"Ricerche di mercato in Costa Rica"},"content":{"rendered":"<h1 class=\"wp-block-heading\">Ricerche di mercato in Costa Rica<\/h1>\n\n\n\n<figure class=\"gb-block-image gb-block-image-10e61012\"><img loading=\"lazy\" decoding=\"async\" width=\"1456\" height=\"816\" class=\"gb-image gb-image-10e61012\" src=\"https:\/\/www.sisinternational.com\/wp-content\/uploads\/2025\/09\/Costa-Rica-2.jpg\" alt=\"Ricerca e strategia di mercato internazionale SIS\" title=\"Costa Rica (2)\" srcset=\"https:\/\/www.sisinternational.com\/wp-content\/uploads\/2025\/09\/Costa-Rica-2.jpg 1456w, https:\/\/www.sisinternational.com\/wp-content\/uploads\/2025\/09\/Costa-Rica-2-300x168.jpg 300w, https:\/\/www.sisinternational.com\/wp-content\/uploads\/2025\/09\/Costa-Rica-2-1024x574.jpg 1024w, https:\/\/www.sisinternational.com\/wp-content\/uploads\/2025\/09\/Costa-Rica-2-768x430.jpg 768w, https:\/\/www.sisinternational.com\/wp-content\/uploads\/2025\/09\/Costa-Rica-2-18x10.jpg 18w\" sizes=\"auto, (max-width: 1456px) 100vw, 1456px\"><\/figure>\n\n\n\n<p><\/p>\n\n\n\n<h2 class=\"wp-block-heading\">Costa Rica is a strong market in Central America, providing many benefits.<\/h2>\n\n\n\n<p>It is also a member of the World Trade Organization, and as a result, it doesn\u2019t have many trade barriers. The presence of Foreign Trade Agreements also makes it a prime marketplace. These agreements make trade possible between many countries such as Chile, the USA, Mexico, and Canada. This trade provides many benefits for Costa Rica. It also has a social and economic balance, which allows it to handle foreign commerce.<\/p>\n\n\n\n<h2 class=\"wp-block-heading\">Industrie chiave<\/h2>\n\n\n\n<p>The primary <a href=\"https:\/\/www.sisinternational.com\/it\/soluzioni\/ai-ricerche-di-mercato-e-consulenza-strategica\/consulenza-per-lindustria-del-turismo-ospitalita-adozione-viaggi\/\" title=\"Adozione dell&#039;intelligenza artificiale nella consulenza nel settore dei viaggi, dell&#039;ospitalit\u00e0 e del turismo\"  data-wpil-monitor-id=\"7861\">industries in Costa Rica are tourism<\/a>, agriculture, and electrical exports.<\/p>\n\n\n\n<p>La Costa Rica riceve capitali dall\u2019esportazione di ananas, banane e caff\u00e8. Ha un clima mite e una posizione perfetta, e la frutta e il caff\u00e8 contribuiscono al suo PIL. Anche il settore agricolo impiega gran parte della forza lavoro del paese.<\/p>\n\n\n\n<p>The manufacturing sector is also prominent in Costa Rica. The main <a href=\"https:\/\/www.sisinternational.com\/it\/soluzioni\/soluzioni-di-branding-e-ricerca-clienti\/ricerche-di-mercato-per-test-di-prodotto\/product-testing-for-consumer-products\/medical-device-product-testing-in-nyc\/\" title=\"Medical Device Product Testing in NYC\"  data-wpil-monitor-id=\"7864\">products are medical<\/a>, electrical, and aerospace devices. It also produces jewelry, clothing, and food products. It is also known for cheese factories and sawmills.<\/p>\n\n\n\n<p>Tourism is a leading sector. It is also the fastest-growing. Many visit because of the country\u2019s natural beauty and attractions. The government is taking measures to develop this sector further.<\/p>\n\n\n\n<h2 class=\"wp-block-heading\">Quartieri<\/h2>\n\n\n\n<p>San Jos\u00e9 \u00e8 la capitale e la citt\u00e0 pi\u00f9 grande della Costa Rica. \u00c8 ricco di cultura e storia e accoglie molti visitatori ogni giorno. \u00c8 pieno di gente amichevole e di fantastiche attrazioni e offre notti frenetiche e giornate tranquille e calde. I bar e i ristoranti dal vivo sono una delizia.<\/p>\n\n\n\n<p>Puerto Lim\u00f3n is the second-largest city in Costa Rica and the most important port for the country. It offers many attractions, such as a volcano, a beach, and parks. Puerto Lim\u00f3n is also famous for its cashew wine, which the locals produce themselves. It houses many bars and restaurants. You will also find a few open-air markets to explore.<\/p>\n\n\n\n<p>Alajuela \u00e8 la &quot;perfetta fuga estiva&quot;. \u00c8 anche conosciuta come la &quot;citt\u00e0 dei manghi&quot;. L&#039;agricoltura di Alajuela \u00e8 ci\u00f2 che la rende unica. La gente del posto coltiva radici, caff\u00e8 e riso e raccoglie anche canna da zucchero, mais e banane. Questa citt\u00e0 \u00e8 ricca di vita agricola.<\/p>\n\n\n\n<h2 class=\"wp-block-heading\">Tendenze<\/h2>\n\n\n\n<p>Technology is a growing trend in Costa Rica. Thus, it produces many devices. Because of the recent pandemic, this need has increased. The need for social distancing has raised e-commerce rates. Costa Ricans are turning toward tech to help with daily life tasks. Consumers are finding it easier to shop online than head to physical stores. So, online retail <a href=\"https:\/\/www.sisinternational.com\/it\/azienda-leader-nel-monitoraggio-delle-tendenze-del-mercato-b2b\/\" title=\"Principali societ\u00e0 di monitoraggio delle tendenze del mercato B2B\"  data-wpil-monitor-id=\"7860\">markets take advantage of this trend<\/a>. E-commerce increases ease in shopping for the consumer.<\/p>\n\n\n\n<h2 class=\"wp-block-heading\">Base dei consumatori<\/h2>\n\n\n\n<p>Costa Rica is a growing economy, and the <a href=\"https:\/\/www.sisinternational.com\/it\/compagnie-aeree-low-cost-nel-settore-dellaviazione\/\" title=\"Ricerche di mercato sulle compagnie aeree low cost\"  data-wpil-monitor-id=\"7862\">cost of living is low<\/a>. Most of the people are middle-class. The people are open to new <a href=\"https:\/\/www.sisinternational.com\/it\/soluzioni\/prova-del-gusto\/product-testing-for-companies\/\" title=\"Product Testing for Companies\"  data-wpil-monitor-id=\"7865\">companies and products<\/a>. They know about foreign trends, and they value good product quality. Costa Ricans love good product promotion, and it ensures the sale of products. They show brand loyalty to products they already know. When brands do not promote their products, consumers tend not to buy. If the consumer base is not happy, the business will fail.<\/p>\n\n\n\n<h2 class=\"wp-block-heading\">Motivi per far crescere la tua attivit\u00e0 sul mercato<\/h2>\n\n\n\n<p>La Costa Rica ha molti punti di forza. Ha una posizione perfetta nel mezzo del continente americano. Pertanto, ha un eccellente accesso al mercato. Il paese ha porti sia sulla costa del Pacifico che su quella dell&#039;Atlantico. La Costa Rica ha un alto tasso di alfabetizzazione. Offre anche aliquote fiscali basse, il che rende gli investitori pi\u00f9 interessati al paese. Gli investitori pagano le tasse in base al loro reddito, il che rappresenta un grande vantaggio, soprattutto per i nuovi arrivati sul mercato. \u00c8 facile avviare un&#039;impresa qui e il paese \u00e8 maturo per gli investimenti.<\/p>\n\n\n\n<h2 class=\"wp-block-heading\">Sulla ricerca in Costa Rica<\/h2>\n\n\n\n<p>Costa Rica is a growing economy. <a href=\"https:\/\/www.sisinternational.com\/it\/copertura\/le-americhe\/copertura-degli-stati-uniti\/\" title=\"Ricerche di mercato negli Stati Uniti\"  data-wpil-monitor-id=\"7859\">Ricerca di mercato<\/a> is vital to look at the state of the economy. It\u2019s essential to carry out Qualitative, Quantitative, and Strategy research. <a href=\"https:\/\/www.sisinternational.com\/it\/soluzioni\/ricerche-di-mercato-con-focus-group\/\" title=\"Focus Group Ricerche di mercato\"  data-wpil-monitor-id=\"7858\">Market Research can also involve Focus Groups<\/a> and Interviews. We also use <a href=\"https:\/\/www.sisinternational.com\/it\/soluzioni\/soluzioni-di-ricerca-quantitativa-qualitativa\/indagini-di-mercato\/\" title=\"Sondaggio di ricerche di mercato\"  data-wpil-monitor-id=\"7863\">Surveys in our research<\/a> efforts. Contact us today for a consultation.<\/p>\n\n\n\n<p><\/p>","protected":false},"excerpt":{"rendered":"<p>Scopri come far crescere la tua organizzazione con le ricerche di mercato in Costa Rica.<\/p>","protected":false},"author":1,"featured_media":66240,"parent":14351,"menu_order":8,"comment_status":"closed","ping_status":"closed","template":"","meta":{"footnotes":""},"class_list":["post-38450","page","type-page","status-publish","has-post-thumbnail"],"_links":{"self":[{"href":"https:\/\/www.sisinternational.com\/it\/wp-json\/wp\/v2\/pages\/38450","targetHints":{"allow":["GET"]}}],"collection":[{"href":"https:\/\/www.sisinternational.com\/it\/wp-json\/wp\/v2\/pages"}],"about":[{"href":"https:\/\/www.sisinternational.com\/it\/wp-json\/wp\/v2\/types\/page"}],"author":[{"embeddable":true,"href":"https:\/\/www.sisinternational.com\/it\/wp-json\/wp\/v2\/users\/1"}],"replies":[{"embeddable":true,"href":"https:\/\/www.sisinternational.com\/it\/wp-json\/wp\/v2\/comments?post=38450"}],"version-history":[{"count":5,"href":"https:\/\/www.sisinternational.com\/it\/wp-json\/wp\/v2\/pages\/38450\/revisions"}],"predecessor-version":[{"id":81325,"href":"https:\/\/www.sisinternational.com\/it\/wp-json\/wp\/v2\/pages\/38450\/revisions\/81325"}],"up":[{"embeddable":true,"href":"https:\/\/www.sisinternational.com\/it\/wp-json\/wp\/v2\/pages\/14351"}],"wp:featuredmedia":[{"embeddable":true,"href":"https:\/\/www.sisinternational.com\/it\/wp-json\/wp\/v2\/media\/66240"}],"wp:attachment":[{"href":"https:\/\/www.sisinternational.com\/it\/wp-json\/wp\/v2\/media?parent=38450"}],"curies":[{"name":"wp","href":"https:\/\/api.w.org\/{rel}","templated":true}]}}