{"id":38446,"date":"2021-08-19T03:28:13","date_gmt":"2021-08-19T03:28:13","guid":{"rendered":"https:\/\/www.sisinternational.com\/?page_id=38446"},"modified":"2025-09-14T19:11:00","modified_gmt":"2025-09-14T23:11:00","slug":"ricerche-di-mercato-sulla-cannabis","status":"publish","type":"page","link":"https:\/\/www.sisinternational.com\/it\/competenza\/ricerche-di-mercato-sulla-cannabis\/","title":{"rendered":"Ricerche di mercato sulla cannabis"},"content":{"rendered":"<h1 class=\"wp-block-heading\">Ricerche di mercato sulla cannabis<\/h1>\n\n\n\n<figure class=\"gb-block-image gb-block-image-fb5aba94\"><img loading=\"lazy\" decoding=\"async\" width=\"1456\" height=\"816\" class=\"gb-image gb-image-fb5aba94\" src=\"https:\/\/www.sisinternational.com\/wp-content\/uploads\/2025\/08\/Cannabis-3.jpg\" alt=\"Ricerca e strategia di mercato internazionale SIS\" title=\"Cannabis (3)\" srcset=\"https:\/\/www.sisinternational.com\/wp-content\/uploads\/2025\/08\/Cannabis-3.jpg 1456w, https:\/\/www.sisinternational.com\/wp-content\/uploads\/2025\/08\/Cannabis-3-300x168.jpg 300w, https:\/\/www.sisinternational.com\/wp-content\/uploads\/2025\/08\/Cannabis-3-1024x574.jpg 1024w, https:\/\/www.sisinternational.com\/wp-content\/uploads\/2025\/08\/Cannabis-3-768x430.jpg 768w, https:\/\/www.sisinternational.com\/wp-content\/uploads\/2025\/08\/Cannabis-3-18x10.jpg 18w\" sizes=\"auto, (max-width: 1456px) 100vw, 1456px\"><\/figure>\n\n\n\n<p><\/p>\n\n\n\n<h2 class=\"wp-block-heading\">Cos\u2019\u00e8 il CBD<\/h2>\n\n\n\n<p>Il CBD \u00e8 il cannabidiolo, una sostanza chimica contenuta nella pianta di Cannabis sativa. Questa pianta \u00e8 anche conosciuta come cannabis o canapa. Marijuana e canapa sono i due tipi di cannabis, dove la marijuana contiene molto THC e poco CBD. Gli scienziati allevano la canapa per rimuovere la maggior parte del THC. La struttura chimica del CBD non ti d\u00e0 esattamente uno \u201csballo\u201d. Colpisce il corpo in altri modi. Questo &quot;effetto&quot; deriva dal composto &quot;THC&quot;. Al contrario, il CBD rallenta le risposte del corpo e calma e rilassa chi ne fa uso. Molti usano il CBD come antinfiammatorio e antiossidante.<\/p>\n\n\n\n<p>IL <a href=\"https:\/\/www.sisinternational.com\/it\/compagnie-aeree-low-cost-nel-settore-dellaviazione\/\" title=\"Ricerche di mercato sulle compagnie aeree low cost\"  data-wpil-monitor-id=\"7813\">global CBD market<\/a> had a value of US$553.7 million in 2020. Experts expect it to increase tenfold over the <a href=\"https:\/\/www.sisinternational.com\/it\/competenza\/industrie\/ricerche-di-mercato-automobilistiche\/futuro-dei-veicoli-elettrici-negli-usa\/\" title=\"The Future of Electric Vehicles in the USA &#8211; The Next 5 Years\"  data-wpil-monitor-id=\"7816\">next few years<\/a>.<\/p>\n\n\n\n<p>La FDA ha recentemente approvato Epidiolex. Questo medicinale \u00e8 il primo a derivare dalla cannabis. Contiene anche CBD. I rivenditori vendono il CBD sotto forma di oli, spray orali e creme. Lo trovi anche nelle pillole e negli edibili.<\/p>\n\n\n\n<p>More people are getting into the use of CBD. They seek the benefits without the \u2018high.\u2019 Many parents, \u2018boomers\u2019, and white-collar workers use it. CBD is already legal in many states of America. This fact makes the CBD market an important one in the world.<\/p>\n\n\n\n<h2 class=\"wp-block-heading\">Perch\u00e9 la cannabis \u00e8 un settore in crescita<\/h2>\n\n\n\n<p>The cannabis industry is one of the fastest-growing in recent times. It has also received much support. Renowned investors and government officials alike are touting its benefits. The plant serves both medicinal and recreational purposes. The Covid-19 pandemic with its lockdowns caused sales of cannabis to increase to a great extent. Another reason for the runaway growth is the fact that more people are <a href=\"https:\/\/www.sisinternational.com\/it\/global-beverage-market\/\" title=\"Global Beverage Market: Market Dynamics, Growth Projections &amp; Consumer Insights\"  data-wpil-monitor-id=\"7819\">consuming<\/a> cannabis than ever before.<\/p>\n\n\n\n<p>Nel 2020 il mercato della cannabis valeva circa $20,5 miliardi. Gli esperti si aspettano che quadruplichi molto presto. La crescita di questo settore \u00e8 dovuta anche all\u2019aumento della legalizzazione della cannabis. L&#039;erba \u00e8 ora legale nella maggior parte degli stati. La maggior parte dei consumatori di cannabis ha un lavoro. Una base di consumatori attiva manterr\u00e0 sicuramente il settore in crescita.<\/p>\n\n\n\n<p>Anche la cannabis \u00e8 un\u2019industria in crescita perch\u00e9 \u00e8 nuova. Non \u00e8 necessario fare molto per entrarci. Le scuole stanno insegnando di pi\u00f9 agli studenti sulla cannabis e l\u2019industria sta creando pi\u00f9 posti di lavoro. \u00c8 un settore stabile che non andr\u00e0 da nessuna parte presto.<\/p>\n\n\n\n<h2 class=\"wp-block-heading\">Cosa sono gli adattogeni<\/h2>\n\n\n\n<figure class=\"gb-block-image gb-block-image-8e5c6aaa\"><img loading=\"lazy\" decoding=\"async\" width=\"1456\" height=\"816\" class=\"gb-image gb-image-8e5c6aaa\" src=\"https:\/\/www.sisinternational.com\/wp-content\/uploads\/2025\/08\/Cannabis-1.jpg\" alt=\"Ricerca e strategia di mercato internazionale SIS\" title=\"Cannabis (1)\" srcset=\"https:\/\/www.sisinternational.com\/wp-content\/uploads\/2025\/08\/Cannabis-1.jpg 1456w, https:\/\/www.sisinternational.com\/wp-content\/uploads\/2025\/08\/Cannabis-1-300x168.jpg 300w, https:\/\/www.sisinternational.com\/wp-content\/uploads\/2025\/08\/Cannabis-1-1024x574.jpg 1024w, https:\/\/www.sisinternational.com\/wp-content\/uploads\/2025\/08\/Cannabis-1-768x430.jpg 768w, https:\/\/www.sisinternational.com\/wp-content\/uploads\/2025\/08\/Cannabis-1-18x10.jpg 18w\" sizes=\"auto, (max-width: 1456px) 100vw, 1456px\"><\/figure>\n\n\n\n<p><\/p>\n\n\n\n<p>Gli adattogeni sono piante delicate. La natura ha progettato queste piante per aiutare con lo stress emotivo e fisico. Viene dalla cultura asiatica. Rallentano i sistemi del corpo che hanno accelerato. Inoltre accelerano questi sistemi quando sono lenti. Esistono molti adattogeni diversi, ma ci concentreremo sulla cannabis. Sebbene non sia esattamente considerato un adattogeno, mostra le stesse propriet\u00e0.<\/p>\n\n\n\n<p>La cannabis aiuta i pazienti ad affrontare il disturbo da stress post-traumatico derivante da eventi traumatici. Lo fa controllando la risposta di lotta o fuga dei nostri corpi. \u00c8 anche un&#039;opzione pi\u00f9 sicura per le persone con problemi di alcol. La cannabis aiuta a ridurre le possibilit\u00e0 di sviluppare l&#039;Alzheimer. La pianta combatte anche il diabete, il cancro, il glaucoma, la depressione e il dolore cronico.<\/p>\n\n\n\n<p>Le persone si stanno allontanando dallo stigma della cannabis. La cannabis non \u00e8 solo per gli &quot;stoner&quot;. Stanno iniziando a vedere i benefici duraturi della cannabis, una pianta che esiste da secoli.<\/p>\n\n\n\n<h2 class=\"wp-block-heading\">Legalizzazione<\/h2>\n\n\n\n<p>La legalizzazione della cannabis \u00e8 una discussione di tendenza da molti anni. Molti sono a favore e molti sono contrari. Molti vedono nella legalizzazione della cannabis una ragione per un suo possibile abuso. Legalizzare la cannabis sia per uso ricreativo che per adulti ha i suoi vantaggi. Aumenta la crescita dell\u2019occupazione, gli investimenti e le entrate fiscali.<\/p>\n\n\n\n<p>The legalization of cannabis is also essential for scientists. They believe that it could help develop cannabis-based medical treatments. This legalization also helps the judicial system. It saves money to tackle serious criminals. It also decreases jail time for these non-violent crimes. Besides, it drives cartels and street gangs out of business. It reduces the violent actions caused by these groups. It also helps the cannabis industry to flourish.<\/p>\n\n\n\n<p>Only a few countries have made the use of cannabis for recreation legal. Still, the penalties for its usage and sale have decreased. It makes it easier to <a href=\"https:\/\/www.sisinternational.com\/it\/avviare-unimpresa-in-turchia\/\" title=\"Avviare un&#039;impresa in Turchia\"  data-wpil-monitor-id=\"7817\">set up more cannabis businesses<\/a> and trade. Investors are also taking note of this.<\/p>\n\n\n\n<h2 class=\"wp-block-heading\">Perch\u00e9 la ricerca di mercato \u00e8 importante<\/h2>\n\n\n\n<p>Companies wishing to enter the cannabis industry will need to carry out <a href=\"https:\/\/www.sisinternational.com\/it\/competenza\/curriculum-di-esperienza\/curriculum-di-esperienza-nel-settore-chimico-ed-energetico\/\" title=\"Societ\u00e0 di ricerche di mercato nel settore chimico ed energetico\"  data-wpil-monitor-id=\"7814\">ricerca di mercato<\/a>. It is a new industry. There are still many problems within that have to be fixed. There is also a need to educate investors about the benefits and risks of the industry. Investors <a href=\"https:\/\/www.sisinternational.com\/it\/analysis-b2b\/\" title=\"What Business Leaders Need to Know Right Now\"  data-wpil-monitor-id=\"7818\">need to know<\/a> their consumer base. It is the only way to ensure the <a href=\"https:\/\/www.sisinternational.com\/it\/predictive-analytics\/\" title=\"Predictive Analytics: Your Crystal Ball for Business Success\"  data-wpil-monitor-id=\"7815\">success of a business<\/a>.<\/p>\n\n\n\n<p>Hai bisogno di approfondimenti sul settore del CBD? Forniamo ricerca qualitativa, quantitativa e strategica. Offriamo anche focus group, interviste e sondaggi. Contattaci oggi per una consulenza.<\/p>\n\n\n\n<p><\/p>","protected":false},"excerpt":{"rendered":"<p>SIS \u00e8 una societ\u00e0 leader nelle ricerche di mercato globali. Scopri come far crescere il tuo business con le ricerche di mercato sulla cannabis.<\/p>","protected":false},"author":1,"featured_media":63940,"parent":14514,"menu_order":73,"comment_status":"closed","ping_status":"closed","template":"","meta":{"footnotes":""},"class_list":["post-38446","page","type-page","status-publish","has-post-thumbnail"],"_links":{"self":[{"href":"https:\/\/www.sisinternational.com\/it\/wp-json\/wp\/v2\/pages\/38446","targetHints":{"allow":["GET"]}}],"collection":[{"href":"https:\/\/www.sisinternational.com\/it\/wp-json\/wp\/v2\/pages"}],"about":[{"href":"https:\/\/www.sisinternational.com\/it\/wp-json\/wp\/v2\/types\/page"}],"author":[{"embeddable":true,"href":"https:\/\/www.sisinternational.com\/it\/wp-json\/wp\/v2\/users\/1"}],"replies":[{"embeddable":true,"href":"https:\/\/www.sisinternational.com\/it\/wp-json\/wp\/v2\/comments?post=38446"}],"version-history":[{"count":4,"href":"https:\/\/www.sisinternational.com\/it\/wp-json\/wp\/v2\/pages\/38446\/revisions"}],"predecessor-version":[{"id":81319,"href":"https:\/\/www.sisinternational.com\/it\/wp-json\/wp\/v2\/pages\/38446\/revisions\/81319"}],"up":[{"embeddable":true,"href":"https:\/\/www.sisinternational.com\/it\/wp-json\/wp\/v2\/pages\/14514"}],"wp:featuredmedia":[{"embeddable":true,"href":"https:\/\/www.sisinternational.com\/it\/wp-json\/wp\/v2\/media\/63940"}],"wp:attachment":[{"href":"https:\/\/www.sisinternational.com\/it\/wp-json\/wp\/v2\/media?parent=38446"}],"curies":[{"name":"wp","href":"https:\/\/api.w.org\/{rel}","templated":true}]}}