{"id":38440,"date":"2021-08-19T03:05:58","date_gmt":"2021-08-19T03:05:58","guid":{"rendered":"https:\/\/www.sisinternational.com\/?page_id=38440"},"modified":"2025-09-14T19:21:10","modified_gmt":"2025-09-14T23:21:10","slug":"ricerche-di-mercato-palestina","status":"publish","type":"page","link":"https:\/\/www.sisinternational.com\/it\/copertura\/ricerche-di-mercato-medio-oriente\/ricerche-di-mercato-palestina\/","title":{"rendered":"Ricerche di mercato in Palestina"},"content":{"rendered":"<h1 class=\"wp-block-heading\">Ricerche di mercato in Palestina<\/h1>\n\n\n\n<figure class=\"gb-block-image gb-block-image-250c1bab\"><img loading=\"lazy\" decoding=\"async\" width=\"1456\" height=\"816\" class=\"gb-image gb-image-250c1bab\" src=\"https:\/\/www.sisinternational.com\/wp-content\/uploads\/2025\/08\/Palestine-3.jpg\" alt=\"Ricerca e strategia di mercato internazionale SIS\" title=\"Palestine (3)\" srcset=\"https:\/\/www.sisinternational.com\/wp-content\/uploads\/2025\/08\/Palestine-3.jpg 1456w, https:\/\/www.sisinternational.com\/wp-content\/uploads\/2025\/08\/Palestine-3-300x168.jpg 300w, https:\/\/www.sisinternational.com\/wp-content\/uploads\/2025\/08\/Palestine-3-1024x574.jpg 1024w, https:\/\/www.sisinternational.com\/wp-content\/uploads\/2025\/08\/Palestine-3-768x430.jpg 768w, https:\/\/www.sisinternational.com\/wp-content\/uploads\/2025\/08\/Palestine-3-18x10.jpg 18w\" sizes=\"auto, (max-width: 1456px) 100vw, 1456px\"><\/figure>\n\n\n\n<hr class=\"wp-block-separator has-alpha-channel-opacity is-style-dots\"\/>\n\n\n\n<p><span style=\"font-weight: 400;\">La Palestina ha un mercato unico caratterizzato dal suo diverso patrimonio culturale e dal complesso panorama geopolitico. Nonostante le numerose sfide da affrontare, tra cui tensioni politiche e incertezze economiche, la ricerca di mercato in Palestina presenta opportunit\u00e0 promettenti per le aziende disposte a destreggiarsi nelle sue complessit\u00e0.&nbsp;<\/span><\/p>\n\n\n\n<h2 class=\"wp-block-heading\"><strong>Cos\u2019\u00e8 la ricerca di mercato in Palestina?<\/strong><\/h2>\n\n\n\n<p><span style=\"font-weight: 400;\">La ricerca di mercato in Palestina studia il comportamento dei consumatori, identifica le tendenze emergenti, valuta la concorrenza e valuta i quadri normativi. Le dinamiche di mercato uniche della Palestina, influenzate dall&#039;instabilit\u00e0 politica e dalle sfumature culturali, richiedono approcci su misura alla ricerca di mercato.&nbsp;<\/span><\/p>\n\n\n\n<h2 class=\"wp-block-heading\"><strong>Why Do Businesses Need Market Research in Palestine<\/strong><\/h2>\n\n\n\n<p><span style=\"font-weight: 400;\">Le imprese incontrano molte sfide nel navigare nel mercato palestinese, derivanti dal suo complesso ambiente geopolitico. L\u2019instabilit\u00e0 politica, i conflitti regionali e le incertezze economiche hanno un impatto significativo sul comportamento dei consumatori, sulle dinamiche di mercato e sui quadri normativi.&nbsp;<\/span><\/p>\n\n\n\n<p><span style=\"font-weight: 400;\">Le ricerche di mercato in Palestina aiutano le aziende a valutare il panorama competitivo e a identificare gli attori chiave del loro settore. Analizzando i punti di forza, di debolezza e il posizionamento sul mercato dei concorrenti, le aziende possono sviluppare strategie per differenziarsi e ritagliarsi una nicchia di mercato distinta. Inoltre, le ricerche di mercato aiutano le aziende a valutare i requisiti normativi, le barriere all\u2019ingresso nel mercato e i potenziali rischi, consentendo loro di prendere decisioni informate e mitigare le potenziali sfide nel contesto imprenditoriale palestinese.&nbsp;<\/span><\/p>\n\n\n\n<h2 class=\"wp-block-heading\"><strong>Chi utilizza le ricerche di mercato in Palestina?<\/strong><\/h2>\n\n\n\n<p><span style=\"font-weight: 400;\">In Palestina fanno affidamento diverse parti interessate<a href=\"https:\/\/www.sisinternational.com\/it\/copertura\/ricerche-di-mercato-medio-oriente\/\"> ricerca di mercato<\/a> informare i propri processi decisionali e le iniziative strategiche. Ecco alcune entit\u00e0 chiave che utilizzano ricerche di mercato:<\/span><\/p>\n\n\n\n<p><b>\u2022 Imprese nazionali:<\/b><span style=\"font-weight: 400;\"> Palestinian companies across various industries leverage market research to gain insights into consumer behavior, market trends, and competitor strategies. By understanding the local market dynamics, these businesses can optimize their operations, refine their product offerings, and develop effective marketing strategies to better serve their customers.<\/span><\/p>\n\n\n\n<p><b>\u2022 Societ\u00e0 internazionali:<\/b><span style=\"font-weight: 400;\"> Le multinazionali interessate ad entrare o espandere la propria presenza in Palestina spesso conducono ricerche di mercato per valutare la domanda di mercato, il panorama competitivo, il contesto normativo e le sfumature culturali. Queste informazioni consentono loro di adattare le loro strategie commerciali e le loro offerte al mercato palestinese, aumentando cos\u00ec le loro possibilit\u00e0 di successo.<\/span><\/p>\n\n\n\n<p><b>\u2022 Agenzie governative:<\/b><span style=\"font-weight: 400;\"> Gli enti governativi in Palestina, inclusi ministeri, organismi di regolamentazione e agenzie di sviluppo economico, si affidano alla ricerca di mercato per informare gli sforzi di elaborazione delle politiche, pianificazione economica e promozione degli investimenti.&nbsp;<\/span><\/p>\n\n\n\n<p><b>\u2022 Organizzazioni non governative (ONG):<\/b><span style=\"font-weight: 400;\"> Le ONG che operano in Palestina utilizzano ricerche di mercato per valutare le tendenze socioeconomiche, identificare i bisogni della comunit\u00e0 e progettare progetti e programmi di sviluppo che affrontino sfide specifiche.&nbsp;<\/span><\/p>\n\n\n\n<h2 class=\"wp-block-heading\"><strong>La nostra attuale revisione del mercato e raccomandazioni<\/strong><\/h2>\n\n\n\n<figure class=\"gb-block-image gb-block-image-43825adb\"><img loading=\"lazy\" decoding=\"async\" width=\"1456\" height=\"816\" class=\"gb-image gb-image-43825adb\" src=\"https:\/\/www.sisinternational.com\/wp-content\/uploads\/2025\/08\/Palestine-2.jpg\" alt=\"Ricerca e strategia di mercato internazionale SIS\" title=\"Palestine (2)\" srcset=\"https:\/\/www.sisinternational.com\/wp-content\/uploads\/2025\/08\/Palestine-2.jpg 1456w, https:\/\/www.sisinternational.com\/wp-content\/uploads\/2025\/08\/Palestine-2-300x168.jpg 300w, https:\/\/www.sisinternational.com\/wp-content\/uploads\/2025\/08\/Palestine-2-1024x574.jpg 1024w, https:\/\/www.sisinternational.com\/wp-content\/uploads\/2025\/08\/Palestine-2-768x430.jpg 768w, https:\/\/www.sisinternational.com\/wp-content\/uploads\/2025\/08\/Palestine-2-18x10.jpg 18w\" sizes=\"auto, (max-width: 1456px) 100vw, 1456px\"><\/figure>\n\n\n\n<p><\/p>\n\n\n\n<p><span style=\"font-weight: 400;\">Riteniamo che il mercato palestinese mostri resilienza e potenziale di crescita. Con le continue iniziative di sviluppo delle infrastrutture e gli sforzi per promuovere l\u2019imprenditorialit\u00e0 e l\u2019innovazione, il mercato \u00e8 pronto per progressi positivi nei prossimi anni. Le imprese che si posizionano strategicamente per sfruttare queste opportunit\u00e0 trarranno vantaggio dall\u2019evoluzione del panorama economico della Palestina.<\/span><\/p>\n\n\n\n<h2 class=\"wp-block-heading\"><strong>Risultati attesi dai servizi di ricerche di mercato di SIS<\/strong><\/h2>\n\n\n\n<p><span style=\"font-weight: 400;\">A <\/span><a href=\"https:\/\/twitter.com\/SISIntlResearch\" target=\"_blank\" rel=\"noopener\"><span style=\"font-weight: 400;\">SIS<\/span><\/a><span style=\"font-weight: 400;\">, i nostri servizi di ricerche di mercato su misura sono progettati per fornire informazioni utili e ottenere risultati tangibili per le aziende che operano in Palestina. Collaborando con noi, le aziende possono aspettarsi i seguenti risultati:<\/span><\/p>\n\n\n\n<p><b>Conoscenza approfondita del mercato:<\/b><span style=\"font-weight: 400;\">&nbsp;<\/span><\/p>\n\n\n\n<p><span style=\"font-weight: 400;\">Le nostre rigorose metodologie di ricerca forniscono alle aziende una profonda comprensione del panorama del mercato palestinese, compresi il comportamento dei consumatori, le tendenze del mercato, le dinamiche competitive e il contesto normativo.&nbsp;<\/span><\/p>\n\n\n\n<p><b>Raccomandazioni strategiche:<\/b><span style=\"font-weight: 400;\">&nbsp;<\/span><\/p>\n\n\n\n<p><span style=\"font-weight: 400;\">Sulla base della nostra analisi di mercato, offriamo raccomandazioni strategiche su misura per gli obiettivi e le sfide unici di ciascun cliente.&nbsp;<\/span><\/p>\n\n\n\n<p><b>Processo decisionale migliorato:<\/b><span style=\"font-weight: 400;\">&nbsp;<\/span><\/p>\n\n\n\n<p><a href=\"https:\/\/www.linkedin.com\/company\/sisinternationalresearch\/\" target=\"_blank\" rel=\"noopener\"><span style=\"font-weight: 400;\">SIS Internazionale<\/span><\/a><span style=\"font-weight: 400;\"> fornisce alle aziende le conoscenze e gli approfondimenti necessari per prendere decisioni informate in ogni fase del ciclo di vita aziendale.&nbsp;<\/span><\/p>\n\n\n\n<p><b>ROI migliorato:<\/b><span style=\"font-weight: 400;\">&nbsp;<\/span><\/p>\n\n\n\n<p><span style=\"font-weight: 400;\">Le nostre informazioni consentono alle aziende di allocare le risorse in modo pi\u00f9 efficiente, rivolgersi al pubblico giusto e ottimizzare la spesa di marketing, favorendo in definitiva la crescita dei ricavi e la redditivit\u00e0.<\/span><\/p>\n\n\n\n<h2 class=\"wp-block-heading\">La Palestina, un paese diverso, una volta era divisa in due parti nel 1947.<\/h2>\n\n\n\n<figure class=\"gb-block-image gb-block-image-bb31a76d\"><img loading=\"lazy\" decoding=\"async\" width=\"1456\" height=\"816\" class=\"gb-image gb-image-bb31a76d\" src=\"https:\/\/www.sisinternational.com\/wp-content\/uploads\/2025\/08\/Palestine-1.jpg\" alt=\"Ricerca e strategia di mercato internazionale SIS\" title=\"Palestine (1)\" srcset=\"https:\/\/www.sisinternational.com\/wp-content\/uploads\/2025\/08\/Palestine-1.jpg 1456w, https:\/\/www.sisinternational.com\/wp-content\/uploads\/2025\/08\/Palestine-1-300x168.jpg 300w, https:\/\/www.sisinternational.com\/wp-content\/uploads\/2025\/08\/Palestine-1-1024x574.jpg 1024w, https:\/\/www.sisinternational.com\/wp-content\/uploads\/2025\/08\/Palestine-1-768x430.jpg 768w, https:\/\/www.sisinternational.com\/wp-content\/uploads\/2025\/08\/Palestine-1-18x10.jpg 18w\" sizes=\"auto, (max-width: 1456px) 100vw, 1456px\"><\/figure>\n\n\n\n<p><\/p>\n\n\n\n<p>Il popolo ebraico e lo Stato arabo (Palestina) un tempo condividevano la terra. In effetti, la Palestina si trova ora nella regione del Mediterraneo orientale, con parti di Israele nella Striscia di Gaza. Inoltre, \u00e8 un&#039;area sacra per ebrei, cristiani e musulmani. La chiamano \u201cTerra Santa\u201d. La sacralit\u00e0 di quest&#039;area per queste tre religioni ha portato a diverse occasioni di guerra aperta nel paese.<\/p>\n\n\n\n<p>La Palestina, che ospita 4,7 milioni di persone, fu inizialmente chiamata Stato dalle Nazioni Unite. Successivamente la sua capitale divenne Gerusalemme Est, che conta 540.000 abitanti. Gerusalemme ospita anche alcuni dei luoghi pi\u00f9 sacri per ebrei, cristiani e musulmani.<\/p>\n\n\n\n<h2 class=\"wp-block-heading\">Quartieri<\/h2>\n\n\n\n<p>Gaza \u00e8 una delle aree pi\u00f9 conosciute della Palestina ed \u00e8 una regione autonoma. Si trova su un&#039;antica via commerciale che partiva dall&#039;Egitto.<\/p>\n\n\n\n<p>Altri quartieri sono Hebron e Khan Yunis Nablus.<\/p>\n\n\n\n<p>In alcuni villaggi \u00e8 pratica comune salire in campagna. La maggior parte delle persone possiede terreni coltivati in campagna, quindi si ritirano l\u00ec per bere il t\u00e8 e godersi il panorama.<\/p>\n\n\n\n<h2 class=\"wp-block-heading\">Industrie chiave<\/h2>\n\n\n\n<p>Alcuni esperti definiscono la Palestina uno stato povero. Ad esempio, non c&#039;\u00e8 molto accesso a Internet. Nonostante ci\u00f2, le persone continuano a utilizzare le risorse di cui dispongono.<\/p>\n\n\n\n<p>Piantare alberi di ulivo \u00e8 un modo in cui usano ci\u00f2 che hanno. Pertanto, coltivano ulivi su pi\u00f9 della met\u00e0 del terreno coltivabile. La gente ama gli ulivi e mangiare da questi alberi \u00e8 simbolico. Infatti, si riferiscono alle olive come oro verde e le usano per produrre olio, sapone, souvenir e per migliorare il gusto del cibo.<\/p>\n\n\n\n<p>Altre industrie includono cemento, tessile, sculture, lavorazione alimentare e souvenir in madreperla.<\/p>\n\n\n\n<h2 class=\"wp-block-heading\">Tendenze<\/h2>\n\n\n\n<p>I palestinesi tendono ad essere molto accoglienti e amichevoli con gli stranieri al loro arrivo. Tuttavia, alcuni vettori non viaggiano in Palestina a causa dei recenti conflitti.<\/p>\n\n\n\n<p>La Striscia di Gaza occupata da Israele ha causato sfide religiose e molte epidemie estremamente violente. Tuttavia, ha aumentato la consapevolezza dei diritti umani e delle preoccupazioni umanitarie, compresi i limiti della libera circolazione, la mancanza di forniture di base e la mancanza di risposta ai bisogni delle persone.<\/p>\n\n\n\n<p>A parte questi fattori, l\u2019Autorit\u00e0 Palestinese ha compiuto un\u2019inversione di rotta. Negli ultimi anni ha gettato le basi per il riconoscimento dello Stato della Cisgiordania. Questa azione ha portato ad un\u2019adeguata sicurezza e vantaggi economici in Cisgiordania, che ha subito meno atti di violenza.<\/p>\n\n\n\n<p>Per quanto riguarda Gaza, i diritti umani, socioeconomici e di sicurezza continuano a destare preoccupazione.<\/p>\n\n\n\n<h2 class=\"wp-block-heading\">Base dei consumatori<\/h2>\n\n\n\n<p>L\u2019agricoltura \u00e8 una pratica comune in Palestina. Le persone raccolgono frutta e verdura, comprese le olive. Le famiglie dei villaggi possiedono porzioni di terreno in campagna. Passano queste terre per generazioni e le usano per coltivare i loro raccolti. Essiccare i frutti e venderli al mercato \u00e8 una pratica comune.<\/p>\n\n\n\n<p>La maggior parte dei palestinesi pranza in famiglia e cucina, quindi aprire un ristorante potrebbe non essere la soluzione migliore. Quando fanno la spesa, acquistano prodotti essenziali come la farina per fare il pane. Potrebbero anche comprare il pane stesso. I palestinesi spendono soldi anche in vestiti, articoli da toeletta, carne e altri articoli. Il mercato \u00e8 il luogo in cui la maggior parte delle persone trae profitto dai propri raccolti.<\/p>\n\n\n\n<h2 class=\"wp-block-heading\"><strong>Driver di mercato<\/strong><\/h2>\n\n\n\n<p><span style=\"font-weight: 400;\">Per comprendere le dinamiche del mercato palestinese, \u00e8 essenziale identificare e analizzare i fattori che ne guidano la crescita e lo sviluppo. Ecco alcuni fattori chiave che modellano il panorama del mercato automobilistico in Palestina:<\/span><\/p>\n\n\n\n<ul class=\"wp-block-list\">\n<li><b>Crescita economica:<\/b><span style=\"font-weight: 400;\"> Il continuo sviluppo economico della Palestina, pur presentando alcune sfide, sta determinando un aumento del potere d\u2019acquisto dei consumatori. Con la crescita dell\u2019economia, cresce anche la domanda di automobili per uso personale e commerciale.<\/span><\/li>\n\n\n\n<li><b>Sviluppo delle infrastrutture:<\/b><span style=\"font-weight: 400;\"> Gli investimenti nelle infrastrutture, come le reti stradali e i sistemi di trasporto, svolgono un ruolo significativo nella crescita del settore automobilistico. Il miglioramento delle infrastrutture non solo migliora l\u2019accessibilit\u00e0, ma incoraggia anche la propriet\u00e0 e l\u2019utilizzo dei veicoli.<\/span><\/li>\n<\/ul>\n\n\n\n<h2 class=\"wp-block-heading\"><strong>Restrizioni del mercato<\/strong><\/h2>\n\n\n\n<p><span style=\"font-weight: 400;\">Il mercato palestinese si trova ad affrontare numerose sfide e vincoli che devono essere affrontati per uno sviluppo sostenibile. Ecco alcuni fattori chiave che limitano il potenziale del mercato:<\/span><\/p>\n\n\n\n<ul class=\"wp-block-list\">\n<li><b>Instabilit\u00e0 politica:<\/b><span style=\"font-weight: 400;\"> Political tensions and regional conflicts contribute to economic uncertainty, affecting consumer confidence and investment decisions.\u00a0<\/span><\/li>\n\n\n\n<li><b>Limitazioni dell&#039;infrastruttura:<\/b><span style=\"font-weight: 400;\"> Despite ongoing infrastructure development efforts, Palestine still needs help with adequate road networks, traffic congestion, and a lack of charging infrastructure for electric vehicles.\u00a0<\/span><\/li>\n\n\n\n<li><b>Accesso limitato ai finanziamenti:<\/b><span style=\"font-weight: 400;\"> Financing options for vehicle purchases remain limited in Palestine, particularly for individual consumers and small businesses.\u00a0<\/span><\/li>\n<\/ul>\n\n\n\n<h2 class=\"wp-block-heading\">Motivi per far crescere la tua attivit\u00e0 in Palestina<\/h2>\n\n\n\n<p>La legge consente a un&#039;azienda di beneficiare del 100% dalle imposte sul reddito per cinque anni (o pi\u00f9). La Palestina ha anche accordi di libero scambio con attori economici globali. Dispone inoltre di programmi di incentivi e numerose opportunit\u00e0 di investimento in diversi settori.<\/p>\n\n\n\n<h2 class=\"wp-block-heading\">La nostra sede a New York<\/h2>\n\n\n\n<p>  <iframe loading=\"lazy\" src=\"https:\/\/www.google.com\/maps\/embed?pb=!1m18!1m12!1m3!1d3022.976188376966!2d-73.99130312499956!3d40.740549471389315!2m3!1f0!2f0!3f0!3m2!1i1024!2i768!4f13.1!3m3!1m2!1s0x89c259a15798c731%3A0xd695d09bdd495f25!2s11%20E%2022nd%20St%20FL%202%2C%20New%20York%2C%20NY%2010010%2C%20USA!5e0!3m2!1sen!2spe!4v1726171763526!5m2!1sen!2spe\" width=\"600\" height=\"450\" allowfullscreen=\"allowfullscreen\" data-mce-fragment=\"1\"><\/iframe>  <\/p>\n\n\n\n<h3 class=\"wp-block-heading\">11 E 22nd Street, piano 2, New York, NY 10010 T: +1(212) 505-6805<\/h3>\n\n\n\n<hr class=\"wp-block-separator has-alpha-channel-opacity\"\/>\n\n\n\n<h2 class=\"wp-block-heading\"><span style=\"font-weight: 400;\">A proposito di SIS Internazionale<\/span><\/h2>\n\n\n\n<p><a href=\"https:\/\/www.sisinternational.com\/it\/\"><span style=\"font-weight: 400;\">SIS Internazionale<\/span><\/a><span style=\"font-weight: 400;\"> offre ricerca quantitativa, qualitativa e strategica. Forniamo dati, strumenti, strategie, report e approfondimenti per il processo decisionale. Conduciamo anche interviste, sondaggi, focus group e altri metodi e approcci di ricerca di mercato.<\/span><a href=\"https:\/\/www.sisinternational.com\/it\/sulla-sua-ricerca-internazionale\/contact-sis-international-market-research\/\"><span style=\"font-weight: 400;\"> Contattaci<\/span><\/a><span style=\"font-weight: 400;\"> per il tuo prossimo progetto di ricerca di mercato.<\/span><\/p>\n\n\n\n<p><\/p>","protected":false},"excerpt":{"rendered":"<p>Scopri come far crescere la tua organizzazione con le ricerche di mercato in Palestina.<\/p>","protected":false},"author":1,"featured_media":65091,"parent":36619,"menu_order":7,"comment_status":"closed","ping_status":"closed","template":"","meta":{"footnotes":""},"class_list":["post-38440","page","type-page","status-publish","has-post-thumbnail"],"_links":{"self":[{"href":"https:\/\/www.sisinternational.com\/it\/wp-json\/wp\/v2\/pages\/38440","targetHints":{"allow":["GET"]}}],"collection":[{"href":"https:\/\/www.sisinternational.com\/it\/wp-json\/wp\/v2\/pages"}],"about":[{"href":"https:\/\/www.sisinternational.com\/it\/wp-json\/wp\/v2\/types\/page"}],"author":[{"embeddable":true,"href":"https:\/\/www.sisinternational.com\/it\/wp-json\/wp\/v2\/users\/1"}],"replies":[{"embeddable":true,"href":"https:\/\/www.sisinternational.com\/it\/wp-json\/wp\/v2\/comments?post=38440"}],"version-history":[{"count":10,"href":"https:\/\/www.sisinternational.com\/it\/wp-json\/wp\/v2\/pages\/38440\/revisions"}],"predecessor-version":[{"id":68616,"href":"https:\/\/www.sisinternational.com\/it\/wp-json\/wp\/v2\/pages\/38440\/revisions\/68616"}],"up":[{"embeddable":true,"href":"https:\/\/www.sisinternational.com\/it\/wp-json\/wp\/v2\/pages\/36619"}],"wp:featuredmedia":[{"embeddable":true,"href":"https:\/\/www.sisinternational.com\/it\/wp-json\/wp\/v2\/media\/65091"}],"wp:attachment":[{"href":"https:\/\/www.sisinternational.com\/it\/wp-json\/wp\/v2\/media?parent=38440"}],"curies":[{"name":"wp","href":"https:\/\/api.w.org\/{rel}","templated":true}]}}