{"id":38424,"date":"2021-08-19T01:28:50","date_gmt":"2021-08-19T01:28:50","guid":{"rendered":"https:\/\/www.sisinternational.com\/?page_id=38424"},"modified":"2025-09-14T19:42:24","modified_gmt":"2025-09-14T23:42:24","slug":"ricerche-di-mercato-iracheno","status":"publish","type":"page","link":"https:\/\/www.sisinternational.com\/it\/copertura\/ricerche-di-mercato-medio-oriente\/ricerche-di-mercato-iracheno\/","title":{"rendered":"Ricerche di mercato in Iraq"},"content":{"rendered":"<h1 class=\"wp-block-heading\">Ricerche di mercato in Iraq<\/h1>\n\n\n\n<figure class=\"gb-block-image gb-block-image-28003950\"><img loading=\"lazy\" decoding=\"async\" width=\"1456\" height=\"816\" class=\"gb-image gb-image-28003950\" src=\"https:\/\/www.sisinternational.com\/wp-content\/uploads\/2025\/08\/Iraq-2.jpg\" alt=\"Ricerca e strategia di mercato internazionale SIS\" title=\"Iraq (2)\" srcset=\"https:\/\/www.sisinternational.com\/wp-content\/uploads\/2025\/08\/Iraq-2.jpg 1456w, https:\/\/www.sisinternational.com\/wp-content\/uploads\/2025\/08\/Iraq-2-300x168.jpg 300w, https:\/\/www.sisinternational.com\/wp-content\/uploads\/2025\/08\/Iraq-2-1024x574.jpg 1024w, https:\/\/www.sisinternational.com\/wp-content\/uploads\/2025\/08\/Iraq-2-768x430.jpg 768w, https:\/\/www.sisinternational.com\/wp-content\/uploads\/2025\/08\/Iraq-2-18x10.jpg 18w\" sizes=\"auto, (max-width: 1456px) 100vw, 1456px\"><\/figure>\n\n\n\n<hr class=\"wp-block-separator has-alpha-channel-opacity is-style-dots\"\/>\n\n\n\n<p><span style=\"font-weight: 400;\">Ti sei mai chiesto quale sia il potenziale non ancora sfruttato del mercato iracheno? Con la sua ricca storia, i diversi dati demografici e l\u2019economia in evoluzione, l\u2019Iraq presenta una miriade di opportunit\u00e0 per le imprese. Con la ricerca di mercato strategica in Iraq, le aziende globali possono trarre vantaggio da questo mercato in crescita.<\/span><\/p>\n\n\n\n<h2 class=\"wp-block-heading\"><strong>Cos&#039;\u00e8 la ricerca di mercato in Iraq?<\/strong><\/h2>\n\n\n\n<p><span style=\"font-weight: 400;\">Le ricerche di mercato in Iraq analizzano i dati relativi al mercato iracheno per ottenere informazioni dettagliate sul comportamento dei consumatori, sulle tendenze del mercato, sulle strategie della concorrenza e sulle opportunit\u00e0 commerciali.&nbsp;<\/span><\/p>\n\n\n\n<p><span style=\"font-weight: 400;\">Market research in Iraq aims to provide businesses with actionable insights and strategic recommendations that enable informed decision-making and market entry strategies. Actually, by understanding the Iraqi market landscape, including regulatory frameworks, cultural nuances, and consumer preferences, businesses can mitigate risks, identify growth opportunities, and optimize their <a href=\"https:\/\/www.sisinternational.com\/it\/il-global-talent-crunch-un-libro-bianco-di-ruth-stanat\/\" title=\"Ricerche di mercato sulla gestione dei talenti\"  data-wpil-monitor-id=\"11116\">market penetration strategies<\/a> effectively.<\/span><\/p>\n\n\n\n<h2 class=\"wp-block-heading\"><strong>Perch\u00e9 le aziende hanno bisogno di ricerche di mercato in Iraq?<\/strong><\/h2>\n\n\n\n<p><span style=\"font-weight: 400;\">Le ricerche di mercato in Iraq scoprono opportunit\u00e0 non sfruttate nel mercato iracheno, comprese le tendenze emergenti dei consumatori, i mercati di nicchia e i bisogni non soddisfatti. Analizzando i dati di mercato e le informazioni sui consumatori, le aziende possono identificare le lacune del mercato e sviluppare prodotti o servizi innovativi che siano in sintonia con i consumatori iracheni.<\/span><\/p>\n\n\n\n<p><span style=\"font-weight: 400;\">Additionally, market research in Iraq helps businesses assess these risks, identify potential pitfalls, and develop risk mitigation strategies to safeguard their investments and operations in Iraq.<\/span><\/p>\n\n\n\n<p><span style=\"font-weight: 400;\">It also provides valuable insights into market entry barriers, competitive landscape, and consumer preferences, enabling businesses to tailor their strategies for success in Iraq.<\/span><\/p>\n\n\n\n<h2 class=\"wp-block-heading\"><strong>La nostra attuale revisione del mercato e raccomandazioni<\/strong><\/h2>\n\n\n\n<p><span style=\"font-weight: 400;\">Notiamo che l&#039;economia irachena sta sperimentando una graduale ripresa e crescita dopo anni di conflitto e instabilit\u00e0. Settori chiave come petrolio e gas, edilizia, telecomunicazioni e vendita al dettaglio guidano l\u2019attivit\u00e0 economica e attraggono investimenti. Tuttavia, le tensioni politiche in corso, i problemi di sicurezza e le sfide infrastrutturali continuano a incidere sulle dinamiche del mercato.<\/span><\/p>\n\n\n\n<p><span style=\"font-weight: 400;\">Nonostante le sfide, l\u2019Iraq presenta un potenziale di crescita significativo per le imprese che affrontano le sue complessit\u00e0. Con una popolazione giovane e in crescita, una crescente urbanizzazione e ambiziosi progetti infrastrutturali pianificati per il futuro, il mercato iracheno offre diverse opportunit\u00e0 in vari settori. Le aziende dovrebbero monitorare da vicino gli sviluppi e adattare le strategie per trarre vantaggio dalle tendenze emergenti e dai cambiamenti del mercato.<\/span><\/p>\n\n\n\n<p><b><i>ROI potenziale<\/i><\/b><b>:&nbsp;<\/b><\/p>\n\n\n\n<p><span style=\"font-weight: 400;\">While investing in the Iraqi market presents risks, businesses that approach the market strategically and with a long-term perspective can achieve significant returns on investment. By leveraging market research insights, developing tailored <a href=\"https:\/\/www.sisinternational.com\/it\/soluzioni\/e-la-crescita-globale\/strategia-di-ingresso-nel-mercato\/\" title=\"Consulenza per l&#039;ingresso nel mercato\"  data-wpil-monitor-id=\"11114\">strategie di ingresso nel mercato<\/a>, and building strong local partnerships, businesses can mitigate risks and capitalize on growth opportunities, ultimately maximizing ROI.<\/span><\/p>\n\n\n\n<h2 class=\"wp-block-heading\"><strong>Risultati attesi dai servizi di ricerche di mercato della SIS in Iraq<\/strong><\/h2>\n\n\n\n<p><span style=\"font-weight: 400;\"><a href=\"https:\/\/www.sisinternational.com\/it\/soluzioni\/soluzioni-di-branding-e-ricerca-clienti\/ricerche-di-mercato-per-test-di-prodotto\/degustazione-di-cibo-sis-internationals\/\" title=\"Cosa rende SIS International Research la MIGLIORE societ\u00e0 di ricerche di mercato per i test del gusto alimentare a New York City\"  data-wpil-monitor-id=\"11117\">SIS International&#8217;s market research<\/a> services in Iraq are designed to deliver tangible results and actionable insights that drive business success. Here&#8217;s what businesses can expect from our services:<\/span><\/p>\n\n\n\n<p><b>Approfondimenti completi sul mercato<\/b><span style=\"font-weight: 400;\">:&nbsp;<\/span><\/p>\n\n\n\n<p><span style=\"font-weight: 400;\">Attraverso <\/span><a href=\"https:\/\/twitter.com\/SISIntlResearch\" target=\"_blank\" rel=\"noopener\"><span style=\"font-weight: 400;\">SIS<\/span><\/a><span style=\"font-weight: 400;\"> rigorous research methodologies and in-depth analysis, businesses can expect a comprehensive understanding of the Iraqi market landscape, including consumer behavior, market trends, competitive dynamics, and regulatory environment.&nbsp;<\/span><\/p>\n\n\n\n<p><b>Strategie di mitigazione del rischio<\/b><span style=\"font-weight: 400;\">:&nbsp;<\/span><\/p>\n\n\n\n<p><span style=\"font-weight: 400;\">Identificando potenziali rischi e sfide nel mercato iracheno, SIS International aiuta le aziende a sviluppare strategie di mitigazione del rischio per salvaguardare i propri investimenti e operazioni.&nbsp;<\/span><\/p>\n\n\n\n<p><b>ROI ottimizzato<\/b><span style=\"font-weight: 400;\">:&nbsp;<\/span><\/p>\n\n\n\n<p><span style=\"font-weight: 400;\">Nostro <a href=\"https:\/\/www.sisinternational.com\/it\/soluzioni\/ricerca-di-consulenza-strategica-fintech\/ricerche-di-mercato-sui-servizi-finanziari-in-asia\/\" title=\"Ricerche di mercato sui servizi finanziari in Asia\" data-wpil-monitor-id=\"11118\">market research services<\/a> aim to optimize return on investment for businesses operating in Iraq. Providing actionable insights and strategic recommendations, we help companies allocate resources effectively, identify growth opportunities, and maximize ROI in the Iraqi market.<\/span><\/p>\n\n\n\n<p><b>Vantaggio competitivo<\/b><span style=\"font-weight: 400;\">:&nbsp;<\/span><\/p>\n\n\n\n<p><span style=\"font-weight: 400;\"><a href=\"https:\/\/www.sisinternational.com\/it\/san-valentino-come-la-tua-azienda-puo-sentire-lamore\/\" title=\"Valentine&#8217;s Day Market Research:  How Your Business Can Feel The Love\" data-wpil-monitor-id=\"11115\">Businesses that leverage SIS International&#8217;s market research<\/a> services gain a competitive advantage in Iraq&#8217;s marketplace. Our insights enable companies to differentiate themselves from competitors, capitalize on market opportunities, and outperform rivals, ultimately driving sustainable growth and success.<\/span><\/p>\n\n\n\n<h2 class=\"wp-block-heading\">Industrie chiave<\/h2>\n\n\n\n<p>Agricoltura, servizi e petrolio sono i settori principali. Si muovono tutti per rilanciare l\u2019economia.<\/p>\n\n\n\n<p>The oil sector of Iraq plays a vital role in the country\u2019s growth. Oil production and sales contribute a vast amount to increasing the country&#8217;s GDP. This sector also provides the majority of the government\u2019s revenue. Iraq is another gem in the world\u2019s oil market, producing millions of barrels daily and a large portion of the world\u2019s total oil supply.<\/p>\n\n\n\n<p>Agriculture also forms part of the country\u2019s GDP. Another key point about this sector is that it employs a lot of the workforce. Past wars have affected this sector. Still, Iraq has taken measures to rebuild it. It has become more modernized with irrigation systems used in many farms. These advances further increase the amount of produce the country harvests. Wheat, barley, rice, and fruit and vegetables are the primary crops. Iraq is also a large-scale producer and exporter of dates.<\/p>\n\n\n\n<p>Il settore dei servizi \u00e8 un motore economico fondamentale in Iraq. Comprende finanza, vendita al dettaglio, sicurezza, trasporti e servizi governativi. Inoltre, \u00e8 importante notare la fonte del finanziamento. I proventi del petrolio contribuiscono a finanziare la maggior parte dei progetti realizzati dal settore dei servizi.<\/p>\n\n\n\n<h2 class=\"wp-block-heading\"><strong>Principali attori nelle industrie chiave in Iraq<\/strong><\/h2>\n\n\n\n<p><span style=\"font-weight: 400;\">Nel dinamico panorama imprenditoriale iracheno, diversi attori leader dominano i settori chiave, guidando l&#039;innovazione, la crescita e la competitivit\u00e0 del mercato. Ecco alcune delle aziende e dei marchi leader nei settori chiave in Iraq:<\/span><\/p>\n\n\n\n<ul class=\"wp-block-list\">\n<li><b>Compagnia petrolifera nazionale irachena (INOC):<\/b><span style=\"font-weight: 400;\"> In quanto ente statale responsabile del settore petrolifero e del gas iracheno, l&#039;INOC svolge un ruolo centrale nella gestione e nello sviluppo delle riserve petrolifere del paese.<\/span><\/li>\n\n\n\n<li><b>BP, ExxonMobil, Shell:<\/b><span style=\"font-weight: 400;\"> Le compagnie petrolifere internazionali (IOC) come BP, ExxonMobil e Shell sono coinvolte in vari progetti di esplorazione, produzione e sviluppo di petrolio e gas in Iraq attraverso partenariati e joint venture.<\/span><\/li>\n\n\n\n<li><b>Costruzione Orascom:<\/b><span style=\"font-weight: 400;\"> Orascom Construction, una delle principali societ\u00e0 di costruzioni internazionali, \u00e8 stata coinvolta in diversi progetti infrastrutturali in Iraq, tra cui strade, ponti e servizi pubblici.<\/span><\/li>\n\n\n\n<li><b>LafargeHolcim:<\/b><span style=\"font-weight: 400;\"> LafargeHolcim, leader globale nei materiali da costruzione, fornisce soluzioni in cemento e calcestruzzo per progetti di costruzione in Iraq.<\/span><\/li>\n\n\n\n<li><b>Zain Iraq: <\/b><span style=\"font-weight: 400;\">Zain Iraq, una filiale del Gruppo Zain, \u00e8 uno dei principali operatori di telecomunicazioni iracheni e fornisce servizi mobili e dati a milioni di abbonati a livello nazionale.<\/span><\/li>\n\n\n\n<li><b>Asiacella: <\/b><span style=\"font-weight: 400;\">Asiacell, parte del gruppo Ooredoo, \u00e8 un altro importante operatore di telecomunicazioni in Iraq. Offre servizi mobili, Internet e a valore aggiunto ai consumatori iracheni.<\/span><\/li>\n\n\n\n<li><b>Carrefour:<\/b><span style=\"font-weight: 400;\"> Carrefour, una multinazionale della vendita al dettaglio, gestisce ipermercati e supermercati in Iraq e offre un&#039;ampia gamma di beni di consumo e prodotti per la casa.<\/span><\/li>\n\n\n\n<li><b>Jawad Al Kharsa &amp; Co.:<\/b><span style=\"font-weight: 400;\"> Jawad Al Kharsa &amp; Co. \u00e8 un gruppo di vendita al dettaglio leader in Iraq, con un portafoglio diversificato di marchi di vendita al dettaglio in settori quali moda, elettronica ed elettrodomestici.<\/span><\/li>\n\n\n\n<li><span style=\"font-weight: 400;\">\u00a0Rotana Hotels, a leading <a href=\"https:\/\/www.sisinternational.com\/it\/soluzioni\/consulenza-per-lospitalita-turistica-turistica\/consulenza-strategica-per-ricerche-di-mercato-da-parte-di-societa-di-gestione-alberghiera\/\" title=\"Societ\u00e0 di gestione alberghiera Ricerche di mercato e consulenza strategica\" data-wpil-monitor-id=\"11121\">hotel management company<\/a>, operates several luxury hotels and resorts in Iraq, catering to business and leisure travelers.<\/span><\/li>\n\n\n\n<li><b>Hotel Sheraton Baghdad:<\/b><span style=\"font-weight: 400;\"> Questo importante punto di riferimento della citt\u00e0 offre alloggi di lusso, ristoranti e strutture per eventi per i viaggiatori che visitano la capitale dell&#039;Iraq.<\/span><\/li>\n<\/ul>\n\n\n\n<h2 class=\"wp-block-heading\">Quartieri<\/h2>\n\n\n\n<h3 class=\"wp-block-heading\">Bagdad<\/h3>\n\n\n\n<p>Baghdad \u00e8 la capitale e la citt\u00e0 pi\u00f9 grande dell&#039;Iraq. La citt\u00e0 \u00e8 anche la seconda pi\u00f9 grande del mondo arabo e dell&#039;Asia occidentale. La sua posizione gli ha permesso di evolversi e commerciare lungo il Tigri. Quindi, non solo il Tigri fornisce acqua per alleviare il clima secco e la siccit\u00e0, ma \u00e8 anche un sito commerciale e culturale per le persone. Questo fiume separa anche Baghdad in Risafa a est e Karkh a ovest. La citt\u00e0 stessa certamente contribuisce al PIL.<\/p>\n\n\n\n<h3 class=\"wp-block-heading\">Bassora<\/h3>\n\n\n\n<p>Bassora \u00e8 la seconda citt\u00e0 pi\u00f9 grande dell&#039;Iraq. Nel complesso \u00e8 una citt\u00e0 portuale, ma avvantaggia anche gli agricoltori. Molti ruscelli e canali scorrono ovunque e servono come irrigazione. L&#039;economia di Bassora si basa anche sull&#039;industria petrolifera.<\/p>\n\n\n\n<h3 class=\"wp-block-heading\">Al-Hilla<\/h3>\n\n\n\n<p>Al-Hilla si trova in una regione ricca di agricoltura dell&#039;Iraq centrale. Si trova vicino al ramo di Hillah del fiume Eufrate, vicino alle rovine dell&#039;antica Babilonia. Questa citt\u00e0 \u00e8 un parco giochi culturale. Le fattorie di Hillah producono raccolti, frutta e tessuti.<\/p>\n\n\n\n<h2 class=\"wp-block-heading\">Tendenze<\/h2>\n\n\n\n<p>Some of the major trends happening in Iraq now are real estate and eCommerce. More companies are looking to cement their place in the country and the economy. Thus, they buy long-term office spaces and land. It also allows them to become more engaged with the consumers and people.<\/p>\n\n\n\n<p>Technology is another growing trend in Iraq and the world. When Covid-19 hit, access to many stores was put on hold. As a result, more people are getting involved in e-commerce. <a href=\"https:\/\/www.sisinternational.com\/it\/competenza\/industrie\/ricerche-di-mercato-sulla-consegna-di-cibo-online\/\" title=\"Ricerche di mercato sulla consegna di cibo online\" data-wpil-monitor-id=\"11124\">Food delivery and online<\/a> grocery shopping had a rapid increase.<\/p>\n\n\n\n<h2 class=\"wp-block-heading\">Vantaggi e punti di forza del mercato<\/h2>\n\n\n\n<p>Il mercato iracheno si distingue per alcuni vantaggi. Per prima cosa, l&#039;Iraq \u00e8 uno dei principali fornitori di petrolio del mondo e uno dei membri originari dell&#039;Organizzazione dei paesi esportatori di petrolio (OPEC).<\/p>\n\n\n\n<p>Il paese ha miliardi di barili in riserve petrolifere accertate, che lo rendono uno dei maggiori produttori al mondo.<\/p>\n\n\n\n<p>Un altro punto di forza del mercato \u00e8 il suo supporto internazionale. L\u2019Iraq riceve ancora il sostegno delle Nazioni Unite.<\/p>\n\n\n\n<p>The country also receives other international financial support, such as the IMF and bilateral loans.<\/p>\n\n\n\n<p>Iraq has a robust labor force because almost two-thirds of the population is under 30. The youth of Iraq are eager to show their creativity in business ventures. The labor force has seen a huge increase compared to recent years. Thus, companies don\u2019t have to search far for talent.<\/p>\n\n\n\n<h2 class=\"wp-block-heading\">Base dei consumatori<\/h2>\n\n\n\n<p>Iraq&#8217;s consumer base is neither too strong nor too weak. Consumer spending has also been increasing over the years, and the employment rate is likely to increase. Companies need consumer loyalty for their survival. Consumers, on the other hand, need product security and excellent customer service. In fact, the consumer base will increase if people get the right incentives.<\/p>\n\n\n\n<h2 class=\"wp-block-heading\">Motivi per far crescere la tua attivit\u00e0 sul mercato<\/h2>\n\n\n\n<p>L\u2019Iraq ha risorse naturali, terra fertile e persone intelligenti. Anche il paese \u00e8 stato vittima di una cattiva gestione, ma la situazione sta cambiando.<\/p>\n\n\n\n<p>Nel corso degli anni l\u2019Iraq \u00e8 stato colpito da numerosi conflitti. Tuttavia, offre molte opportunit\u00e0 per gli investitori tolleranti al rischio. Quasi tutti i settori necessitano di investimenti e i 40 milioni di persone del Paese costituiscono un mercato affamato di nuova vita.<\/p>\n\n\n\n<p>There has been a dramatic improvement in Iraq\u2019s security problem. The number of people killed in attacks has decreased in recent years. The increasing safety is a benefit. It makes the thought of investment in Iraq more palatable. Still, it may be hard for foreign companies because of the stigma toward them.<\/p>\n\n\n\n<h2 class=\"wp-block-heading\"><strong>Opportunit\u00e0 in Iraq per le imprese<\/strong><\/h2>\n\n\n\n<p><span style=\"font-weight: 400;\">Nonostante le sfide, l\u2019Iraq presenta opportunit\u00e0 significative per le imprese in vari settori. Ecco alcune opportunit\u00e0 chiave per le aziende che operano in Iraq:<\/span><\/p>\n\n\n\n<ul class=\"wp-block-list\">\n<li><b>Sviluppo delle infrastrutture<\/b><span style=\"font-weight: 400;\">: Con gli sforzi di ricostruzione in corso e gli investimenti in progetti infrastrutturali, ci sono ampie opportunit\u00e0 per le imprese nei settori dell\u2019edilizia, dell\u2019ingegneria e dello sviluppo delle infrastrutture. I progetti includono la costruzione di strade, la costruzione di nuove strutture e il miglioramento dei servizi pubblici.<\/span><\/li>\n\n\n\n<li><b>Olio e gas<\/b><span style=\"font-weight: 400;\">: Le abbondanti riserve petrolifere dell&#039;Iraq lo rendono una destinazione attraente per gli investimenti nel settore del petrolio e del gas. Esistono opportunit\u00e0 per l\u2019esplorazione, la produzione, la raffinazione e lo sviluppo delle infrastrutture e nei settori correlati come logistica, servizi e tecnologia.<\/span><\/li>\n\n\n\n<li><b>Telecomunicazioni<\/b><span style=\"font-weight: 400;\">: Il settore delle telecomunicazioni in Iraq offre opportunit\u00e0 per le aziende che forniscono servizi mobili, Internet e digitali. Con la crescente domanda di connettivit\u00e0 e l\u2019espansione delle reti, c\u2019\u00e8 spazio per investimenti in infrastrutture, tecnologia e servizi a valore aggiunto.<\/span><\/li>\n\n\n\n<li><b>Agricoltura e trasformazione alimentare<\/b><span style=\"font-weight: 400;\">: L\u2019agricoltura rimane un settore vitale in Iraq, con opportunit\u00e0 di investimento nella coltivazione dei raccolti, nell\u2019allevamento del bestiame e nelle iniziative imprenditoriali nel settore agroalimentare. C\u2019\u00e8 richiesta di pratiche agricole moderne, sistemi di irrigazione e strutture per la lavorazione degli alimenti.<\/span><\/li>\n<\/ul>\n\n\n\n<h2 class=\"wp-block-heading\"><strong>Le sfide del fare affari in Iraq<\/strong><\/h2>\n\n\n\n<p><span style=\"font-weight: 400;\">While Iraq presents lucrative opportunities, businesses must face several challenges when operating there. Here are some of the key challenges:<\/span><\/p>\n\n\n\n<ul class=\"wp-block-list\">\n<li><b>Problemi di sicurezza<\/b><span style=\"font-weight: 400;\">: L\u2019Iraq ha dovuto affrontare sfide alla sicurezza dovute all\u2019instabilit\u00e0 politica, al terrorismo e ai conflitti armati. I rischi per la sicurezza, tra cui terrorismo, insurrezioni e disordini civili, possono interrompere le operazioni aziendali, minacciare la sicurezza dei dipendenti e danneggiare le infrastrutture.<\/span><\/li>\n\n\n\n<li><b>Instabilit\u00e0 politica<\/b><span style=\"font-weight: 400;\">: il panorama politico iracheno \u00e8 caratterizzato da volatilit\u00e0, con frequenti cambiamenti di governo e tensioni politiche tra le diverse fazioni. L\u2019instabilit\u00e0 politica pu\u00f2 creare incertezza aziendale, influenzando le decisioni di investimento, gli ambienti normativi e le dinamiche di mercato.<\/span><\/li>\n\n\n\n<li><b>Carenze infrastrutturali<\/b><span style=\"font-weight: 400;\">: le infrastrutture irachene, comprese strade, servizi pubblici e telecomunicazioni, soffrono di carenze e richiedono investimenti significativi per il miglioramento. Infrastrutture inadeguate possono ostacolare le operazioni commerciali, aumentare i costi e limitare l\u2019accesso al mercato, in particolare nelle aree remote o colpite da conflitti.<\/span><\/li>\n\n\n\n<li><b>Corruzione e burocrazia<\/b><span style=\"font-weight: 400;\">: La corruzione e le inefficienze burocratiche sono prevalenti in Iraq, ponendo sfide per le imprese nell\u2019ottenimento di permessi, licenze e approvazioni. La corruzione pu\u00f2 aumentare i costi, ritardare i progetti e minare l\u2019integrit\u00e0 aziendale, richiedendo alle aziende di navigare con attenzione in ambienti normativi complessi.<\/span><\/li>\n\n\n\n<li><b>Vincoli del capitale umano<\/b><span style=\"font-weight: 400;\">: L\u2019Iraq si trova ad affrontare una carenza di manodopera qualificata, in particolare in settori specializzati come l\u2019ingegneria, la sanit\u00e0 e la tecnologia. Le aziende possono avere difficolt\u00e0 a reclutare e trattenere talenti qualificati, il che pu\u00f2 avere un impatto sulla produttivit\u00e0, sull\u2019innovazione e sulla competitivit\u00e0.<\/span><\/li>\n\n\n\n<li><b>Volatilit\u00e0 valutaria<\/b>: Il dinaro iracheno iracheno (IQD) \u00e8 soggetto a volatilit\u00e0 e fluttuazione rispetto alle principali valute come il dollaro statunitense. La volatilit\u00e0 valutaria pu\u00f2 avere un impatto sulla pianificazione aziendale, sulle previsioni finanziarie e sulla redditivit\u00e0, richiedendo alle aziende di gestire i rischi di cambio in modo efficace.<\/li>\n<\/ul>\n\n\n\n<h2 class=\"wp-block-heading\">La nostra sede a New York<\/h2>\n\n\n\n<p>  <iframe loading=\"lazy\" src=\"https:\/\/www.google.com\/maps\/embed?pb=!1m18!1m12!1m3!1d3022.976188376966!2d-73.99130312499956!3d40.740549471389315!2m3!1f0!2f0!3f0!3m2!1i1024!2i768!4f13.1!3m3!1m2!1s0x89c259a15798c731%3A0xd695d09bdd495f25!2s11%20E%2022nd%20St%20FL%202%2C%20New%20York%2C%20NY%2010010%2C%20USA!5e0!3m2!1sen!2spe!4v1726171763526!5m2!1sen!2spe\" width=\"600\" height=\"450\" allowfullscreen=\"allowfullscreen\" data-mce-fragment=\"1\"><\/iframe>  <\/p>\n\n\n\n<h3 class=\"wp-block-heading\">11 E 22nd Street, piano 2, New York, NY 10010 T: +1(212) 505-6805<\/h3>\n\n\n\n<hr class=\"wp-block-separator has-alpha-channel-opacity\"\/>\n\n\n\n<h2 class=\"wp-block-heading\"><span style=\"font-weight: 400;\">A proposito di SIS Internazionale<\/span><\/h2>\n\n\n\n<p><a href=\"https:\/\/www.sisinternational.com\/it\/\"><span style=\"font-weight: 400;\">SIS Internazionale<\/span><\/a><span style=\"font-weight: 400;\"> offers Quantitative, Qualitative, and Strategy Research. We provide data, tools, strategies, reports, and insights for decision-making. We also conduct interviews, surveys, focus groups, and other <a href=\"https:\/\/www.sisinternational.com\/it\/quantitative-market-research-methods-and-techniques\/\" title=\"Quantitative Market Research Methods and Techniques\" data-wpil-monitor-id=\"11119\">Market Research methods<\/a> and approaches.<\/span><a href=\"https:\/\/www.sisinternational.com\/it\/sulla-sua-ricerca-internazionale\/contact-sis-international-market-research\/\"><span style=\"font-weight: 400;\"> Contattaci<\/span><\/a><span style=\"font-weight: 400;\"> per il tuo prossimo progetto di ricerca di mercato.<\/span><\/p>\n\n\n\n<p><\/p>\n\n\n\n<p><\/p>","protected":false},"excerpt":{"rendered":"<p>Scopri come far crescere la tua organizzazione con le ricerche di mercato in Iraq.<\/p>","protected":false},"author":1,"featured_media":65064,"parent":36619,"menu_order":4,"comment_status":"closed","ping_status":"closed","template":"","meta":{"footnotes":""},"class_list":["post-38424","page","type-page","status-publish","has-post-thumbnail"],"_links":{"self":[{"href":"https:\/\/www.sisinternational.com\/it\/wp-json\/wp\/v2\/pages\/38424","targetHints":{"allow":["GET"]}}],"collection":[{"href":"https:\/\/www.sisinternational.com\/it\/wp-json\/wp\/v2\/pages"}],"about":[{"href":"https:\/\/www.sisinternational.com\/it\/wp-json\/wp\/v2\/types\/page"}],"author":[{"embeddable":true,"href":"https:\/\/www.sisinternational.com\/it\/wp-json\/wp\/v2\/users\/1"}],"replies":[{"embeddable":true,"href":"https:\/\/www.sisinternational.com\/it\/wp-json\/wp\/v2\/comments?post=38424"}],"version-history":[{"count":7,"href":"https:\/\/www.sisinternational.com\/it\/wp-json\/wp\/v2\/pages\/38424\/revisions"}],"predecessor-version":[{"id":68600,"href":"https:\/\/www.sisinternational.com\/it\/wp-json\/wp\/v2\/pages\/38424\/revisions\/68600"}],"up":[{"embeddable":true,"href":"https:\/\/www.sisinternational.com\/it\/wp-json\/wp\/v2\/pages\/36619"}],"wp:featuredmedia":[{"embeddable":true,"href":"https:\/\/www.sisinternational.com\/it\/wp-json\/wp\/v2\/media\/65064"}],"wp:attachment":[{"href":"https:\/\/www.sisinternational.com\/it\/wp-json\/wp\/v2\/media?parent=38424"}],"curies":[{"name":"wp","href":"https:\/\/api.w.org\/{rel}","templated":true}]}}