{"id":38376,"date":"2021-08-13T13:38:10","date_gmt":"2021-08-13T13:38:10","guid":{"rendered":"https:\/\/www.sisinternational.com\/?page_id=38376"},"modified":"2025-09-14T18:33:54","modified_gmt":"2025-09-14T22:33:54","slug":"ricerche-di-mercato-sullo-svapo","status":"publish","type":"page","link":"https:\/\/www.sisinternational.com\/it\/competenza\/ricerche-di-mercato-sullo-svapo\/","title":{"rendered":"Ricerche di mercato sullo svapo"},"content":{"rendered":"<h1 class=\"wp-block-heading\">Ricerche di mercato sullo svapo<\/h1>\n\n\n\n<figure class=\"gb-block-image gb-block-image-d904fa7c\"><img loading=\"lazy\" decoding=\"async\" width=\"1456\" height=\"816\" class=\"gb-image gb-image-d904fa7c\" src=\"https:\/\/www.sisinternational.com\/wp-content\/uploads\/2025\/08\/Vape-vaping-6.jpg\" alt=\"Ricerca e strategia di mercato internazionale SIS\" title=\"Vape vaping (6)\" srcset=\"https:\/\/www.sisinternational.com\/wp-content\/uploads\/2025\/08\/Vape-vaping-6.jpg 1456w, https:\/\/www.sisinternational.com\/wp-content\/uploads\/2025\/08\/Vape-vaping-6-300x168.jpg 300w, https:\/\/www.sisinternational.com\/wp-content\/uploads\/2025\/08\/Vape-vaping-6-1024x574.jpg 1024w, https:\/\/www.sisinternational.com\/wp-content\/uploads\/2025\/08\/Vape-vaping-6-768x430.jpg 768w, https:\/\/www.sisinternational.com\/wp-content\/uploads\/2025\/08\/Vape-vaping-6-18x10.jpg 18w\" sizes=\"auto, (max-width: 1456px) 100vw, 1456px\"><\/figure>\n\n\n\n<p><\/p>\n\n\n\n<h2 class=\"wp-block-heading\">Nel 2003 \u00e8 stata inventata la prima sigaretta elettronica (vape) come alternativa pi\u00f9 sicura al fumo di sigarette e ha aperto la strada all&#039;industria dello svapo oggi ampiamente conosciuta.<\/h2>\n\n\n\n<p>Fin dalla sua nascita, lo svapo \u00e8 diventato ampiamente popolare su scala globale, ma non senza controversie. Oggi, il mercato dello svapo comprende molto pi\u00f9 del semplice tabacco senza fumo, sebbene la maggior parte del mercato si concentri ancora sulla fornitura di alternative al tabacco pi\u00f9 sicure.<\/p>\n\n\n\n<h2 class=\"wp-block-heading\">Perch\u00e9 l\u2019industria dello svapo \u00e8 importante?<\/h2>\n\n\n\n<p>Sebbene lo svapo comporti una serie di potenziali rischi per i consumatori, ci sono diversi potenziali vantaggi nel scegliere i vaporizzatori rispetto a sostanze combustibili come il tabacco o la marijuana:<\/p>\n\n\n\n<ol class=\"wp-block-list\">\n<li>Convenienza \u2013 Per molti utenti, lo svapo rappresenta un modo molto pi\u00f9 conveniente per ingerire la sostanza preferita. Che si tratti di nicotina, THC, CBD o semplicemente di succhi aromatizzati, lo svapo consente alle persone di fumare all&#039;interno della propria abitazione o durante eventi (quando consentito) senza lasciare dietro di s\u00e9 cattivi odori o sostanze chimiche. Non lascia odore di fumo nell&#039;utente finale, avvantaggiando chi lavora in ufficio o vive vicino ad altri.<\/li>\n\n\n\n<li>Cessazione \u2013 Molti fumatori hanno utilizzato lo svapo per smettere o sostituire completamente i combustibili e in alcuni casi hanno trovato calmante il vapore. Per coloro che si sono affezionati alle sensazioni associate al fumo vero, lo svapo cerca di fornire quella sensazione con un metodo di erogazione presumibilmente pi\u00f9 sicuro.<\/li>\n\n\n\n<li>Consegna di medicinali \u2013 L&#039;applicazione dello svapo come via di consegna per diversi medicinali ha riscontrato un enorme successo nel corso del tempo. Per le persone che hanno difficolt\u00e0 a digerire i farmaci senza provare nausea o semplicemente hanno difficolt\u00e0 a deglutire, lo svapo fornisce un metodo rapido ed efficace per soddisfare le loro esigenze.<\/li>\n\n\n\n<li>Sicurezza \u2013 Sebbene gli effetti a lungo termine non siano completamente compresi, lo svapo \u00e8 comunemente visto come un\u2019alternativa pi\u00f9 sicura al tabacco o ad altri combustibili. Inoltre, poich\u00e9 il vapore si dissipa molto pi\u00f9 velocemente e pi\u00f9 facilmente del fumo vero e proprio, ci sono meno possibilit\u00e0 di danneggiare altre persone con il fumo passivo.<\/li>\n<\/ol>\n\n\n\n<p>Indipendentemente dall\u2019applicazione, l\u2019industria dello svapo \u00e8 fondamentale perch\u00e9 risponde a un\u2019esigenza. L\u2019industria dello svapo sta cambiando rapidamente, dalle alternative al fumo alla somministrazione di farmaci, e probabilmente vedr\u00e0 un grande successo negli anni a venire.<\/p>\n\n\n\n<h2 class=\"wp-block-heading\">Tendenze del mercato dello svapo<\/h2>\n\n\n\n<p>L&#039;industria dello svapo continuer\u00e0 ad evolversi insieme alla societ\u00e0, che si tratti di un nuovo dispositivo, prodotto o stile; ogni anno, i principali attori del settore dello svapo rilasciano qualcosa di nuovo e il futuro probabilmente non sar\u00e0 diverso. Mentre il mercato dello svapo continua ad evolversi, alcune delle tendenze pi\u00f9 significative in questo ambito avranno un impatto permanente sul settore.<\/p>\n\n\n\n<ul class=\"wp-block-list\">\n<li>Shapes &amp; Size \u2013 As manufacturing processes in the vape industry have evolved, the ability to introduce smaller, longer-lasting vapes for <a href=\"https:\/\/www.sisinternational.com\/it\/soluzioni\/soluzioni-di-branding-e-ricerca-clienti\/test-di-usabilita-ricerca-sullesperienza-utente\/\" title=\"Ricerche di mercato sugli utenti e test di usabilit\u00e0\"  data-wpil-monitor-id=\"8670\">users has allowed the market<\/a> to expand exponentially. The first public offerings of vapes were cheap and resembled the likes of a cigarette, hence the term e-cigarette. Additionally, they did not last long, so consumers were inclined to purchase multiple at once or make numerous trips to their local supplier. Today, vapes exist in various shapes, sizes, and colors that appeal to a wide range of audiences. Brands like JUUL, Posh, Cali Plus, Puff Bar, and more have established many different sizes for consumers to choose from, allowing individuals to select a vape depending on their needs. Furthermore, the flexibility in manufacturing has enabled brands to customize the tips of vapes and bring end-users a variety of experiences around mouthfeel and inhalation.<\/li>\n\n\n\n<li>Nicotine Salts \u2013 E-juices, the fluids used in vapes to produce a smoke-like effect, are typically created using propylene glycol or vegetable glycerin. These bases are infused with flavorings and nicotine to produce the desired outcome. Unlike the traditional nicotine used in vapes (freebase nicotine), nicotine salts form when introducing an organic acid like benzoic or citric acid. This additional acid lowers the pH of freebase nicotine and provides a more pleasant experience to the end-user. The introduction of nicotine salts in the vaping industry has made vaping more accessible to first-time users by limiting the harsh effects that previous liquids had on the lungs and throat. Bridging this gap has vastly expanded the potential <a href=\"https:\/\/www.sisinternational.com\/it\/soluzioni\/consulenza-per-lospitalita-turistica-turistica\/ricerche-di-mercato-di-societa-di-guide-turistiche\/\" title=\"Ricerche di mercato sull&#039;azienda di guide turistiche\"  data-wpil-monitor-id=\"8671\">market for companies<\/a> in this space.<\/li>\n\n\n\n<li>Prodotti usa e getta \u2013 Con l\u2019adozione diffusa dello svapo, molte organizzazioni hanno utilizzato tecniche di re-branding per sfruttare i fornitori di marchi del distributore ad alto volume e vendere vapori usa e getta su larga scala. Questa tecnica ha reso lo svapo molto pi\u00f9 accessibile ai consumatori e ha collocato i vaporizzatori usa e getta in quasi tutte le stazioni di servizio o le tabaccherie degli Stati Uniti. Con l&#039;introduzione dei vaporizzatori usa e getta, gli utenti finali hanno ora un&#039;ampia scelta di marchi, colori, forme, sapori e dimensioni tra cui scegliere.<\/li>\n\n\n\n<li>Aromi \u2013 Gli aromi disponibili nei vaporizzatori usa e getta e negli e-juice hanno fatto molta strada dalla loro creazione. Inizialmente, gli aromi utilizzati nei vaporizzatori imitavano il gusto del tabacco, il che ha portato alla distribuzione di succhi aromatizzati al tabacco, al mentolo e alla menta. Con l&#039;evoluzione del mercato, i marchi e gli hobbisti hanno iniziato a formulare e-liquid che imitavano quasi tutti i sapori immaginabili. Dalle fragole all&#039;aglio, l&#039;evoluzione dell&#039;e-liquid ha dato ai consumatori la possibilit\u00e0 di vaporizzare praticamente qualsiasi sapore scelgano; tuttavia, gli aromi fruttati e a base di mentolo sono alcuni degli aromi pi\u00f9 consumati nel settore.<\/li>\n<\/ul>\n\n\n\n<h2 class=\"wp-block-heading\">Opportunit\u00e0 nel settore dello svapo<\/h2>\n\n\n\n<figure class=\"gb-block-image gb-block-image-0b4038ff\"><img loading=\"lazy\" decoding=\"async\" width=\"1456\" height=\"816\" class=\"gb-image gb-image-0b4038ff\" src=\"https:\/\/www.sisinternational.com\/wp-content\/uploads\/2025\/08\/Vape-vaping-3.jpg\" alt=\"Ricerca e strategia di mercato internazionale SIS\" title=\"Vape vaping (3)\" srcset=\"https:\/\/www.sisinternational.com\/wp-content\/uploads\/2025\/08\/Vape-vaping-3.jpg 1456w, https:\/\/www.sisinternational.com\/wp-content\/uploads\/2025\/08\/Vape-vaping-3-300x168.jpg 300w, https:\/\/www.sisinternational.com\/wp-content\/uploads\/2025\/08\/Vape-vaping-3-1024x574.jpg 1024w, https:\/\/www.sisinternational.com\/wp-content\/uploads\/2025\/08\/Vape-vaping-3-768x430.jpg 768w, https:\/\/www.sisinternational.com\/wp-content\/uploads\/2025\/08\/Vape-vaping-3-18x10.jpg 18w\" sizes=\"auto, (max-width: 1456px) 100vw, 1456px\"><\/figure>\n\n\n\n<p><\/p>\n\n\n\n<p>Ci sono un numero enorme di opportunit\u00e0 nel mondo dello svapo. Man mano che le capacit\u00e0 produttive diventano sempre pi\u00f9 avanzate e i progressi nella formulazione degli e-liquid continuano a progredire, i marchi hanno molto pi\u00f9 spazio per differenziarsi sul mercato. Alcune delle aree pi\u00f9 promettenti nel mercato dello svapo includono:<\/p>\n\n\n\n<ul class=\"wp-block-list\">\n<li>Formulazioni di succhi pi\u00f9 salutari \u2013 I consumatori sono alla ricerca di e-liquid e succhi che contengano meno additivi e pi\u00f9 composti organici come la glicerina vegetale.<\/li>\n\n\n\n<li>Cannabis \u2013 The cannabis industry is growing at an alarming rate. The introduction of cannabinoid-based e-liquids has created a massive <a href=\"https:\/\/www.sisinternational.com\/it\/soluzioni\/consulenza-per-lospitalita-turistica-turistica\/consulenza-strategica-per-ricerche-di-mercato-da-parte-di-societa-di-gestione-alberghiera\/\" title=\"Societ\u00e0 di gestione alberghiera Ricerche di mercato e consulenza strategica\"  data-wpil-monitor-id=\"8672\">market potential for companies<\/a> entering the recreational or medicinal marijuana industry.<\/li>\n\n\n\n<li>Etichettatura privata \u2013 L\u2019etichettatura privata dei vaporizzatori usa e getta e ricaricabili ha reso il settore molto pi\u00f9 accessibile agli operatori che non hanno il capitale per investire in attrezzature di produzione o nella catena di fornitura. Sia come fornitore che come distributore, l&#039;etichettatura privata nel settore dello svapo ha avuto un impatto enorme sul panorama del mercato.<\/li>\n<\/ul>\n\n\n\n<h2 class=\"wp-block-heading\">Le sfide del settore<\/h2>\n\n\n\n<ul class=\"wp-block-list\">\n<li>Preoccupazioni per la salute \u2013 Poich\u00e9 lo svapo \u00e8 un concetto relativamente nuovo, i ricercatori non hanno avuto tutto il tempo per comprenderne il pieno impatto sulla salute a breve e lungo termine. Dato il potenziale danno ai polmoni, al cuore, alla gola e ad altri consumatori, le organizzazioni del settore dello svapo devono essere caute riguardo ai fornitori che scelgono.<\/li>\n\n\n\n<li>Regulation \u2013 Increasing regulation around the formulation, design, packaging, and distribution of vapes has made it increasingly difficult for <a href=\"https:\/\/www.sisinternational.com\/it\/competenza\/industrie\/ricerche-di-mercato-delle-organizzazioni-di-ricerca-a-contratto\/\" title=\"Ricerche di mercato sulle organizzazioni di ricerca a contratto\"  data-wpil-monitor-id=\"8675\">organizations to navigate and understand the market<\/a> they serve. Companies in this market must be cautious about their advertising techniques and the chemicals they use in vapes to ensure they do not appeal to children and open doors for potential lawsuits.<\/li>\n\n\n\n<li>Competition \u2013 Due to the growing popularity of vaping, more and more players are entering the space each day. Restricted by regulations on marketing and advertisement, brands must continue to find ways to stand out in the crowded <a href=\"https:\/\/www.sisinternational.com\/it\/soluzioni\/legal-market-research\/\" title=\"Legal Market Research\"  data-wpil-monitor-id=\"8673\">market while remaining compliant with any legal<\/a> authority.<\/li>\n<\/ul>\n\n\n\n<h2 class=\"wp-block-heading\">Che cos&#039;\u00e8 la ricerca di mercato sullo svapo?<\/h2>\n\n\n\n<p>Vaping market research provides organizations a comprehensive view into the trends, competition, outlooks, geographies, and <a href=\"https:\/\/www.sisinternational.com\/it\/compagnie-aeree-low-cost-nel-settore-dellaviazione\/\" title=\"Ricerche di mercato sulle compagnie aeree low cost\"  data-wpil-monitor-id=\"8668\">globale<\/a> policies surrounding the vaping industry and helps brands better position themselves to compete within or against this market. Organizations entering the vaping market without knowledge surrounding their target consumers will have a difficult time establishing differentiation.<\/p>\n\n\n\n<p>Conducting qualitative research surrounding the vaping industry can enable brands to understand their intended <a href=\"https:\/\/www.sisinternational.com\/it\/soluzioni\/prova-del-gusto\/test-di-prodotti-di-consumo-a-new-york\/\" title=\"Test di prodotti di consumo a New York\"  data-wpil-monitor-id=\"8674\">consumers&#8217; lives better and create products<\/a> that suit their needs. Product testing, <a class=\"wpil_keyword_link\" href=\"https:\/\/www.sisinternational.com\/it\/soluzioni\/soluzioni-di-ricerca-quantitativa-qualitativa\/nei-test-di-uso-domestico-ihuts\/\"   title=\"Ricerche di mercato dell&#039;IHUT\" data-wpil-keyword-link=\"linked\"  data-wpil-monitor-id=\"424\">in-home use tests (iHUTs)<\/a>, central location tests (CLTs), focus groups, and in-depth interviews (IDIs) can give companies access to their end-users&#8217; thought processes and help them position themselves strategically within the marketplace.<\/p>\n\n\n\n<p>L\u2019esecuzione di ricerche quantitative nel settore dello svapo fornir\u00e0 ai marchi una rappresentazione numerica statisticamente significativa del mercato che servono o intendono servire. La conduzione di sondaggi sulla soddisfazione, ricerche demografiche e altro consentir\u00e0 alle aziende di prevedere, controllare o descrivere variabili di interesse. Queste analisi consentono previsioni basate sui fatti che consentiranno alle aziende di definire meglio il proprio pubblico target, comprendere i pro e i contro delle diverse offerte e creare prodotti e campagne migliori.<\/p>\n\n\n\n<p>Utilizing or performing <a href=\"https:\/\/www.sisinternational.com\/it\/competenza\/industrie\/ricerche-di-mercato-industriali\/\" title=\"Ricerca e strategia di mercato industriale\"  data-wpil-monitor-id=\"8669\">market research in the vaping industry<\/a> is essential because it enables organizations to create a macroscopic view of their market and formulate strategic, well-defined business plans backed by empirical evidence. Without these insights, organizations frequently make ill-informed investments into different sectors of the vaping industry. These decisions can be tough to recover from if not identified early on. Vaping market research helps companies avoid these issues by adequately informing brands on their best next steps and putting them on a path to success.<\/p>","protected":false},"excerpt":{"rendered":"<p>Vaping market research offers a comprehensive view of the vaping industry&#8217;s trends, competition, outlooks, and policies.<\/p>","protected":false},"author":1,"featured_media":63623,"parent":14514,"menu_order":72,"comment_status":"closed","ping_status":"closed","template":"","meta":{"footnotes":""},"class_list":["post-38376","page","type-page","status-publish","has-post-thumbnail"],"_links":{"self":[{"href":"https:\/\/www.sisinternational.com\/it\/wp-json\/wp\/v2\/pages\/38376","targetHints":{"allow":["GET"]}}],"collection":[{"href":"https:\/\/www.sisinternational.com\/it\/wp-json\/wp\/v2\/pages"}],"about":[{"href":"https:\/\/www.sisinternational.com\/it\/wp-json\/wp\/v2\/types\/page"}],"author":[{"embeddable":true,"href":"https:\/\/www.sisinternational.com\/it\/wp-json\/wp\/v2\/users\/1"}],"replies":[{"embeddable":true,"href":"https:\/\/www.sisinternational.com\/it\/wp-json\/wp\/v2\/comments?post=38376"}],"version-history":[{"count":6,"href":"https:\/\/www.sisinternational.com\/it\/wp-json\/wp\/v2\/pages\/38376\/revisions"}],"predecessor-version":[{"id":81454,"href":"https:\/\/www.sisinternational.com\/it\/wp-json\/wp\/v2\/pages\/38376\/revisions\/81454"}],"up":[{"embeddable":true,"href":"https:\/\/www.sisinternational.com\/it\/wp-json\/wp\/v2\/pages\/14514"}],"wp:featuredmedia":[{"embeddable":true,"href":"https:\/\/www.sisinternational.com\/it\/wp-json\/wp\/v2\/media\/63623"}],"wp:attachment":[{"href":"https:\/\/www.sisinternational.com\/it\/wp-json\/wp\/v2\/media?parent=38376"}],"curies":[{"name":"wp","href":"https:\/\/api.w.org\/{rel}","templated":true}]}}