{"id":38077,"date":"2021-07-16T03:35:37","date_gmt":"2021-07-16T03:35:37","guid":{"rendered":"https:\/\/www.sisinternational.com\/?page_id=38077"},"modified":"2026-01-24T16:40:40","modified_gmt":"2026-01-24T21:40:40","slug":"ricerche-di-mercato-in-uganda-africa","status":"publish","type":"page","link":"https:\/\/www.sisinternational.com\/it\/copertura\/ricerche-di-mercato-africane\/ricerche-di-mercato-in-uganda-africa\/","title":{"rendered":"Ricerche di mercato in Uganda, Africa orientale"},"content":{"rendered":"<h1 class=\"wp-block-heading\">Ricerche di mercato in Uganda, Africa<\/h1>\n\n\n\n<figure class=\"gb-block-image gb-block-image-82f7095d\"><img loading=\"lazy\" decoding=\"async\" width=\"1456\" height=\"816\" class=\"gb-image gb-image-82f7095d\" src=\"https:\/\/www.sisinternational.com\/wp-content\/uploads\/2025\/08\/Uganda-2.jpg\" alt=\"Ricerca e strategia di mercato internazionale SIS\" title=\"Uganda (2)\" srcset=\"https:\/\/www.sisinternational.com\/wp-content\/uploads\/2025\/08\/Uganda-2.jpg 1456w, https:\/\/www.sisinternational.com\/wp-content\/uploads\/2025\/08\/Uganda-2-300x168.jpg 300w, https:\/\/www.sisinternational.com\/wp-content\/uploads\/2025\/08\/Uganda-2-1024x574.jpg 1024w, https:\/\/www.sisinternational.com\/wp-content\/uploads\/2025\/08\/Uganda-2-768x430.jpg 768w, https:\/\/www.sisinternational.com\/wp-content\/uploads\/2025\/08\/Uganda-2-18x10.jpg 18w\" sizes=\"auto, (max-width: 1456px) 100vw, 1456px\"><\/figure>\n\n\n\n<p><\/p>\n\n\n\n<p>La pandemia di COVID-19 ha causato la stagnazione dell\u2019Uganda. Ha anche causato il fallimento di molte aziende e un gran numero di ugandesi ha perso il lavoro. Nel frattempo, un\u2019invasione di locuste e inondazioni hanno distrutto i raccolti in tutto il paese. Di conseguenza, gli ugandesi hanno meno potere d\u2019acquisto e quindi acquistano meno beni. Conviene investire in Uganda? Continuate a leggere per scoprirlo.<\/p>\n\n\n\n<h2 class=\"wp-block-heading\">Industrie chiave<\/h2>\n\n\n\n<p>Cotone, cemento, zucchero, tabacco, birrifici e produzione di acciaio sono le industrie principali dell&#039;Uganda. Altre esportazioni includono t\u00e8, caff\u00e8, oro, prodotti vegetali e pesce. Le grandi aziende dominano questo settore attraverso le loro filiali locali. Tuttavia, \u00e8 piccolo rispetto a quello dei paesi pi\u00f9 sviluppati. L&#039;alimentazione \u00e8 discontinua, il che rende difficile la produzione. Ruanda e Kenya sono i principali partner di esportazione dell&#039;Uganda.<\/p>\n\n\n\n<h2 class=\"wp-block-heading\">Quartieri<\/h2>\n\n\n\n<p>La capitale dell&#039;Uganda \u00e8 Kampala, che \u00e8 anche la citt\u00e0 pi\u00f9 grande. Situata all\u2019estremit\u00e0 nord del Lago Vittoria, Kampala \u00e8 una delle citt\u00e0 in pi\u00f9 rapida crescita al mondo. Alcune persone la considerano la migliore citt\u00e0 dell&#039;Africa orientale.<\/p>\n\n\n\n<p>Entebbe \u00e8 un&#039;altra delle citt\u00e0 pi\u00f9 grandi dell&#039;Uganda, situata a sud di Kampala. Entebbe \u00e8 la porta d&#039;accesso ad alcune delle attrazioni turistiche del paese. Come Kampala, la sua posizione \u00e8 vicino al Lago Vittoria. Questa citt\u00e0 ha anche un aeroporto.<\/p>\n\n\n\n<p>Jinja \u00e8 anche vicina a Kampala ed \u00e8 famosa come la sorgente del Nilo Bianco. Le guide di viaggio la chiamano la capitale dell&#039;avventura dell&#039;Africa orientale. \u00c8 facile accedervi da Kampala: puoi arrivarci su strada o in aereo.<\/p>\n\n\n\n<h2 class=\"wp-block-heading\">Tendenze<\/h2>\n\n\n\n<p>L\u2019economia ugandese \u00e8 in una spirale discendente causata dal COVID-19. Le prospettive sono fosche, soprattutto se il virus continua a diffondersi. Una pandemia prolungata render\u00e0 pi\u00f9 difficile la ripresa delle esportazioni dell\u2019Uganda. Dannegger\u00e0 anche il turismo e gli ugandesi all&#039;estero non saranno in grado di inviare denaro a casa.<\/p>\n\n\n\n<p>L\u2019Uganda ha un tasso di natalit\u00e0 elevato ma troppi bambini muoiono alla nascita. La povert\u00e0 \u00e8 diffusa. La pandemia sta inoltre vanificando i recenti progressi in termini di capitale umano e salute.<\/p>\n\n\n\n<p>L\u2019aspetto positivo \u00e8 che l\u2019Uganda avvier\u00e0 la produzione di petrolio tra pochi anni.<\/p>\n\n\n\n<h2 class=\"wp-block-heading\">Vantaggi e punti di forza nel mercato<\/h2>\n\n\n\n<p>Uganda has many strengths. For example, it has oil fields, fertile land, and hydroelectric power potential. Another benefit to investing in Uganda is the support it gets from donor countries. These countries help with the building of roads, bridges, and the like. They help make it easier for investors to get their <a href=\"https:\/\/www.sisinternational.com\/it\/competenza\/curriculum-di-esperienza\/ricerche-di-mercato-sui-prodotti-per-la-cura-personale\/\" title=\"Ricerche di mercato sui prodotti per la cura personale\"  data-wpil-monitor-id=\"11110\">products to market<\/a>. Uganda also has a strategic location. Finally, the country has been stable over the last few decades, which is always a plus.<\/p>\n\n\n\n<h2 class=\"wp-block-heading\">Base dei consumatori<\/h2>\n\n\n\n<p>Solo pochi ugandesi hanno accesso a Internet, anche se molti hanno telefoni cellulari. Gli ugandesi fanno affidamento sui telefoni cellulari per rimanere in contatto. L&#039;invio di messaggi di testo \u00e8 l&#039;attivit\u00e0 pi\u00f9 popolare, soprattutto tra gli adolescenti. La maggior parte degli ugandesi possiede anche una TV. La maggior parte di loro vive anche nelle zone rurali, ma le cifre urbane sono in rapida crescita.<\/p>\n\n\n\n<p>La met\u00e0 degli ugandesi ha un&#039;et\u00e0 compresa tra 15 e 64 anni. Esiste quindi una vasta base di consumatori.<\/p>\n\n\n\n<h2 class=\"wp-block-heading\">Motivi per far crescere la tua attivit\u00e0 in Uganda<\/h2>\n\n\n\n<p>Oltre ad un gran numero di persone in et\u00e0 lavorativa, il reddito pro capite \u00e8 basso. Ci\u00f2 significa che anche il costo del lavoro in Uganda \u00e8 basso. Nel frattempo, l\u2019Uganda ha un elevato deficit commerciale. Pertanto, i beni prodotti non sono sufficienti a soddisfare la domanda locale. Pertanto, gli investitori stranieri possono colmare le lacune.<\/p>\n\n\n\n<p>Il governo dell\u2019Uganda ha adottato misure per migliorare la facilit\u00e0 di fare affari. Ad esempio, dispone di uno \u201cSportello unico\u201d per l\u2019avvio di un\u2019impresa.<\/p>\n\n\n\n<h2 class=\"wp-block-heading\">Ricerche di mercato in Uganda, Africa orientale<\/h2>\n\n\n\n<p><a href=\"https:\/\/www.sisinternational.com\/it\/soluzioni\/soluzioni-di-ricerca-quantitativa-qualitativa\/\">Ricerca quantitativa e qualitativa<\/a> is crucial before starting your business in Uganda. Such <a href=\"https:\/\/www.sisinternational.com\/it\/considerando-il-medio-oriente-per-le-ricerche-di-mercato\/\" title=\"Ricerca sull\u2019ingresso nel mercato del Medio Oriente\"  data-wpil-monitor-id=\"1427\">research offers critical data about your market<\/a> and business scene. <a href=\"https:\/\/www.sisinternational.com\/it\/what-to-expect-in-your-first-year-entering-a-new-market-5-essential-strategies\/\" title=\"What to Expect in Your First Year Entering a New Market: 5 Essential Strategies\"  data-wpil-monitor-id=\"11112\">Strategy Research is also essential<\/a>. It can help you to come up with your <a href=\"https:\/\/www.sisinternational.com\/it\/soluzioni\/prova-del-gusto\/servizi-di-test-di-prodotto-a-new-york\/\" title=\"Servizi di test di prodotto a New York\"  data-wpil-monitor-id=\"11113\">products and services<\/a>. Finally, Focus Groups, Surveys, and Interviews also make a difference. They allow you to <a href=\"https:\/\/www.sisinternational.com\/it\/soluzioni\/consulenza-strategica\/ricerca-di-mercato-minima-del-prodotto-praticabile\/\" title=\"Ricerca di mercato sui prodotti minimi validi\"  data-wpil-monitor-id=\"11111\">market your products<\/a> to the right Ugandan consumers.<\/p>\n\n\n\n<p><\/p>","protected":false},"excerpt":{"rendered":"<p>Market Research in Uganda. Quantitative &#038; Qualitative Research is crucial before starting. Market your products to the right consumers.<\/p>","protected":false},"author":1,"featured_media":65153,"parent":14281,"menu_order":44,"comment_status":"closed","ping_status":"closed","template":"","meta":{"footnotes":""},"class_list":["post-38077","page","type-page","status-publish","has-post-thumbnail"],"_links":{"self":[{"href":"https:\/\/www.sisinternational.com\/it\/wp-json\/wp\/v2\/pages\/38077","targetHints":{"allow":["GET"]}}],"collection":[{"href":"https:\/\/www.sisinternational.com\/it\/wp-json\/wp\/v2\/pages"}],"about":[{"href":"https:\/\/www.sisinternational.com\/it\/wp-json\/wp\/v2\/types\/page"}],"author":[{"embeddable":true,"href":"https:\/\/www.sisinternational.com\/it\/wp-json\/wp\/v2\/users\/1"}],"replies":[{"embeddable":true,"href":"https:\/\/www.sisinternational.com\/it\/wp-json\/wp\/v2\/comments?post=38077"}],"version-history":[{"count":6,"href":"https:\/\/www.sisinternational.com\/it\/wp-json\/wp\/v2\/pages\/38077\/revisions"}],"predecessor-version":[{"id":81816,"href":"https:\/\/www.sisinternational.com\/it\/wp-json\/wp\/v2\/pages\/38077\/revisions\/81816"}],"up":[{"embeddable":true,"href":"https:\/\/www.sisinternational.com\/it\/wp-json\/wp\/v2\/pages\/14281"}],"wp:featuredmedia":[{"embeddable":true,"href":"https:\/\/www.sisinternational.com\/it\/wp-json\/wp\/v2\/media\/65153"}],"wp:attachment":[{"href":"https:\/\/www.sisinternational.com\/it\/wp-json\/wp\/v2\/media?parent=38077"}],"curies":[{"name":"wp","href":"https:\/\/api.w.org\/{rel}","templated":true}]}}