{"id":38075,"date":"2021-07-16T03:27:02","date_gmt":"2021-07-16T03:27:02","guid":{"rendered":"https:\/\/www.sisinternational.com\/?page_id=38075"},"modified":"2026-01-27T16:38:54","modified_gmt":"2026-01-27T21:38:54","slug":"ricerche-di-mercato-in-tunisia-africa","status":"publish","type":"page","link":"https:\/\/www.sisinternational.com\/it\/copertura\/ricerche-di-mercato-africane\/ricerche-di-mercato-in-tunisia-africa\/","title":{"rendered":"Ricerche di mercato in Tunisia, Africa"},"content":{"rendered":"<h1 class=\"wp-block-heading\">Ricerche di mercato in Tunisia, Africa<\/h1>\n\n\n\n<figure class=\"gb-block-image gb-block-image-cc3020f6\"><img loading=\"lazy\" decoding=\"async\" width=\"1456\" height=\"816\" class=\"gb-image gb-image-cc3020f6\" src=\"https:\/\/www.sisinternational.com\/wp-content\/uploads\/2025\/08\/Tunisia-5.jpg\" alt=\"Ricerca e strategia di mercato internazionale SIS\" title=\"Tunisia (5)\" srcset=\"https:\/\/www.sisinternational.com\/wp-content\/uploads\/2025\/08\/Tunisia-5.jpg 1456w, https:\/\/www.sisinternational.com\/wp-content\/uploads\/2025\/08\/Tunisia-5-300x168.jpg 300w, https:\/\/www.sisinternational.com\/wp-content\/uploads\/2025\/08\/Tunisia-5-1024x574.jpg 1024w, https:\/\/www.sisinternational.com\/wp-content\/uploads\/2025\/08\/Tunisia-5-768x430.jpg 768w, https:\/\/www.sisinternational.com\/wp-content\/uploads\/2025\/08\/Tunisia-5-18x10.jpg 18w\" sizes=\"auto, (max-width: 1456px) 100vw, 1456px\"><\/figure>\n\n\n\n<p><\/p>\n\n\n\n<h2 class=\"wp-block-heading\">Industrie chiave<\/h2>\n\n\n\n<p>Most of the land in Tunisia is&nbsp;arable. As a result, it exports wheat, barley, olives, dates, and fresh fruit. Its main export is olive oil.<\/p>\n\n\n\n<p>IL <a href=\"https:\/\/www.sisinternational.com\/it\/venezuela-oil-mining-industry-potential-strategic-forecast-2026-2036\/\" title=\"Venezuela Oil &amp; Mining Industry Potential: Strategic Forecast 2026-2036\"  data-wpil-monitor-id=\"11038\">oil and mining<\/a> sectors also make lots of money. The resources mined include phosphates, iron, ore, zinc, and gold.<\/p>\n\n\n\n<p>Tunisia also has a strong services sector. The main focus of that sector is tourism.&nbsp;But, it also&nbsp;includes&nbsp;retail trade and defense. All of these sectors boost revenue.<\/p>\n\n\n\n<h2 class=\"wp-block-heading\">Quartieri<\/h2>\n\n\n\n<h3 class=\"wp-block-heading\">Tunisi<\/h3>\n\n\n\n<p>Tunis is the largest city. It is also home to the most people.&nbsp;This bustling city&nbsp;offers&nbsp;a lot of energy with its&nbsp;busy nightlife. It\u2019s where everyone comes to enjoy themselves. Tunis also&nbsp;has&nbsp;many ancient sites and museums.<\/p>\n\n\n\n<h3 class=\"wp-block-heading\">Sfax<\/h3>\n\n\n\n<p>Sfax \u00e8 la seconda citt\u00e0 pi\u00f9 grande della Tunisia. Ha molti siti e bellissime attrazioni. Sfax ha un porto di pesca. Elabora anche fosfati, olive e noci. Inoltre, molti abitanti di Sfax si dedicano al commercio.<\/p>\n\n\n\n<h3 class=\"wp-block-heading\">Susa<\/h3>\n\n\n\n<p>Sousse&nbsp;is&nbsp;the third-largest city in Tunisia.&nbsp;Like Tunis, this&nbsp;city offers sizzling nightlife. It also has beautiful beaches with turquoise waters. Sousse has a rich history. In addition, it offers many fun activities. In fact, Sousse is the perfect getaway.<\/p>\n\n\n\n<h2 class=\"wp-block-heading\">Tendenze<\/h2>\n\n\n\n<p>Ecommerce is a trend that continues to grow in Tunisia. Moreover, more digital networks are being installed right through the country. Because of this, Tunisians are doing more and more&nbsp;online shopping.<\/p>\n\n\n\n<p>The&nbsp;energy&nbsp;market of Tunisia has also seen <a href=\"https:\/\/www.sisinternational.com\/it\/soluzioni\/ricerche-di-mercato-sulla-crescita-aziendale-internazionale\/\" title=\"Ricerche di mercato sulla crescita aziendale internazionale\"  data-wpil-monitor-id=\"11035\">growth<\/a>.&nbsp;Tunisia&nbsp;produces&nbsp;thermal power&nbsp;from natural gas. In fact, it is the main source of energy.&nbsp;The government is also increasing other <a href=\"https:\/\/www.sisinternational.com\/it\/via-col-vento-la-crisi-finanziaria-e-lenergia-eolica\/\" title=\"Via col vento? La crisi finanziaria e l&#039;energia eolica\"  data-wpil-monitor-id=\"7516\">energy sources such as hydro and wind<\/a> power throughout the country.<\/p>\n\n\n\n<h2 class=\"wp-block-heading\">Vantaggi e punti di forza del mercato<\/h2>\n\n\n\n<p>Tunisia\u2019s&nbsp;tourism sector is growing.&nbsp;History buffs love Tunis since it is the gateway to the ancient city of Carthage. The country expects the tourism sector to take off post-COVID.<\/p>\n\n\n\n<p>Another market strength is&nbsp;Tunisia\u2019s&nbsp;strategic location. Its position is perfect to supply Europe. This&nbsp;location makes it a prime&nbsp;trading partner&nbsp;with many countries.<\/p>\n\n\n\n<h2 class=\"wp-block-heading\">Base dei consumatori<\/h2>\n\n\n\n<p>The people of Tunisia are very selective. They do a lot of <a href=\"https:\/\/www.sisinternational.com\/it\/soluzioni\/ricerca-di-consulenza-strategica-fintech\/acquista-ora-paga-dopo-ricerche-di-mercato-bnpl\/\" title=\"Buy Now Pay Later Market Research\"  data-wpil-monitor-id=\"11037\">research before they buy<\/a>. Tunisians also check quality compared to competing products. Their product promotion is unique. It is a mix of word-of-mouth from families and direct selling. Thus, public opinion can decide a <a href=\"https:\/\/www.sisinternational.com\/it\/soluzioni\/consulenza-per-lospitalita-turistica-turistica\/ricerche-di-mercato-di-societa-di-guide-turistiche\/\" title=\"Ricerche di mercato sull&#039;azienda di guide turistiche\"  data-wpil-monitor-id=\"11034\">company\u2019s sales and place in the market<\/a>.<\/p>\n\n\n\n<p>La maggior parte delle aziende leader ha agenti in quasi tutte le citt\u00e0 e quartieri. \u00c8 un dato di fatto, i clienti locali spesso non sono disposti ad acquistare nuovi prodotti e marchi se non dispongono di agenti.<\/p>\n\n\n\n<h2 class=\"wp-block-heading\">Reasons to Grow Your Business in the North Africa&nbsp;Market<\/h2>\n\n\n\n<p>Again,&nbsp;the&nbsp;strategic location&nbsp;is an <a href=\"https:\/\/www.sisinternational.com\/it\/competenza\/industrie\/turismo-di-viaggio\/vantaggio-di-new-york-come-mercato-di-prova-per-i-viaggi\/\" title=\"Il vantaggio strategico di usare New York come mercato di prova per viaggi e turismo\"  data-wpil-monitor-id=\"11036\">advantage<\/a>. That\u2019s because it\u2019s so easy to ship goods to Europe. Tunis, the capital, is also in the right spot. It\u2019s easy for business owners to trade with Europe. Investors should not miss this chance.<\/p>\n\n\n\n<p>La societ\u00e0 tunisina \u00e8 accogliente e ha una vasta comunit\u00e0 di espatriati. Inoltre, la sua forza lavoro \u00e8 di alto livello. I tunisini hanno dimostrato di poter lavorare bene con persone di altri paesi.<\/p>\n\n\n\n<p>Il Paese dispone anche di un ottimo sistema scolastico. Questa notizia potrebbe essere un sollievo se hai una famiglia giovane. Inoltre, la Tunisia \u00e8 il luogo perfetto per avviare la tua attivit\u00e0.<\/p>\n\n\n\n<p>Another reason to choose Tunisia is that the government is trying to increase foreign direct investment. Already it gives&nbsp;excellent&nbsp;tax breaks to&nbsp;foreign investors.&nbsp;But, there is a downside. You\u2019ll only get the exemption&nbsp;if no company in Tunisia produces something similar. The government also limits the VAT charged for importing capital goods.<\/p>\n\n\n\n<h2 class=\"wp-block-heading\">Ricerche di mercato in Tunisia<\/h2>\n\n\n\n<p>Tunisia is a unique country that is ripe&nbsp;for investment.&nbsp;Want to&nbsp;enter the&nbsp;Tunisian&nbsp;market?&nbsp;Do your&nbsp;<a href=\"https:\/\/www.sisinternational.com\/it\/soluzioni\/soluzioni-di-ricerca-quantitativa-qualitativa\/\">Qualitative&nbsp;and&nbsp;Quantitative<\/a>&nbsp;research.&nbsp;You\u2019ll also need to do Strategy research.&nbsp;Your market research can also involve Focus Groups, Interviews, and Surveys.&nbsp;Our <a href=\"https:\/\/www.sisinternational.com\/it\/servizi-pubblicitari-multiculturali-per-una-nota-compagnia-ferroviaria\/\" title=\"Servizi Pubblicitari Multiculturali per una Nota Compagnia Ferroviaria\"  data-wpil-monitor-id=\"11039\">company provides all these services<\/a> and more. Contact us now, and let\u2019s see how we can work together.<\/p>\n\n\n\n<p><\/p>","protected":false},"excerpt":{"rendered":"<p>Market Research in Tunisia, Africa Key Industries Most of the land in Tunisia is&nbsp;arable. As a result, it exports wheat, barley, olives, dates, and fresh fruit. Its main export is olive oil. The oil and mining sectors also make lots of money. The resources mined include phosphates, iron, ore, zinc, and gold. Tunisia also has &#8230; <a title=\"Ricerche di mercato in Tunisia, Africa\" class=\"read-more\" href=\"https:\/\/www.sisinternational.com\/it\/copertura\/ricerche-di-mercato-africane\/ricerche-di-mercato-in-tunisia-africa\/\" aria-label=\"Per saperne di pi\u00f9 su Market Research in Tunisia, Africa\">Leggi tutto<\/a><\/p>","protected":false},"author":1,"featured_media":65238,"parent":14281,"menu_order":43,"comment_status":"closed","ping_status":"closed","template":"","meta":{"footnotes":""},"class_list":["post-38075","page","type-page","status-publish","has-post-thumbnail"],"_links":{"self":[{"href":"https:\/\/www.sisinternational.com\/it\/wp-json\/wp\/v2\/pages\/38075","targetHints":{"allow":["GET"]}}],"collection":[{"href":"https:\/\/www.sisinternational.com\/it\/wp-json\/wp\/v2\/pages"}],"about":[{"href":"https:\/\/www.sisinternational.com\/it\/wp-json\/wp\/v2\/types\/page"}],"author":[{"embeddable":true,"href":"https:\/\/www.sisinternational.com\/it\/wp-json\/wp\/v2\/users\/1"}],"replies":[{"embeddable":true,"href":"https:\/\/www.sisinternational.com\/it\/wp-json\/wp\/v2\/comments?post=38075"}],"version-history":[{"count":7,"href":"https:\/\/www.sisinternational.com\/it\/wp-json\/wp\/v2\/pages\/38075\/revisions"}],"predecessor-version":[{"id":81806,"href":"https:\/\/www.sisinternational.com\/it\/wp-json\/wp\/v2\/pages\/38075\/revisions\/81806"}],"up":[{"embeddable":true,"href":"https:\/\/www.sisinternational.com\/it\/wp-json\/wp\/v2\/pages\/14281"}],"wp:featuredmedia":[{"embeddable":true,"href":"https:\/\/www.sisinternational.com\/it\/wp-json\/wp\/v2\/media\/65238"}],"wp:attachment":[{"href":"https:\/\/www.sisinternational.com\/it\/wp-json\/wp\/v2\/media?parent=38075"}],"curies":[{"name":"wp","href":"https:\/\/api.w.org\/{rel}","templated":true}]}}