{"id":38073,"date":"2021-07-16T03:12:42","date_gmt":"2021-07-16T03:12:42","guid":{"rendered":"https:\/\/www.sisinternational.com\/?page_id=38073"},"modified":"2026-01-24T20:50:46","modified_gmt":"2026-01-25T01:50:46","slug":"ricerche-di-mercato-in-somalia-africa","status":"publish","type":"page","link":"https:\/\/www.sisinternational.com\/it\/copertura\/ricerche-di-mercato-africane\/ricerche-di-mercato-in-somalia-africa\/","title":{"rendered":"Ricerche di mercato in Somalia, Africa"},"content":{"rendered":"<h1 class=\"wp-block-heading\">Ricerche di mercato in Somalia, Africa<\/h1>\n\n\n\n<figure class=\"gb-block-image gb-block-image-123a9767\"><img loading=\"lazy\" decoding=\"async\" width=\"1456\" height=\"816\" class=\"gb-image gb-image-123a9767\" src=\"https:\/\/www.sisinternational.com\/wp-content\/uploads\/2025\/08\/Somalia-3.jpg\" alt=\"Ricerca e strategia di mercato internazionale SIS\" title=\"Somalia, (3)\" srcset=\"https:\/\/www.sisinternational.com\/wp-content\/uploads\/2025\/08\/Somalia-3.jpg 1456w, https:\/\/www.sisinternational.com\/wp-content\/uploads\/2025\/08\/Somalia-3-300x168.jpg 300w, https:\/\/www.sisinternational.com\/wp-content\/uploads\/2025\/08\/Somalia-3-1024x574.jpg 1024w, https:\/\/www.sisinternational.com\/wp-content\/uploads\/2025\/08\/Somalia-3-768x430.jpg 768w, https:\/\/www.sisinternational.com\/wp-content\/uploads\/2025\/08\/Somalia-3-18x10.jpg 18w\" sizes=\"auto, (max-width: 1456px) 100vw, 1456px\"><\/figure>\n\n\n\n<p><\/p>\n\n\n\n<p>La Somalia \u00e8 un paese dell&#039;Africa orientale che si estende attorno al Corno d&#039;Africa. Come si pu\u00f2 vedere sulla mappa, questo promontorio appuntito del continente africano si estende nell&#039;Oceano Indiano.<\/p>\n\n\n\n<p>Il paese \u00e8 piatto e secco, con condizioni simili al deserto. Molti somali sono ancora nomadi o semi-nomadi. Di conseguenza, si spostano da un posto all\u2019altro, alla ricerca di terreni coltivabili per allevare bovini, cammelli, capre e pecore. D&#039;altra parte, molti somali sono agricoltori.<\/p>\n\n\n\n<p>Questo paese ha una lunga storia influenzata sia dall&#039;Africa che dall&#039;Arabia. Ha un gruppo etnico, i somali, ma hanno governato anche altri imperi. Italia e Gran Bretagna furono le ultime potenze governative, arrivate nel 1800 e nel 1900. La fusione di queste colonie caus\u00f2 molte rivalit\u00e0 e controversie. A causa di ci\u00f2, nel 1991 scoppi\u00f2 la guerra civile. Da allora non esiste pi\u00f9 un vero e proprio governo centrale.<\/p>\n\n\n\n<h2 class=\"wp-block-heading\">Industrie chiave<\/h2>\n\n\n\n<p>Le principali esportazioni sono bestiame, pesce e prodotti agricoli.<\/p>\n\n\n\n<p>L\u2019economia \u00e8 informale e funziona senza mandato o controlli governativi. Inoltre non \u00e8 tassato. Infatti, un ente governativo federale gestisce il Paese, assistito da diverse agenzie.<\/p>\n\n\n\n<p>This shaky governance and corruption jeopardize the progress of the country. Still, the economy is buoyant, and growing thanks to foreign companies. These overseas <a href=\"https:\/\/www.sisinternational.com\/it\/competenza\/industrie\/soluzioni-per-ricerche-di-mercato-nel-settore-sanitario\/\" title=\"Societ\u00e0 di ricerche di mercato nel settore sanitario\"  data-wpil-monitor-id=\"11136\">firms<\/a> run outlets in the local Somali market. What\u2019s more, they control these outlets remotely from more developed countries. Thus, they have access to resources like banks and a skilled workforce. They also get stable legal frameworks.<\/p>\n\n\n\n<h2 class=\"wp-block-heading\">Quartieri<\/h2>\n\n\n\n<p>Mogadishu is an important port city on the <a href=\"https:\/\/www.sisinternational.com\/it\/copertura\/ricerche-di-mercato-africane\/ricerche-di-mercato-a-mauritius-in-africa\/\" title=\"Market Research in Mauritius \u2014 Island off Africa&#8217;s East Coast\"  data-wpil-monitor-id=\"11132\">East African coast<\/a>. Known to locals as \u201cXamar\u201d or \u201cHamar,\u201d it is the capital city. Somali and Arabic are the official languages. Yet, it is common to hear Swahili, English, and Italian in its busy streets. The city is lively, with many street markets, cafes, and grocery stores. It is a peaceful city, and locals feel safe shopping and living there.<\/p>\n\n\n\n<p>Le persone vivono e commerciano in questo paese da migliaia di anni. \u00c8 un dato di fatto, puoi vedere la storia nell&#039;arte rupestre. Godetevi quest&#039;arte in luoghi come l&#039;antico complesso di grotte di Lasa Geel, che mostra la ricca e antica cultura della regione della costa settentrionale. Anche piramidi primordiali chiamate \u201ctaalo\u201d punteggiano il paesaggio. Un tempo queste erano strutture funerarie.<\/p>\n\n\n\n<h2 class=\"wp-block-heading\">Tendenze<\/h2>\n\n\n\n<p>Le aziende straniere sono desiderose di investire in questo paese. Ha riserve di risorse naturali, come uranio, minerale di ferro e gas naturale. Le compagnie minerarie straniere stanno cercando depositi di uranio. I depositi in questo paese potrebbero essere i pi\u00f9 grandi del mondo. Quindi, questo settore offre la possibilit\u00e0 di crescita aziendale per il Paese.<\/p>\n\n\n\n<p>Another key point is that&nbsp;Arab countries are investing in livestock infrastructure.&nbsp;For instance, countries like the <a href=\"https:\/\/www.sisinternational.com\/it\/copertura\/ricerche-di-mercato-medio-oriente\/ricerche-di-mercato-negli-emirati-arabi-uniti\/\" title=\"Ricerche di mercato negli Emirati Arabi Uniti\"  data-wpil-monitor-id=\"11130\">Emirati Arabi Uniti<\/a> are purchasing large farms. These countries have a long history of trading with their African neighbors. They remain hopeful about the future growth Somalia promises.<\/p>\n\n\n\n<p>Anche il commercio globale \u00e8 in aumento e la classe imprenditoriale somala sta fornendo un contributo all\u2019economia in rapida crescita.<\/p>\n\n\n\n<p>The widespread violence and starvation in the 1990s pushed many to become refugees.\u00a0More than a million Somali people have fled the country since 1991.\u00a0They left to find a better life in other countries.\u00a0As a result, the country now has a large diaspora, which takes an interest in its progress. The diaspora and the private sector are the lifelines of the nation.<\/p>\n\n\n\n<h2 class=\"wp-block-heading\">Vantaggi e punti di forza<\/h2>\n\n\n\n<p>Somalia is near the Arab Peninsula, and traders on both sides of the Persian Gulf take <a href=\"https:\/\/www.sisinternational.com\/it\/competenza\/industrie\/turismo-di-viaggio\/vantaggio-di-new-york-come-mercato-di-prova-per-i-viaggi\/\" title=\"Il vantaggio strategico di usare New York come mercato di prova per viaggi e turismo\"  data-wpil-monitor-id=\"11133\">advantage of this strategic<\/a> spot. Animals are one of the biggest exports, and they go to the Middle East. Somali livestock is of high quality and sells at a great price.<\/p>\n\n\n\n<h2 class=\"wp-block-heading\">Base dei consumatori<\/h2>\n\n\n\n<p>I clan nomadi costituiscono gran parte della popolazione. Il loro stile di vita \u00e8 molto fuori dagli schemi. Non hanno accesso a cose come servizi bancari e conti di risparmio. Invece, la maggior parte delle transazioni monetarie avviene tramite telefono.<\/p>\n\n\n\n<p>I somali dipendono dai fondi inviati dall&#039;estero come parte del loro reddito. Molti somali, infatti, vivono al di sotto della soglia di povert\u00e0.<\/p>\n\n\n\n<h2 class=\"wp-block-heading\">Motivi per far crescere la tua attivit\u00e0 in Somalia<\/h2>\n\n\n\n<p>The country\u2019s economy is growing stronger. As it expands in the cities, more companies are opening. But, be warned: doing <a href=\"https:\/\/www.sisinternational.com\/it\/san-valentino-come-la-tua-azienda-puo-sentire-lamore\/\" title=\"Valentine&#8217;s Day Market Research:  How Your Business Can Feel The Love\"  data-wpil-monitor-id=\"11135\">business will feel<\/a> odd without government oversight. In fact, investors form part of the informal economy.<\/p>\n\n\n\n<h2 class=\"wp-block-heading\">Informazioni sulle ricerche di mercato in Somalia<\/h2>\n\n\n\n<p>There\u2019s nothing like knowing exactly who your customers are. That\u2019s why we provide <a href=\"https:\/\/www.sisinternational.com\/it\/ricerche-di-mercato-in-africa\/\" title=\"Ricerche di mercato in Africa\"  data-wpil-monitor-id=\"2926\">market strategy research<\/a> in Somalia. Our <a href=\"https:\/\/www.sisinternational.com\/it\/soluzioni\/soluzioni-di-ricerca-quantitativa-qualitativa\/\">Ricerca qualitativa e quantitativa<\/a> fornisce i dati di cui hai bisogno. Ti aiutiamo ad espandere il tuo business. Puoi anche utilizzare i nostri focus group per conoscere le opportunit\u00e0 in Somalia.<\/p>\n\n\n\n<p>We also use interviews and surveys. These tools help you pinpoint the right place and time for <a href=\"https:\/\/www.sisinternational.com\/it\/soluzioni\/consulenza-strategica\/ricerca-sulle-opportunita-di-ingresso-nel-mercato\/lefficacia-dei-test-sui-prodotti-a-new-york-per-entrare-nel-mercato-americano\/\" title=\"L&#039;efficacia dei test sui prodotti a New York per entrare nel mercato americano\"  data-wpil-monitor-id=\"11134\">entering the market<\/a>. <a href=\"https:\/\/www.sisinternational.com\/it\/competenza\/curriculum-di-esperienza\/ricerca-sul-marchio\/\" title=\"Societ\u00e0 di ricerca sul marchio\"  data-wpil-monitor-id=\"11131\">Companies can grow with the right research<\/a> team. Contact us today to get started with your Somali investment.<\/p>\n\n\n\n<p><\/p>","protected":false},"excerpt":{"rendered":"<p>Ricerche di mercato in Somalia; la nostra ricerca qualitativa e quantitativa fornisce i dati di cui hai bisogno. Ti aiutiamo ad espandere il tuo business.<\/p>","protected":false},"author":1,"featured_media":65220,"parent":14281,"menu_order":42,"comment_status":"closed","ping_status":"closed","template":"","meta":{"footnotes":""},"class_list":["post-38073","page","type-page","status-publish","has-post-thumbnail"],"_links":{"self":[{"href":"https:\/\/www.sisinternational.com\/it\/wp-json\/wp\/v2\/pages\/38073","targetHints":{"allow":["GET"]}}],"collection":[{"href":"https:\/\/www.sisinternational.com\/it\/wp-json\/wp\/v2\/pages"}],"about":[{"href":"https:\/\/www.sisinternational.com\/it\/wp-json\/wp\/v2\/types\/page"}],"author":[{"embeddable":true,"href":"https:\/\/www.sisinternational.com\/it\/wp-json\/wp\/v2\/users\/1"}],"replies":[{"embeddable":true,"href":"https:\/\/www.sisinternational.com\/it\/wp-json\/wp\/v2\/comments?post=38073"}],"version-history":[{"count":6,"href":"https:\/\/www.sisinternational.com\/it\/wp-json\/wp\/v2\/pages\/38073\/revisions"}],"predecessor-version":[{"id":81819,"href":"https:\/\/www.sisinternational.com\/it\/wp-json\/wp\/v2\/pages\/38073\/revisions\/81819"}],"up":[{"embeddable":true,"href":"https:\/\/www.sisinternational.com\/it\/wp-json\/wp\/v2\/pages\/14281"}],"wp:featuredmedia":[{"embeddable":true,"href":"https:\/\/www.sisinternational.com\/it\/wp-json\/wp\/v2\/media\/65220"}],"wp:attachment":[{"href":"https:\/\/www.sisinternational.com\/it\/wp-json\/wp\/v2\/media?parent=38073"}],"curies":[{"name":"wp","href":"https:\/\/api.w.org\/{rel}","templated":true}]}}