{"id":38071,"date":"2021-07-16T03:06:23","date_gmt":"2021-07-16T03:06:23","guid":{"rendered":"https:\/\/www.sisinternational.com\/?page_id=38071"},"modified":"2025-09-14T18:37:39","modified_gmt":"2025-09-14T22:37:39","slug":"ricerche-di-mercato-in-sierra-leone-africa","status":"publish","type":"page","link":"https:\/\/www.sisinternational.com\/it\/copertura\/ricerche-di-mercato-africane\/ricerche-di-mercato-in-sierra-leone-africa\/","title":{"rendered":"Ricerche di mercato in Sierra Leone, Africa"},"content":{"rendered":"<h1 class=\"wp-block-heading\">Ricerche di mercato in Sierra Leone, Africa<\/h1>\n\n\n\n<figure class=\"gb-block-image gb-block-image-d0617c66\"><img loading=\"lazy\" decoding=\"async\" width=\"1456\" height=\"816\" class=\"gb-image gb-image-d0617c66\" src=\"https:\/\/www.sisinternational.com\/wp-content\/uploads\/2025\/08\/Sierra-Leone-1.jpg\" alt=\"Ricerca e strategia di mercato internazionale SIS\" title=\"Sierra Leone, (1)\" srcset=\"https:\/\/www.sisinternational.com\/wp-content\/uploads\/2025\/08\/Sierra-Leone-1.jpg 1456w, https:\/\/www.sisinternational.com\/wp-content\/uploads\/2025\/08\/Sierra-Leone-1-300x168.jpg 300w, https:\/\/www.sisinternational.com\/wp-content\/uploads\/2025\/08\/Sierra-Leone-1-1024x574.jpg 1024w, https:\/\/www.sisinternational.com\/wp-content\/uploads\/2025\/08\/Sierra-Leone-1-768x430.jpg 768w, https:\/\/www.sisinternational.com\/wp-content\/uploads\/2025\/08\/Sierra-Leone-1-18x10.jpg 18w\" sizes=\"auto, (max-width: 1456px) 100vw, 1456px\"><\/figure>\n\n\n\n<p><\/p>\n\n\n\n<p>La Sierra Leone \u00e8 un paese dell&#039;Africa occidentale. Questo paese ha dovuto affrontare molte difficolt\u00e0 negli ultimi anni. In effetti, ha attraversato una guerra civile dal 1991 al 2002. Il film Blood Diamond del 2006 era basato su questa guerra civile. Anche l\u2019ebola ha devastato il paese nel 2014, uccidendo 11.000 persone. Ha iniziato a riprendersi, ma il COVID-19 la sta rallentando. Allora perch\u00e9 investire in Sierra Leone? Continuate a leggere per scoprirlo.<\/p>\n\n\n\n<h2 class=\"wp-block-heading\">Industrie chiave<\/h2>\n\n\n\n<p>Sierra Leone is one of the world\u2019s main suppliers of titanium. Diamond mining is also a source of income.&nbsp;Both industries provide jobs and boost tax revenues.<\/p>\n\n\n\n<p>La Sierra Leone ha terreni fertili e l\u2019agricoltura \u00e8 un\u2019altra importante fonte di reddito. I partner commerciali del paese sono gli Stati Uniti, il Belgio, i Paesi Bassi e la Francia. Le principali esportazioni sono caff\u00e8 e cacao.<\/p>\n\n\n\n<p>La Sierra Leone produce anche legname per l&#039;esportazione. Inoltre, il paese esporta pesce. Questo settore crea posti di lavoro attraverso la costruzione di barche, la vendita di pesce e il marketing.<\/p>\n\n\n\n<p>In crescita anche il settore turistico e quello manifatturiero.<\/p>\n\n\n\n<h2 class=\"wp-block-heading\">Quartieri<\/h2>\n\n\n\n<p>Freetown \u00e8 la capitale della Sierra Leone. Il porto di acque profonde di questa citt\u00e0 \u00e8 tra i pi\u00f9 grandi al mondo. Freetown \u00e8 famosa anche per l&#039;enorme albero del cotone da seta nel centro della citt\u00e0. L&#039;albero \u00e8 un simbolo di libert\u00e0.<\/p>\n\n\n\n<p>Il Museo della Sierra Leone \u00e8 un&#039;altra caratteristica. Il museo ospita diversi reperti. Esempi sono la Ruiter Stone e il tamburo originale di Bai Bureh.<\/p>\n\n\n\n<h2 class=\"wp-block-heading\">Tendenze<\/h2>\n\n\n\n<p>Sierra Leone\u2019s <a href=\"https:\/\/www.sisinternational.com\/it\/competenza\/industrie\/ricerche-di-mercato-del-petrolio-e-del-gas\/\" title=\"Ricerche di mercato nel settore del petrolio e del gas\"  data-wpil-monitor-id=\"8649\">oil and gas<\/a> sector is still in the research stage. The government hopes to attract investments in this sector. But first, it needs to find deposits.<\/p>\n\n\n\n<h2 class=\"wp-block-heading\">Vantaggi e punti di forza nel mercato<\/h2>\n\n\n\n<p>La Sierra Leone lotta ancora con l\u2019impatto del COVID-19. Inoltre, il Paese non si \u00e8 ancora ripreso dallo scoppio del virus Ebola.<\/p>\n\n\n\n<p>Still, the government is looking for <a href=\"https:\/\/www.sisinternational.com\/it\/analisi-della-soddisfazione-del-cliente\/\" title=\"8 modi per aumentare la soddisfazione del cliente nel commercio al dettaglio\"  data-wpil-monitor-id=\"8650\">ways to boost<\/a> the economy. One of these avenues is organic farming. It is also looking at eco-tourism and renewable energy. Sierra Leone is aiming to become Africa\u2019s first Zero-Carbon middle economy.<\/p>\n\n\n\n<h2 class=\"wp-block-heading\">Base dei consumatori<\/h2>\n\n\n\n<p>Sierra Leone\u2019s economy has matured over the years. At heart, farming employs many working people. Many of the people are tenant farmers. Despite its profits, the economy is in trouble. For example, there is a high rate of unemployed youths.&nbsp;Still, the country is now stable and the climate is right for investors.<\/p>\n\n\n\n<h2 class=\"wp-block-heading\">Motivi per far crescere la tua attivit\u00e0 sul mercato<\/h2>\n\n\n\n<p>Allora perch\u00e9 investire in Sierra Leone? Per prima cosa, il mercato offre molte opzioni per gli investitori. Ad esempio, c\u2019\u00e8 una crescente domanda globale di giacimenti minerari. La Sierra Leone ha vasti giacimenti di bauxite e diamanti. Ha anche oro, platino, coltan e altre risorse naturali. Pertanto, offre cinque tipi di licenze alle societ\u00e0 straniere per estrarre questi minerali.<\/p>\n\n\n\n<p>Il paese promuove anche l&#039;agricoltura e le piccole imprese. I tassi di interesse ridotti stanno rendendo questi settori pi\u00f9 attraenti. Inoltre, il governo della Sierra Leone sta cercando di corteggiare altri investitori. Ad esempio, sta cercando di rilanciare l\u2019economia con investimenti nel turismo. Pertanto, gli aspiranti investitori dovrebbero esplorare il settore del turismo.<\/p>\n\n\n\n<h2 class=\"wp-block-heading\">Informazioni sulle ricerche di mercato in Sierra Leone<\/h2>\n\n\n\n<p>La popolazione della Sierra Leone lotta contro la povert\u00e0. Solo poche persone sono ricche o con redditi medi. Inoltre, il paese non \u00e8 ben sviluppato.<\/p>\n\n\n\n<p>That\u2019s why we provide <a href=\"https:\/\/www.sisinternational.com\/it\/how-to-design-effective-surveys-for-quantitative-research\/\" title=\"How to Design Effective Surveys for Quantitative Research\"  data-wpil-monitor-id=\"8648\">Ricerca quantitativa e qualitativa<\/a> services. We also offer surveys, interviews, and focus groups. These tools can help you decide if investing in <a href=\"https:\/\/statehouse.gov.sl\" target=\"_blank\" rel=\"noopener\">Sierra Leone<\/a> \u00e8 la mossa giusta per te.<\/p>\n\n\n\n<p>Offriamo anche <a href=\"https:\/\/www.sisinternational.com\/it\/soluzioni\/consulenza-strategica\/come-la-ricerca-strategica-puo-migliorare-le-tue-prestazioni\/\">Ricerca strategica<\/a>. Questo tipo cruciale di ricerca indica all\u2019investitore cosa funzioner\u00e0 meglio in Sierra Leone<\/p>\n\n\n\n<p>Stai pensando di investire in Sierra Leone?<\/p>\n\n\n\n<p><\/p>","protected":false},"excerpt":{"rendered":"<p>Ricerche di mercato in Sierra Leone; sondaggi, interviste, focus group. Questi strumenti possono aiutarti a decidere se investire \u00e8 la mossa giusta per te.<\/p>","protected":false},"author":1,"featured_media":65215,"parent":14281,"menu_order":41,"comment_status":"closed","ping_status":"closed","template":"","meta":{"footnotes":""},"class_list":["post-38071","page","type-page","status-publish","has-post-thumbnail"],"_links":{"self":[{"href":"https:\/\/www.sisinternational.com\/it\/wp-json\/wp\/v2\/pages\/38071","targetHints":{"allow":["GET"]}}],"collection":[{"href":"https:\/\/www.sisinternational.com\/it\/wp-json\/wp\/v2\/pages"}],"about":[{"href":"https:\/\/www.sisinternational.com\/it\/wp-json\/wp\/v2\/types\/page"}],"author":[{"embeddable":true,"href":"https:\/\/www.sisinternational.com\/it\/wp-json\/wp\/v2\/users\/1"}],"replies":[{"embeddable":true,"href":"https:\/\/www.sisinternational.com\/it\/wp-json\/wp\/v2\/comments?post=38071"}],"version-history":[{"count":5,"href":"https:\/\/www.sisinternational.com\/it\/wp-json\/wp\/v2\/pages\/38071\/revisions"}],"predecessor-version":[{"id":81451,"href":"https:\/\/www.sisinternational.com\/it\/wp-json\/wp\/v2\/pages\/38071\/revisions\/81451"}],"up":[{"embeddable":true,"href":"https:\/\/www.sisinternational.com\/it\/wp-json\/wp\/v2\/pages\/14281"}],"wp:featuredmedia":[{"embeddable":true,"href":"https:\/\/www.sisinternational.com\/it\/wp-json\/wp\/v2\/media\/65215"}],"wp:attachment":[{"href":"https:\/\/www.sisinternational.com\/it\/wp-json\/wp\/v2\/media?parent=38071"}],"curies":[{"name":"wp","href":"https:\/\/api.w.org\/{rel}","templated":true}]}}