{"id":38069,"date":"2021-07-16T02:56:20","date_gmt":"2021-07-16T02:56:20","guid":{"rendered":"https:\/\/www.sisinternational.com\/?page_id=38069"},"modified":"2026-01-24T20:50:47","modified_gmt":"2026-01-25T01:50:47","slug":"ricerche-di-mercato-alle-seychelles-in-africa","status":"publish","type":"page","link":"https:\/\/www.sisinternational.com\/it\/copertura\/ricerche-di-mercato-africane\/ricerche-di-mercato-alle-seychelles-in-africa\/","title":{"rendered":"Ricerche di mercato alle Seychelles, Africa"},"content":{"rendered":"<h1 class=\"wp-block-heading\">Ricerche di mercato alle Seychelles, Africa<\/h1>\n\n\n\n<figure class=\"gb-block-image gb-block-image-2e2a6b72\"><img loading=\"lazy\" decoding=\"async\" width=\"1456\" height=\"816\" class=\"gb-image gb-image-2e2a6b72\" src=\"https:\/\/www.sisinternational.com\/wp-content\/uploads\/2025\/08\/Seychelles-4.jpg\" alt=\"Ricerca e strategia di mercato internazionale SIS\" title=\"Seychelles, (4)\" srcset=\"https:\/\/www.sisinternational.com\/wp-content\/uploads\/2025\/08\/Seychelles-4.jpg 1456w, https:\/\/www.sisinternational.com\/wp-content\/uploads\/2025\/08\/Seychelles-4-300x168.jpg 300w, https:\/\/www.sisinternational.com\/wp-content\/uploads\/2025\/08\/Seychelles-4-1024x574.jpg 1024w, https:\/\/www.sisinternational.com\/wp-content\/uploads\/2025\/08\/Seychelles-4-768x430.jpg 768w, https:\/\/www.sisinternational.com\/wp-content\/uploads\/2025\/08\/Seychelles-4-18x10.jpg 18w\" sizes=\"auto, (max-width: 1456px) 100vw, 1456px\"><\/figure>\n\n\n\n<p><\/p>\n\n\n\n<p>Le Seychelles sono un bellissimo paese composto da 115 isole. Si trova nel Mar Somalo al largo delle coste del Kenya e del Madagascar. Nonostante siano una nazione insulare, le Seychelles sono membri dell&#039;Unione Africana.<\/p>\n\n\n\n<h2 class=\"wp-block-heading\">Industrie chiave<\/h2>\n\n\n\n<p>Le Seychelles erano agrarie. Ora \u00e8 un fiorente paese basato sul turismo. In effetti, il turismo fornisce la maggior parte delle entrate del paese. Di conseguenza, le Seychelles hanno il PIL nominale pro capite pi\u00f9 alto in Africa.<\/p>\n\n\n\n<p>Anche il settore del turismo \u00e8 un grande datore di lavoro. Inoltre, si aggiunge ai guadagni esteri totali. La maggior parte dei turisti proviene dall&#039;Europa.<\/p>\n\n\n\n<p>The fishing <a href=\"https:\/\/www.sisinternational.com\/it\/competenza\/industrie\/ricerche-di-mercato-industriali\/\" title=\"Ricerca e strategia di mercato industriale\"  data-wpil-monitor-id=\"11262\">industry supplies both local and foreign markets<\/a>. Another benefit of this <a href=\"https:\/\/www.sisinternational.com\/it\/soluzioni\/ricerche-di-mercato-nel-settore-delle-bevande-alimentari\/\" title=\"Ricerche di mercato nel settore alimentare e delle bevande\"  data-wpil-monitor-id=\"11265\">industry is that it boosts food<\/a> security. In addition, it provides income. Seychelles exports high-quality fish to Europe, Japan, France, and Germany. It also targets countries like the United Kingdom and Mauritius.<\/p>\n\n\n\n<p>Il governo delle Seychelles sta cercando di ridurre le importazioni alimentari. Tuttavia, l\u2019agricoltura rappresenta solo una frazione del prodotto interno lordo del paese.<\/p>\n\n\n\n<p>In crescita anche il settore manifatturiero del Paese. Questo settore ha diversi impianti di trasformazione alimentare. Inoltre, le Seychelles hanno industrie chimiche e di produzione di mobili.<\/p>\n\n\n\n<h2 class=\"wp-block-heading\">Quartieri<\/h2>\n\n\n\n<p>Victoria is the capital of Seychelles. It is on the northeastern <a href=\"https:\/\/www.sisinternational.com\/it\/copertura\/ricerche-di-mercato-africane\/ricerche-di-mercato-a-mauritius-in-africa\/\" title=\"Market Research in Mauritius \u2014 Island off Africa&#8217;s East Coast\"  data-wpil-monitor-id=\"11266\">coast of Mahe Island<\/a>. Since it is the country\u2019s only port, all exports leave from there.<\/p>\n\n\n\n<p>La capitale \u00e8 anche la sede del governo nazionale. Nella capitale si trova anche la State House, che \u00e8 l&#039;ufficio del presidente. Inoltre, la capitale \u00e8 il centro culturale degli affari della nazione. Uno dei suoi punti di riferimento \u00e8 la Torre dell&#039;Orologio. Questa torre ha resistito alla prova del tempo, ticchettando dal 1903.<\/p>\n\n\n\n<p>Anse Boileau \u00e8 un altro quartiere sulla costa occidentale di Mahe. Questo bellissimo posto \u00e8 ai piedi di una montagna. Ha una serie di ruscelli, mini-foreste, ruscelli e stagni. Anse Boileau ospita una stazione di polizia, negozi di alimentari e negozi. La spiaggia \u00e8 facilmente raggiungibile in auto o a piedi. \u00c8 adatta anche per nuotare e fare snorkeling grazie alle sue piccole onde e alle acque poco profonde. I visitatori possono anche godersi splendidi tramonti.<\/p>\n\n\n\n<h2 class=\"wp-block-heading\">Tendenze<\/h2>\n\n\n\n<p>La gestione del virus COVID-19 rimane una delle principali preoccupazioni. Il governo, infatti, concede finanziamenti aggiuntivi ai settori che ne hanno pi\u00f9 bisogno.<\/p>\n\n\n\n<p>La spesa di bilancio si \u00e8 spostata verso:<\/p>\n\n\n\n<ol class=\"wp-block-list\">\n<li>La sanit\u00e0 per contenere e combattere il virus<\/li>\n\n\n\n<li>Sicurezza alimentare durante la crisi<\/li>\n\n\n\n<li>Garantire che i dipendenti del settore privato mantengano il posto di lavoro e vengano pagati<\/li>\n\n\n\n<li>Protezione sociale per garantire la sicurezza delle persone pi\u00f9 a rischio<\/li>\n\n\n\n<li>Maggiori misure per prevenire la criminalit\u00e0 durante la crisi<\/li>\n\n\n\n<li>Investimenti per sostenere la crescita<\/li>\n<\/ol>\n\n\n\n<h2 class=\"wp-block-heading\">Vantaggi e punti di forza nel mercato delle Seychelles<\/h2>\n\n\n\n<p>La pandemia ha causato un calo della crescita a causa della riduzione del turismo.<\/p>\n\n\n\n<p>D\u2019altro canto, il settore della pesca continua ad andare bene. Quindi, le Seychelles possono sopravvivere. L\u2019industria ha tre componenti principali. Sono:<\/p>\n\n\n\n<ol class=\"wp-block-list\">\n<li>La pesca artigianale, praticata dai pescatori locali utilizzando piccole imbarcazioni a motore.<\/li>\n\n\n\n<li>La pesca semiindustriale, anch&#039;essa di propriet\u00e0 della gente del posto. Pescano in mare aperto, utilizzando lunghe lenze.<\/li>\n\n\n\n<li>La pesca industriale, composta principalmente da flotte di propriet\u00e0 straniera. Questa \u00e8 la spina dorsale dell\u2019industria della pesca e prende di mira le specie di tonno.<\/li>\n<\/ol>\n\n\n\n<h2 class=\"wp-block-heading\">Base dei consumatori<\/h2>\n\n\n\n<p>Despite the growth in Seychelles, poverty is still widespread.&nbsp;This is due to unequal wealth distribution among its population.<\/p>\n\n\n\n<h2 class=\"wp-block-heading\">Motivi per far crescere la tua attivit\u00e0 nel mercato delle Seychelles<\/h2>\n\n\n\n<p>Il governo sta mettendo in atto diverse misure per sostenere gli agricoltori e i pescatori locali. Li aiuta nella produzione di carne, verdure e pesce.<\/p>\n\n\n\n<p>I confini delle Seychelles rimangono chiusi. In effetti, abbiamo visto che il settore del turismo \u00e8 in crisi. Quindi il Paese ha bisogno di espandersi. Deve ridurre la sua eccessiva dipendenza dal settore turistico. Cos\u00ec facendo, il governo deve anche preservare il tenore di vita della sua popolazione. Inoltre deve rimanere stabile.<\/p>\n\n\n\n<p>That\u2019s why it\u2019s important to attract new investors. Once a business starts <a href=\"https:\/\/www.sisinternational.com\/it\/competenza\/curriculum-di-esperienza\/ricerche-di-mercato-sui-prodotti-per-la-cura-personale\/\" title=\"Ricerche di mercato sui prodotti per la cura personale\"  data-wpil-monitor-id=\"11263\">marketing its products<\/a> it can boost the growth of the country.<\/p>\n\n\n\n<h2 class=\"wp-block-heading\">Informazioni sulle ricerche di mercato alle Seychelles<\/h2>\n\n\n\n<p>Focus groups play a crucial role in protecting investors. That\u2019s why it\u2019s important to conduct surveys on the country. Such <a href=\"https:\/\/www.sisinternational.com\/it\/ricerche-di-mercato-in-africa\/\" title=\"Ricerche di mercato in Africa\"  data-wpil-monitor-id=\"2929\">research is necessary to understand the market<\/a>. <a href=\"https:\/\/www.sisinternational.com\/it\/soluzioni\/soluzioni-di-ricerca-quantitativa-qualitativa\/reclutamento-per-la-ricerca-qualitativa\/\" title=\"Reclutamento per la ricerca qualitativa\"  data-wpil-monitor-id=\"11264\">Qualitative and Quantitative research<\/a> will also help business owners. Investors can determine if investing in Seychelles will benefit them.<\/p>\n\n\n\n<p><a href=\"https:\/\/www.sisinternational.com\/it\/soluzioni\/consulenza-strategica\/come-la-ricerca-strategica-puo-migliorare-le-tue-prestazioni\/\">Ricerca strategica<\/a> is also essential.&nbsp;It tells the investor what will work best in Seychelles.<\/p>\n\n\n\n<p>Stai pensando di investire alle Seychelles? Siamo felici di fornire la tua ricerca di mercato. Vogliamo aiutarti a decidere. Contattaci adesso!<\/p>\n\n\n\n<p><\/p>","protected":false},"excerpt":{"rendered":"<p>Ricerche di mercato alle Seychelles; stai pensando di investire? Siamo felici di fornire la tua ricerca di mercato. Vogliamo aiutarti a decidere.<\/p>","protected":false},"author":1,"featured_media":65214,"parent":14281,"menu_order":40,"comment_status":"closed","ping_status":"closed","template":"","meta":{"footnotes":""},"class_list":["post-38069","page","type-page","status-publish","has-post-thumbnail"],"_links":{"self":[{"href":"https:\/\/www.sisinternational.com\/it\/wp-json\/wp\/v2\/pages\/38069","targetHints":{"allow":["GET"]}}],"collection":[{"href":"https:\/\/www.sisinternational.com\/it\/wp-json\/wp\/v2\/pages"}],"about":[{"href":"https:\/\/www.sisinternational.com\/it\/wp-json\/wp\/v2\/types\/page"}],"author":[{"embeddable":true,"href":"https:\/\/www.sisinternational.com\/it\/wp-json\/wp\/v2\/users\/1"}],"replies":[{"embeddable":true,"href":"https:\/\/www.sisinternational.com\/it\/wp-json\/wp\/v2\/comments?post=38069"}],"version-history":[{"count":6,"href":"https:\/\/www.sisinternational.com\/it\/wp-json\/wp\/v2\/pages\/38069\/revisions"}],"predecessor-version":[{"id":81837,"href":"https:\/\/www.sisinternational.com\/it\/wp-json\/wp\/v2\/pages\/38069\/revisions\/81837"}],"up":[{"embeddable":true,"href":"https:\/\/www.sisinternational.com\/it\/wp-json\/wp\/v2\/pages\/14281"}],"wp:featuredmedia":[{"embeddable":true,"href":"https:\/\/www.sisinternational.com\/it\/wp-json\/wp\/v2\/media\/65214"}],"wp:attachment":[{"href":"https:\/\/www.sisinternational.com\/it\/wp-json\/wp\/v2\/media?parent=38069"}],"curies":[{"name":"wp","href":"https:\/\/api.w.org\/{rel}","templated":true}]}}