{"id":38051,"date":"2021-07-09T03:27:16","date_gmt":"2021-07-09T03:27:16","guid":{"rendered":"https:\/\/www.sisinternational.com\/?page_id=38051"},"modified":"2026-01-26T17:19:55","modified_gmt":"2026-01-26T22:19:55","slug":"ricerche-di-mercato-in-sudan-africa","status":"publish","type":"page","link":"https:\/\/www.sisinternational.com\/it\/copertura\/ricerche-di-mercato-africane\/ricerche-di-mercato-in-sudan-africa\/","title":{"rendered":"Ricerche di mercato in Sudan, Africa"},"content":{"rendered":"<h1 class=\"wp-block-heading\">Ricerche di mercato in Sudan, Africa<\/h1>\n\n\n\n<figure class=\"gb-block-image gb-block-image-64453e76\"><img loading=\"lazy\" decoding=\"async\" width=\"1456\" height=\"816\" class=\"gb-image gb-image-64453e76\" src=\"https:\/\/www.sisinternational.com\/wp-content\/uploads\/2025\/08\/Sudan-1.jpg\" alt=\"Ricerca e strategia di mercato internazionale SIS\" title=\"Sudan (1)\" srcset=\"https:\/\/www.sisinternational.com\/wp-content\/uploads\/2025\/08\/Sudan-1.jpg 1456w, https:\/\/www.sisinternational.com\/wp-content\/uploads\/2025\/08\/Sudan-1-300x168.jpg 300w, https:\/\/www.sisinternational.com\/wp-content\/uploads\/2025\/08\/Sudan-1-1024x574.jpg 1024w, https:\/\/www.sisinternational.com\/wp-content\/uploads\/2025\/08\/Sudan-1-768x430.jpg 768w, https:\/\/www.sisinternational.com\/wp-content\/uploads\/2025\/08\/Sudan-1-18x10.jpg 18w\" sizes=\"auto, (max-width: 1456px) 100vw, 1456px\"><\/figure>\n\n\n\n<p><\/p>\n\n\n\n<p>La Repubblica del Sudan \u00e8 un paese dell&#039;Africa nord-orientale. Si trova a sud dell&#039;Egitto e a nord del Sud Sudan. Ai suoi confini orientali e occidentali si trovano l&#039;Eritrea e il Ciad. Il Mar Rosso si trova a nord-est del Sudan.<\/p>\n\n\n\n<h2 class=\"wp-block-heading\">Industrie chiave<\/h2>\n\n\n\n<p>The primary Sudanese industries are agriculture, tourism, <a href=\"https:\/\/www.sisinternational.com\/it\/competenza\/industrie\/ricerche-di-mercato-del-petrolio-e-del-gas\/\" title=\"Ricerche di mercato nel settore del petrolio e del gas\"  data-wpil-monitor-id=\"11198\">oil &amp; gas<\/a>, and mining.<\/p>\n\n\n\n<p>Il Sudan esporta petrolio greggio, semi oleosi, pecore e capre. Il paese \u00e8 anche un importante esportatore di oro, gomme naturali e cotone.<\/p>\n\n\n\n<p>Gran parte del territorio del Sudan \u00e8 adatto alle pratiche agricole. Inoltre, questa terra fertile aiuta a sostenere la solida industria agricola del paese, che d\u00e0 lavoro alla maggior parte della popolazione. Il Sudan \u00e8 anche impegnato nell\u2019agricoltura irrigua. \u00c8 un dato di fatto, produce diversi raccolti da reddito sotto irrigazione. Ad esempio, gli agricoltori piantano il cotone in questo modo.<\/p>\n\n\n\n<p>Un altro punto chiave \u00e8 che la fonte d\u2019acqua primaria per l\u2019irrigazione \u00e8 il fiume Nilo. L&#039;industria agricola utilizza anche altri piccoli fiumi.<\/p>\n\n\n\n<p>Sudan is famous for its rich history. Another feature of Sudan is the pyramids throughout the country, which attract high levels of tourism. Many ancient sites have gained further popularity with international tourists. For example, one can visit the ancient Kush sites of Meroe Island. Sudan continues to <a href=\"https:\/\/www.sisinternational.com\/it\/soluzioni\/consulenza-per-lospitalita-turistica-turistica\/consulenza-per-lo-sviluppo-turistico\/\" title=\"Consulenza per lo sviluppo turistico\"  data-wpil-monitor-id=\"11195\">develop the tourism<\/a> sector, in particular by investing in it.<\/p>\n\n\n\n<p>The oil and gas sector dominates the share of exports in Sudan. In short, Sudan exports <a href=\"https:\/\/www.sisinternational.com\/it\/competenza\/industrie\/ricerche-sul-mercato-petrolifero\/\" title=\"Ricerche sul mercato del petrolio\"  data-wpil-monitor-id=\"6477\">petroleum products to markets<\/a> in China, Japan, South Korea, and India. In fact, the largest Sudanese oil reserves are in the Southern part of the country. These are in Melut Rift and Muglad basins. Sudan is also home to many oil refineries, which allow it to meet external demand.<\/p>\n\n\n\n<p>In Sudan esiste un&#039;ampia variet\u00e0 di minerali. Questi includono oro, ferro, rame, marmo e pietra calcarea. I sudanesi utilizzano molte miniere, come Gebeit, per estrarre grandi quantit\u00e0 di oro. Ci sono grandi riserve auree all\u2019interno del paese. Il Sudan ha estratto oro per decenni e continua a essere un\u2019industria molto redditizia.<\/p>\n\n\n\n<h2 class=\"wp-block-heading\">Quartieri<\/h2>\n\n\n\n<p>La maggior parte della popolazione sudanese vive nelle zone rurali. La citt\u00e0 pi\u00f9 popolata \u00e8 Omdurman nello stato di Khartoum. La citt\u00e0 Khartoum \u00e8 la seconda citt\u00e0 pi\u00f9 grande per popolazione.<\/p>\n\n\n\n<p>La citt\u00e0 di Khartoum \u00e8 la capitale amministrativa del Sudan. Si trova nello stato di Khartoum e si trova tra il Nilo Azzurro e il Nilo Bianco. Khartoum \u00e8 una citt\u00e0 povera. Si compone solo di poche strade asfaltate e alberate.<\/p>\n\n\n\n<p>Al contrario, la citt\u00e0, Omdurman, si trova a ovest del Nilo. \u00c8 un centro per l&#039;attivit\u00e0 commerciale in Sudan. Il clima a Omdurman \u00e8 soleggiato tutto l&#039;anno con scarse precipitazioni. Questa citt\u00e0 \u00e8 la capitale storica, culturale e spirituale del Sudan.<\/p>\n\n\n\n<h2 class=\"wp-block-heading\">Tendenze<\/h2>\n\n\n\n<figure class=\"gb-block-image gb-block-image-ef5f3f83\"><img loading=\"lazy\" decoding=\"async\" width=\"1456\" height=\"816\" class=\"gb-image gb-image-ef5f3f83\" src=\"https:\/\/www.sisinternational.com\/wp-content\/uploads\/2025\/08\/Sudan-1.jpg\" alt=\"Ricerca e strategia di mercato internazionale SIS\" title=\"Sudan (1)\" srcset=\"https:\/\/www.sisinternational.com\/wp-content\/uploads\/2025\/08\/Sudan-1.jpg 1456w, https:\/\/www.sisinternational.com\/wp-content\/uploads\/2025\/08\/Sudan-1-300x168.jpg 300w, https:\/\/www.sisinternational.com\/wp-content\/uploads\/2025\/08\/Sudan-1-1024x574.jpg 1024w, https:\/\/www.sisinternational.com\/wp-content\/uploads\/2025\/08\/Sudan-1-768x430.jpg 768w, https:\/\/www.sisinternational.com\/wp-content\/uploads\/2025\/08\/Sudan-1-18x10.jpg 18w\" sizes=\"auto, (max-width: 1456px) 100vw, 1456px\"><\/figure>\n\n\n\n<p>C\u2019\u00e8 un urgente bisogno di investimenti esteri diretti in Sudan per garantirne la sopravvivenza. C\u2019\u00e8 un crescente interesse per il mercato dell\u2019energia idroelettrica perch\u00e9 il Sudan \u00e8 un importatore netto di energia. Il governo punta a ribaltare la situazione. Mirano a soddisfare la domanda di energia utilizzando le risorse del paese. Sta esplorando nuovi sviluppi nell\u2019energia nucleare per contribuire a questo obiettivo.<\/p>\n\n\n\n<h2 class=\"wp-block-heading\">Vantaggi e punti di forza nel mercato<\/h2>\n\n\n\n<p>Il Sudan \u00e8 ricco di risorse naturali, tra cui ricchi terreni fertili e una fauna selvatica diversificata. Ha una posizione unica con facile accesso all&#039;oceano e ha anche una grande forza lavoro. Questi attributi possono aiutare a migliorare l\u2019economia sudanese. Attualmente sono sottoutilizzati e rappresentano un&#039;opportunit\u00e0 di investimento.<\/p>\n\n\n\n<h2 class=\"wp-block-heading\">Base dei consumatori<\/h2>\n\n\n\n<p>A large part of the population is food insecure. The people experience high levels of unemployment. As a result, people engage in activities such as subsistence farming, which provides no wages. The Sudanese people also suffer from high levels of illiteracy. There is room for improvement within the education system.<\/p>\n\n\n\n<h2 class=\"wp-block-heading\">Motivi per far crescere la tua attivit\u00e0 nel mercato sudanese<\/h2>\n\n\n\n<p>Despite the many challenges, Sudan is an investment opportunity hub. With adequate funding, businesses in the agricultural and mining sectors will thrive. The Sudanese people tend to underutilize the country\u2019s natural resources and agricultural land. They have not developed the livestock <a href=\"https:\/\/www.sisinternational.com\/it\/venezuela-oil-mining-industry-potential-strategic-forecast-2026-2036\/\" title=\"Venezuela Oil &amp; Mining Industry Potential: Strategic Forecast 2026-2036\"  data-wpil-monitor-id=\"11197\">industry to its full potential<\/a>. Thus, these sectors are ripe for foreign investment.<\/p>\n\n\n\n<p>Anche il Sudan deve migliorare la propria rete di trasporti. I trasporti e altri sviluppi infrastrutturali rappresentano buone opportunit\u00e0 di business.<\/p>\n\n\n\n<p>Il mercato sudanese \u00e8 sottosviluppato e ha un enorme potenziale di crescita.<\/p>\n\n\n\n<h2 class=\"wp-block-heading\">Informazioni sulle ricerche di mercato in Sudan<\/h2>\n\n\n\n<p>Businesses should conduct Quantitative, Qualitative, and Strategic <a href=\"https:\/\/www.sisinternational.com\/it\/ricerche-di-mercato-in-africa\/\" title=\"Ricerche di mercato in Africa\"  data-wpil-monitor-id=\"2933\">Research before market<\/a> entry. Such <a href=\"https:\/\/www.sisinternational.com\/it\/competenza\/industrie\/chief-information-officer-cio-ricerche-di-mercato\/\" title=\"Ricerca di mercato del Chief Information Officer (CIO).\"  data-wpil-monitor-id=\"11200\">research analyzes current information<\/a>. It helps investors to make decisions on <a href=\"https:\/\/www.sisinternational.com\/it\/competenza\/curriculum-di-esperienza\/ricerche-di-mercato-sui-prodotti-per-la-cura-personale\/\" title=\"Ricerche di mercato sui prodotti per la cura personale\"  data-wpil-monitor-id=\"11193\">market entry and on which products<\/a> to sell. <a href=\"https:\/\/www.sisinternational.com\/it\/soluzioni\/soluzioni-di-branding-e-ricerca-clienti\/ricerca-di-mercato-sul-posizionamento-del-marchio\/\" title=\"Ricerche di mercato sul posizionamento del marchio\"  data-wpil-monitor-id=\"11192\">Market Research can have a positive<\/a> impact on your business ventures. Thus, it\u2019s essential to give it some consideration before <a href=\"https:\/\/www.sisinternational.com\/it\/soluzioni\/consulenza-strategica\/ricerca-sulle-opportunita-di-ingresso-nel-mercato\/lefficacia-dei-test-sui-prodotti-a-new-york-per-entrare-nel-mercato-americano\/\" title=\"L&#039;efficacia dei test sui prodotti a New York per entrare nel mercato americano\"  data-wpil-monitor-id=\"11202\">entering the Sudanese market<\/a>.<\/p>\n\n\n\n<p><\/p>","protected":false},"excerpt":{"rendered":"<p>Ricerche di mercato in Sudan, Africa La Repubblica del Sudan \u00e8 un paese dell&#039;Africa nordorientale. Si trova a sud dell&#039;Egitto e a nord del Sud Sudan. Ai suoi confini orientali e occidentali si trovano l&#039;Eritrea e il Ciad. Il Mar Rosso si trova a nord-est del Sudan. Industrie chiave Le principali industrie sudanesi sono l\u2019agricoltura, il turismo, il petrolio\u2026 <a title=\"Ricerche di mercato in Sudan, Africa\" class=\"read-more\" href=\"https:\/\/www.sisinternational.com\/it\/copertura\/ricerche-di-mercato-africane\/ricerche-di-mercato-in-sudan-africa\/\" aria-label=\"Per saperne di pi\u00f9 su Ricerche di mercato in Sudan, Africa\">Leggi tutto<\/a><\/p>","protected":false},"author":1,"featured_media":65226,"parent":14281,"menu_order":39,"comment_status":"closed","ping_status":"closed","template":"","meta":{"footnotes":""},"class_list":["post-38051","page","type-page","status-publish","has-post-thumbnail"],"_links":{"self":[{"href":"https:\/\/www.sisinternational.com\/it\/wp-json\/wp\/v2\/pages\/38051","targetHints":{"allow":["GET"]}}],"collection":[{"href":"https:\/\/www.sisinternational.com\/it\/wp-json\/wp\/v2\/pages"}],"about":[{"href":"https:\/\/www.sisinternational.com\/it\/wp-json\/wp\/v2\/types\/page"}],"author":[{"embeddable":true,"href":"https:\/\/www.sisinternational.com\/it\/wp-json\/wp\/v2\/users\/1"}],"replies":[{"embeddable":true,"href":"https:\/\/www.sisinternational.com\/it\/wp-json\/wp\/v2\/comments?post=38051"}],"version-history":[{"count":5,"href":"https:\/\/www.sisinternational.com\/it\/wp-json\/wp\/v2\/pages\/38051\/revisions"}],"predecessor-version":[{"id":81827,"href":"https:\/\/www.sisinternational.com\/it\/wp-json\/wp\/v2\/pages\/38051\/revisions\/81827"}],"up":[{"embeddable":true,"href":"https:\/\/www.sisinternational.com\/it\/wp-json\/wp\/v2\/pages\/14281"}],"wp:featuredmedia":[{"embeddable":true,"href":"https:\/\/www.sisinternational.com\/it\/wp-json\/wp\/v2\/media\/65226"}],"wp:attachment":[{"href":"https:\/\/www.sisinternational.com\/it\/wp-json\/wp\/v2\/media?parent=38051"}],"curies":[{"name":"wp","href":"https:\/\/api.w.org\/{rel}","templated":true}]}}