{"id":38049,"date":"2021-07-09T03:17:46","date_gmt":"2021-07-09T03:17:46","guid":{"rendered":"https:\/\/www.sisinternational.com\/?page_id=38049"},"modified":"2026-01-27T16:37:03","modified_gmt":"2026-01-27T21:37:03","slug":"ricerche-di-mercato-in-togo-africa","status":"publish","type":"page","link":"https:\/\/www.sisinternational.com\/it\/copertura\/ricerche-di-mercato-africane\/ricerche-di-mercato-in-togo-africa\/","title":{"rendered":"Ricerche di mercato in Togo, Africa"},"content":{"rendered":"<h1 class=\"wp-block-heading\">Ricerche di mercato in Togo, Africa<\/h1>\n\n\n\n<figure class=\"gb-block-image gb-block-image-ee6d7afd\"><img loading=\"lazy\" decoding=\"async\" width=\"1456\" height=\"816\" class=\"gb-image gb-image-ee6d7afd\" src=\"https:\/\/www.sisinternational.com\/wp-content\/uploads\/2025\/08\/Togo-2.jpg\" alt=\"Ricerca e strategia di mercato internazionale SIS\" title=\"Togo (2)\" srcset=\"https:\/\/www.sisinternational.com\/wp-content\/uploads\/2025\/08\/Togo-2.jpg 1456w, https:\/\/www.sisinternational.com\/wp-content\/uploads\/2025\/08\/Togo-2-300x168.jpg 300w, https:\/\/www.sisinternational.com\/wp-content\/uploads\/2025\/08\/Togo-2-1024x574.jpg 1024w, https:\/\/www.sisinternational.com\/wp-content\/uploads\/2025\/08\/Togo-2-768x430.jpg 768w, https:\/\/www.sisinternational.com\/wp-content\/uploads\/2025\/08\/Togo-2-18x10.jpg 18w\" sizes=\"auto, (max-width: 1456px) 100vw, 1456px\"><\/figure>\n\n\n\n<p><\/p>\n\n\n\n<p>Il Togo \u00e8 un piccolo paese dell&#039;Africa occidentale. La sua area \u00e8 di sole 35.400 miglia quadrate e si trova a sud del Burkina Faso, del Mali e del Niger. Il nome ufficiale del Togo \u00e8 Repubblica del Togo.<\/p>\n\n\n\n<p>Il Togo era il centro commerciale della regione dell&#039;Africa occidentale. In effetti, governava la rotta commerciale gi\u00e0 nel XVI secolo. Durante questo periodo, la posizione del Togo nel Golfo di Guinea fu un enorme vantaggio. Il Togo fungeva da centro commerciale. In effetti, era un centro nevralgico per la tratta degli schiavi transatlantica europea. Il Togo era anche un centro per la tratta degli schiavi transahariani controllata dagli arabi. Di conseguenza, il Togo e le regioni vicine si guadagnarono il nome di \u201cCosta degli schiavi\u201d.<\/p>\n\n\n\n<h2 class=\"wp-block-heading\">Industrie chiave<\/h2>\n\n\n\n<p>I fosfati rappresentano la principale esportazione del Togo perch\u00e9 dispone di milioni di tonnellate di riserve di fosfati.<\/p>\n\n\n\n<p>The country depends on subsistence agriculture as its economic pillar. So, to encourage agriculture, the government has built more roads and renovated the Lom\u00e9 port. As a result, agricultural production has grown. As a matter of fact, this sector employs most of the population. Farmers sell their harvests <a href=\"https:\/\/www.sisinternational.com\/it\/soluzioni\/soluzioni-di-branding-e-ricerca-clienti\/ricerche-di-mercato-al-dettaglio\/\" title=\"Ricerche di mercato al dettaglio | Ricerche di mercato in negozio\"  data-wpil-monitor-id=\"8759\">retail and wholesale in informal markets<\/a> across every town and village.<\/p>\n\n\n\n<p>Il Togo ha un\u2019economia sottosviluppata. Il settore privato sta andando bene, ma questa crescita non va a vantaggio di tutti. In effetti, la povert\u00e0 e la disuguaglianza sono elevate nel Togo moderno, soprattutto nelle zone rurali. Inoltre, ha un alto tasso di fertilit\u00e0. La popolazione cresce troppo velocemente e l\u2019economia non riesce a tenere il passo. E nemmeno i servizi pubblici del Paese. Di conseguenza, molte persone non hanno accesso a questi servizi. Tuttavia, il Togo \u00e8 autosufficiente per quanto riguarda il cibo. Negli anni di raccolti medi e buoni, pu\u00f2 sostenersi da sola.<\/p>\n\n\n\n<h2 class=\"wp-block-heading\">Quartieri<\/h2>\n\n\n\n<p>Lom\u00e9, the capital of Togo, is a coastal city. It has gone through several colonial powers one after the other.&nbsp;The architecture has heavy German and French influences, which you can see&nbsp;in churches and government&nbsp;buildings.&nbsp;Another key point about Lom\u00e9 is that it is peaceful. Togolese people are friendly and welcoming.<\/p>\n\n\n\n<p>Lom\u00e9 is at the southwest tip of Togo, near the border with Ghana. It\u2019s on a lagoon that extends toward the Tokoin Plateau. The city is perfect for the casual walker. Attractions like the Lom\u00e9 Grand <a href=\"https:\/\/www.sisinternational.com\/it\/competenza\/industrie\/ricerche-di-mercato-nel-settore-della-cura-degli-occhi\/\" title=\"Ricerche di mercato per la cura degli occhi\"  data-wpil-monitor-id=\"8762\">Mercato<\/a> and the Lom\u00e9 Cathedral catch the eye. Lome also has many beaches and a voodoo <a href=\"https:\/\/www.sisinternational.com\/it\/soluzioni\/ricerca-di-consulenza-strategica-fintech\/ricerche-di-mercato-sui-capitali-di-rischio\/\" title=\"Ricerche di mercato sui capitali di rischio\"  data-wpil-monitor-id=\"8760\">market for those daring enough to venture<\/a> there.<\/p>\n\n\n\n<h2 class=\"wp-block-heading\">Tendenze<\/h2>\n\n\n\n<p>L\u2019uso di Internet \u00e8 elevato in Togo e ci\u00f2 offre grandi opportunit\u00e0 di crescita aziendale. In effetti, investire in un\u2019attivit\u00e0 digitale mentre l\u2019economia togolese si stabilizza potrebbe farti guadagnare un sacco di soldi. Allo stesso modo, l\u2019infrastruttura digitale nell\u2019Africa occidentale deve espandersi per soddisfare la crescente domanda. Pertanto, il Togo pu\u00f2 fungere da punto di partenza per una rivoluzione digitale.<\/p>\n\n\n\n<h2 class=\"wp-block-heading\">Vantaggi e punti di forza<\/h2>\n\n\n\n<p>Togo is still a regional hub. It no longer deals in human cargo, but in business activity. Thus, it is an excellent choice if you want to expand your <a href=\"https:\/\/www.sisinternational.com\/it\/leffetto-della-cultura-del-mercato-nigeriano-sugli-affari\/\" title=\"Il mercato nigeriano: l&#039;effetto della cultura sul business\"  data-wpil-monitor-id=\"7479\">business into the rest of West Africa<\/a>. In addition, the Trans-West African Coastal Highway runs through Togo. This major route is another benefit since it connects Togo to Nigeria and Benin in the east. It also connects the country to Cote d\u2019Ivoire and Ghana on the west.<\/p>\n\n\n\n<h2 class=\"wp-block-heading\">Base dei consumatori<\/h2>\n\n\n\n<figure class=\"gb-block-image gb-block-image-c275dee0\"><img loading=\"lazy\" decoding=\"async\" width=\"1456\" height=\"816\" class=\"gb-image gb-image-c275dee0\" src=\"https:\/\/www.sisinternational.com\/wp-content\/uploads\/2025\/08\/Togo-3.jpg\" alt=\"Ricerca e strategia di mercato internazionale SIS\" title=\"Togo (3)\" srcset=\"https:\/\/www.sisinternational.com\/wp-content\/uploads\/2025\/08\/Togo-3.jpg 1456w, https:\/\/www.sisinternational.com\/wp-content\/uploads\/2025\/08\/Togo-3-300x168.jpg 300w, https:\/\/www.sisinternational.com\/wp-content\/uploads\/2025\/08\/Togo-3-1024x574.jpg 1024w, https:\/\/www.sisinternational.com\/wp-content\/uploads\/2025\/08\/Togo-3-768x430.jpg 768w, https:\/\/www.sisinternational.com\/wp-content\/uploads\/2025\/08\/Togo-3-18x10.jpg 18w\" sizes=\"auto, (max-width: 1456px) 100vw, 1456px\"><\/figure>\n\n\n\n<p><\/p>\n\n\n\n<p>Il popolo togolese lotta per avere una possibilit\u00e0 di sviluppo nel proprio paese. La corruzione \u00e8 diffusa. Inoltre, circa la met\u00e0 degli 8 milioni di togolesi vive al di sotto della soglia di povert\u00e0 assoluta. Il reddito pro capite \u00e8 basso. I tassi di occupazione e sottoccupazione sono elevati tra i giovani. Ci sono poche opportunit\u00e0 di istruzione e formazione continua. Ma il settore privato richiede pi\u00f9 manodopera. La formazione professionale diventa quindi un\u2019opportunit\u00e0 di business. Pu\u00f2 farti guadagnare soldi e aiutare a risolvere il problema dell\u2019occupazione giovanile allo stesso tempo.<\/p>\n\n\n\n<h2 class=\"wp-block-heading\">Motivi per far crescere la tua attivit\u00e0 in Togo<\/h2>\n\n\n\n<p>Le tasse elevate ostacolano lo sviluppo del settore privato. Ottenere finanziamenti \u00e8 un altro problema affrontato dagli investitori privati. Le imprese incontreranno molti altri ostacoli. Perch\u00e9? Perch\u00e9 il Togo \u00e8 ancora politicamente instabile. La situazione \u00e8 in miglioramento ma ancora presente. In breve, il Togo non \u00e8 molto amichevole nei confronti degli investitori. Tuttavia, il Togo ha molto da offrire agli investitori, quindi non lasciarti scoraggiare.<\/p>\n\n\n\n<h2 class=\"wp-block-heading\">Ricerche di mercato in Togo<\/h2>\n\n\n\n<p>Noi forniamo <a href=\"https:\/\/www.sisinternational.com\/it\/qualitative-research-to-enhance-customer-experience\/\" title=\"Qualitative Research to Enhance Customer Experience\"  data-wpil-monitor-id=\"8758\">Ricerca qualitativa e quantitativa<\/a> to tell you who and where your customers are. Strategy Research in Togo is also crucial. It helps investors to understand how to <a href=\"https:\/\/www.sisinternational.com\/it\/avviare-unimpresa-in-turchia\/\" title=\"Avviare un&#039;impresa in Turchia\"  data-wpil-monitor-id=\"8761\">set realistic targets for their business<\/a>. We use Interviews and Surveys, so you can find new customers and know the best time to expand. We also use <a href=\"https:\/\/www.sisinternational.com\/it\/azienda-leader-nel-focus-group-globale\/\" title=\"La migliore azienda di focus group globale\"  data-wpil-monitor-id=\"8757\">Focus Groups to assist companies<\/a> in making the best business decisions. Contact us today, so we can work together to build your business in Togo.<\/p>\n\n\n\n<p><\/p>","protected":false},"excerpt":{"rendered":"<p>Market Research in Togo, Africa Togo is a small west African country. Its area is only 35,400 square miles, and it lies south of Burkina Faso, Mali, and Niger. The official name for Togo is the Togolese Republic. Togo used to be the trade center of the West African region. In fact, it ruled the &#8230; <a title=\"Ricerche di mercato in Togo, Africa\" class=\"read-more\" href=\"https:\/\/www.sisinternational.com\/it\/copertura\/ricerche-di-mercato-africane\/ricerche-di-mercato-in-togo-africa\/\" aria-label=\"Per saperne di pi\u00f9 su Market Research in Togo, Africa\">Leggi tutto<\/a><\/p>","protected":false},"author":1,"featured_media":65234,"parent":14281,"menu_order":38,"comment_status":"closed","ping_status":"closed","template":"","meta":{"footnotes":""},"class_list":["post-38049","page","type-page","status-publish","has-post-thumbnail"],"_links":{"self":[{"href":"https:\/\/www.sisinternational.com\/it\/wp-json\/wp\/v2\/pages\/38049","targetHints":{"allow":["GET"]}}],"collection":[{"href":"https:\/\/www.sisinternational.com\/it\/wp-json\/wp\/v2\/pages"}],"about":[{"href":"https:\/\/www.sisinternational.com\/it\/wp-json\/wp\/v2\/types\/page"}],"author":[{"embeddable":true,"href":"https:\/\/www.sisinternational.com\/it\/wp-json\/wp\/v2\/users\/1"}],"replies":[{"embeddable":true,"href":"https:\/\/www.sisinternational.com\/it\/wp-json\/wp\/v2\/comments?post=38049"}],"version-history":[{"count":4,"href":"https:\/\/www.sisinternational.com\/it\/wp-json\/wp\/v2\/pages\/38049\/revisions"}],"predecessor-version":[{"id":81469,"href":"https:\/\/www.sisinternational.com\/it\/wp-json\/wp\/v2\/pages\/38049\/revisions\/81469"}],"up":[{"embeddable":true,"href":"https:\/\/www.sisinternational.com\/it\/wp-json\/wp\/v2\/pages\/14281"}],"wp:featuredmedia":[{"embeddable":true,"href":"https:\/\/www.sisinternational.com\/it\/wp-json\/wp\/v2\/media\/65234"}],"wp:attachment":[{"href":"https:\/\/www.sisinternational.com\/it\/wp-json\/wp\/v2\/media?parent=38049"}],"curies":[{"name":"wp","href":"https:\/\/api.w.org\/{rel}","templated":true}]}}