{"id":38047,"date":"2021-07-09T03:13:57","date_gmt":"2021-07-09T03:13:57","guid":{"rendered":"https:\/\/www.sisinternational.com\/?page_id=38047"},"modified":"2025-09-14T17:48:07","modified_gmt":"2025-09-14T21:48:07","slug":"ricerche-di-mercato-in-zambia-africa","status":"publish","type":"page","link":"https:\/\/www.sisinternational.com\/it\/copertura\/ricerche-di-mercato-africane\/ricerche-di-mercato-in-zambia-africa\/","title":{"rendered":"Ricerche di mercato in Zambia, Africa"},"content":{"rendered":"<h1 class=\"wp-block-heading\">Ricerche di mercato in Zambia, Africa<\/h1>\n\n\n\n<figure class=\"gb-block-image gb-block-image-d86cc733\"><img loading=\"lazy\" decoding=\"async\" width=\"1456\" height=\"816\" class=\"gb-image gb-image-d86cc733\" src=\"https:\/\/www.sisinternational.com\/wp-content\/uploads\/2025\/08\/Zambia-3.jpg\" alt=\"Ricerca e strategia di mercato internazionale SIS\" title=\"Zambia (3)\" srcset=\"https:\/\/www.sisinternational.com\/wp-content\/uploads\/2025\/08\/Zambia-3.jpg 1456w, https:\/\/www.sisinternational.com\/wp-content\/uploads\/2025\/08\/Zambia-3-300x168.jpg 300w, https:\/\/www.sisinternational.com\/wp-content\/uploads\/2025\/08\/Zambia-3-1024x574.jpg 1024w, https:\/\/www.sisinternational.com\/wp-content\/uploads\/2025\/08\/Zambia-3-768x430.jpg 768w, https:\/\/www.sisinternational.com\/wp-content\/uploads\/2025\/08\/Zambia-3-18x10.jpg 18w\" sizes=\"auto, (max-width: 1456px) 100vw, 1456px\"><\/figure>\n\n\n\n<p><\/p>\n\n\n\n<p>Lo Zambia ospita le famose Cascate Vittoria. Questo paese senza sbocco sul mare nell&#039;Africa centro-meridionale si trova su un altopiano. Numerosi corsi d&#039;acqua lo circondano. Con oltre 18 milioni di abitanti, lo Zambia ospita anche oltre 70 gruppi etnici. Ha una piccola presenza asiatica ed espatriati da Europa, Gran Bretagna e Sud Africa.<\/p>\n\n\n\n<p>Uno dei principali svantaggi dello Zambia sono le infrastrutture. Mancano ponti su grandi fiumi e torrenti e le reti stradali nelle zone rurali sono inadeguate. Quasi mezzo secolo fa, i confini furono chiusi a causa della guerriglia nella vicina Rhodesia del Sud (l\u2019attuale Zimbabwe). Da allora, le reti stradali stanno migliorando. Tuttavia, c\u2019\u00e8 spazio per ulteriori sviluppi.<\/p>\n\n\n\n<h2 class=\"wp-block-heading\">Quartieri<\/h2>\n\n\n\n<p>Zambia\u2019s capital, Lusaka, is one of Africa\u2019s fastest-growing cities. New buildings are going up everywhere. Shopping malls and chain stores are springing up all over the sprawling suburbs. The <a href=\"https:\/\/www.sisinternational.com\/it\/garantire-che-i-clienti-ricordino-il-tuo-messaggio\/\" title=\"Ricerche di mercato sull&#039;attivazione del marchio\"  data-wpil-monitor-id=\"7745\">markets are hives of activity<\/a> with thousands of stalls. They house a myriad of restaurants, motor spares dealers, fishmongers, hairdressers, and fruit sellers. You\u2019ll also find row upon row of \u201csalaula\u201d \u2013 stalls of used clothing from the West sold to Africa by the bale.<\/p>\n\n\n\n<p>Kitwe \u00e8 la seconda citt\u00e0 pi\u00f9 grande dello Zambia ed \u00e8 il fulcro dell&#039;area del Copperbelt e il principale centro commerciale e industriale del paese. Kitwe \u00e8 una citt\u00e0 moderna con un cinema, un teatro e diversi hotel. \u00c8 una scelta popolare per gli sviluppatori industriali e comprende diversi settori. Kitwe, ad esempio, produce batterie, abbigliamento e mobili. Ha anche fiorenti industrie di produzione di beni di consumo, cemento e amianto.<\/p>\n\n\n\n<h2 class=\"wp-block-heading\">Tendenze<\/h2>\n\n\n\n<p>Lo Zambia sta vivendo un significativo cambiamento demografico. \u00c8 un paese giovane in termini di et\u00e0 media. Quasi la met\u00e0 della popolazione dello Zambia ha meno di 15 anni. Lo Zambia ha un alto tasso di fertilit\u00e0 e la popolazione sta mostrando una rapida crescita. Raddoppia ogni 25 anni circa.<\/p>\n\n\n\n<p>Il Paese si trova ad affrontare la minaccia di impatti prolungati dovuti al COVID-19. La pandemia ha contribuito al declino di diverse attivit\u00e0 economiche. La povert\u00e0 \u00e8 in aumento a causa delle pesanti perdite di posti di lavoro nel turismo e nell\u2019industria manifatturiera. Questa situazione, se prolungata, potrebbe influenzare la crescita economica.<\/p>\n\n\n\n<h2 class=\"wp-block-heading\">Industrie chiave<\/h2>\n\n\n\n<p>Copper and cobalt <a href=\"https:\/\/www.sisinternational.com\/it\/venezuela-oil-mining-industry-potential-strategic-forecast-2026-2036\/\" title=\"Venezuela Oil &amp; Mining Industry Potential: Strategic Forecast 2026-2036\"  data-wpil-monitor-id=\"7746\">mining is the primary industry<\/a> in Zambia, but agriculture, forestry, fishing, textile manufacturing, and tourism are also promising ventures. Export crops include tobacco, cotton, fresh vegetables, and flowers. The country also exports gemstones, copper wire, cables, chemicals, and chemical products. In addition, it manufactures equipment and machinery.<\/p>\n\n\n\n<p>Corn, millet, peanuts, cassava, and sorghum are the primary food sources for local consumption. Further, Zambians have a robust timber industry with several species of exotic softwoods. The country has improved sugarcane <a href=\"https:\/\/www.sisinternational.com\/it\/competenza\/curriculum-di-esperienza\/ricerche-di-mercato-sui-prodotti-per-la-cura-personale\/\" title=\"Ricerche di mercato sui prodotti per la cura personale\"  data-wpil-monitor-id=\"7744\">production for the local and domestic markets<\/a>. Zambian farmers also grow wheat, tobacco, tea, and coffee.<\/p>\n\n\n\n<p>Inoltre, gran parte della popolazione dipende da altri boschi per produrre carbone. Questo carbone serve come combustibile da cucina nelle case rurali. La pesca \u00e8 anche una fiorente opzione economica grazie alla profusione di laghi, fiumi e paludi.<\/p>\n\n\n\n<p>Ci\u00f2 che \u00e8 significativo \u00e8 la ricca offerta dello Zambia di alcuni dei pi\u00f9 grandi giacimenti di smeraldi del mondo. Inoltre, ci sono altre gemme come la tormalina, l&#039;acquamarina e l&#039;ametista. Lo Zambia produce anche talco, oro, cobalto, minerale di ferro, argento e rottami metallici per uso cosmetico.<\/p>\n\n\n\n<p>I principali partner di esportazione dello Zambia includono:<\/p>\n\n\n\n<ul class=\"wp-block-list\">\n<li>Cina<\/li>\n\n\n\n<li>Sud Africa<\/li>\n\n\n\n<li>Svizzera<\/li>\n\n\n\n<li>La Repubblica Democratica del Congo<\/li>\n<\/ul>\n\n\n\n<h2 class=\"wp-block-heading\">Base dei consumatori<\/h2>\n\n\n\n<p>Quasi la met\u00e0 della popolazione dello Zambia vive in paesi o citt\u00e0. Pertanto, \u00e8 uno dei paesi pi\u00f9 urbanizzati dell\u2019Africa. Questa tendenza sembra destinata ad aumentare nei prossimi anni poich\u00e9 l\u2019economia continua a crescere. Sempre pi\u00f9 abitanti poveri delle zone rurali si trasferiscono in queste aree urbane, il che rappresenta un vantaggio per alcune imprese.<\/p>\n\n\n\n<h2 class=\"wp-block-heading\">Motivi per far crescere la tua attivit\u00e0 in Zambia<\/h2>\n\n\n\n<p>Lo Zambia \u00e8 un paese sicuro, con una forma di governo stabile e un popolo cordiale e amichevole. Presenta sfide in alcuni settori. Tuttavia, questo paese a reddito medio-basso \u00e8 ricco di numerose risorse naturali. Queste risorse possono alimentare l\u2019attivit\u00e0 economica. Nonostante il recente calo del PIL, le prospettive rimangono favorevoli. Lo Zambia \u00e8 maturo per investimenti nell\u2019estrazione del rame, nel turismo e nella produzione.<\/p>\n\n\n\n<h2 class=\"wp-block-heading\">Informazioni sulle ricerche di mercato in Zambia<\/h2>\n\n\n\n<p>Are you <a href=\"https:\/\/www.sisinternational.com\/it\/prospettive-economiche-del-qatar\/\" title=\"Prospettive economiche e ricerche di mercato del Qatar\"  data-wpil-monitor-id=\"7743\">researching the economic outlook<\/a> and growth rate for Zambia? Are you searching for good investment opportunities? Then we can put you in an excellent position to explore several exciting prospects. Our extensive study includes Qualitative, Quantitative, and Strategy Research methods. We will help you to make an informed decision about investing in this resource-rich country.<\/p>","protected":false},"excerpt":{"rendered":"<p>Market Research in Zambia, Africa Zambia is home to the world-famous Victoria Falls. This landlocked country in South-Central Africa sits on a plateau. Several waterways surround it. With over 18 million people, Zambia is also home to over 70 ethnic groups. It has a small Asian presence and expatriates from Europe, Britain, and South Africa. &#8230; <a title=\"Ricerche di mercato in Zambia, Africa\" class=\"read-more\" href=\"https:\/\/www.sisinternational.com\/it\/copertura\/ricerche-di-mercato-africane\/ricerche-di-mercato-in-zambia-africa\/\" aria-label=\"Per saperne di pi\u00f9 su Market Research in Zambia, Africa\">Leggi tutto<\/a><\/p>","protected":false},"author":1,"featured_media":65157,"parent":14281,"menu_order":37,"comment_status":"closed","ping_status":"closed","template":"","meta":{"footnotes":""},"class_list":["post-38047","page","type-page","status-publish","has-post-thumbnail"],"_links":{"self":[{"href":"https:\/\/www.sisinternational.com\/it\/wp-json\/wp\/v2\/pages\/38047","targetHints":{"allow":["GET"]}}],"collection":[{"href":"https:\/\/www.sisinternational.com\/it\/wp-json\/wp\/v2\/pages"}],"about":[{"href":"https:\/\/www.sisinternational.com\/it\/wp-json\/wp\/v2\/types\/page"}],"author":[{"embeddable":true,"href":"https:\/\/www.sisinternational.com\/it\/wp-json\/wp\/v2\/users\/1"}],"replies":[{"embeddable":true,"href":"https:\/\/www.sisinternational.com\/it\/wp-json\/wp\/v2\/comments?post=38047"}],"version-history":[{"count":3,"href":"https:\/\/www.sisinternational.com\/it\/wp-json\/wp\/v2\/pages\/38047\/revisions"}],"predecessor-version":[{"id":81306,"href":"https:\/\/www.sisinternational.com\/it\/wp-json\/wp\/v2\/pages\/38047\/revisions\/81306"}],"up":[{"embeddable":true,"href":"https:\/\/www.sisinternational.com\/it\/wp-json\/wp\/v2\/pages\/14281"}],"wp:featuredmedia":[{"embeddable":true,"href":"https:\/\/www.sisinternational.com\/it\/wp-json\/wp\/v2\/media\/65157"}],"wp:attachment":[{"href":"https:\/\/www.sisinternational.com\/it\/wp-json\/wp\/v2\/media?parent=38047"}],"curies":[{"name":"wp","href":"https:\/\/api.w.org\/{rel}","templated":true}]}}