{"id":38036,"date":"2021-07-09T02:27:58","date_gmt":"2021-07-09T02:27:58","guid":{"rendered":"https:\/\/www.sisinternational.com\/?page_id=38036"},"modified":"2026-01-27T16:37:05","modified_gmt":"2026-01-27T21:37:05","slug":"ricerche-di-mercato-nello-zimbabwe-africa","status":"publish","type":"page","link":"https:\/\/www.sisinternational.com\/it\/copertura\/ricerche-di-mercato-africane\/ricerche-di-mercato-nello-zimbabwe-africa\/","title":{"rendered":"Ricerche di mercato nello Zimbabwe, Africa"},"content":{"rendered":"<h1 class=\"wp-block-heading\">Ricerche di mercato nello Zimbabwe, Africa<\/h1>\n\n\n\n<figure class=\"gb-block-image gb-block-image-b926d6f2\"><img loading=\"lazy\" decoding=\"async\" width=\"1456\" height=\"816\" class=\"gb-image gb-image-b926d6f2\" src=\"https:\/\/www.sisinternational.com\/wp-content\/uploads\/2025\/08\/Zimbabwe-3.jpg\" alt=\"Ricerca e strategia di mercato internazionale SIS\" title=\"Zimbabwe, (3)\" srcset=\"https:\/\/www.sisinternational.com\/wp-content\/uploads\/2025\/08\/Zimbabwe-3.jpg 1456w, https:\/\/www.sisinternational.com\/wp-content\/uploads\/2025\/08\/Zimbabwe-3-300x168.jpg 300w, https:\/\/www.sisinternational.com\/wp-content\/uploads\/2025\/08\/Zimbabwe-3-1024x574.jpg 1024w, https:\/\/www.sisinternational.com\/wp-content\/uploads\/2025\/08\/Zimbabwe-3-768x430.jpg 768w, https:\/\/www.sisinternational.com\/wp-content\/uploads\/2025\/08\/Zimbabwe-3-18x10.jpg 18w\" sizes=\"auto, (max-width: 1456px) 100vw, 1456px\"><\/figure>\n\n\n\n<p><\/p>\n\n\n\n<p>La Repubblica dello Zimbabwe, ex Rhodesia, offre alcuni dei paesaggi pi\u00f9 mozzafiato dell&#039;Africa meridionale. \u00c8 un territorio senza sbocco sul mare, stretto tra i fiumi Limpopo e Zambesi. La sua superficie totale \u00e8 di oltre 150.000 miglia quadrate.<\/p>\n\n\n\n<p>The country borders Mozambique to the <a href=\"https:\/\/www.sisinternational.com\/it\/copertura\/ricerche-di-mercato-africane\/ricerche-di-mercato-in-uganda-africa\/\" title=\"Ricerche di mercato in Uganda, Africa orientale\"  data-wpil-monitor-id=\"6087\">east and South Africa<\/a> to the south. Zambia and Botswana are to the <a href=\"https:\/\/www.sisinternational.com\/it\/copertura\/ricerche-di-mercato-africane\/ricerche-di-mercato-in-marocco-nord-africa\/\" title=\"Ricerche di mercato in Marocco, continente africano nordoccidentale\"  data-wpil-monitor-id=\"11238\">north and west<\/a>. After years of civil and military unrest, Zimbabwe began to settle down around 1980. Yet, although it had a more stable form of government, it still faced hardships. For example, its struggle with hyperinflation is well-known.<\/p>\n\n\n\n<p>Even now, electricity flickers on for only a few hours at a time, often at night. Another challenge is running water, which flows for only a few hours a week. It\u2019s a difficult climate to run a business. In fact, business owners have to import power from Mozambique and South <a href=\"https:\/\/www.sisinternational.com\/it\/leffetto-della-cultura-del-mercato-nigeriano-sugli-affari\/\" title=\"Il mercato nigeriano: l&#039;effetto della cultura sul business\"  data-wpil-monitor-id=\"7480\">Africa<\/a>. Still, it provides an opportunity for investors. These investors can look at providing essential services, ensuring the survival of businesses.<\/p>\n\n\n\n<h2 class=\"wp-block-heading\">Tendenze<\/h2>\n\n\n\n<p>Circa il 75% della popolazione dipende dall\u2019agricoltura per la propria esistenza. Da notare l\u2019alto tasso di alfabetizzazione e la forza lavoro progressista e ben istruita. Questi indicatori sono segnali positivi per gli investitori che vogliono formare alleanze strategiche. I servizi, l\u2019industria manifatturiera, le telecomunicazioni e l\u2019agricoltura sono ottimi punti di partenza.<\/p>\n\n\n\n<p>L\u2019attuale recessione mondiale e il Covid-19 hanno influenzato le condizioni di vita e l\u2019occupazione. Tuttavia, le prospettive economiche sono positive. Lo Zimbabwe continua a godere di un\u2019economia forte. Inoltre, non dipende in modo significativo dai finanziamenti delle agenzie internazionali. Inoltre, gli esperti prevedono un aumento del PIL alimentato dall\u2019agricoltura.<\/p>\n\n\n\n<h2 class=\"wp-block-heading\">Industrie chiave<\/h2>\n\n\n\n<p>Lo Zimbabwe occupa circa il 93% della superficie terrestre e l\u201983% delle acque dell\u2019Africa meridionale. \u00c8 ricco di risorse naturali, buone infrastrutture e accesso aereo e marittimo. Dispone inoltre di reti stradali affidabili.<\/p>\n\n\n\n<p>Lo Zimbabwe \u00e8 tra i primi 15 produttori di oro pi\u00f9 importanti del mondo. Gli Zimbabwe estraggono anche platino, rame, carbone, stagno, minerali metallici e non metallici, nichel, prodotti chimici, cemento, prodotti in legno, acciaio e fertilizzanti. Altre esportazioni sono prodotti alimentari, abbigliamento, calzature e bevande.<\/p>\n\n\n\n<p>Esistono opportunit\u00e0 commerciali significative nei settori dell&#039;orticoltura, del turismo, dell&#039;ingegneria, della silvicoltura, dell&#039;industria manifatturiera, dell&#039;estrazione mineraria e delle telecomunicazioni. Inoltre, le sue principali esportazioni includono oro, tabacco, zucchero, cotone e minerali metallici. I principali partner di esportazione dello Zimbabwe sono:<\/p>\n\n\n\n<ul class=\"wp-block-list\">\n<li>Francia<\/li>\n\n\n\n<li>Paesi Bassi<\/li>\n\n\n\n<li>Sud Africa<\/li>\n\n\n\n<li>Regno Unito<\/li>\n\n\n\n<li>Irlanda<\/li>\n\n\n\n<li>Belgio<\/li>\n<\/ul>\n\n\n\n<h2 class=\"wp-block-heading\">Base dei consumatori<\/h2>\n\n\n\n<p>Le principali importazioni dello Zimbabwe includono carburanti, fertilizzanti minerali, petrolio, mezzi di trasporto, macchinari, energia elettrica, riso, grano e altri prodotti alimentari.<\/p>\n\n\n\n<p>La maggior parte della popolazione dipende dall\u2019agricoltura. Esiste quindi un potenziale significativo per espandere il settore. \u00c8 un dato di fatto, gli investitori possono farsi strada nel settore della trasformazione agricola, dell\u2019orticoltura e dell\u2019allevamento. Possono anche esplorare un&#039;ampia variet\u00e0 di colture frutticole. Ad esempio, gli investitori possono coltivare pesche, fragole, rogna e nettarine. Un\u2019altra opportunit\u00e0 di investimento risiede nel miglioramento della catena del valore.<\/p>\n\n\n\n<p>Lo Zimbabwe ha una popolazione demografica diversificata. Sebbene la popolazione nera sia predominante, il paese ospita bianchi e asiatici. Inoltre, ha parecchi altri gruppi etnici.<\/p>\n\n\n\n<p>Gli abitanti dello Zimbabwe sono poveri e il governo attribuisce la colpa della carenza di cibo alla recente siccit\u00e0. Il Paese conta oltre 15 milioni di persone, un terzo delle quali ha un\u2019et\u00e0 compresa tra i 15 e i 29 anni. Un altro terzo ha meno di 15 anni.<\/p>\n\n\n\n<h2 class=\"wp-block-heading\">Motivi per far crescere la tua attivit\u00e0 in Zimbabwe<\/h2>\n\n\n\n<p>Lo Zimbabwe ha attraversato molti anni di battute d\u2019arresto economiche e disordini interni. Eppure, ora pu\u00f2 prendere d\u2019assalto il mondo. Ora ha un governo stabile. Ha anche un clima favorevole e ottime prospettive agricole e minerarie. Tutti questi fattori lo rendono ideale per gli investimenti. Il paese \u00e8 ricco di minerali con oltre 40 diversi minerali minerali. La loro industria mineraria contribuisce maggiormente al PIL annuale del paese.<\/p>\n\n\n\n<p>Il settore industriale rappresenta oltre il 25% del PIL. Inoltre, l\u2019agricoltura rappresenta circa un quinto del PIL. Gli agricoltori producono caff\u00e8, tabacco, grano, arachidi, mais e vari frutti.<\/p>\n\n\n\n<p>Il terreno di alta qualit\u00e0, il clima caldo e i terreni coltivabili creano le condizioni ideali. Diverse industrie possono prosperare, tra cui la silvicoltura, l\u2019irrigazione, le infrastrutture e l\u2019estrazione mineraria. L\u2019industria manifatturiera offre investimenti significativi nella produzione di pasta di legno e carta, plastica, tubi, pneumatici e assemblaggio di veicoli.<\/p>\n\n\n\n<p>Il clima tropicale dello Zimbabwe \u00e8 ideale per l&#039;agricoltura. Le opportunit\u00e0 includono la produzione di fiori freschi, frutta, zucchero, fagiolini e piselli.<\/p>\n\n\n\n<p>Further, it\u2019s making <a href=\"https:\/\/www.sisinternational.com\/it\/posizionamento-prodotto-b2b-ricerche-di-mercato\/\" title=\"Ricerca di mercato sul posizionamento del prodotto B2B\"  data-wpil-monitor-id=\"11239\">positive strides in developing its tourism product<\/a>. It aims to be one of the world\u2019s most desirable destinations.<\/p>\n\n\n\n<p>Overall, Zimbabwe has a well-established and reliable telecommunications network. It\u2019s ideal for business engagement. Moreover, there are several <a href=\"https:\/\/www.sisinternational.com\/it\/opportunita-e-ostacoli-del-sistema-bancario-islamico-per-il-settore-finanziario-statunitense\/\" title=\"Sistema bancario islamico: opportunit\u00e0 e ostacoli per l&#039;industria finanziaria statunitense\"  data-wpil-monitor-id=\"11241\">opportunit\u00e0<\/a> to further enhance the already thriving banking sector.<\/p>\n\n\n\n<h2 class=\"wp-block-heading\">Informazioni sulle ricerche di mercato nello Zimbabwe<\/h2>\n\n\n\n<p>Are you seeking investment opportunities in Zimbabwe? Our Qualitative, Quantitative, and Strategy Research methodologies provide several critical indicators. Our <a href=\"https:\/\/www.sisinternational.com\/it\/soluzioni\/ricerche-di-mercato-sui-consumatori\/\" title=\"Consumer Market Research Services for Smarter Business Decisions\"  data-wpil-monitor-id=\"11240\">services foster business<\/a> growth and development. Here we\u2019ve provided a detailed analysis of several exciting business prospects. Zimbabwe holds much promise, and we hope that this article helps with your decision.<\/p>","protected":false},"excerpt":{"rendered":"<p>Lo Zimbabwe ha abbondanti risorse naturali e buone infrastrutture, occupando una porzione significativa di terra e acqua nell\u2019Africa meridionale.<\/p>","protected":false},"author":1,"featured_media":65160,"parent":14281,"menu_order":36,"comment_status":"closed","ping_status":"closed","template":"","meta":{"footnotes":""},"class_list":["post-38036","page","type-page","status-publish","has-post-thumbnail"],"_links":{"self":[{"href":"https:\/\/www.sisinternational.com\/it\/wp-json\/wp\/v2\/pages\/38036","targetHints":{"allow":["GET"]}}],"collection":[{"href":"https:\/\/www.sisinternational.com\/it\/wp-json\/wp\/v2\/pages"}],"about":[{"href":"https:\/\/www.sisinternational.com\/it\/wp-json\/wp\/v2\/types\/page"}],"author":[{"embeddable":true,"href":"https:\/\/www.sisinternational.com\/it\/wp-json\/wp\/v2\/users\/1"}],"replies":[{"embeddable":true,"href":"https:\/\/www.sisinternational.com\/it\/wp-json\/wp\/v2\/comments?post=38036"}],"version-history":[{"count":8,"href":"https:\/\/www.sisinternational.com\/it\/wp-json\/wp\/v2\/pages\/38036\/revisions"}],"predecessor-version":[{"id":81833,"href":"https:\/\/www.sisinternational.com\/it\/wp-json\/wp\/v2\/pages\/38036\/revisions\/81833"}],"up":[{"embeddable":true,"href":"https:\/\/www.sisinternational.com\/it\/wp-json\/wp\/v2\/pages\/14281"}],"wp:featuredmedia":[{"embeddable":true,"href":"https:\/\/www.sisinternational.com\/it\/wp-json\/wp\/v2\/media\/65160"}],"wp:attachment":[{"href":"https:\/\/www.sisinternational.com\/it\/wp-json\/wp\/v2\/media?parent=38036"}],"curies":[{"name":"wp","href":"https:\/\/api.w.org\/{rel}","templated":true}]}}