{"id":37998,"date":"2021-06-28T15:36:33","date_gmt":"2021-06-28T15:36:33","guid":{"rendered":"https:\/\/www.sisinternational.com\/?page_id=37998"},"modified":"2026-01-25T18:34:55","modified_gmt":"2026-01-25T23:34:55","slug":"ricerche-di-mercato-marittimo","status":"publish","type":"page","link":"https:\/\/www.sisinternational.com\/it\/competenza\/ricerche-di-mercato-marittimo\/","title":{"rendered":"Ricerche di mercato marittimo"},"content":{"rendered":"<h1 class=\"wp-block-heading\">Ricerche di mercato marittimo<\/h1>\n\n\n\n<figure class=\"gb-block-image gb-block-image-a3ab37c8\"><img loading=\"lazy\" decoding=\"async\" width=\"1456\" height=\"816\" class=\"gb-image gb-image-a3ab37c8\" src=\"https:\/\/www.sisinternational.com\/wp-content\/uploads\/2025\/09\/Maritime-4.jpg\" alt=\"Ricerca e strategia di mercato internazionale SIS\" title=\"Maritime (4)\" srcset=\"https:\/\/www.sisinternational.com\/wp-content\/uploads\/2025\/09\/Maritime-4.jpg 1456w, https:\/\/www.sisinternational.com\/wp-content\/uploads\/2025\/09\/Maritime-4-300x168.jpg 300w, https:\/\/www.sisinternational.com\/wp-content\/uploads\/2025\/09\/Maritime-4-1024x574.jpg 1024w, https:\/\/www.sisinternational.com\/wp-content\/uploads\/2025\/09\/Maritime-4-768x430.jpg 768w, https:\/\/www.sisinternational.com\/wp-content\/uploads\/2025\/09\/Maritime-4-18x10.jpg 18w\" sizes=\"auto, (max-width: 1456px) 100vw, 1456px\"><\/figure>\n\n\n\n<hr class=\"wp-block-separator has-alpha-channel-opacity is-style-dots\"\/>\n\n\n\n<p>Marittimo si riferisce a tutto ci\u00f2 che riguarda il mare. L&#039;industria marittima comprende aziende che si concentrano sullo sviluppo e sulla produzione di navi coinvolte in attivit\u00e0 marittime commerciali o militari. Il mercato navale comprende qualsiasi servizio o processo che coinvolga navi marittime per la spedizione, il trasporto e il tempo libero.<\/p>\n\n\n\n<h2 class=\"wp-block-heading\">Perch\u00e9 il mercato marittimo \u00e8 essenziale?<\/h2>\n\n\n\n<p>L\u2019industria marittima \u00e8 un mezzo di trasporto consolidato da quasi 5.000 anni, con importanti rotte marittime che iniziano nel Mar Arabico per evitare i banditi di terra. Oggi esiste come un mercato globale incentrato sul trasporto navale all\u2019estero e lungo le vie navigabili costiere, consentendo la distribuzione di beni, persone e servizi nei diversi continenti 24:7, 365.<\/p>\n\n\n\n<h2 class=\"wp-block-heading\">Tendenze del mercato marittimo<\/h2>\n\n\n\n<h3 class=\"wp-block-heading\">Aggiornamenti alla navigazione<\/h3>\n\n\n\n<p>Le attuali soluzioni per la navigazione nel settore marittimo sono robuste e servono bene per condurre le navi verso la loro prossima destinazione. Sonar, radar e GPS sono diventati essenziali nel processo di navigazione per i capitani delle navi. Tuttavia, c\u2019\u00e8 margine di miglioramento con queste tecnologie.<\/p>\n\n\n\n<p>Di conseguenza, le aziende marittime hanno iniziato a utilizzare nuovi strumenti di navigazione che migliorano la mappatura ottimizzata delle rotte, sfruttano le tecnologie LiDAR per una maggiore consapevolezza situazionale e aumentano il pilota automatico per massimizzare l\u2019efficienza e ridurre i tempi di viaggio.<\/p>\n\n\n\n<h3 class=\"wp-block-heading\">Investimenti in capacit\u00e0<\/h3>\n\n\n\n<p>Il mercato marittimo ha assistito a un aumento significativo del numero di aziende che hanno ampliato le proprie capacit\u00e0 di trasporto. Di conseguenza, l\u2019acquisizione di navi da carico generale, navi da carico alla rinfusa, navi cisterna per prodotti chimici, navi portacontainer, navi passeggeri e navi cisterna per gas naturale liquefatto (GNL) \u00e8 in costante aumento e sembra continuare questa tendenza.<\/p>\n\n\n\n<p>Il GNL \u00e8 particolarmente promettente in questo mercato, poich\u00e9 funge da carburante pi\u00f9 leggero ed efficiente per le navi dotate di motori GNL. Mentre le tendenze globali continuano a spingere verso carburanti pi\u00f9 puliti, l\u2019industria marittima seguir\u00e0 l\u2019esempio, adottando metodi pi\u00f9 efficienti per la distribuzione di merci e persone.<\/p>\n\n\n\n<h3 class=\"wp-block-heading\">Analisi dei dati<\/h3>\n\n\n\n<p>Fin dalla loro nascita, i big data e i software avanzati di analisi dei dati hanno consentito alle organizzazioni marittime di implementare protocolli efficienti di distribuzione e gestione dell\u2019inventario. Inoltre, le aziende hanno sfruttato i big data per comprendere meglio le inefficienze nella loro catena di fornitura e trovare soluzioni immediate per superare questi ostacoli.<\/p>\n\n\n\n<p>Gli strumenti avanzati di analisi dei dati possono anche semplificare la spedizione e aggiungere una maggiore sicurezza delle informazioni per le persone coinvolte. Il monitoraggio della produttivit\u00e0 dei dipendenti, delle prestazioni della nave, delle capacit\u00e0 di carico, del consumo di carburante e altro ancora \u00e8 reso possibile dall&#039;analisi dei dati. Andando avanti, le aziende che non adottano queste tendenze probabilmente avranno difficolt\u00e0 a rimanere redditizie rispetto alla concorrenza.<\/p>\n\n\n\n<h3 class=\"wp-block-heading\">Apprendimento automatico e intelligenza artificiale<\/h3>\n\n\n\n<p>L\u2019intelligenza artificiale e l\u2019apprendimento automatico (AI\/ML) hanno rimodellato il settore delle spedizioni in modo simile all\u2019analisi dei dati. Tuttavia, l\u2019intelligenza artificiale\/ML elimina la necessit\u00e0 per gli operatori del carico utile e gli equipaggi delle navi di dedicare tempo all\u2019analisi manuale dei dati. Invece, queste tecnologie consentono alle navi di conoscere se stesse e identificare eventuali incongruenze nelle prestazioni o nell\u2019efficienza.<\/p>\n\n\n\n<p>Il monitoraggio della manutenzione, il monitoraggio dell&#039;inventario, la crittografia e gli avvisi in tempo reale di AI\/ML sono grandi sostenitori della rivoluzione del settore delle spedizioni. Un giorno diventeranno standard nella cassetta degli attrezzi di quasi tutti i vettori su larga scala.<\/p>\n\n\n\n<h3 class=\"wp-block-heading\">Turismo<\/h3>\n\n\n\n<p>Il turismo nel mercato marittimo ha fatto fiorire nuove opportunit\u00e0 economiche per i paesi di tutto il mondo. In paesi come la Malesia e lo Sri Lanka, il turismo costiero \u00e8 il principale contributore al PIL. Le organizzazioni hanno riconosciuto le opportunit\u00e0 in questo settore, effettuando investimenti significativi in nuove navi, maggiore sicurezza e persino nei porti visitati per contribuire ad espandere la domanda dei consumatori per il turismo marino.<\/p>\n\n\n\n<p>La maggiore sicurezza per i turisti \u00e8 diventata un punto di preoccupazione significativo per molte organizzazioni e ha portato a uno spostamento delle tendenze verso un monitoraggio pi\u00f9 efficace della qualit\u00e0 dell\u2019aria a bordo, capacit\u00e0 di CCTV decentralizzate e una maggiore assunzione di personale di sicurezza. Questi protocolli di sicurezza rafforzati per il turismo costiero consentono alle organizzazioni di offrire ai turisti nuove aree di viaggio (come l\u2019Iran) senza preoccupazioni per la loro sicurezza. Aprendo cos\u00ec le porte ad ampie opportunit\u00e0 di investimento in tutto il mondo.<\/p>\n\n\n\n<h2 class=\"wp-block-heading\">Opportunit\u00e0 nel mercato marittimo<\/h2>\n\n\n\n<ul class=\"wp-block-list\">\n<li>Le aziende che investono in nuove navi e infrastrutture portuali possono aspettarsi profitti migliori poich\u00e9 il prezzo dei combustibili fossili continua a fluttuare e l\u2019invecchiamento delle infrastrutture crea ostacoli alla catena di approvvigionamento.<\/li>\n\n\n\n<li>Sfruttare le nuove tecnologie emergenti come navi autonome, robot, <a href=\"https:\/\/www.maritime.dot.gov\/sites\/marad.dot.gov\/files\/2020-07\/Blockchain%20Use%20Cases%20Final%20Report%20%2820200622%29.pdf\" target=\"_blank\" rel=\"noopener\">blockchain<\/a>, AI\/ML e persino LiDAR possono migliorare l&#039;efficienza operativa e aumentare la produttivit\u00e0 complessiva senza membri dell&#039;equipaggio aggiuntivi. Pu\u00f2 anche rendere i viaggi pi\u00f9 sicuri e ridurre la probabilit\u00e0 di disastri.<\/li>\n\n\n\n<li>Nuovi mercati turistici stanno diventando disponibili grazie alle maggiori capacit\u00e0 di sicurezza. Pertanto, le aziende in grado di offrire destinazioni di viaggio uniche una volta non navigabili e di commercializzarle in modo ragionevole dovrebbero aspettarsi un interesse significativo da parte del segmento turistico.<\/li>\n\n\n\n<li>Gli hotel, i ristoranti e gli intrattenimenti costieri possono aspettarsi grandi ritorni dagli investimenti effettuati nel settore del turismo marittimo.<\/li>\n<\/ul>\n\n\n\n<h2 class=\"wp-block-heading\">Sfide nel settore marittimo<\/h2>\n\n\n\n<p>Come accennato in precedenza, l\u2019industria marittima ha lottato per anni con la sicurezza, ed \u00e8 una vera preoccupazione sia per le navi mercantili che per le navi turistiche. Sfortunatamente, in passato i pirati hanno preso in ostaggio intere navi, rubato beni e ferito o ucciso persone, quindi l\u2019importanza della sicurezza delle navi in tutto il settore \u00e8 una sfida che non sembra essere destinata a scomparire presto.<\/p>\n\n\n\n<p>La spedizione marittima richiede tempistiche molto pi\u00f9 lunghe rispetto ai viaggi e alla distribuzione aerea. Per questo motivo, le aziende del settore marittimo devono trovare modi per rimanere competitive e attrarre turisti e clienti con soluzioni innovative e reciprocamente vantaggiose. Naturalmente, le grandi navi mercantili, le petroliere chimiche e le navi portacontainer non hanno molto di cui preoccuparsi in questo senso. Tuttavia, poich\u00e9 l\u2019industria aerospaziale continua ad evolversi, \u00e8 una sfida che l\u2019industria marittima deve essere attenta a portare avanti.<\/p>\n\n\n\n<p>Le tecnologie emergenti sono costose, quindi le organizzazioni pi\u00f9 piccole che non hanno i mezzi per effettuare questi investimenti devono operare con maggiore efficienza per evitare di perdere il proprio vantaggio competitivo in questo mercato. Sebbene queste organizzazioni pi\u00f9 piccole non dispongano di infrastrutture digitali e fisiche aggiuntive, compensano il problema con velocit\u00e0, efficienza e costi.<\/p>\n\n\n\n<h3 class=\"wp-block-heading\">Nuove tecnologie<\/h3>\n\n\n\n<p>Blockchain \u00e8 una tecnologia emergente nello spazio marittimo che fornisce registri digitali, crittografati e a prova di manomissione per tutti coloro che sono coinvolti nel processo di spedizione. <a href=\"https:\/\/www.sisinternational.com\/it\/competenza\/industrie\/ricerche-sul-mercato-del-trasporto-merci\/\">In ogni fase del ciclo di spedizione, la blockchain consente alle aziende di gestire meglio l\u2019inventario, aumentare la sicurezza operativa e massimizzare l\u2019efficienza<\/a>.<\/p>\n\n\n\n<p>I motori a gas naturale liquefatto (GNL) si sono lentamente infiltrati nel settore del trasporto marittimo e continueranno a farlo a meno che non esista un\u2019alternativa pi\u00f9 efficiente o rinnovabile. Per ora, le aziende possono aspettarsi di vedere investimenti significativi verso l\u2019adozione del GNL per aumentare i profitti, ridurre il peso di carico e servire meglio il clima globale.<\/p>\n\n\n\n<p>Le possibilit\u00e0 offerte dall\u2019IA\/ML sono infinite e possono rivelarsi vantaggiose per l\u2019industria marittima. Questi strumenti digitali consentono a robot, navi, motori e sensori di ottimizzare i protocolli operativi e migliorare se stessi senza la necessit\u00e0 dell\u2019interazione umana. Strumenti come AutoML, che si addestra automaticamente senza programmazione aggiuntiva, favoriranno nuove opportunit\u00e0 per i vettori merci e passeggeri in tutto il mondo. Queste tecnologie si sono rivelate determinanti nel progresso dell\u2019esercito americano e presenteranno molte possibilit\u00e0 simili per il segmento marittimo commerciale.<\/p>\n\n\n\n<h2 class=\"wp-block-heading\">Perch\u00e9 la ricerca sul mercato marittimo \u00e8 importante?<\/h2>\n\n\n\n<p><a href=\"https:\/\/www.sisinternational.com\/it\/casi-studio\/\">Le ricerche di mercato guardano al quadro generale<\/a> e fattori in tutte le diverse tendenze, concorrenti, prospettive, aree geografiche e politica globale che influenzano un mercato. \u00c8 un processo unico che facilita una migliore comprensione del mercato di un&#039;azienda e consente loro di realizzare obiettivi strategici e ben definiti.<\/p>\n\n\n\n<p>La ricerca di mercato marittimo \u00e8 vitale a causa dei cambiamenti significativi che si verificano in tutto il settore. Le ricerche di mercato nel settore marittimo possono consentire alle organizzazioni operanti nel settore marittimo di sfruttare informazioni basate sui fatti e basate sui dati durante l&#039;esecuzione di decisioni critiche.<\/p>\n\n\n\n<p>Qualitative research in the <a href=\"https:\/\/www.sisinternational.com\/it\/competenza\/industrie\/ricerche-di-mercato-sugli-accessori-per-pentole-e-teglie\/\" title=\"Pentole e prodotti da forno, pentole e accessori Ricerche di mercato\" data-wpil-monitor-id=\"4972\">maritime<\/a> industry allows companies to gain insights into their target market by directly capturing their consumer&#8217;s voices. These invaluable insights can lead to new technologies, more efficient operational procedures, and even targeted marketing campaigns that connect better to the intended audience. They also enable business leaders and critical decision-makers to enter new territories without the uncertainties associated with consumer needs.<\/p>\n\n\n\n<p>La ricerca quantitativa nel settore marittimo prevede l\u2019analisi dei dati numerici o booleani che si concentra su un ambito ristretto all\u2019interno del settore. Queste informazioni possono fornire ai leader aziendali informazioni statisticamente significative sulle offerte di prodotti, servizi e strategie competitive per fornire un vantaggio competitivo durante la navigazione in un mercato cos\u00ec contestato.<\/p>\n\n\n\n<p>La ricerca di mercato marittimo \u00e8 essenziale perch\u00e9 consente alle organizzazioni focalizzate sul settore marittimo di vedere il quadro generale del loro settore e prendere decisioni aziendali strategiche e informate, supportate da prove basate sui fatti. Senza queste informazioni, le aziende hanno effettuato investimenti poco informati in settori in via di estinzione che intraprendono azioni significative per porre rimedio. La ricerca di mercato marittima SIS evita questi problemi e mette le organizzazioni sulla strada giusta per il successo.<\/p>\n\n\n\n<p><\/p>","protected":false},"excerpt":{"rendered":"<p>Maritime Market Research aiuta le organizzazioni focalizzate sul settore marittimo a vedere il quadro generale del loro settore e a prendere decisioni aziendali strategiche.<\/p>","protected":false},"author":1,"featured_media":68816,"parent":14514,"menu_order":71,"comment_status":"closed","ping_status":"closed","template":"","meta":{"footnotes":""},"class_list":["post-37998","page","type-page","status-publish","has-post-thumbnail"],"_links":{"self":[{"href":"https:\/\/www.sisinternational.com\/it\/wp-json\/wp\/v2\/pages\/37998","targetHints":{"allow":["GET"]}}],"collection":[{"href":"https:\/\/www.sisinternational.com\/it\/wp-json\/wp\/v2\/pages"}],"about":[{"href":"https:\/\/www.sisinternational.com\/it\/wp-json\/wp\/v2\/types\/page"}],"author":[{"embeddable":true,"href":"https:\/\/www.sisinternational.com\/it\/wp-json\/wp\/v2\/users\/1"}],"replies":[{"embeddable":true,"href":"https:\/\/www.sisinternational.com\/it\/wp-json\/wp\/v2\/comments?post=37998"}],"version-history":[{"count":4,"href":"https:\/\/www.sisinternational.com\/it\/wp-json\/wp\/v2\/pages\/37998\/revisions"}],"predecessor-version":[{"id":78881,"href":"https:\/\/www.sisinternational.com\/it\/wp-json\/wp\/v2\/pages\/37998\/revisions\/78881"}],"up":[{"embeddable":true,"href":"https:\/\/www.sisinternational.com\/it\/wp-json\/wp\/v2\/pages\/14514"}],"wp:featuredmedia":[{"embeddable":true,"href":"https:\/\/www.sisinternational.com\/it\/wp-json\/wp\/v2\/media\/68816"}],"wp:attachment":[{"href":"https:\/\/www.sisinternational.com\/it\/wp-json\/wp\/v2\/media?parent=37998"}],"curies":[{"name":"wp","href":"https:\/\/api.w.org\/{rel}","templated":true}]}}