{"id":37992,"date":"2021-06-28T14:47:18","date_gmt":"2021-06-28T14:47:18","guid":{"rendered":"https:\/\/www.sisinternational.com\/?page_id=37992"},"modified":"2025-09-14T18:30:41","modified_gmt":"2025-09-14T22:30:41","slug":"ricerche-sul-mercato-del-trasporto-merci","status":"publish","type":"page","link":"https:\/\/www.sisinternational.com\/it\/competenza\/ricerche-sul-mercato-del-trasporto-merci\/","title":{"rendered":"Ricerche di mercato nel settore delle merci: spedizioni e spedizioni"},"content":{"rendered":"<h1 class=\"wp-block-heading\">Ricerche di mercato nel settore delle spedizioni<\/h1>\n\n\n\n<figure class=\"gb-block-image gb-block-image-7bde6564\"><img loading=\"lazy\" decoding=\"async\" width=\"1456\" height=\"816\" class=\"gb-image gb-image-7bde6564\" src=\"https:\/\/www.sisinternational.com\/wp-content\/uploads\/2025\/08\/Freight-8.jpg\" alt=\"Ricerca e strategia di mercato internazionale SIS\" title=\"Freight (8)\" srcset=\"https:\/\/www.sisinternational.com\/wp-content\/uploads\/2025\/08\/Freight-8.jpg 1456w, https:\/\/www.sisinternational.com\/wp-content\/uploads\/2025\/08\/Freight-8-300x168.jpg 300w, https:\/\/www.sisinternational.com\/wp-content\/uploads\/2025\/08\/Freight-8-1024x574.jpg 1024w, https:\/\/www.sisinternational.com\/wp-content\/uploads\/2025\/08\/Freight-8-768x430.jpg 768w, https:\/\/www.sisinternational.com\/wp-content\/uploads\/2025\/08\/Freight-8-18x10.jpg 18w\" sizes=\"auto, (max-width: 1456px) 100vw, 1456px\"><\/figure>\n\n\n\n<p><\/p>\n\n\n\n<p>Per comprendere meglio i vantaggi della ricerca sul mercato del trasporto merci, \u00e8 necessario prima capire cos&#039;\u00e8 il trasporto merci e perch\u00e9 \u00e8 fondamentale.<\/p>\n\n\n\n<h2 class=\"wp-block-heading\">Cos&#039;\u00e8 il trasporto merci?<\/h2>\n\n\n\n<p>Il trasporto merci \u00e8 il trasporto e la distribuzione di merci alla rinfusa tramite camion, treno, nave o aereo. Un adeguato trasporto delle merci \u00e8 fondamentale per il successo dell\u2019economia globale, poich\u00e9 consente la distribuzione mondiale di manufatti, prodotti alimentari, risorse naturali e altro ancora.<\/p>\n\n\n\n<p>I progressi nel trasporto merci hanno consentito alle aziende di creare catene di approvvigionamento intercontinentali, riducendo efficacemente i livelli di inventario e semplificando l\u2019evasione degli ordini. L\u2019e-commerce, gli affari internazionali e le spedizioni rapide sono stati tutti resi possibili dall\u2019evoluzione del settore del trasporto merci.<\/p>\n\n\n\n<h2 class=\"wp-block-heading\">Qual \u00e8 il settore del trasporto merci?<\/h2>\n\n\n\n<p>Il settore del trasporto merci \u00e8 un conglomerato di metodi di trasporto, intermediari di trasporto, catene di fornitura, centri di distribuzione, data center e persone. Queste entit\u00e0 collaborano a livello nazionale e internazionale per tracciare, monitorare e gestire la consegna delle merci.<\/p>\n\n\n\n<p>L\u2019industria del trasporto merci aumenta il valore delle merci trasferendole in luoghi in cui la loro domanda e valore sono molto pi\u00f9 elevati e promuove una maggiore concorrenza e produttivit\u00e0 espandendo i confini spaziali dei mercati delle materie prime e del lavoro.<\/p>\n\n\n\n<h2 class=\"wp-block-heading\">Perch\u00e9 il settore del trasporto merci \u00e8 importante?<\/h2>\n\n\n\n<p>L\u2019industria del trasporto merci impiega milioni di persone in tutto il mondo ed \u00e8 diventata un sostenitore necessario per il progresso dell\u2019umanit\u00e0. Quasi tutti gli oggetti che qualcuno possiede, ad eccezione di quelli prodotti localmente, sono passati nelle mani di una compagnia di trasporti.<\/p>\n\n\n\n<p>L\u2019industria del trasporto merci stimola le economie richiedendo investimenti nelle infrastrutture, adottando nuove tecnologie e semplificando le operazioni della catena di approvvigionamento. Inoltre, ispira l\u2019innovazione verso una gestione dei dati pi\u00f9 efficace, carburanti pi\u00f9 puliti e nuovi metodi di trasporto.<\/p>\n\n\n\n<h2 class=\"wp-block-heading\">Tendenze nel settore del trasporto merci<\/h2>\n\n\n\n<p>Il successo nel settore del trasporto merci dipende in larga misura dalla capacit\u00e0 di un&#039;azienda di trasporto merci di tracciare, monitorare e consegnare le merci in modo sicuro ed efficiente.<\/p>\n\n\n\n<h3 class=\"wp-block-heading\">Infrastruttura fisica e digitale<\/h3>\n\n\n\n<p>Molte organizzazioni di trasporto merci si sono concentrate sulla sostituzione delle infrastrutture obsolete per semplificare le consegne e ridurre le incertezze nella programmazione. Tuttavia, le vecchie strade, il peso eccessivo dei container e il consumo inefficiente di carburante possono avere un impatto negativo sui profitti.<\/p>\n\n\n\n<p>Gli investimenti nell\u2019infrastruttura digitale hanno consentito ai fornitori di merci di monitorare la raccolta e la distribuzione degli ordini in modo molto pi\u00f9 efficace. Ha inoltre consentito alle aziende di comunicare meglio i tempi di consegna, ridurre i furti e soddisfare la crescente domanda.<\/p>\n\n\n\n<h3 class=\"wp-block-heading\">Progressi tecnologici<\/h3>\n\n\n\n<p>Le maggiori capacit\u00e0 nella gestione dei dati e nel tracciamento degli ordini hanno consentito alle aziende di trasporto di fornire maggiore trasparenza e certezza nella consegna delle merci.<\/p>\n\n\n\n<p>La rapida crescita del settore dell\u2019e-commerce ha costretto i fornitori di merci a investire in capacit\u00e0 che consentano consegne rapide e affidabili. Le industrie dei trasporti e delle ferrovie sono state essenziali in questo processo.<\/p>\n\n\n\n<h3 class=\"wp-block-heading\">Combustibili pi\u00f9 puliti<\/h3>\n\n\n\n<p>Adopting cleaner-burning <a href=\"https:\/\/www.sisinternational.com\/it\/competenza\/industrie\/ricerche-di-mercato-nel-trasporto-di-carburante\/\" title=\"Ricerche di mercato nel trasporto di carburante\"  data-wpil-monitor-id=\"11294\">fuels has led to more efficient transportation<\/a> methods, which ultimately lowers transport prices and increases the bottom line.<\/p>\n\n\n\n<p>Freight companies have initiated the transition to renewable energies, cleaner-burning, and sustainable <a href=\"https:\/\/www.sisinternational.com\/it\/soluzioni\/ricerca-di-consulenza-strategica-fintech\/ricerca-sulla-tecnologia-di-regolamentazione\/\" title=\"Regulation Technology Market Research\"  data-wpil-monitor-id=\"11279\">technologies to meet increasing environmental regulations<\/a>.<\/p>\n\n\n\n<h3 class=\"wp-block-heading\">Fusioni<\/h3>\n\n\n\n<p>Per soddisfare la crescente domanda di consegne rapide ed efficienti, molte organizzazioni hanno creato fusioni per aumentare la capacit\u00e0 e capitalizzare le capacit\u00e0.<\/p>\n\n\n\n<p>A high number of collaborations in this space has allowed freight <a href=\"https:\/\/www.sisinternational.com\/it\/competenza\/industrie\/ricerche-di-mercato-delle-organizzazioni-di-ricerca-a-contratto\/\" title=\"Ricerche di mercato sulle organizzazioni di ricerca a contratto\"  data-wpil-monitor-id=\"11296\">organizations to withstand market<\/a> fluctuations. Companies are diversifying to overcome possible supply shortages, regulatory restrictions, and territory constraints.<\/p>\n\n\n\n<h2 class=\"wp-block-heading\">Sfide nel settore del trasporto merci<\/h2>\n\n\n\n<figure class=\"gb-block-image gb-block-image-4de66556\"><img loading=\"lazy\" decoding=\"async\" width=\"1456\" height=\"816\" class=\"gb-image gb-image-4de66556\" src=\"https:\/\/www.sisinternational.com\/wp-content\/uploads\/2025\/08\/Freight-5.jpg\" alt=\"Ricerca e strategia di mercato internazionale SIS\" title=\"Freight (5)\" srcset=\"https:\/\/www.sisinternational.com\/wp-content\/uploads\/2025\/08\/Freight-5.jpg 1456w, https:\/\/www.sisinternational.com\/wp-content\/uploads\/2025\/08\/Freight-5-300x168.jpg 300w, https:\/\/www.sisinternational.com\/wp-content\/uploads\/2025\/08\/Freight-5-1024x574.jpg 1024w, https:\/\/www.sisinternational.com\/wp-content\/uploads\/2025\/08\/Freight-5-768x430.jpg 768w, https:\/\/www.sisinternational.com\/wp-content\/uploads\/2025\/08\/Freight-5-18x10.jpg 18w\" sizes=\"auto, (max-width: 1456px) 100vw, 1456px\"><\/figure>\n\n\n\n<p><\/p>\n\n\n\n<h3 class=\"wp-block-heading\">Peso<\/h3>\n\n\n\n<p>I beni materiali pesanti riducono l\u2019efficienza dei trasporti e incidono sul consumo di carburante. Nel settore del trasporto merci, anche i grammi possono fare la differenza in termini di costi.<\/p>\n\n\n\n<p>I fornitori di merci hanno difficolt\u00e0 a trovare soluzioni innovative per la spedizione di materiali pesanti che rimangano redditizie.<\/p>\n\n\n\n<h3 class=\"wp-block-heading\">Sicurezza<\/h3>\n\n\n\n<p>Asset management is essential to the success of a freight company. Freight companies must protect their customers&#8217; assets at all costs, but <a href=\"https:\/\/www.sisinternational.com\/it\/soluzioni\/consulenza-strategica\/societa-di-consulenza-direzionale\/\" title=\"Societ\u00e0 di consulenza gestionale globale\"  data-wpil-monitor-id=\"11283\">managing several transportation channels and global<\/a> distribution processes can be a challenging experience.<\/p>\n\n\n\n<p>Le aziende prive di un solido sistema di gestione dell\u2019inventario e di capacit\u00e0 di tracciamento degli ordini mettono a rischio se stesse e i propri clienti.<\/p>\n\n\n\n<h3 class=\"wp-block-heading\">Regolamenti<\/h3>\n\n\n\n<p>Le organizzazioni governative e non governative hanno emanato normative sul trasporto di merci attraverso lo spazio aereo, i corpi idrici e la terra. Queste normative vengono aggiornate regolarmente e possono rivelarsi costose per le organizzazioni di trasporto merci che non soddisfano i loro requisiti.<\/p>\n\n\n\n<h3 class=\"wp-block-heading\">Richieste in aumento<\/h3>\n\n\n\n<p>La crescente domanda di beni sta esercitando ulteriore pressione sulle societ\u00e0 di trasporto merci affinch\u00e9 trovino modi per rimanere redditizi. La pressione per aumentare i tassi di consegna significa un maggiore consumo di carburante, meno tempo per la preparazione, spazio minimo per errori e meno tempo per l&#039;aggiornamento delle capacit\u00e0.<\/p>\n\n\n\n<h2 class=\"wp-block-heading\">Opportunit\u00e0 nel settore dei trasporti<\/h2>\n\n\n\n<ul class=\"wp-block-list\">\n<li>Gli investimenti nell\u2019analisi dei dati consentiranno ai fornitori di merci di comprendere le inefficienze nelle loro operazioni attuali e di trovare modi per mitigarle.<\/li>\n\n\n\n<li>L\u2019urbanizzazione delle comunit\u00e0 rurali in tutto il mondo fornir\u00e0 nuovi canali di trasporto, mercati ed economie a cui potranno accedere le societ\u00e0 di trasporto merci.<\/li>\n\n\n\n<li>Rising fuel costs will further push the trend toward cleaner or renewable solutions for transportation. <a href=\"https:\/\/www.sisinternational.com\/it\/campagna-di-marketing-omnicanale-per-unazienda-leader-a-livello-mondiale-nelle-soluzioni-per-la-gestione-degli-animali\/\" title=\"Servizi pubblicitari multiculturali per un&#039;azienda leader a livello mondiale nelle soluzioni per la gestione degli animali\"  data-wpil-monitor-id=\"11286\">Companies that adopt these solutions<\/a> early will position themselves for future success.<\/li>\n\n\n\n<li>I cambiamenti nei luoghi di produzione apriranno le porte alle aziende di trasporto merci per servire nuovi territori e trovare nuovi clienti.<\/li>\n<\/ul>\n\n\n\n<h2 class=\"wp-block-heading\">Nuove tecnologie nel settore dei trasporti<\/h2>\n\n\n\n<ul class=\"wp-block-list\">\n<li><a href=\"https:\/\/www.shippingandfreightresource.com\/5-technologies-shaking-freight-industry\/\" target=\"_blank\" rel=\"noopener\">Gestione automatizzata dell&#039;inventario e tracciamento degli ordini<\/a><\/li>\n\n\n\n<li>Aggiornamenti del cliente in tempo reale sullo stato della consegna<\/li>\n\n\n\n<li><a href=\"https:\/\/www.sisinternational.com\/it\/competenza\/industrie\/ricerche-di-mercato-sui-veicoli-elettrici\/\" title=\"Ricerche di mercato sui veicoli elettrici\" data-wpil-monitor-id=\"11297\">Veicoli elettrici e autonomi<\/a><\/li>\n\n\n\n<li>Consegne con droni<\/li>\n\n\n\n<li>Automazione robotica<\/li>\n\n\n\n<li><a href=\"https:\/\/www.shippingandfreightresource.com\/5-technologies-shaking-freight-industry\/\" target=\"_blank\" rel=\"noopener\">Analisi dei big data<\/a><\/li>\n\n\n\n<li>Blockchain<\/li>\n\n\n\n<li><a href=\"https:\/\/www.shippingandfreightresource.com\/5-technologies-shaking-freight-industry\/\" target=\"_blank\" rel=\"noopener\">Intelligenza artificiale<\/a><\/li>\n\n\n\n<li>Stampa 3D<\/li>\n\n\n\n<li><a href=\"https:\/\/www.shippingandfreightresource.com\/5-technologies-shaking-freight-industry\/\" target=\"_blank\" rel=\"noopener\">IoT (Internet delle cose)<\/a><\/li>\n<\/ul>\n\n\n\n<h2 class=\"wp-block-heading\">Il ruolo della Blockchain nel settore del trasporto merci<\/h2>\n\n\n\n<p><a href=\"https:\/\/www.sisinternational.com\/it\/soluzioni\/sis-consulenza-blockchain\/\">Blockchain \u00e8 una tecnologia di registro distributivo<\/a> che consente il collegamento a prova di manomissione delle risorse digitali all\u2019interno di una rete. Funziona come un file system digitale che diventa pi\u00f9 esteso all&#039;introduzione di ogni transazione. Di conseguenza, tutti i partecipanti alla rete possiedono una copia completa del registro, facilitando la piena trasparenza e una condivisione delle informazioni pi\u00f9 accessibile.<\/p>\n\n\n\n<h3 class=\"wp-block-heading\">Cosa pu\u00f2 fare la Blockchain per il settore dei trasporti?<\/h3>\n\n\n\n<ul class=\"wp-block-list\">\n<li>La blockchain pu\u00f2 facilitare la rapida condivisione delle informazioni eliminando il commercio tramite carta, e-mail, fax o posta.<\/li>\n\n\n\n<li>La blockchain consente una maggiore privacy consentendo la condivisione di informazioni peer-to-peer su una rete privatizzata e crittografata. Ogni transazione su una blockchain si aggiunge a una traccia di controllo delle spedizioni e garantisce la riservatezza delle identit\u00e0 degli utenti.<\/li>\n\n\n\n<li>L&#039;autorit\u00e0 portuale, i vettori e gli spedizionieri possono visualizzare il tracciamento del sistema basato su blockchain in tempo reale, migliorando le loro capacit\u00e0 logistiche offrendo una visione dell&#039;intero processo di spedizione.<\/li>\n\n\n\n<li>I record blockchain sono irreversibili e non possono essere modificati, riducendo significativamente la possibilit\u00e0 di frode all\u2019interno di una transazione.<\/li>\n<\/ul>\n\n\n\n<h2 class=\"wp-block-heading\">Ricerche sul mercato dei trasporti?<\/h2>\n\n\n\n<p>Freight market research is the study and analysis of key trends, opportunities, insights, and challenges within the freight industry. It allows critical decision-makers and business leaders in the freight industry to make data-driven decisions when navigating the vast market of the freight industry. These insights are crucial to long-term success and enable companies to <a href=\"https:\/\/www.sisinternational.com\/it\/soluzioni\/soluzioni-di-branding-e-ricerca-clienti\/ricerche-di-mercato-sulla-differenziazione-del-marchio\/\" title=\"Ricerche di mercato sulla differenziazione del marchio\" data-wpil-monitor-id=\"11292\">differentiate themselves in a crowded market<\/a>. Freight market research carries no boundaries in its execution and, when conducted correctly, can provide particular insights that an organization deems essential.<\/p>\n\n\n\n<p>Qualitative research in the <a href=\"https:\/\/www.sisinternational.com\/it\/competenza\/industrie\/ricerche-di-mercato-nel-settore-delle-spedizioni-e-della-logistica\/\" title=\"Ricerche di mercato nel settore delle spedizioni e della logistica\" data-wpil-monitor-id=\"3508\">freight<\/a> industry can enable businesses to capture the voice of their customer and leverage it for tailored marketing tactics, new market opportunities, and product development. It can also provide detailed sentiment around specific offerings, allowing companies to enhance their pre-existing solutions.<\/p>\n\n\n\n<p>Companies can leverage quantitative insights to guide fact-based decision-making at any level of the organization. Quantitative data provides a numerical system for decision-making, allowing businesses to <a href=\"https:\/\/www.sisinternational.com\/it\/copertura\/ricerche-di-mercato-asiatiche\/ricerca-sulla-segmentazione-della-clientela-in-asia\/\" title=\"Ricerca sulla segmentazione della clientela in Asia\" data-wpil-monitor-id=\"11298\">segment their customer<\/a> profiles, understand competitive positioning, and gain statistically significant understandings of satisfaction with a product or service.<\/p>\n\n\n\n<p>Le organizzazioni di trasporto merci possono anche trarre vantaggio da scenari competitivi, stime delle dimensioni del mercato e analisi delle tendenze, che forniscono un vantaggio competitivo quando si entra in nuovi territori, si offrono nuovi prodotti o si creano campagne di marketing specifiche del settore.<\/p>\n\n\n\n<p><\/p>","protected":false},"excerpt":{"rendered":"<p>La ricerca qualitativa nel settore del trasporto merci consente alle aziende di catturare la voce dei propri clienti e sfruttarla per un marketing su misura<\/p>","protected":false},"author":1,"featured_media":63821,"parent":14514,"menu_order":70,"comment_status":"closed","ping_status":"closed","template":"","meta":{"footnotes":""},"class_list":["post-37992","page","type-page","status-publish","has-post-thumbnail"],"_links":{"self":[{"href":"https:\/\/www.sisinternational.com\/it\/wp-json\/wp\/v2\/pages\/37992","targetHints":{"allow":["GET"]}}],"collection":[{"href":"https:\/\/www.sisinternational.com\/it\/wp-json\/wp\/v2\/pages"}],"about":[{"href":"https:\/\/www.sisinternational.com\/it\/wp-json\/wp\/v2\/types\/page"}],"author":[{"embeddable":true,"href":"https:\/\/www.sisinternational.com\/it\/wp-json\/wp\/v2\/users\/1"}],"replies":[{"embeddable":true,"href":"https:\/\/www.sisinternational.com\/it\/wp-json\/wp\/v2\/comments?post=37992"}],"version-history":[{"count":5,"href":"https:\/\/www.sisinternational.com\/it\/wp-json\/wp\/v2\/pages\/37992\/revisions"}],"predecessor-version":[{"id":81840,"href":"https:\/\/www.sisinternational.com\/it\/wp-json\/wp\/v2\/pages\/37992\/revisions\/81840"}],"up":[{"embeddable":true,"href":"https:\/\/www.sisinternational.com\/it\/wp-json\/wp\/v2\/pages\/14514"}],"wp:featuredmedia":[{"embeddable":true,"href":"https:\/\/www.sisinternational.com\/it\/wp-json\/wp\/v2\/media\/63821"}],"wp:attachment":[{"href":"https:\/\/www.sisinternational.com\/it\/wp-json\/wp\/v2\/media?parent=37992"}],"curies":[{"name":"wp","href":"https:\/\/api.w.org\/{rel}","templated":true}]}}