{"id":37919,"date":"2021-06-25T09:37:20","date_gmt":"2021-06-25T09:37:20","guid":{"rendered":"https:\/\/www.sisinternational.com\/?page_id=37919"},"modified":"2025-09-14T17:20:55","modified_gmt":"2025-09-14T21:20:55","slug":"ricerche-di-mercato-in-mauritania-africa","status":"publish","type":"page","link":"https:\/\/www.sisinternational.com\/it\/copertura\/ricerche-di-mercato-africane\/ricerche-di-mercato-in-mauritania-africa\/","title":{"rendered":"Ricerche di mercato in Mauritania, Africa: una panoramica"},"content":{"rendered":"<h1 class=\"wp-block-heading\">Ricerche di mercato in Mauritania, Africa<\/h1>\n\n\n\n<figure class=\"gb-block-image gb-block-image-4469e8e6\"><img loading=\"lazy\" decoding=\"async\" width=\"1456\" height=\"816\" class=\"gb-image gb-image-4469e8e6\" src=\"https:\/\/www.sisinternational.com\/wp-content\/uploads\/2025\/08\/Mauritania-2.jpg\" alt=\"Ricerca e strategia di mercato internazionale SIS\" title=\"Mauritania (2)\" srcset=\"https:\/\/www.sisinternational.com\/wp-content\/uploads\/2025\/08\/Mauritania-2.jpg 1456w, https:\/\/www.sisinternational.com\/wp-content\/uploads\/2025\/08\/Mauritania-2-300x168.jpg 300w, https:\/\/www.sisinternational.com\/wp-content\/uploads\/2025\/08\/Mauritania-2-1024x574.jpg 1024w, https:\/\/www.sisinternational.com\/wp-content\/uploads\/2025\/08\/Mauritania-2-768x430.jpg 768w, https:\/\/www.sisinternational.com\/wp-content\/uploads\/2025\/08\/Mauritania-2-18x10.jpg 18w\" sizes=\"auto, (max-width: 1456px) 100vw, 1456px\"><\/figure>\n\n\n\n<p><\/p>\n\n\n\n<h2 class=\"wp-block-heading\">Quartieri<\/h2>\n\n\n\n<p>Situata nell\u2019Africa nordoccidentale, la Mauritania \u00e8 uno dei paesi pi\u00f9 poveri del mondo. Tuttavia, il suo mix di persone rende il paese unico. Infatti, alcune fonti si riferiscono alla Mauritania come all\u2019Occhio dell\u2019Africa. \u00c8 un paese vasto, l&#039;undicesimo stato sovrano pi\u00f9 grande del continente. L&#039;Oceano Atlantico bagna le sue coste a ovest. Il Mali \u00e8 a est, il Sahara occidentale \u00e8 a nord e nord-ovest e l&#039;Algeria \u00e8 a nord-est.<\/p>\n\n\n\n<p>La capitale della Mauritania \u00e8 Nouakchott, ed \u00e8 anche la citt\u00e0 pi\u00f9 grande del paese. Alcune delle altre grandi citt\u00e0 della Mauritania sono Nouadhibou, Atar, Kiffa e Rosso. Il francese \u00e8 la lingua principale parlata in Mauritania. Pertanto, alcuni nomi delle citt\u00e0 sono francesi. Il nome della Mauritania deriva dall&#039;antico regno berbero. Questo regno esistette dal III secolo a.C. al VII secolo d.C.<\/p>\n\n\n\n<p>La religione principale in Mauritania \u00e8 l&#039;Islam. Quasi tutta la popolazione \u00e8 musulmana. Questa religione ha anche un&#039;influenza significativa in Marocco, Algeria e altri paesi vicini.<\/p>\n\n\n\n<p>Il 7 aprile 2018 il governo ha reso l\u2019ateismo un crimine punibile con la morte. La Mauritania, infatti, \u00e8 uno dei tredici paesi al mondo in cui vige la pena di morte per l&#039;ateismo.<\/p>\n\n\n\n<p>La Mauritania \u00e8 un paese desertico, con circa il 90% del territorio compreso nel Sahara. Quindi la maggior parte dei mauritani vive nel sud, dove c&#039;\u00e8 l&#039;acqua.<\/p>\n\n\n\n<p>A causa della grave ed estesa siccit\u00e0, il deserto si \u00e8 espanso a partire dalla met\u00e0 degli anni \u201960. Di conseguenza, molti mauritani sono nomadi che si spostano da un posto all&#039;altro, pascolando i loro greggi. Pertanto, non hanno un luogo di residenza permanente.<\/p>\n\n\n\n<h2 class=\"wp-block-heading\">Industrie chiave<\/h2>\n\n\n\n<p>La Mauritania ha molte risorse come ferro, pesce e petrolio. Tuttavia, la maggioranza della popolazione mauritana rimane povera. L&#039;economia del paese \u00e8 basata sull&#039;agricoltura e sull&#039;allevamento e molte delle principali industrie derivano dalle risorse naturali del paese.<\/p>\n\n\n\n<p>I mauritani fanno affidamento sulle esportazioni e sulle risorse naturali. Alcune delle loro risorse naturali includono oro, diamanti, fosfato, gesso, rame e petrolio. Sfortunatamente, il clima politico \u00e8 uno dei motivi per cui la maggior parte dei suoi cittadini vive in povert\u00e0.<\/p>\n\n\n\n<p>Sebbene <a href=\"https:\/\/oec.world\/en\/profile\/country\/mrt\" target=\"_blank\" rel=\"noopener\">Importazioni dalla Mauritania<\/a> molti articoli, il paese dispone di un solido sistema di esportazione. Alcune delle principali esportazioni sono:<\/p>\n\n\n\n<ul class=\"wp-block-list\">\n<li>Ferro<\/li>\n\n\n\n<li>Oro<\/li>\n\n\n\n<li>Pesce surgelato<\/li>\n<\/ul>\n\n\n\n<p>Mauritania has several trading partners, including China, France, the <a href=\"https:\/\/www.sisinternational.com\/it\/copertura\/ricerche-di-mercato-medio-oriente\/ricerche-di-mercato-negli-emirati-arabi-uniti\/\" title=\"Ricerche di mercato negli Emirati Arabi Uniti\" data-wpil-monitor-id=\"11268\">Emirati Arabi Uniti<\/a>, and Spain.<\/p>\n\n\n\n<h2 class=\"wp-block-heading\">Base di clienti<\/h2>\n\n\n\n<p>La popolazione dipende da alimenti importati come grano, zucchero e riso, nonostante l&#039;alto tasso di produzione del paese di metalli e petrolio. Pi\u00f9 del quaranta per cento dei mauritani vive al di sotto della soglia di povert\u00e0. Di conseguenza, molti bambini soffrono di malnutrizione.<\/p>\n\n\n\n<h2 class=\"wp-block-heading\">Motivi per far crescere la tua attivit\u00e0 in Mauritania<\/h2>\n\n\n\n<figure class=\"gb-block-image gb-block-image-f340ce03\"><img loading=\"lazy\" decoding=\"async\" width=\"1456\" height=\"816\" class=\"gb-image gb-image-f340ce03\" src=\"https:\/\/www.sisinternational.com\/wp-content\/uploads\/2025\/08\/Mauritania-3.jpg\" alt=\"Ricerca e strategia di mercato internazionale SIS\" title=\"Mauritania (3)\" srcset=\"https:\/\/www.sisinternational.com\/wp-content\/uploads\/2025\/08\/Mauritania-3.jpg 1456w, https:\/\/www.sisinternational.com\/wp-content\/uploads\/2025\/08\/Mauritania-3-300x168.jpg 300w, https:\/\/www.sisinternational.com\/wp-content\/uploads\/2025\/08\/Mauritania-3-1024x574.jpg 1024w, https:\/\/www.sisinternational.com\/wp-content\/uploads\/2025\/08\/Mauritania-3-768x430.jpg 768w, https:\/\/www.sisinternational.com\/wp-content\/uploads\/2025\/08\/Mauritania-3-18x10.jpg 18w\" sizes=\"auto, (max-width: 1456px) 100vw, 1456px\"><\/figure>\n\n\n\n<p><\/p>\n\n\n\n<p>At present, Mauritania faces grinding poverty, and the economic outlook is bleak. However, economists expect this situation to change within the next decade. They forecast that Mauritania will be moving into privatized <a href=\"https:\/\/www.sisinternational.com\/it\/industry-forecast\/it-industry-forecast\/\" title=\"IT Industry Forecast\" data-wpil-monitor-id=\"11276\">industry<\/a>.<\/p>\n\n\n\n<p>In Mauritania c\u2019\u00e8 ampio spazio per lo sviluppo agricolo e turistico. Inoltre, gli investimenti agrari ridurranno la considerevole dipendenza dai prodotti alimentari importati.<\/p>\n\n\n\n<p>La Mauritania, essendo ricca di pesca e minerali, sar\u00e0 sicuramente redditizia per te. Inoltre, il settore del turismo ha un grande potenziale grazie alla ricca cultura del paese. La Mauritania possiede anche rovine preistoriche, che rappresentano un altro vantaggio per il turismo.<\/p>\n\n\n\n<h2 class=\"wp-block-heading\">Ricerche di mercato in Mauritania, Africa<\/h2>\n\n\n\n<p>Are you looking to invest or <a href=\"https:\/\/www.sisinternational.com\/it\/pubblicazioni\/giappone-esportatore-di-fascia-media-del-mercato\/\" title=\"Far crescere il tuo business in Giappone\" data-wpil-monitor-id=\"11272\">grow your business<\/a> in Mauritania? This article has all the information you <a href=\"https:\/\/www.sisinternational.com\/it\/analysis-b2b\/\" title=\"What Business Leaders Need to Know Right Now\" data-wpil-monitor-id=\"11274\">need to know<\/a> about investing in Mauritania. We organize <a href=\"https:\/\/www.sisinternational.com\/it\/soluzioni\/soluzioni-di-ricerca-quantitativa-qualitativa\/\">Quantitativo qualitativo<\/a>, E <a href=\"https:\/\/www.sisinternational.com\/it\/copertura\/le-americhe\/copertura-degli-stati-uniti\/new-york-market-research-firm\/\" target=\"_blank\" rel=\"noopener\">Ricerca strategica<\/a>. Thus, we can keep you well-informed about which countries are the best bet for your business. This article gives you <a href=\"https:\/\/www.sisinternational.com\/it\/how-to-conduct-in-depth-interviews-for-market-insights\/\" title=\"Come condurre interviste approfondite per ottenere informazioni di mercato\" data-wpil-monitor-id=\"11270\">insight into the Mauritanian market<\/a>. It shows you the areas that are ripe for investment. We hope that it helps you in your decision-making. We also hope that you will consider investing in Mauritania.<\/p>\n\n\n\n<p><\/p>","protected":false},"excerpt":{"rendered":"<p>Market Research in Mauritania, Africa Neighborhoods Located in Northwest Africa, Mauritania is one of the poorest countries in the world. However, its mixed pot of people makes the country unique. In fact, some sources refer to Mauritania as the Eye of Africa. It\u2019s a vast country, the eleventh largest sovereign state on the continent. The &#8230; <a title=\"Ricerche di mercato in Mauritania, Africa: una panoramica\" class=\"read-more\" href=\"https:\/\/www.sisinternational.com\/it\/copertura\/ricerche-di-mercato-africane\/ricerche-di-mercato-in-mauritania-africa\/\" aria-label=\"Per saperne di pi\u00f9 su Market Research in Mauritania, Africa \u2014 an Overview\">Leggi tutto<\/a><\/p>","protected":false},"author":1,"featured_media":65295,"parent":14281,"menu_order":35,"comment_status":"closed","ping_status":"closed","template":"","meta":{"footnotes":""},"class_list":["post-37919","page","type-page","status-publish","has-post-thumbnail"],"_links":{"self":[{"href":"https:\/\/www.sisinternational.com\/it\/wp-json\/wp\/v2\/pages\/37919","targetHints":{"allow":["GET"]}}],"collection":[{"href":"https:\/\/www.sisinternational.com\/it\/wp-json\/wp\/v2\/pages"}],"about":[{"href":"https:\/\/www.sisinternational.com\/it\/wp-json\/wp\/v2\/types\/page"}],"author":[{"embeddable":true,"href":"https:\/\/www.sisinternational.com\/it\/wp-json\/wp\/v2\/users\/1"}],"replies":[{"embeddable":true,"href":"https:\/\/www.sisinternational.com\/it\/wp-json\/wp\/v2\/comments?post=37919"}],"version-history":[{"count":3,"href":"https:\/\/www.sisinternational.com\/it\/wp-json\/wp\/v2\/pages\/37919\/revisions"}],"predecessor-version":[{"id":81839,"href":"https:\/\/www.sisinternational.com\/it\/wp-json\/wp\/v2\/pages\/37919\/revisions\/81839"}],"up":[{"embeddable":true,"href":"https:\/\/www.sisinternational.com\/it\/wp-json\/wp\/v2\/pages\/14281"}],"wp:featuredmedia":[{"embeddable":true,"href":"https:\/\/www.sisinternational.com\/it\/wp-json\/wp\/v2\/media\/65295"}],"wp:attachment":[{"href":"https:\/\/www.sisinternational.com\/it\/wp-json\/wp\/v2\/media?parent=37919"}],"curies":[{"name":"wp","href":"https:\/\/api.w.org\/{rel}","templated":true}]}}