{"id":37917,"date":"2021-06-25T09:30:36","date_gmt":"2021-06-25T09:30:36","guid":{"rendered":"https:\/\/www.sisinternational.com\/?page_id=37917"},"modified":"2025-09-14T17:21:58","modified_gmt":"2025-09-14T21:21:58","slug":"ricerche-di-mercato-a-mauritius-in-africa","status":"publish","type":"page","link":"https:\/\/www.sisinternational.com\/it\/copertura\/ricerche-di-mercato-africane\/ricerche-di-mercato-a-mauritius-in-africa\/","title":{"rendered":"Ricerche di mercato a Mauritius, isola al largo della costa orientale dell&#039;Africa"},"content":{"rendered":"<h1 class=\"wp-block-heading\">Ricerche di mercato a Mauritius, Africa<\/h1>\n\n\n\n<figure class=\"gb-block-image gb-block-image-4f3a3bf9\"><img loading=\"lazy\" decoding=\"async\" width=\"1456\" height=\"816\" class=\"gb-image gb-image-4f3a3bf9\" src=\"https:\/\/www.sisinternational.com\/wp-content\/uploads\/2025\/08\/Mauritius-1.jpg\" alt=\"Ricerca e strategia di mercato internazionale SIS\" title=\"Mauritius (1)\" srcset=\"https:\/\/www.sisinternational.com\/wp-content\/uploads\/2025\/08\/Mauritius-1.jpg 1456w, https:\/\/www.sisinternational.com\/wp-content\/uploads\/2025\/08\/Mauritius-1-300x168.jpg 300w, https:\/\/www.sisinternational.com\/wp-content\/uploads\/2025\/08\/Mauritius-1-1024x574.jpg 1024w, https:\/\/www.sisinternational.com\/wp-content\/uploads\/2025\/08\/Mauritius-1-768x430.jpg 768w, https:\/\/www.sisinternational.com\/wp-content\/uploads\/2025\/08\/Mauritius-1-18x10.jpg 18w\" sizes=\"auto, (max-width: 1456px) 100vw, 1456px\"><\/figure>\n\n\n\n<p><\/p>\n\n\n\n<h2 class=\"wp-block-heading\">Quartieri<\/h2>\n\n\n\n<p>La Repubblica di Mauritius \u00e8 un arcipelago nell&#039;Oceano Indiano. Il vicino pi\u00f9 vicino al paese \u00e8 il Madagascar, 700 miglia a ovest. La capitale \u00e8 Port Louis. \u00c8 una citt\u00e0 vivace in cui si svolgono una quantit\u00e0 significativa di vendite e acquisti. Il governatore francese fond\u00f2 Port Louis intorno alla met\u00e0 del 1700. Alcune altre grandi citt\u00e0 con un&#039;elevata popolazione e attivit\u00e0 economiche sono Curepipe, Grand Baie, Beau Bassin-Rose Hill, Quatre Bornes e Vacoas-Phoenix.<\/p>\n\n\n\n<h2 class=\"wp-block-heading\">Tendenze<\/h2>\n\n\n\n<p>La lingua principale di Mauritius \u00e8 il francese, ma la maggior parte degli abitanti parla creolo francese e inglese. Le persone sono diverse, cos\u00ec come la cultura. La religione principale a Mauritius \u00e8 l&#039;induismo. Meno della met\u00e0 dei mauriziani sono cristiani.<\/p>\n\n\n\n<p>Mauritius \u00e8 famosa per le sue ville culturali, le spiagge sabbiose e le acque turchesi. A causa del suo relativo isolamento, Mauritius \u00e8 un ottimo luogo di vacanza. Ha molti campi di canna da zucchero e specie animali e vegetali uniche e distintive. \u00c8 famoso per l&#039;uccello Dodo, un uccello autoctono estinto delle dimensioni di un coniglio. Questo uccello, dichiarato estinto alla fine del 1600, era endemico di Mauritius.<\/p>\n\n\n\n<p>Queste isole sono una grande attrazione turistica, conosciute per il loro ambiente naturale. La sua architettura culturale attira anche i visitatori.<\/p>\n\n\n\n<p>Tuttavia, Mauritius ha problemi di sovrappopolazione, con 1,3 milioni di abitanti nel 2019. Tuttavia, la popolazione di Mauritius sembra cavarsela bene con le risorse disponibili.<\/p>\n\n\n\n<h2 class=\"wp-block-heading\">Industrie chiave<\/h2>\n\n\n\n<p>The five primary <a href=\"https:\/\/www.sisinternational.com\/it\/soluzioni\/ai-ricerche-di-mercato-e-consulenza-strategica\/consulenza-per-lindustria-del-turismo-ospitalita-adozione-viaggi\/\" title=\"Adozione dell&#039;intelligenza artificiale nella consulenza nel settore dei viaggi, dell&#039;ospitalit\u00e0 e del turismo\"  data-wpil-monitor-id=\"10968\">industries of Mauritius are Tourism<\/a>, Agriculture, Mining, Services, and Manufacturing.<\/p>\n\n\n\n<p><a href=\"https:\/\/oec.world\/en\/profile\/country\/mus\" target=\"_blank\" rel=\"noopener\">Le principali industrie manifatturiere di Mauritius comprendono la lavorazione alimentare e l&#039;abbigliamento, il pesce, i prodotti tessili e i prodotti chimici, oltre a una solida industria mineraria<\/a>. Inoltre, le isole effettuano la macinazione dello zucchero su larga scala per l&#039;esportazione in altri paesi. Le fabbriche di macinazione producono sia zucchero di barbabietola che di canna. La canna da zucchero occupa l&#039;80% del territorio di Mauritius.<\/p>\n\n\n\n<p>Madre Natura ha benedetto questa nazione con una bellezza mozzafiato. Questa bellezza ha attirato visitatori nel corso dei secoli. Non sorprende quindi che il turismo sia un pilastro vitale dell\u2019economia mauriziana. Di conseguenza, il numero di turisti \u00e8 aumentato nel corso degli anni.<\/p>\n\n\n\n<h2 class=\"wp-block-heading\">Base di clienti<\/h2>\n\n\n\n<p>Mauritius\u201d le importazioni sono superiori alle esportazioni. Queste isole portano merci dall\u2019estero, come petrolio raffinato e automobili.<\/p>\n\n\n\n<p>Anche il cibo proveniente dalla Francia rappresenta una percentuale significativa delle importazioni di Mauritius. Anche India, Australia e Sud Africa sono altri paesi da cui Mauritius importa. Un altro partner commerciale sono gli Stati Uniti. Mauritius importa alimenti come carne, caff\u00e8 e latticini dagli Stati Uniti. Riceve anche frutta e verdura congelata come le arance da quel paese. Il paese importa anche vestiti dagli Stati Uniti e dall&#039;Europa.<\/p>\n\n\n\n<h2 class=\"wp-block-heading\">Motivi per far crescere la tua attivit\u00e0 a Mauritius<\/h2>\n\n\n\n<figure class=\"gb-block-image gb-block-image-df70ab1f\"><img loading=\"lazy\" decoding=\"async\" width=\"1456\" height=\"816\" class=\"gb-image gb-image-df70ab1f\" src=\"https:\/\/www.sisinternational.com\/wp-content\/uploads\/2025\/08\/Mauritius-4.jpg\" alt=\"Ricerca e strategia di mercato internazionale SIS\" title=\"Mauritius (4)\" srcset=\"https:\/\/www.sisinternational.com\/wp-content\/uploads\/2025\/08\/Mauritius-4.jpg 1456w, https:\/\/www.sisinternational.com\/wp-content\/uploads\/2025\/08\/Mauritius-4-300x168.jpg 300w, https:\/\/www.sisinternational.com\/wp-content\/uploads\/2025\/08\/Mauritius-4-1024x574.jpg 1024w, https:\/\/www.sisinternational.com\/wp-content\/uploads\/2025\/08\/Mauritius-4-768x430.jpg 768w, https:\/\/www.sisinternational.com\/wp-content\/uploads\/2025\/08\/Mauritius-4-18x10.jpg 18w\" sizes=\"auto, (max-width: 1456px) 100vw, 1456px\"><\/figure>\n\n\n\n<p><\/p>\n\n\n\n<p>Investire a Mauritius pu\u00f2 essere vantaggioso in quanto offre agli investitori un\u2019aliquota fiscale bassa. Inoltre, non esiste alcuna imposta di successione, il che \u00e8 una buona notizia se hai ereditato una propriet\u00e0. Inoltre, non devi pagare l&#039;IVA o i dazi doganali sulle attrezzature importate per la tua attivit\u00e0.<\/p>\n\n\n\n<p>Mauritius is a well-off country. Its exports of sugar have been of real value to the country. Moreover, many economists consider it to be one of the developed countries in Africa. As a result, Mauritius is an excellent country to <a href=\"https:\/\/www.sisinternational.com\/it\/pubblicazioni\/giappone-esportatore-di-fascia-media-del-mercato\/\" title=\"Far crescere il tuo business in Giappone\" data-wpil-monitor-id=\"10969\">grow your business<\/a>.<\/p>\n\n\n\n<h2 class=\"wp-block-heading\">Ricerche di mercato a Mauritius<\/h2>\n\n\n\n<p>Sei un imprenditore interessato ad investire a Mauritius? Il nostro sito web contiene molte informazioni che potrebbero essere utili alla tua ricerca. Mauritius \u00e8 un paese ben sviluppato che qualsiasi investitore alla ricerca trover\u00e0 interessante. Ci riuniamo <a href=\"https:\/\/www.sisinternational.com\/it\/soluzioni\/soluzioni-di-ricerca-quantitativa-qualitativa\/\">Dati qualitativi e quantitativi<\/a> e fai <a href=\"https:\/\/www.sisinternational.com\/it\/soluzioni\/consulenza-strategica\/\">Ricerca strategica<\/a>. Speriamo che in questo articolo tu abbia tutte le informazioni necessarie per prendere la tua decisione. Investire a Mauritius \u00e8 un\u2019ottima scelta che moltiplicher\u00e0 il tuo capitale.<\/p>","protected":false},"excerpt":{"rendered":"<p>Ricerche di mercato a Mauritius. Il nostro sito web contiene molte informazioni che potrebbero essere utili alla tua ricerca. Dati qualitativi e quantitativi.<\/p>","protected":false},"author":1,"featured_media":65298,"parent":14281,"menu_order":34,"comment_status":"closed","ping_status":"closed","template":"","meta":{"footnotes":""},"class_list":["post-37917","page","type-page","status-publish","has-post-thumbnail"],"_links":{"self":[{"href":"https:\/\/www.sisinternational.com\/it\/wp-json\/wp\/v2\/pages\/37917","targetHints":{"allow":["GET"]}}],"collection":[{"href":"https:\/\/www.sisinternational.com\/it\/wp-json\/wp\/v2\/pages"}],"about":[{"href":"https:\/\/www.sisinternational.com\/it\/wp-json\/wp\/v2\/types\/page"}],"author":[{"embeddable":true,"href":"https:\/\/www.sisinternational.com\/it\/wp-json\/wp\/v2\/users\/1"}],"replies":[{"embeddable":true,"href":"https:\/\/www.sisinternational.com\/it\/wp-json\/wp\/v2\/comments?post=37917"}],"version-history":[{"count":3,"href":"https:\/\/www.sisinternational.com\/it\/wp-json\/wp\/v2\/pages\/37917\/revisions"}],"predecessor-version":[{"id":81795,"href":"https:\/\/www.sisinternational.com\/it\/wp-json\/wp\/v2\/pages\/37917\/revisions\/81795"}],"up":[{"embeddable":true,"href":"https:\/\/www.sisinternational.com\/it\/wp-json\/wp\/v2\/pages\/14281"}],"wp:featuredmedia":[{"embeddable":true,"href":"https:\/\/www.sisinternational.com\/it\/wp-json\/wp\/v2\/media\/65298"}],"wp:attachment":[{"href":"https:\/\/www.sisinternational.com\/it\/wp-json\/wp\/v2\/media?parent=37917"}],"curies":[{"name":"wp","href":"https:\/\/api.w.org\/{rel}","templated":true}]}}