{"id":37915,"date":"2021-06-25T09:26:26","date_gmt":"2021-06-25T09:26:26","guid":{"rendered":"https:\/\/www.sisinternational.com\/?page_id=37915"},"modified":"2026-01-25T18:45:31","modified_gmt":"2026-01-25T23:45:31","slug":"ricerche-di-mercato-in-marocco-nord-africa","status":"publish","type":"page","link":"https:\/\/www.sisinternational.com\/it\/copertura\/ricerche-di-mercato-africane\/ricerche-di-mercato-in-marocco-nord-africa\/","title":{"rendered":"Ricerche di mercato in Marocco, continente africano nordoccidentale"},"content":{"rendered":"<h1 class=\"wp-block-heading\">Ricerche di mercato in Marocco, Nord Africa<\/h1>\n\n\n\n<figure class=\"gb-block-image gb-block-image-d8651a8f\"><img loading=\"lazy\" decoding=\"async\" width=\"1456\" height=\"816\" class=\"gb-image gb-image-d8651a8f\" src=\"https:\/\/www.sisinternational.com\/wp-content\/uploads\/2025\/08\/Morocco-2.jpg\" alt=\"Ricerca e strategia di mercato internazionale SIS\" title=\"Morocco (2)\" srcset=\"https:\/\/www.sisinternational.com\/wp-content\/uploads\/2025\/08\/Morocco-2.jpg 1456w, https:\/\/www.sisinternational.com\/wp-content\/uploads\/2025\/08\/Morocco-2-300x168.jpg 300w, https:\/\/www.sisinternational.com\/wp-content\/uploads\/2025\/08\/Morocco-2-1024x574.jpg 1024w, https:\/\/www.sisinternational.com\/wp-content\/uploads\/2025\/08\/Morocco-2-768x430.jpg 768w, https:\/\/www.sisinternational.com\/wp-content\/uploads\/2025\/08\/Morocco-2-18x10.jpg 18w\" sizes=\"auto, (max-width: 1456px) 100vw, 1456px\"><\/figure>\n\n\n\n<p><\/p>\n\n\n\n<p>Il Regno del Marocco \u00e8 un paese dell&#039;Africa nordoccidentale. Il Mar Mediterraneo \u00e8 a nord e l&#039;Oceano Atlantico a ovest. Confina anche con il Sahara Occidentale e l&#039;Algeria. La religione principale \u00e8 l&#039;Islam e il popolo del Marocco parla berbero e arabo. Inoltre, il Marocco ha una vibrante miscela di culture europea, araba e berbera. La capitale \u00e8 Rabat e la citt\u00e0 pi\u00f9 grande \u00e8 Casablanca.<\/p>\n\n\n\n<h2 class=\"wp-block-heading\">Market Research in Morocco:&nbsp;Key Industries<\/h2>\n\n\n\n<p>Il Marocco ha generalmente un\u2019economia di libero mercato governata dalle leggi della domanda e dell\u2019offerta. Ma dal 1993 la nazione ha cominciato a seguire una strategia di privatizzazione. Finora ha privatizzato aree specifiche dell\u2019economia di propriet\u00e0 del governo.<\/p>\n\n\n\n<p>Il Marocco \u00e8 un attore importante nell\u2019economia africana e la quinta economia africana per PIL (PPP). Un altro punto chiave \u00e8 la sua classificazione secondo l&#039;indice della qualit\u00e0 della vita dell&#039;Economist Intelligence Unit del Marocco. Secondo tale organismo, \u00e8 stato il primo paese africano a superare il Sudafrica. Ma da allora la posizione \u00e8 scivolata al numero 4.<\/p>\n\n\n\n<p>Pi\u00f9 della met\u00e0 del PIL proviene dal settore dei servizi. Di conseguenza, le industrie principali sono le telecomunicazioni, il tessile, il turismo e l\u2019informatica.<\/p>\n\n\n\n<p>L\u2019industria del turismo \u00e8 il settore principale dell\u2019economia marocchina ed \u00e8 ben sviluppata. Tutto sommato, il turismo marocchino si concentra sulla storia, sulla costa e sulla cultura del paese.<\/p>\n\n\n\n<p>L&#039;agricoltura marocchina impiega circa il 40% della forza lavoro del paese. Pertanto, \u00e8 il pi\u00f9 grande datore di lavoro del paese. Ad esempio, l\u2019orzo, il grano e altre colture possono essere coltivate senza irrigazione. Pertanto, gli agricoltori marocchini coltivano queste colture nelle regioni pi\u00f9 piovose del nord-ovest. Coltivano anche olive, agrumi e uva da vino nelle vaste pianure lungo la costa atlantica. Utilizzano infatti l\u2019acqua dei pozzi artesiani per sostenere le loro aziende agricole.<\/p>\n\n\n\n<h2 class=\"wp-block-heading\">Quartieri<\/h2>\n\n\n\n<p>La capitale del Marocco \u00e8 Rabat, situata lungo l&#039;Oceano Atlantico e il fiume Bouregreg. Rabat \u00e8 famosa soprattutto per i monumenti che riflettono la sua eredit\u00e0 coloniale francese e islamica, come il Castello di Udayas. Questo forte reale di epoca berbera \u00e8 circondato da un giardino formale dal design francese affacciato sul mare.<\/p>\n\n\n\n<p>La citt\u00e0 pi\u00f9 grande del Marocco, Casablanca, \u00e8 anche nota per il suo porto e il suo centro commerciale. Puoi vedere l&#039;eredit\u00e0 coloniale francese della citt\u00e0 negli edifici del centro di Mauresque, con la sua miscela di stile moresco e Art D\u00e9co europeo nell&#039;architettura del centro. Un altro esempio \u00e8 l&#039;enorme moschea Hassan II, che si trova in parte sull&#039;acqua con un minareto con laser diretti verso la Mecca.<\/p>\n\n\n\n<h2 class=\"wp-block-heading\">Tendenze e base di consumatori<\/h2>\n\n\n\n<p>L\u2019economia marocchina \u00e8 entrata in recessione nel 2020 a causa della pandemia e dello shock agricolo. Ma il governo ha dato una risposta rapida pianificando una ripresa costante.<\/p>\n\n\n\n<p>I primi casi di Covid-19 in Marocco si sono verificati all\u2019inizio del 2020. Da allora, il comportamento dei consumatori ha mostrato cambiamenti sorprendenti. Questa situazione rispecchia anche ci\u00f2 che \u00e8 accaduto in alcune nazioni diverse. Ad esempio, i negozi di alimentari hanno iniziato a vedere lunghe file di clienti frenetici che cercavano di acquistare articoli essenziali. Di conseguenza, quelle aziende hanno dovuto riconsiderare i loro modelli di lavoro. Allo stesso modo, li ha portati a considerare l\u2019e-commerce una scelta fondamentale. Inoltre, questa scelta ha contribuito a limitare il rischio dei clienti nel contesto della pandemia di Covid-19.<\/p>\n\n\n\n<h2 class=\"wp-block-heading\">Punti di forza del mercato<\/h2>\n\n\n\n<ol class=\"wp-block-list\">\n<li>Il mercato dei capitali \u00e8 ben sviluppato.<\/li>\n<\/ol>\n\n\n\n<p>Il governo marocchino ha un elevato deficit fiscale. Ma un mercato dei capitali regionale piuttosto sviluppato ha ridotto questi deficit.<\/p>\n\n\n\n<ol start=\"2\" class=\"wp-block-list\">\n<li>Il re \u00e8 un fattore stabilizzante nella stabilit\u00e0 politica.<\/li>\n<\/ol>\n\n\n\n<p>La monarchia \u00e8 molto apprezzata in Marocco, quindi \u00e8 pi\u00f9 facile risolvere i conflitti tra i partiti.<\/p>\n\n\n\n<h2 class=\"wp-block-heading\">Motivi per far crescere la tua attivit\u00e0 in Marocco<\/h2>\n\n\n\n<ol class=\"wp-block-list\">\n<li>Gli investitori stranieri hanno un vantaggio significativo perch\u00e9 i marocchini parlano diverse lingue.<\/li>\n\n\n\n<li>Il Marocco ha l\u2019ambiente giusto per lo sviluppo del business.<\/li>\n\n\n\n<li>Il Marocco ha continuato a considerare gli investimenti come una forza trainante. Ha bisogno di investimenti per una crescita sostenibile. Pertanto, ha semplificato le procedure e si \u00e8 sforzato di migliorare le condizioni degli investitori.<\/li>\n\n\n\n<li>Morocco is an exceptional <a href=\"https:\/\/www.sisinternational.com\/it\/copertura\/ricerche-di-mercato-africane\/ricerche-di-mercato-in-zambia-africa\/\" title=\"Ricerche di mercato in Zambia, Africa\"  data-wpil-monitor-id=\"5128\">market in Africa<\/a>.<\/li>\n<\/ol>\n\n\n\n<h2 class=\"wp-block-heading\">Ricerche di mercato in Marocco, Nord Africa<\/h2>\n\n\n\n<p>Le ricerche di mercato possono essere uno strumento utile per il successo della tua azienda. Fare ricerche sul Marocco pu\u00f2 consentirti di trovare le giuste opportunit\u00e0 di investimento. Possiamo organizzare per te focus group, sondaggi e interviste. Offriamo anche <a href=\"https:\/\/www.sisinternational.com\/it\/soluzioni\/soluzioni-di-ricerca-quantitativa-qualitativa\/\">Qualitativo quantitativo<\/a>, E <a href=\"https:\/\/www.sisinternational.com\/it\/soluzioni\/consulenza-strategica\/\">Ricerca strategica<\/a> sul mercato marocchino. Questi risultati consentiranno il successo della tua attivit\u00e0.<\/p>\n\n\n\n<p>Siamo qui per aiutare te e la tua azienda ad avere successo in Marocco.<\/p>\n\n\n\n<p><\/p>","protected":false},"excerpt":{"rendered":"<p>Ricerche di mercato in Marocco: la ricerca pu\u00f2 consentirti di trovare le giuste opportunit\u00e0 di investimento. Siamo qui per aiutare la tua azienda ad avere successo.<\/p>","protected":false},"author":1,"featured_media":65303,"parent":14281,"menu_order":33,"comment_status":"closed","ping_status":"closed","template":"","meta":{"footnotes":""},"class_list":["post-37915","page","type-page","status-publish","has-post-thumbnail"],"_links":{"self":[{"href":"https:\/\/www.sisinternational.com\/it\/wp-json\/wp\/v2\/pages\/37915","targetHints":{"allow":["GET"]}}],"collection":[{"href":"https:\/\/www.sisinternational.com\/it\/wp-json\/wp\/v2\/pages"}],"about":[{"href":"https:\/\/www.sisinternational.com\/it\/wp-json\/wp\/v2\/types\/page"}],"author":[{"embeddable":true,"href":"https:\/\/www.sisinternational.com\/it\/wp-json\/wp\/v2\/users\/1"}],"replies":[{"embeddable":true,"href":"https:\/\/www.sisinternational.com\/it\/wp-json\/wp\/v2\/comments?post=37915"}],"version-history":[{"count":6,"href":"https:\/\/www.sisinternational.com\/it\/wp-json\/wp\/v2\/pages\/37915\/revisions"}],"predecessor-version":[{"id":79003,"href":"https:\/\/www.sisinternational.com\/it\/wp-json\/wp\/v2\/pages\/37915\/revisions\/79003"}],"up":[{"embeddable":true,"href":"https:\/\/www.sisinternational.com\/it\/wp-json\/wp\/v2\/pages\/14281"}],"wp:featuredmedia":[{"embeddable":true,"href":"https:\/\/www.sisinternational.com\/it\/wp-json\/wp\/v2\/media\/65303"}],"wp:attachment":[{"href":"https:\/\/www.sisinternational.com\/it\/wp-json\/wp\/v2\/media?parent=37915"}],"curies":[{"name":"wp","href":"https:\/\/api.w.org\/{rel}","templated":true}]}}