{"id":37913,"date":"2021-06-25T09:17:44","date_gmt":"2021-06-25T09:17:44","guid":{"rendered":"https:\/\/www.sisinternational.com\/?page_id=37913"},"modified":"2025-09-14T17:24:47","modified_gmt":"2025-09-14T21:24:47","slug":"ricerche-di-mercato-in-niger-africa","status":"publish","type":"page","link":"https:\/\/www.sisinternational.com\/it\/copertura\/ricerche-di-mercato-africane\/ricerche-di-mercato-in-niger-africa\/","title":{"rendered":"Ricerche di mercato in Niger, Africa"},"content":{"rendered":"<h1 class=\"wp-block-heading\">Ricerche di mercato in Niger<\/h1>\n\n\n\n<figure class=\"gb-block-image gb-block-image-67074810\"><img loading=\"lazy\" decoding=\"async\" width=\"1456\" height=\"816\" class=\"gb-image gb-image-67074810\" src=\"https:\/\/www.sisinternational.com\/wp-content\/uploads\/2025\/08\/Niger-1.jpg\" alt=\"Ricerca e strategia di mercato internazionale SIS\" title=\"Niger (1)\" srcset=\"https:\/\/www.sisinternational.com\/wp-content\/uploads\/2025\/08\/Niger-1.jpg 1456w, https:\/\/www.sisinternational.com\/wp-content\/uploads\/2025\/08\/Niger-1-300x168.jpg 300w, https:\/\/www.sisinternational.com\/wp-content\/uploads\/2025\/08\/Niger-1-1024x574.jpg 1024w, https:\/\/www.sisinternational.com\/wp-content\/uploads\/2025\/08\/Niger-1-768x430.jpg 768w, https:\/\/www.sisinternational.com\/wp-content\/uploads\/2025\/08\/Niger-1-18x10.jpg 18w\" sizes=\"auto, (max-width: 1456px) 100vw, 1456px\"><\/figure>\n\n\n\n<p><\/p>\n\n\n\n<p><a href=\"https:\/\/oec.world\/en\/profile\/country\/ner\" target=\"_blank\" rel=\"noopener\">Niger (official name: the Republic of Niger)<\/a> \u00e8 un paese dell&#039;Africa occidentale senza sbocco sul mare. Prende infatti il nome dal fiume Niger, che ne attraversa il territorio sud-occidentale. La sua capitale \u00e8 Niamey. L\u2019Algeria si trova al confine nordoccidentale, la Libia a nordest, il Ciad a est, la Nigeria e il Benin a sud, e il Burkina Faso e il Mali al confine occidentale.<\/p>\n\n\n\n<p>La lingua ufficiale \u00e8 il francese. Inoltre, la lingua pi\u00f9 comune utilizzata \u00e8 l&#039;Hausa, seguita da Songhai, Fula, Tamashek e Kanuri. Le persone parlano anche arabo e teda.<\/p>\n\n\n\n<p>La maggioranza rivendica l\u2019Islam sunnita come propria religione. Il cristianesimo rimane una religione delle citt\u00e0, in particolare di Niamey. Allo stesso modo, alcune aree rurali continuano ad abbracciare le tradizionali religioni animiste dei neri africani.<\/p>\n\n\n\n<p>Le precipitazioni determinano la capacit\u00e0 del Niger di rimanere autosufficiente dal punto di vista alimentare e del bestiame. Inoltre, il paese soffre di siccit\u00e0, che aumenta la necessit\u00e0 di importare e ricevere aiuti alimentari. Tuttavia, il governo ha investito in progetti di irrigazione e in un \u201cprogramma di coltivazione fuori stagione\u201d. Questo programma consiste in operazioni di produzione e irrigazione su piccola scala per aggirare la siccit\u00e0.<\/p>\n\n\n\n<p>I tre obiettivi principali del Niger sono:<\/p>\n\n\n\n<ul class=\"wp-block-list\">\n<li>Il mantenimento dell&#039;unit\u00e0 nazionale.<\/li>\n\n\n\n<li>L\u2019elevazione del tenore di vita.<\/li>\n\n\n\n<li>Indipendenza economica.<\/li>\n<\/ul>\n\n\n\n<h2 class=\"wp-block-heading\">Industrie chiave in Niger<\/h2>\n\n\n\n<p>L\u2019agricoltura, l\u2019estrazione mineraria e l\u2019esportazione sono fondamentali in Niger.<\/p>\n\n\n\n<p>L&#039;agricoltura e i prodotti agricoli costituiscono il settore pi\u00f9 importante dell&#039;economia del Niger, impiegano la maggior parte delle persone e costituiscono la percentuale pi\u00f9 alta del PNL. Le colture principali includono miglio, sorgo e manioca, insieme alla canna da zucchero e al riso, che crescono tutti nella valle del fiume Niger.<\/p>\n\n\n\n<p>Anche il bestiame e il pesce rappresentano esportazioni significative e gli allevatori allevano bovini, pecore e capre per carne, latte e pelli. Inoltre, gli artigiani utilizzano le pelli di struzzi, coccodrilli e serpenti per l&#039;artigianato. Il mercato principale per questi prodotti artigianali \u00e8 l\u2019Europa.<\/p>\n\n\n\n<p>Il Niger \u00e8 tra i principali produttori mondiali di uranio. La maggior parte dei depositi di uranio si trovano nel Niger centrale e la produzione varia in base alle richieste del mercato.<\/p>\n\n\n\n<p>Gli investitori hanno creato diverse industrie manifatturiere, la maggior parte delle quali si trovano a Niamey. Queste industrie producono prodotti chimici, prodotti alimentari, tessili, attrezzature agricole e mobili in metallo. La raffineria di petrolio \u00e8 in un&#039;altra citt\u00e0, Zinder.<\/p>\n\n\n\n<p>Il settore privato \u00e8 costituito in parte da numerose piccole imprese. Comprende anche imprese appartenenti a grandi aziende francesi o internazionali.<\/p>\n\n\n\n<h2 class=\"wp-block-heading\">Quartieri<\/h2>\n\n\n\n<p>Il Niger ha quattro citt\u00e0 principali: Niamey, Zinder, Maradi, Tahoua. Niamey, la capitale del Niger, si trova lungo il fiume Niger, nell&#039;angolo sud-occidentale della repubblica. Gli indigeni fondarono Niamey come villaggio agricolo. Divenne capitale nel 1926 e crebbe dopo la seconda guerra mondiale.<\/p>\n\n\n\n<p>Niamey ha un carattere cosmopolita, che varia tra l&#039;estetica rurale europea e quella africana. C&#039;\u00e8 un aeroporto internazionale. Le strade collegano anche Niamey con i porti atlantici del Benin e della Nigeria.<\/p>\n\n\n\n<p>Oggi Niamey \u00e8 occupata da commercianti, commercianti, funzionari e artigiani. Provengono dal Niger, dalla Nigeria, dal Benin e dal Togo. La maggior parte delle persone a Niamey lavora nel settore dei servizi.<\/p>\n\n\n\n<p>Circa un quinto della popolazione vive nelle citt\u00e0, ma gran parte della popolazione rurale \u00e8 nomade. Il Niger conta circa 10.000 villaggi, di cui quasi la met\u00e0 conta solo poche centinaia di abitanti. Non ci sono villaggi nella zona desertica.<\/p>\n\n\n\n<h2 class=\"wp-block-heading\">Tendenze in Niger<\/h2>\n\n\n\n<p>Il numero di utenti Internet in Niger \u00e8 aumentato nel 2021.<\/p>\n\n\n\n<p>La crescita economica \u00e8 diminuita a causa della pandemia di Covid-19. Negli ultimi anni il Niger \u00e8 stato anche teatro di violenti attacchi terroristici. Ma gli economisti prevedono una svolta economica. Il confine nigeriano \u00e8 stato riaperto e sono ripresi importanti progetti di investimento. Anche le catene di approvvigionamento sono tornate alla normalit\u00e0.<\/p>\n\n\n\n<h2 class=\"wp-block-heading\">Vantaggi e punti di forza del mercato<\/h2>\n\n\n\n<p>Essendo un paese in via di sviluppo con molte risorse grezze, il Niger ha un potenziale di investimento. Dispone di immense aree terrestri adatte all\u2019agro-business intensivo. Queste terre sono ideali anche per l&#039;attivit\u00e0 pastorale.<\/p>\n\n\n\n<p>Il Niger \u00e8 uno dei principali produttori di uranio. Il suo suolo \u00e8 ricco di depositi minerali come uranio, petrolio e gas, oro, ferro e fosfati. Fornisce anche carbone, calcare, gesso e cassiterite.<\/p>\n\n\n\n<p>Il Niger ha molti partner commerciali. I principali includono Nigeria, Francia e Cina.<\/p>\n\n\n\n<h2 class=\"wp-block-heading\">Base di consumatori in Niger<\/h2>\n\n\n\n<p>Il Niger ha un basso tasso di alfabetizzazione degli adulti: uno dei pi\u00f9 bassi dell\u2019Africa occidentale. Diverse agenzie hanno condotto programmi di alfabetizzazione nelle cinque principali lingue africane.<\/p>\n\n\n\n<p>L\u2019istruzione in Niger \u00e8 gratuita, ma solo una piccola percentuale di bambini frequenta la scuola.<\/p>\n\n\n\n<p>Il Niger ha tassi di natalit\u00e0 e di crescita della popolazione elevati: tra i pi\u00f9 alti a livello globale. Il tasso di mortalit\u00e0 del Paese \u00e8 tra i pi\u00f9 alti dell\u2019Africa. L\u2019aspettativa di vita \u00e8 di circa 58 anni per gli uomini e 61 anni per le donne. La popolazione del Niger, nel complesso, \u00e8 giovane. Quasi la met\u00e0 delle persone ha meno di 15 anni e circa un quarto ha un&#039;et\u00e0 compresa tra 15 e 29 anni.<\/p>\n\n\n\n<h2 class=\"wp-block-heading\">Perch\u00e9 far crescere la tua attivit\u00e0 nel mercato nigeriano?<\/h2>\n\n\n\n<p>Sfruttare il potenziale grezzo del paese pu\u00f2 rivelarsi fruttuoso. Un modo \u00e8 investire nell\u2019espansione e nello sviluppo delle industrie del Niger.<\/p>\n\n\n\n<p>Il Niger promuove le relazioni economiche tra i paesi africani. Oltre ad essere membro dell&#039;Unione Africana, il Niger \u00e8 anche membro di gruppi regionali che contribuiscono al suo sviluppo. Includono il Conseil de L&#039;Enfant e la Comunit\u00e0 economica degli Stati dell&#039;Africa occidentale. Il Niger ha anche un&#039;affiliazione con l&#039;Area di libero scambio continentale africana. Quest&#039;ultimo gruppo contribuisce allo sviluppo del paese, delle infrastrutture e dell&#039;economia.<\/p>\n\n\n\n<h2 class=\"wp-block-heading\">Informazioni sulle ricerche di mercato in Niger<\/h2>\n\n\n\n<p>I sondaggi per avvicinare un&#039;ampia gamma di nigerini possono aiutare a tenere il passo con le tendenze e i punti di forza attuali. Focus group e ricerche di mercato ben posizionati possono aiutare a individuare il modo migliore per investire in Niger.<\/p>\n\n\n\n<p><a href=\"https:\/\/www.sisinternational.com\/it\/cose-la-ricerca-qualitativa\/\" target=\"_blank\" rel=\"noopener\">Qualitativo<\/a>, <a href=\"https:\/\/www.sisinternational.com\/it\/cose-la-ricerca-quantitativa\/\" target=\"_blank\" rel=\"noopener\">Quantitativo<\/a>, E <a href=\"https:\/\/www.sisinternational.com\/it\/soluzioni\/consulenza-strategica\/come-la-ricerca-strategica-puo-migliorare-le-tue-prestazioni\/\" target=\"_blank\" rel=\"noopener\">Ricerca strategica<\/a> \u00e8 anche essenziale. Aiuta i potenziali investitori a decidere su infrastrutture e sistemi migliori e pi\u00f9 efficienti. Mostra loro anche quali prodotti sono pi\u00f9 adatti al Niger, consentendo maggiori rendimenti.<\/p>\n\n\n\n<p><\/p>","protected":false},"excerpt":{"rendered":"<p>Il Niger \u00e8 uno dei principali produttori di uranio. Il suo suolo \u00e8 ricco di depositi minerali come uranio, petrolio e gas, oro, ferro e fosfati. <\/p>","protected":false},"author":1,"featured_media":65321,"parent":14281,"menu_order":32,"comment_status":"closed","ping_status":"closed","template":"","meta":{"footnotes":""},"class_list":["post-37913","page","type-page","status-publish","has-post-thumbnail"],"_links":{"self":[{"href":"https:\/\/www.sisinternational.com\/it\/wp-json\/wp\/v2\/pages\/37913","targetHints":{"allow":["GET"]}}],"collection":[{"href":"https:\/\/www.sisinternational.com\/it\/wp-json\/wp\/v2\/pages"}],"about":[{"href":"https:\/\/www.sisinternational.com\/it\/wp-json\/wp\/v2\/types\/page"}],"author":[{"embeddable":true,"href":"https:\/\/www.sisinternational.com\/it\/wp-json\/wp\/v2\/users\/1"}],"replies":[{"embeddable":true,"href":"https:\/\/www.sisinternational.com\/it\/wp-json\/wp\/v2\/comments?post=37913"}],"version-history":[{"count":2,"href":"https:\/\/www.sisinternational.com\/it\/wp-json\/wp\/v2\/pages\/37913\/revisions"}],"predecessor-version":[{"id":68546,"href":"https:\/\/www.sisinternational.com\/it\/wp-json\/wp\/v2\/pages\/37913\/revisions\/68546"}],"up":[{"embeddable":true,"href":"https:\/\/www.sisinternational.com\/it\/wp-json\/wp\/v2\/pages\/14281"}],"wp:featuredmedia":[{"embeddable":true,"href":"https:\/\/www.sisinternational.com\/it\/wp-json\/wp\/v2\/media\/65321"}],"wp:attachment":[{"href":"https:\/\/www.sisinternational.com\/it\/wp-json\/wp\/v2\/media?parent=37913"}],"curies":[{"name":"wp","href":"https:\/\/api.w.org\/{rel}","templated":true}]}}