{"id":37911,"date":"2021-06-25T08:50:15","date_gmt":"2021-06-25T08:50:15","guid":{"rendered":"https:\/\/www.sisinternational.com\/?page_id=37911"},"modified":"2025-09-14T17:30:59","modified_gmt":"2025-09-14T21:30:59","slug":"ricerche-di-mercato-in-ruanda-africa","status":"publish","type":"page","link":"https:\/\/www.sisinternational.com\/it\/copertura\/ricerche-di-mercato-africane\/ricerche-di-mercato-in-ruanda-africa\/","title":{"rendered":"Ricerche di mercato in Ruanda, Africa"},"content":{"rendered":"<h1 class=\"wp-block-heading\">Ricerche di mercato in Ruanda<\/h1>\n\n\n\n<figure class=\"gb-block-image gb-block-image-0ad5b177\"><img loading=\"lazy\" decoding=\"async\" width=\"1456\" height=\"816\" class=\"gb-image gb-image-0ad5b177\" src=\"https:\/\/www.sisinternational.com\/wp-content\/uploads\/2025\/08\/Rwanda-1.jpg\" alt=\"Ricerca e strategia di mercato internazionale SIS\" title=\"Rwanda, (1)\" srcset=\"https:\/\/www.sisinternational.com\/wp-content\/uploads\/2025\/08\/Rwanda-1.jpg 1456w, https:\/\/www.sisinternational.com\/wp-content\/uploads\/2025\/08\/Rwanda-1-300x168.jpg 300w, https:\/\/www.sisinternational.com\/wp-content\/uploads\/2025\/08\/Rwanda-1-1024x574.jpg 1024w, https:\/\/www.sisinternational.com\/wp-content\/uploads\/2025\/08\/Rwanda-1-768x430.jpg 768w, https:\/\/www.sisinternational.com\/wp-content\/uploads\/2025\/08\/Rwanda-1-18x10.jpg 18w\" sizes=\"auto, (max-width: 1456px) 100vw, 1456px\"><\/figure>\n\n\n\n<p><\/p>\n\n\n\n<h2 class=\"wp-block-heading\">Quartieri<\/h2>\n\n\n\n<p><a href=\"https:\/\/oec.world\/en\/profile\/country\/rwa\" target=\"_blank\" rel=\"noopener\">Il Ruanda \u00e8 un piccolo paese senza sbocco sul mare<\/a> lungo la Great Rift Valley dell\u2019Africa Centrale. Si estende per poco pi\u00f9 di diecimila miglia quadrate e ha una popolazione di 12 milioni di persone.<\/p>\n\n\n\n<p>I paesi confinanti con il Ruanda includono la Repubblica Unita di Tanzania, il Burundi, l&#039;Uganda e la Repubblica Democratica del Congo. Poich\u00e9 questi vicini circondano il Ruanda, una delle sue sfide \u00e8 la mancanza di accesso e ingresso all\u2019Oceano Indiano. Anche la pressione demografica rappresenta una sfida significativa affrontata dal Ruanda.<\/p>\n\n\n\n<p>Nel 1994 la trib\u00f9 Hutu si scaten\u00f2 e massacr\u00f2 circa un milione di Tutsi. Nonostante questo genocidio, negli ultimi anni il Ruanda ha assistito ad una notevole trasformazione economica. Attualmente \u00e8 tra le economie basate sulla conoscenza di maggior successo del continente. In effetti, alcuni hanno descritto i suoi risultati come a dir poco un miracolo.<\/p>\n\n\n\n<h2 class=\"wp-block-heading\">Tendenze<\/h2>\n\n\n\n<p>Il Ruanda ha problemi di sovrappopolazione e una densit\u00e0 di popolazione molto elevata: una delle pi\u00f9 alte dell\u2019Africa. Inoltre, la media \u00e8 di mille persone per miglio quadrato e le sue risorse sono appena sufficienti per tutti. Di conseguenza, le risorse agricole stanno soffocando da molti anni.<\/p>\n\n\n\n<p>Il Ruanda \u00e8 costituito per il 97% da terra e per il 3% da acqua. Ci sono poche spiagge in Ruanda, la maggior parte delle quali, rispetto ad altri paesi africani, non sono molto belle.<\/p>\n\n\n\n<p>Il mercato ruandese \u00e8 quello di un paese in via di sviluppo economico, che gli esperti chiamano un paese del terzo mondo con indicatori del primo mondo. Si aspettano che il Ruanda sperimenti presto una crescita economica estrema.<\/p>\n\n\n\n<p>Con investitori di mentalit\u00e0 aperta, il Ruanda pu\u00f2 essere sulla buona strada per diventare un paese di classe superiore. Inoltre, il Ruanda compete con alcune delle nazioni pi\u00f9 sviluppate del mondo per quanto riguarda la facilit\u00e0 di fare affari. Hanno anche un punteggio basso nell&#039;indice di corruzione.<\/p>\n\n\n\n<h2 class=\"wp-block-heading\">Industrie chiave<\/h2>\n\n\n\n<p>Le industrie principali del Ruanda includono l&#039;agricoltura, l&#039;ospitalit\u00e0 e il commercio. Inoltre, esistono diverse opportunit\u00e0 commerciali nei diversi settori del Ruanda.<\/p>\n\n\n\n<p>I prodotti di esportazione del Ruanda sono caff\u00e8, cassiterite e stagno. Recentemente si \u00e8 assistito ad un aumento significativo delle esportazioni di diamanti.<\/p>\n\n\n\n<p>I loro principali partner di esportazione sono:<\/p>\n\n\n\n<ul class=\"wp-block-list\">\n<li>Germania<\/li>\n\n\n\n<li>Kenia<\/li>\n\n\n\n<li>Belgio<\/li>\n\n\n\n<li>Brasile<\/li>\n\n\n\n<li>Pakistan<\/li>\n<\/ul>\n\n\n\n<h2 class=\"wp-block-heading\">Base dei consumatori<\/h2>\n\n\n\n<p>Le principali importazioni del Ruanda sono lo zucchero greggio, il petrolio raffinato e l&#039;oro. Naturalmente \u00e8 importante ricordare che il Ruanda \u00e8 un paese in via di sviluppo e i suoi abitanti non vivono con molto denaro. Tuttavia, gli attuali tassi di crescita economica del paese sono molto promettenti. \u00c8 un dato di fatto, gli esperti si aspettano che questa crescita porti maggiori opportunit\u00e0 di lavoro. Dovrebbe anche diminuire il tasso di povert\u00e0.<\/p>\n\n\n\n<p>La maggior parte delle persone in Ruanda potrebbe non essere in grado di permettersi i tuoi prodotti e servizi. Ma, nel lungo periodo, le loro prospettive economiche miglioreranno e il mercato sar\u00e0 pi\u00f9 robusto. Naturalmente, questa proiezione dipende da alcuni fattori. Ad esempio, fanno affidamento sulla domanda di beni e servizi particolari.<\/p>\n\n\n\n<h2 class=\"wp-block-heading\">Motivi per far crescere la tua attivit\u00e0 in Ruanda<\/h2>\n\n\n\n<p>Il Ruanda \u00e8 ora un paese stabile. Allo stesso modo, \u00e8 un paese di pace e con pochissima violenza rispetto ad altri paesi africani. Per non parlare del fatto che i ruandesi sono persone amabili e tendono ad aiutare chi \u00e8 nel bisogno.<\/p>\n\n\n\n<p>Il Ruanda ha registrato una crescita economica sostenuta negli ultimi tempi. Questa crescita \u00e8 un altro motivo per cui dovresti considerare di aprire la tua attivit\u00e0 l\u00ec. Ora ha un\u2019economia in rapida crescita con un ampio PIL. \u00c8 una perfetta opportunit\u00e0 di investimento che merita sicuramente la tua considerazione.<\/p>\n\n\n\n<p>Dato che il COVID-19 rappresenta una minaccia per l\u2019umanit\u00e0, il Ruanda ha acquisito una certa padronanza dei protocolli. Il Ministero della Salute ha istituito norme e regolamenti per prevenire la diffusione del virus. Questa azione ha portato a un basso numero di infezioni, rendendolo uno dei migliori paesi in cui investire nonostante la pandemia.<\/p>\n\n\n\n<h2 class=\"wp-block-heading\">Informazioni sulle ricerche di mercato in Ruanda<\/h2>\n\n\n\n<p>Stai cercando di far crescere la tua attivit\u00e0 in Ruanda? Sei interessato al loro recente epico tasso di crescita economica? Siamo qui per fornirti le migliori informazioni necessarie. In questo modo potrete essere consapevoli e sicuri al cento per cento della vostra decisione. Noi facciamo <a href=\"https:\/\/www.sisinternational.com\/it\/cose-la-ricerca-qualitativa\/\" target=\"_blank\" rel=\"noopener\">Qualitativo<\/a>, <a href=\"https:\/\/www.sisinternational.com\/it\/cose-la-ricerca-quantitativa\/\" target=\"_blank\" rel=\"noopener\">Quantitativo<\/a>, E <a href=\"https:\/\/www.sisinternational.com\/it\/soluzioni\/consulenza-strategica\/come-la-ricerca-strategica-puo-migliorare-le-tue-prestazioni\/\" target=\"_blank\" rel=\"noopener\">Ricerca strategica<\/a> utilizzando una serie di fonti attendibili.<\/p>\n\n\n\n<p>Ci auguriamo che questo articolo ti abbia dato le risposte alle tue domande sugli investimenti in Ruanda.<\/p>\n\n\n\n<p><\/p>","protected":false},"excerpt":{"rendered":"<p>Le principali importazioni del Ruanda sono lo zucchero greggio, il petrolio raffinato e l&#039;oro. Le industrie principali del Ruanda includono l&#039;agricoltura, l&#039;ospitalit\u00e0 e il commercio.<\/p>","protected":false},"author":1,"featured_media":65349,"parent":14281,"menu_order":31,"comment_status":"closed","ping_status":"closed","template":"","meta":{"footnotes":""},"class_list":["post-37911","page","type-page","status-publish","has-post-thumbnail"],"_links":{"self":[{"href":"https:\/\/www.sisinternational.com\/it\/wp-json\/wp\/v2\/pages\/37911","targetHints":{"allow":["GET"]}}],"collection":[{"href":"https:\/\/www.sisinternational.com\/it\/wp-json\/wp\/v2\/pages"}],"about":[{"href":"https:\/\/www.sisinternational.com\/it\/wp-json\/wp\/v2\/types\/page"}],"author":[{"embeddable":true,"href":"https:\/\/www.sisinternational.com\/it\/wp-json\/wp\/v2\/users\/1"}],"replies":[{"embeddable":true,"href":"https:\/\/www.sisinternational.com\/it\/wp-json\/wp\/v2\/comments?post=37911"}],"version-history":[{"count":2,"href":"https:\/\/www.sisinternational.com\/it\/wp-json\/wp\/v2\/pages\/37911\/revisions"}],"predecessor-version":[{"id":68551,"href":"https:\/\/www.sisinternational.com\/it\/wp-json\/wp\/v2\/pages\/37911\/revisions\/68551"}],"up":[{"embeddable":true,"href":"https:\/\/www.sisinternational.com\/it\/wp-json\/wp\/v2\/pages\/14281"}],"wp:featuredmedia":[{"embeddable":true,"href":"https:\/\/www.sisinternational.com\/it\/wp-json\/wp\/v2\/media\/65349"}],"wp:attachment":[{"href":"https:\/\/www.sisinternational.com\/it\/wp-json\/wp\/v2\/media?parent=37911"}],"curies":[{"name":"wp","href":"https:\/\/api.w.org\/{rel}","templated":true}]}}