{"id":37909,"date":"2021-06-25T08:13:35","date_gmt":"2021-06-25T08:13:35","guid":{"rendered":"https:\/\/www.sisinternational.com\/?page_id=37909"},"modified":"2025-09-14T17:29:21","modified_gmt":"2025-09-14T21:29:21","slug":"ricerche-di-mercato-in-senegal-africa","status":"publish","type":"page","link":"https:\/\/www.sisinternational.com\/it\/copertura\/ricerche-di-mercato-africane\/ricerche-di-mercato-in-senegal-africa\/","title":{"rendered":"Ricerche di mercato in Senegal, Africa"},"content":{"rendered":"<h1 class=\"wp-block-heading\">Ricerche di mercato in Senegal<\/h1>\n\n\n\n<figure class=\"gb-block-image gb-block-image-c0d25b66\"><img loading=\"lazy\" decoding=\"async\" width=\"1456\" height=\"816\" class=\"gb-image gb-image-c0d25b66\" src=\"https:\/\/www.sisinternational.com\/wp-content\/uploads\/2025\/08\/Senegal-3.jpg\" alt=\"Ricerca e strategia di mercato internazionale SIS\" title=\"Senegal, (3)\" srcset=\"https:\/\/www.sisinternational.com\/wp-content\/uploads\/2025\/08\/Senegal-3.jpg 1456w, https:\/\/www.sisinternational.com\/wp-content\/uploads\/2025\/08\/Senegal-3-300x168.jpg 300w, https:\/\/www.sisinternational.com\/wp-content\/uploads\/2025\/08\/Senegal-3-1024x574.jpg 1024w, https:\/\/www.sisinternational.com\/wp-content\/uploads\/2025\/08\/Senegal-3-768x430.jpg 768w, https:\/\/www.sisinternational.com\/wp-content\/uploads\/2025\/08\/Senegal-3-18x10.jpg 18w\" sizes=\"auto, (max-width: 1456px) 100vw, 1456px\"><\/figure>\n\n\n\n<p><\/p>\n\n\n\n<p>Il Gambia circonda parzialmente il <a href=\"https:\/\/oec.world\/en\/profile\/country\/sen\" target=\"_blank\" rel=\"noopener\">Repubblica dell&#039;Africa occidentale del Senegal<\/a> a nord, sud e ovest. La Guinea e la Guinea-Bissau si trovano a sud del Senegal, mentre il Mali si trova al confine orientale. La lingua ufficiale del Senegal \u00e8 il francese.<\/p>\n\n\n\n<h2 class=\"wp-block-heading\">Industrie chiave<\/h2>\n\n\n\n<p>Le industrie chiave del Senegal includono l&#039;agricoltura, l&#039;industria manifatturiera, il settore alimentare e delle bevande, il tessile, l&#039;edilizia e i materiali. Altre industrie importanti includono i giacimenti chimici, energetici, minerari e di idrocarburi.<\/p>\n\n\n\n<p>Il settore agricolo \u00e8 l\u2019industria pi\u00f9 importante. Oltre ad essere fondamentale per la sopravvivenza di gran parte della popolazione, \u00e8 anche responsabile della maggior parte dei capitali esteri del Senegal. Inoltre, contribuisce a gran parte del PIL e impiega circa un terzo della forza lavoro.<\/p>\n\n\n\n<p>Anche il settore industriale contribuisce notevolmente al PIL e impiega gran parte della forza lavoro. Implica la lavorazione di prodotti agricoli, ad esempio olio di arachidi e confezionamento di prodotti ittici.<\/p>\n\n\n\n<p>Anche il settore dei servizi, comprese le crescenti industrie delle telecomunicazioni e del turismo, \u00e8 cruciale.<\/p>\n\n\n\n<h2 class=\"wp-block-heading\">Quartieri in Senegal<\/h2>\n\n\n\n<h3 class=\"wp-block-heading\">Dakar<\/h3>\n\n\n\n<p>La capitale e citt\u00e0 principale del Senegal \u00e8 Dakar (sia in termini di popolazione che di superficie totale). Dakar \u00e8 un punto di partenza strategico per il commercio europeo. Offre attrazioni come moschee, mercati, il museo IFAN e l&#039;isola di Goree.<\/p>\n\n\n\n<h3 class=\"wp-block-heading\">Touba<\/h3>\n\n\n\n<p>Touba si trova nel Senegal centrale e, attualmente, \u00e8 la seconda citt\u00e0 per popolazione. I musulmani a Touba effettuano un pellegrinaggio annuale noto come Grand Magai, con milioni di partecipanti locali e stranieri ogni anno.<\/p>\n\n\n\n<h3 class=\"wp-block-heading\">Rufisque<\/h3>\n\n\n\n<p>Rufisque \u00e8 una citt\u00e0 e un porto minore a est di Dakar, un frequentato snodo dei trasporti sulle ferrovie Dakar-Niger e Dakar-Saint-Louis. Ha un&#039;industria leggera, con impianti petroliferi, calce e cemento. Inoltre, la citt\u00e0 ha numerosi mercati e un villaggio artigianale con bellissime spiagge.<\/p>\n\n\n\n<h2 class=\"wp-block-heading\">Tendenze<\/h2>\n\n\n\n<p>Sebbene il Senegal sia un\u2019economia in crescita, la recente pandemia ha influito sulla sua sopravvivenza. C\u2019\u00e8 stata una diminuzione nel settore del turismo e dei servizi dell\u2019economia a causa del COVID-19. Il Senegal si aspetta che l\u2019economia si riprenda prima o poi grazie ai consumi privati e agli investimenti.<\/p>\n\n\n\n<p>Il governo senegalese prevede di sfruttare il potenziale agricolo non sfruttato del paese. Questa mossa dovrebbe, in effetti, aumentare la sicurezza alimentare e stimolare la nutrizione della popolazione.<\/p>\n\n\n\n<h2 class=\"wp-block-heading\">Vantaggi e punti di forza del mercato<\/h2>\n\n\n\n<p>Il settore agricolo \u00e8 l&#039;orgoglio e la gioia del Senegal e il paese \u00e8 uno dei maggiori produttori di arachidi al mondo. Inoltre, ha un terreno ricco di minerali e un clima eccellente. Un altro punto chiave \u00e8 che il mercato senegalese \u00e8 penetrabile e le imprese possono ottenere enormi profitti.<\/p>\n\n\n\n<h2 class=\"wp-block-heading\">Base di consumatori in Senegal<\/h2>\n\n\n\n<p>Il Senegal ha un\u2019economia in crescita. Tuttavia, questa crescita economica non ha reso possibili posti di lavoro per i giovani. Il livello di alfabetizzazione \u00e8 ancora ai minimi storici. La maggior parte della popolazione \u00e8 disoccupata o svolge lavori con salario minimo. Purtroppo, questi fattori non costituiscono un forte mercato di consumo tra il popolo senegalese.<\/p>\n\n\n\n<h2 class=\"wp-block-heading\">Motivi per far crescere la tua attivit\u00e0 in Senegal<\/h2>\n\n\n\n<p>Il Senegal \u00e8 un paese con molte influenze. Qualsiasi investitore, indipendentemente dalla sua origine, pu\u00f2 sicuramente prosperare in Senegal. Essendo un paese liberale, il sostegno delle autorit\u00e0 e dei politici non manca mai. Inoltre, funge da porta d\u2019accesso essenziale verso importanti mercati di esportazione in Europa, Asia e nelle Americhe.<\/p>\n\n\n\n<h2 class=\"wp-block-heading\">Informazioni sulle ricerche di mercato in Senegal<\/h2>\n\n\n\n<p>Quando ci si avventura in un nuovo mercato, \u00e8 essenziale portarlo a termine <a href=\"https:\/\/www.sisinternational.com\/it\/cose-la-ricerca-quantitativa\/\" target=\"_blank\" rel=\"noopener\">Quantitativo<\/a>, <a href=\"https:\/\/www.sisinternational.com\/it\/cose-la-ricerca-qualitativa\/\" target=\"_blank\" rel=\"noopener\">Qualitativo<\/a>, E <a href=\"https:\/\/www.sisinternational.com\/it\/soluzioni\/consulenza-strategica\/come-la-ricerca-strategica-puo-migliorare-le-tue-prestazioni\/\" target=\"_blank\" rel=\"noopener\">Ricerca strategica<\/a>. Inoltre, le interazioni con i consumatori forniscono una comprensione pi\u00f9 profonda del mercato. Pu\u00f2 anche aiutare la tua azienda ad acquisire potenziali partner.<\/p>\n\n\n\n<p>Le ricerche di mercato possono anche coinvolgere focus group, interviste e sondaggi. Ognuno di questi metodi ha i suoi vantaggi e, messi insieme, possono rendere la tua azienda un attore pi\u00f9 forte nel mercato senegalese.<\/p>\n\n\n\n<p><\/p>","protected":false},"excerpt":{"rendered":"<p>Il settore agricolo \u00e8 l&#039;orgoglio e la gioia del Senegal e il paese \u00e8 uno dei maggiori produttori di arachidi al mondo.<\/p>","protected":false},"author":1,"featured_media":65209,"parent":14281,"menu_order":30,"comment_status":"closed","ping_status":"closed","template":"","meta":{"footnotes":""},"class_list":["post-37909","page","type-page","status-publish","has-post-thumbnail"],"_links":{"self":[{"href":"https:\/\/www.sisinternational.com\/it\/wp-json\/wp\/v2\/pages\/37909","targetHints":{"allow":["GET"]}}],"collection":[{"href":"https:\/\/www.sisinternational.com\/it\/wp-json\/wp\/v2\/pages"}],"about":[{"href":"https:\/\/www.sisinternational.com\/it\/wp-json\/wp\/v2\/types\/page"}],"author":[{"embeddable":true,"href":"https:\/\/www.sisinternational.com\/it\/wp-json\/wp\/v2\/users\/1"}],"replies":[{"embeddable":true,"href":"https:\/\/www.sisinternational.com\/it\/wp-json\/wp\/v2\/comments?post=37909"}],"version-history":[{"count":3,"href":"https:\/\/www.sisinternational.com\/it\/wp-json\/wp\/v2\/pages\/37909\/revisions"}],"predecessor-version":[{"id":68550,"href":"https:\/\/www.sisinternational.com\/it\/wp-json\/wp\/v2\/pages\/37909\/revisions\/68550"}],"up":[{"embeddable":true,"href":"https:\/\/www.sisinternational.com\/it\/wp-json\/wp\/v2\/pages\/14281"}],"wp:featuredmedia":[{"embeddable":true,"href":"https:\/\/www.sisinternational.com\/it\/wp-json\/wp\/v2\/media\/65209"}],"wp:attachment":[{"href":"https:\/\/www.sisinternational.com\/it\/wp-json\/wp\/v2\/media?parent=37909"}],"curies":[{"name":"wp","href":"https:\/\/api.w.org\/{rel}","templated":true}]}}