{"id":37850,"date":"2021-06-15T07:17:50","date_gmt":"2021-06-15T07:17:50","guid":{"rendered":"https:\/\/www.sisinternational.com\/?page_id=37850"},"modified":"2025-09-08T00:40:47","modified_gmt":"2025-09-08T04:40:47","slug":"ricerche-di-mercato-in-gambia-africa","status":"publish","type":"page","link":"https:\/\/www.sisinternational.com\/it\/copertura\/ricerche-di-mercato-africane\/ricerche-di-mercato-in-gambia-africa\/","title":{"rendered":"Ricerche di mercato in Gambia, Africa"},"content":{"rendered":"<h1 class=\"wp-block-heading\">Ricerche di mercato in Gambia, Africa<\/h1>\n\n\n\n<figure class=\"gb-block-image gb-block-image-78ebaf4a\"><img loading=\"lazy\" decoding=\"async\" width=\"1456\" height=\"816\" class=\"gb-image gb-image-78ebaf4a\" src=\"https:\/\/www.sisinternational.com\/wp-content\/uploads\/2025\/08\/Gambia-3.jpg\" alt=\"Ricerca e strategia di mercato internazionale SIS\" title=\"Gambia, (3)\" srcset=\"https:\/\/www.sisinternational.com\/wp-content\/uploads\/2025\/08\/Gambia-3.jpg 1456w, https:\/\/www.sisinternational.com\/wp-content\/uploads\/2025\/08\/Gambia-3-300x168.jpg 300w, https:\/\/www.sisinternational.com\/wp-content\/uploads\/2025\/08\/Gambia-3-1024x574.jpg 1024w, https:\/\/www.sisinternational.com\/wp-content\/uploads\/2025\/08\/Gambia-3-768x430.jpg 768w, https:\/\/www.sisinternational.com\/wp-content\/uploads\/2025\/08\/Gambia-3-18x10.jpg 18w\" sizes=\"auto, (max-width: 1456px) 100vw, 1456px\"><\/figure>\n\n\n\n<p><\/p>\n\n\n\n<p><a href=\"https:\/\/oec.world\/en\/profile\/country\/gmb\" target=\"_blank\" rel=\"noopener\">Il Gambia si trova sulla costa occidentale dell&#039;Africa<\/a>, e il suo vicino immediato \u00e8 il Senegal. \u00c8 il paese pi\u00f9 piccolo del continente africano. Il fiume Gambia scorre attraverso il centro del paese e poi sfocia nell&#039;Oceano Atlantico. La lingua ufficiale del paese \u00e8 l&#039;inglese. Ma ci sono altre 21 lingue nazionali. Questi includono mandinka, arabo e francese. In questa popolazione esistono circa dieci gruppi etnici.<\/p>\n\n\n\n<h2 class=\"wp-block-heading\">Industrie chiave<\/h2>\n\n\n\n<p>L&#039;agricoltura, in particolare la coltivazione di arachidi o arachidi per il consumo locale e l&#039;esportazione, \u00e8 un&#039;industria importante. Anche il turismo \u00e8 un settore caldo in Gambia. La posizione costiera offre bellissime spiagge. Il Gambia \u00e8 anche ricco di fauna selvatica ed \u00e8 un&#039;attrazione per gli amanti della natura e gli avventurieri.<\/p>\n\n\n\n<h2 class=\"wp-block-heading\">Quartieri in Gambia<\/h2>\n\n\n\n<p>Serekunda \u00e8 il risultato della fusione di nove villaggi per formare un&#039;unica comunit\u00e0 urbana ed \u00e8 la pi\u00f9 grande delle citt\u00e0 del Gambia. Brikama \u00e8 un&#039;altra grande citt\u00e0. \u00c8 la capitale della divisione occidentale (una delle cinque principali divisioni del Gambia). Brikama \u00e8 famosa per il suo talento musicale e l&#039;abilit\u00e0 artistica dei suoi abitanti. La citt\u00e0 di Banjul \u00e8 la capitale del Gambia. Bakau si trova a ovest di Banjul, sulla costa atlantica. Bakau \u00e8 il secondo sobborgo pi\u00f9 grande ma la citt\u00e0 pi\u00f9 sviluppata del Gambia. Banjul \u00e8 la quarta citt\u00e0 pi\u00f9 grande, ma ha la pi\u00f9 densa popolazione. \u00c8 il centro della produzione di arachidi e di altri alimenti, nonch\u00e9 del turismo. Ci sono scuole, ospedali, strutture governative e ricreative situate a Banjul.<\/p>\n\n\n\n<h2 class=\"wp-block-heading\">Tendenze<\/h2>\n\n\n\n<p>Non esiste una religione ufficiale della Repubblica del Gambia. Ma la grande maggioranza dei gambiani crede nell\u2019Islam. Le moschee punteggiano il paese. Le tradizioni e i riti musulmani sono parte integrante della cultura del Gambia. \u00c8 per questo che cos\u00ec tanti gambiani parlano la lingua araba. Gli imam e altri funzionari parlano correntemente l&#039;arabo per svolgere servizi e cerimonie. I gambiani osservano le festivit\u00e0 musulmane. Quindi, mentre il Gambia mantiene la propria cultura originale e la storia africana, l\u2019Islam influenza la loro nuova cultura. Ci sono cristiani, la maggior parte dei quali sono cattolici romani, presenti anche in Gambia. Il paese ha parecchie Chiese cattoliche. Vengono osservate o rispettate anche festivit\u00e0 come Pasqua e Natale.<\/p>\n\n\n\n<h2 class=\"wp-block-heading\">Base dei consumatori<\/h2>\n\n\n\n<p>Poich\u00e9 il Gambia \u00e8 un paese piccolo, ha una piccola base di consumatori. Le sue dimensioni limitano le opportunit\u00e0 per le imprese statunitensi, in particolare quelle in franchising. Tuttavia, diverse societ\u00e0 gambiane hanno espresso interesse per i franchising statunitensi. I marchi statunitensi sono molto richiesti e i gambiani tendono ad associarli all&#039;alta qualit\u00e0.<\/p>\n\n\n\n<h2 class=\"wp-block-heading\">Vantaggi e punti di forza del mercato<\/h2>\n\n\n\n<p>Il turismo e l\u2019agricoltura sono i motori della crescita economica in Gambia. La crisi dell\u2019Ebola del 2014\/2015 e la siccit\u00e0 nella subregione hanno causato la contrazione di questi settori, e la pandemia di COVID-19 ha portato anche sfide economiche al Gambia. Nel frattempo, i gambiani all\u2019estero spesso inviano rimesse ai propri familiari. Queste rimesse rappresentano una fonte significativa di valuta estera. Contribuiscono all\u2019emancipazione economica dei cittadini gambiani.<\/p>\n\n\n\n<h2 class=\"wp-block-heading\">Perch\u00e9 dovresti fare affari in Gambia?<\/h2>\n\n\n\n<p>Il Gambia ha il potenziale per fiorire in diversi settori. Ha solo bisogno di strutture e investitori adeguati. Il popolo gambiano ha dimostrato il suo amore per l&#039;industria dell&#039;arte e dell&#039;intrattenimento e ama anche lo sport (soprattutto il calcio) e la moda. Il Gambia pu\u00f2 sostenere qualsiasi industria necessaria in un paese in via di sviluppo. Non solo dai nativi, ma incoraggerebbe i turisti che frequentano il paese. C\u2019\u00e8 bisogno di volti nuovi nel settore imprenditoriale e di nuove strade per l\u2019occupazione. Potresti essere tu a fornire le strutture e la formazione necessarie a questa nazione emergente.<\/p>\n\n\n\n<h2 class=\"wp-block-heading\">Informazioni sulle ricerche di mercato in Gambia<\/h2>\n\n\n\n<p>Se desideri fare affari in Gambia, lasciaci aiutare. Organizziamo focus Group nei diversi mercati africani. Noi facciamo <a href=\"https:\/\/www.sisinternational.com\/it\/cose-la-ricerca-quantitativa\/\" target=\"_blank\" rel=\"noopener\">Quantitativo<\/a>, <a href=\"https:\/\/www.sisinternational.com\/it\/cose-la-ricerca-qualitativa\/\" target=\"_blank\" rel=\"noopener\">Qualitativo<\/a>, E <a href=\"https:\/\/www.sisinternational.com\/it\/soluzioni\/consulenza-strategica\/come-la-ricerca-strategica-puo-migliorare-le-tue-prestazioni\/\" target=\"_blank\" rel=\"noopener\">Ricerca strategica<\/a> per te. Al SIS raccogliamo tantissime informazioni e risultati rilevanti per te. Ci auguriamo che questo ti aiuti nella tua decisione di fare affari in Gambia.<\/p>","protected":false},"excerpt":{"rendered":"<p>SIS provides Quantitative, Qualitative, &#038; Strategy Research for businesses in the Gambia. US brand names are in high demand.<\/p>","protected":false},"author":1,"featured_media":65196,"parent":14281,"menu_order":29,"comment_status":"closed","ping_status":"closed","template":"","meta":{"footnotes":""},"class_list":["post-37850","page","type-page","status-publish","has-post-thumbnail"],"_links":{"self":[{"href":"https:\/\/www.sisinternational.com\/it\/wp-json\/wp\/v2\/pages\/37850","targetHints":{"allow":["GET"]}}],"collection":[{"href":"https:\/\/www.sisinternational.com\/it\/wp-json\/wp\/v2\/pages"}],"about":[{"href":"https:\/\/www.sisinternational.com\/it\/wp-json\/wp\/v2\/types\/page"}],"author":[{"embeddable":true,"href":"https:\/\/www.sisinternational.com\/it\/wp-json\/wp\/v2\/users\/1"}],"replies":[{"embeddable":true,"href":"https:\/\/www.sisinternational.com\/it\/wp-json\/wp\/v2\/comments?post=37850"}],"version-history":[{"count":3,"href":"https:\/\/www.sisinternational.com\/it\/wp-json\/wp\/v2\/pages\/37850\/revisions"}],"predecessor-version":[{"id":68534,"href":"https:\/\/www.sisinternational.com\/it\/wp-json\/wp\/v2\/pages\/37850\/revisions\/68534"}],"up":[{"embeddable":true,"href":"https:\/\/www.sisinternational.com\/it\/wp-json\/wp\/v2\/pages\/14281"}],"wp:featuredmedia":[{"embeddable":true,"href":"https:\/\/www.sisinternational.com\/it\/wp-json\/wp\/v2\/media\/65196"}],"wp:attachment":[{"href":"https:\/\/www.sisinternational.com\/it\/wp-json\/wp\/v2\/media?parent=37850"}],"curies":[{"name":"wp","href":"https:\/\/api.w.org\/{rel}","templated":true}]}}