{"id":37848,"date":"2021-06-15T07:13:14","date_gmt":"2021-06-15T07:13:14","guid":{"rendered":"https:\/\/www.sisinternational.com\/?page_id=37848"},"modified":"2025-09-14T17:31:22","modified_gmt":"2025-09-14T21:31:22","slug":"ricerche-di-mercato-in-malawi-africa","status":"publish","type":"page","link":"https:\/\/www.sisinternational.com\/it\/copertura\/ricerche-di-mercato-africane\/ricerche-di-mercato-in-malawi-africa\/","title":{"rendered":"Ricerche di mercato in Malawi, Africa"},"content":{"rendered":"<h1 class=\"wp-block-heading\">Ricerche di mercato in Malawi<\/h1>\n\n\n\n<figure class=\"gb-block-image gb-block-image-db6dceb4\"><img loading=\"lazy\" decoding=\"async\" width=\"1456\" height=\"816\" class=\"gb-image gb-image-db6dceb4\" src=\"https:\/\/www.sisinternational.com\/wp-content\/uploads\/2025\/08\/Malawi-2.jpg\" alt=\"Ricerca e strategia di mercato internazionale SIS\" title=\"Malawi, (2)\" srcset=\"https:\/\/www.sisinternational.com\/wp-content\/uploads\/2025\/08\/Malawi-2.jpg 1456w, https:\/\/www.sisinternational.com\/wp-content\/uploads\/2025\/08\/Malawi-2-300x168.jpg 300w, https:\/\/www.sisinternational.com\/wp-content\/uploads\/2025\/08\/Malawi-2-1024x574.jpg 1024w, https:\/\/www.sisinternational.com\/wp-content\/uploads\/2025\/08\/Malawi-2-768x430.jpg 768w, https:\/\/www.sisinternational.com\/wp-content\/uploads\/2025\/08\/Malawi-2-18x10.jpg 18w\" sizes=\"auto, (max-width: 1456px) 100vw, 1456px\"><\/figure>\n\n\n\n<p><\/p>\n\n\n\n<p><span class=\"removed_link\" title=\"https:\/\/www.malawi.gov.mw\/\">La Repubblica del Malawi<\/span> \u00e8 un paese dell&#039;Africa orientale senza sbocco sul mare. I suoi vicini circostanti sono lo Zambia, la Tanzania e il Mozambico. Le lingue ufficiali sono l&#039;inglese e il chewa. Naturalmente, ci sono altre lingue parlate in varie regioni. Il gruppo etnico pi\u00f9 diffuso all&#039;interno della popolazione \u00e8 la trib\u00f9 Chewa. Inoltre, troverai altre etnie minori come Lomwe, Yao e Ngoni. Tuttavia, nessuna religione ufficiale influenza il paese. Oltre la met\u00e0 della popolazione pratica il cristianesimo, soprattutto il protestantesimo. La sua valuta \u00e8 il kwacha del Malawi.<\/p>\n\n\n\n<h2 class=\"wp-block-heading\">Industrie chiave<\/h2>\n\n\n\n<p>L\u2019agricoltura \u00e8 l\u2019industria chiave del Malawi. In effetti, la maggior parte della popolazione attiva trova impiego in questo settore. Inoltre, il principale prodotto agricolo del Malawi \u00e8 il tabacco, che costituisce una parte significativa delle esportazioni del paese. Gli agricoltori del Malawi producono anche t\u00e8, zucchero e cotone, ma su scala minore.<\/p>\n\n\n\n<p>Il mais \u00e8 la coltura principale, ma si coltivano fagioli, piselli, arachidi, manioca, banane, legumi e riso. Molti abitanti del Malawi allevano anche polli, pecore, bovini e capre a livello di sussistenza.<\/p>\n\n\n\n<p>Il settore manifatturiero lavora per ridurre l\u2019importazione di beni e materiali. Pertanto, sta trovando il modo di produrre tessuti, scarpe, prodotti in scatola, utensili, radio e zucchero per il consumo locale.<\/p>\n\n\n\n<h2 class=\"wp-block-heading\">Quartieri<\/h2>\n\n\n\n<p>Lilongwe \u00e8 la citt\u00e0 pi\u00f9 grande, popolata e capitale del Malawi. In effetti, Lilongwe ha due suddivisioni: la citt\u00e0 nuova e quella vecchia. Inoltre, come suggeriscono i loro nomi, ospitano strutture e attivit\u00e0 commerciali moderne e tradizionali.<\/p>\n\n\n\n<p>Blantyre \u00e8 la seconda citt\u00e0 pi\u00f9 popolata del Malawi. Questa citt\u00e0 \u00e8 famosa anche per i suoi parchi e per la conservazione della storia e della cultura. Mantiene l&#039;architettura coloniale britannica ma ha anche musei che mostrano la cultura del Malawi.<\/p>\n\n\n\n<h2 class=\"wp-block-heading\">Tendenze in Malawi<\/h2>\n\n\n\n<p>La pandemia di COVID-19 ha causato notevoli battute d\u2019arresto sulla scena sociale, con il distanziamento sociale e la quarantena in vigore in periodi diversi. La tecnologia ha colmato il divario creato dalla mancanza di interazioni faccia a faccia, quindi gli utenti Internet sono aumentati di 639.000 tra il 2020 e gennaio 2021. Il paese del Malawi ha finalmente preso piede nella cultura digitale del mondo.<\/p>\n\n\n\n<h2 class=\"wp-block-heading\">Vantaggi e punti di forza del mercato in Malawi<\/h2>\n\n\n\n<p>La forza dell&#039;economia del Malawi risiede nelle sue propriet\u00e0. In effetti, le esportazioni di tabacco sostengono le relazioni commerciali del Malawi. Anche se il tabacco \u00e8 fiorente nel paese, i proprietari terrieri stanno diversificando la loro produzione. Anche la coltivazione di zucchero, cotone, noci e altre colture sta prendendo piede. Inoltre, il Malawi ha il tipo di suolo, lo spazio territoriale e la forza lavoro necessari per sostenere le sue propriet\u00e0. Pertanto, un investimento nel settore agricolo prosperer\u00e0 sicuramente.<\/p>\n\n\n\n<h2 class=\"wp-block-heading\">Base dei consumatori<\/h2>\n\n\n\n<p>Quando \u00e8 scoppiata la pandemia, anche gli affari in Malawi hanno subito un duro colpo. Molti consumatori stanno ancora riconquistando la stabilit\u00e0 finanziaria. Tendono ad acquistare beni semplici come cibo, articoli per la casa e vestiti. Ma, nelle aree pi\u00f9 urbane, i dispositivi digitali e i servizi Internet sono di gran moda. Le persone guadagnano redditi pi\u00f9 alti in queste aree, quindi i giovani benestanti del Malawi si spendono in intrattenimento, media e merchandising. Trascorrono anche molto tempo e denaro per stare al passo con la cultura pop.<\/p>\n\n\n\n<h2 class=\"wp-block-heading\">Perch\u00e9 dovresti far crescere la tua attivit\u00e0 nel mercato del Malawi<\/h2>\n\n\n\n<p>\u00c8 facile sia per gli investitori locali che per quelli stranieri registrarsi e avviare un&#039;attivit\u00e0 in Malawi. Inoltre, il processo \u00e8 rapido e consente alla tua attivit\u00e0 di iniziare bene. Inoltre, il Malawi \u00e8 uno dei paesi pi\u00f9 pacifici al mondo con eccellenti relazioni commerciali.<\/p>\n\n\n\n<p>Il principale partner commerciale del Malawi \u00e8 il Sud Africa. Ma ha anche grandi nazioni come la Cina, l\u2019India e persino gli Stati Uniti come partner commerciali. Inoltre, altre nazioni africane intraprendono scambi commerciali con il Malawi. Inoltre, la posizione e le eccellenti relazioni commerciali di questo paese sono un vantaggio decisivo. Consentono alla tua azienda l&#039;accesso a ci\u00f2 che il Malawi ha da offrire e ai suoi legami internazionali.<\/p>\n\n\n\n<h2 class=\"wp-block-heading\">Informazioni sulle ricerche di mercato in Malawi<\/h2>\n\n\n\n<p>Fare affari in Malawi pu\u00f2 essere molto pi\u00f9 semplice con le ricerche di mercato. Possiamo fornire focus group, interviste e sondaggi. Ci impegniamo anche <a href=\"https:\/\/www.sisinternational.com\/it\/cose-la-ricerca-quantitativa\/\" target=\"_blank\" rel=\"noopener\">Quantitativo<\/a>, <a href=\"https:\/\/www.sisinternational.com\/it\/cose-la-ricerca-qualitativa\/\" target=\"_blank\" rel=\"noopener\">Qualitativo<\/a>, E <a href=\"https:\/\/www.sisinternational.com\/it\/soluzioni\/consulenza-strategica\/\" target=\"_blank\" rel=\"noopener\">Ricerca strategica<\/a> per il mercato del Malawi. Quindi, raccogliamo i risultati per darti una panoramica del tuo potenziale investimento. Aiutiamo te e la tua attivit\u00e0 a prosperare in Malawi.<\/p>\n\n\n\n<p><\/p>","protected":false},"excerpt":{"rendered":"<p>Il SIS fornisce focus group, interviste e sondaggi. Effettuiamo anche ricerche quantitative, qualitative e strategiche per il mercato del Malawi.<\/p>","protected":false},"author":1,"featured_media":65286,"parent":14281,"menu_order":28,"comment_status":"closed","ping_status":"closed","template":"","meta":{"_uag_custom_page_level_css":"","footnotes":""},"class_list":["post-37848","page","type-page","status-publish","has-post-thumbnail"],"uagb_featured_image_src":{"full":["https:\/\/www.sisinternational.com\/wp-content\/uploads\/2025\/08\/Malawi-2.jpg",1456,816,false],"thumbnail":["https:\/\/www.sisinternational.com\/wp-content\/uploads\/2025\/08\/Malawi-2-150x150.jpg",150,150,true],"medium":["https:\/\/www.sisinternational.com\/wp-content\/uploads\/2025\/08\/Malawi-2-300x168.jpg",300,168,true],"medium_large":["https:\/\/www.sisinternational.com\/wp-content\/uploads\/2025\/08\/Malawi-2-768x430.jpg",768,430,true],"large":["https:\/\/www.sisinternational.com\/wp-content\/uploads\/2025\/08\/Malawi-2-1024x574.jpg",1024,574,true],"1536x1536":["https:\/\/www.sisinternational.com\/wp-content\/uploads\/2025\/08\/Malawi-2.jpg",1456,816,false],"2048x2048":["https:\/\/www.sisinternational.com\/wp-content\/uploads\/2025\/08\/Malawi-2.jpg",1456,816,false],"trp-custom-language-flag":["https:\/\/www.sisinternational.com\/wp-content\/uploads\/2025\/08\/Malawi-2-18x10.jpg",18,10,true]},"uagb_author_info":{"display_name":"Ruth Stanat","author_link":"https:\/\/www.sisinternational.com\/it\/author\/expert\/"},"uagb_comment_info":0,"uagb_excerpt":"SIS provides focus groups, interviews, and surveys. We also undertake Quantitative, Qualitative, Strategy Research for the Malawian market.","_links":{"self":[{"href":"https:\/\/www.sisinternational.com\/it\/wp-json\/wp\/v2\/pages\/37848","targetHints":{"allow":["GET"]}}],"collection":[{"href":"https:\/\/www.sisinternational.com\/it\/wp-json\/wp\/v2\/pages"}],"about":[{"href":"https:\/\/www.sisinternational.com\/it\/wp-json\/wp\/v2\/types\/page"}],"author":[{"embeddable":true,"href":"https:\/\/www.sisinternational.com\/it\/wp-json\/wp\/v2\/users\/1"}],"replies":[{"embeddable":true,"href":"https:\/\/www.sisinternational.com\/it\/wp-json\/wp\/v2\/comments?post=37848"}],"version-history":[{"count":4,"href":"https:\/\/www.sisinternational.com\/it\/wp-json\/wp\/v2\/pages\/37848\/revisions"}],"predecessor-version":[{"id":68552,"href":"https:\/\/www.sisinternational.com\/it\/wp-json\/wp\/v2\/pages\/37848\/revisions\/68552"}],"up":[{"embeddable":true,"href":"https:\/\/www.sisinternational.com\/it\/wp-json\/wp\/v2\/pages\/14281"}],"wp:featuredmedia":[{"embeddable":true,"href":"https:\/\/www.sisinternational.com\/it\/wp-json\/wp\/v2\/media\/65286"}],"wp:attachment":[{"href":"https:\/\/www.sisinternational.com\/it\/wp-json\/wp\/v2\/media?parent=37848"}],"curies":[{"name":"wp","href":"https:\/\/api.w.org\/{rel}","templated":true}]}}