{"id":37846,"date":"2021-06-15T07:09:40","date_gmt":"2021-06-15T07:09:40","guid":{"rendered":"https:\/\/www.sisinternational.com\/?page_id=37846"},"modified":"2026-01-24T20:41:05","modified_gmt":"2026-01-25T01:41:05","slug":"ricerche-di-mercato-in-madagascar-africa","status":"publish","type":"page","link":"https:\/\/www.sisinternational.com\/it\/copertura\/ricerche-di-mercato-africane\/ricerche-di-mercato-in-madagascar-africa\/","title":{"rendered":"Ricerche di mercato in Madagascar, Africa"},"content":{"rendered":"<h1 class=\"wp-block-heading\">Ricerche di mercato in Madagascar<\/h1>\n\n\n\n<figure class=\"gb-block-image gb-block-image-2d4b73e8\"><img loading=\"lazy\" decoding=\"async\" width=\"1456\" height=\"816\" class=\"gb-image gb-image-2d4b73e8\" src=\"https:\/\/www.sisinternational.com\/wp-content\/uploads\/2025\/08\/madagascar-3.jpg\" alt=\"Ricerca e strategia di mercato internazionale SIS\" title=\"madagascar (3)\" srcset=\"https:\/\/www.sisinternational.com\/wp-content\/uploads\/2025\/08\/madagascar-3.jpg 1456w, https:\/\/www.sisinternational.com\/wp-content\/uploads\/2025\/08\/madagascar-3-300x168.jpg 300w, https:\/\/www.sisinternational.com\/wp-content\/uploads\/2025\/08\/madagascar-3-1024x574.jpg 1024w, https:\/\/www.sisinternational.com\/wp-content\/uploads\/2025\/08\/madagascar-3-768x430.jpg 768w, https:\/\/www.sisinternational.com\/wp-content\/uploads\/2025\/08\/madagascar-3-18x10.jpg 18w\" sizes=\"auto, (max-width: 1456px) 100vw, 1456px\"><\/figure>\n\n\n\n<h2 class=\"wp-block-heading\">Quartieri<\/h2>\n\n\n\n<p><a href=\"https:\/\/oec.world\/en\/profile\/country\/mdg\" target=\"_blank\" rel=\"noopener\">Il Madagascar \u00e8 una nazione insulare a circa 250 miglia al largo della costa dell&#039;Africa orientale<\/a>. Ci vivono ventisei milioni di persone. In effetti, la maggior parte di questi cittadini vive in povert\u00e0. Solo altri quattro paesi hanno un PIL pro capite inferiore a quello del Madagascar.<\/p>\n\n\n\n<p>Alcuni dei motivi per cui il Madagascar \u00e8 cos\u00ec povero sono:<\/p>\n\n\n\n<ul class=\"wp-block-list\">\n<li>Il relativo isolamento del paese sulla mappa<\/li>\n\n\n\n<li>Anni e anni di corruzione e instabilit\u00e0 politica<\/li>\n<\/ul>\n\n\n\n<h2 class=\"wp-block-heading\">Tendenze<\/h2>\n\n\n\n<p>Madagascar is the fourth-largest and fifth most impoverished country in Africa. Still, it became a sought-after destination following the release of the animated movie \u2018Madagascar.\u201d<\/p>\n\n\n\n<p>Il paese \u00e8 famoso per i suoi magnifici grattacieli di Baobab, che svettano sul paesaggio. Il Madagascar ospita inoltre oltre 12mila specie vegetali. Ha pi\u00f9 biodiversit\u00e0 di qualsiasi altro paese al mondo. In effetti, molte delle piante del Madagascar non esistono in nessun altro posto sulla terra.<\/p>\n\n\n\n<p>Il Madagascar ha una popolazione selvatica unica composta da specie autoctone. Queste specie includono fossa, lemuri e centinaia di uccelli e rettili. La loro abbondanza potrebbe essere dovuta all\u2019isolamento della massa continentale dai suoi vicini continentali.<\/p>\n\n\n\n<h2 class=\"wp-block-heading\">Industrie chiave in Madagascar<\/h2>\n\n\n\n<p>Il Madagascar \u00e8 il principale produttore mondiale di vaniglia. Ha altre esportazioni primarie, ad esempio zucchero, caff\u00e8, molluschi, minerali, fibre e pietre preziose.<\/p>\n\n\n\n<p>La principale pietra preziosa prodotta in Madagascar sono gli zaffiri. \u00c8 anche l\u2019unico paese produttore di caviale in Africa. L&#039;agricoltura \u00e8 una delle principali fonti di reddito del Madagascar, cos\u00ec come la pesca e il disboscamento.<\/p>\n\n\n\n<h2 class=\"wp-block-heading\">Base dei consumatori<\/h2>\n\n\n\n<p>I malgasci importano petrolio, veicoli, prodotti in metallo e altri manufatti essenziali. In effetti, il petrolio \u00e8 una delle importazioni pi\u00f9 significative del Madagascar. In effetti, questa enorme spesa per l\u2019importazione di petrolio potrebbe essere una delle ragioni per cui il Madagascar \u00e8 uno dei paesi pi\u00f9 poveri dell\u2019Africa.<\/p>\n\n\n\n<p>L&#039;economia del Madagascar dipende dalla coltivazione di cotone, t\u00e8, latticini e riso. Sebbene abbia una popolazione giovane e la maggior parte delle persone viva in povert\u00e0, l\u2019economia \u00e8 in crescita. In aumento anche i livelli di istruzione.<\/p>\n\n\n\n<h2 class=\"wp-block-heading\">Motivi per far crescere la tua attivit\u00e0 in Madagascar<\/h2>\n\n\n\n<p>Il Madagascar \u00e8 un paese promettente. Innanzitutto, ha una bellezza naturale unica. In secondo luogo, le persone sono ospitali. Pertanto, le aziende ottengono il vantaggio di lavoratori nativi qualificati.<\/p>\n\n\n\n<p>Madagascar has preferential trade agreements with the United States and the European Union. It also has contracts with the Common <a href=\"https:\/\/www.sisinternational.com\/it\/il-mercato-africano-in-continua-evoluzione\/\" title=\"Ricerca sulle opportunit\u00e0 di mercato in Africa\" data-wpil-monitor-id=\"2798\">Market of Eastern and Southern Africa<\/a>. Similarly, it is a member state of the Southern African Development Community.<\/p>\n\n\n\n<p>Il Madagascar ha molto spazio di crescita e offre molte opportunit\u00e0 di investimento. Il potenziale agricolo \u00e8 enorme grazie al terreno fertile. Il Madagascar ha anche il clima perfetto per molte colture. In effetti, questo paese \u00e8 leader nella produzione di alimenti biologici in Africa.<\/p>\n\n\n\n<p>Il Madagascar \u00e8 il principale esportatore di prodotti tessili dall\u2019Africa orientale verso l\u2019Europa. Ha un&#039;industria moderna che impiega pi\u00f9 di duemila lavoratori qualificati. Questi lavoratori producono prodotti tessili di alta qualit\u00e0 a prezzi competitivi.<\/p>\n\n\n\n<p>Negli ultimi anni le esportazioni dal Madagascar hanno fruttato centinaia di milioni di dollari. Infatti, alcuni dei principali marchi di abbigliamento hanno fabbriche in Madagascar. Quindi, questi marchi hanno i vantaggi di una manodopera a basso costo e dell\u2019accesso a un mercato globale.<\/p>\n\n\n\n<p>Startup costs for investment in Madagascar are low. These low costs are on account of an official exemption from customs duties and taxes for two years. Another benefit to businesses is the modern infrastructure, which is available in several cities in Madagascar.<\/p>\n\n\n\n<h2 class=\"wp-block-heading\">Informazioni sulle ricerche di mercato in Madagascar<\/h2>\n\n\n\n<p>Sei un imprenditore e vuoi investire in Madagascar? Se \u00e8 cos\u00ec, questo articolo copre il potenziale del Madagascar. La nostra azienda compila anche <a href=\"https:\/\/www.sisinternational.com\/it\/cose-la-ricerca-qualitativa\/\" target=\"_blank\" rel=\"noopener\">Qualitativo<\/a>, <a href=\"https:\/\/www.sisinternational.com\/it\/cose-la-ricerca-quantitativa\/\" target=\"_blank\" rel=\"noopener\">Quantitativo<\/a>, E <a href=\"https:\/\/www.sisinternational.com\/it\/soluzioni\/consulenza-strategica\/come-la-ricerca-strategica-puo-migliorare-le-tue-prestazioni\/\" target=\"_blank\" rel=\"noopener\">Ricerca strategica<\/a>. Inoltre, ti aiutiamo a fare le migliori scelte di investimento. Ci auguriamo che le informazioni fornite qui ti aiutino nella tua decisione di investire in Madagascar.<\/p>\n\n\n\n<p><\/p>","protected":false},"excerpt":{"rendered":"<p>Negli ultimi anni le esportazioni dal Madagascar hanno fruttato centinaia di milioni di dollari. I costi di avvio per gli investimenti in Madagascar sono bassi.<\/p>","protected":false},"author":1,"featured_media":65377,"parent":14281,"menu_order":27,"comment_status":"closed","ping_status":"closed","template":"","meta":{"footnotes":""},"class_list":["post-37846","page","type-page","status-publish","has-post-thumbnail"],"_links":{"self":[{"href":"https:\/\/www.sisinternational.com\/it\/wp-json\/wp\/v2\/pages\/37846","targetHints":{"allow":["GET"]}}],"collection":[{"href":"https:\/\/www.sisinternational.com\/it\/wp-json\/wp\/v2\/pages"}],"about":[{"href":"https:\/\/www.sisinternational.com\/it\/wp-json\/wp\/v2\/types\/page"}],"author":[{"embeddable":true,"href":"https:\/\/www.sisinternational.com\/it\/wp-json\/wp\/v2\/users\/1"}],"replies":[{"embeddable":true,"href":"https:\/\/www.sisinternational.com\/it\/wp-json\/wp\/v2\/comments?post=37846"}],"version-history":[{"count":4,"href":"https:\/\/www.sisinternational.com\/it\/wp-json\/wp\/v2\/pages\/37846\/revisions"}],"predecessor-version":[{"id":77133,"href":"https:\/\/www.sisinternational.com\/it\/wp-json\/wp\/v2\/pages\/37846\/revisions\/77133"}],"up":[{"embeddable":true,"href":"https:\/\/www.sisinternational.com\/it\/wp-json\/wp\/v2\/pages\/14281"}],"wp:featuredmedia":[{"embeddable":true,"href":"https:\/\/www.sisinternational.com\/it\/wp-json\/wp\/v2\/media\/65377"}],"wp:attachment":[{"href":"https:\/\/www.sisinternational.com\/it\/wp-json\/wp\/v2\/media?parent=37846"}],"curies":[{"name":"wp","href":"https:\/\/api.w.org\/{rel}","templated":true}]}}