{"id":37843,"date":"2021-06-15T06:59:55","date_gmt":"2021-06-15T06:59:55","guid":{"rendered":"https:\/\/www.sisinternational.com\/?page_id=37843"},"modified":"2025-09-14T17:33:07","modified_gmt":"2025-09-14T21:33:07","slug":"ricerche-di-mercato-in-libia-africa","status":"publish","type":"page","link":"https:\/\/www.sisinternational.com\/it\/copertura\/ricerche-di-mercato-africane\/ricerche-di-mercato-in-libia-africa\/","title":{"rendered":"Ricerche di mercato in Libia, Africa"},"content":{"rendered":"<h1 class=\"wp-block-heading\">Ricerche di mercato in Libia<\/h1>\n\n\n\n<figure class=\"gb-block-image gb-block-image-46af734e\"><img loading=\"lazy\" decoding=\"async\" width=\"1456\" height=\"816\" class=\"gb-image gb-image-46af734e\" src=\"https:\/\/www.sisinternational.com\/wp-content\/uploads\/2025\/08\/Libya-44.jpg\" alt=\"Ricerca e strategia di mercato internazionale SIS\" title=\"Libya 44\" srcset=\"https:\/\/www.sisinternational.com\/wp-content\/uploads\/2025\/08\/Libya-44.jpg 1456w, https:\/\/www.sisinternational.com\/wp-content\/uploads\/2025\/08\/Libya-44-300x168.jpg 300w, https:\/\/www.sisinternational.com\/wp-content\/uploads\/2025\/08\/Libya-44-1024x574.jpg 1024w, https:\/\/www.sisinternational.com\/wp-content\/uploads\/2025\/08\/Libya-44-768x430.jpg 768w, https:\/\/www.sisinternational.com\/wp-content\/uploads\/2025\/08\/Libya-44-18x10.jpg 18w\" sizes=\"auto, (max-width: 1456px) 100vw, 1456px\"><\/figure>\n\n\n\n<p><\/p>\n\n\n\n<p>La Libia \u00e8 un noto paese nordafricano di lingua araba. \u00c8 anche enorme. Con pi\u00f9 di 600.000 miglia quadrate, <a href=\"https:\/\/oec.world\/en\/profile\/country\/lby\" target=\"_blank\" rel=\"noopener\">La Libia \u00e8 il quarto paese pi\u00f9 grande dell\u2019Africa<\/a> e il sedicesimo pi\u00f9 grande del mondo. \u00c8 quasi tre volte pi\u00f9 grande del Texas negli Stati Uniti.<\/p>\n\n\n\n<p>La Libia ha attraversato una guerra civile che si \u00e8 conclusa nel 2020. Per essere chiari, due governi stavano combattendo per essere dominanti, contrapponendo una fazione all\u2019altra. In breve, tutti volevano avere una parte di autorit\u00e0. Inoltre, in Libia non esiste un governo centrale, quindi nessuno ne ha il controllo. La Libia sta ora cercando di rimodellarsi, ma a causa delle sue vaste dimensioni, ha difficolt\u00e0 a farlo.<\/p>\n\n\n\n<h2 class=\"wp-block-heading\">Industrie chiave<\/h2>\n\n\n\n<p>La Libia esporta petrolio, cemento, prodotti tessili, ferro e acciaio.<\/p>\n\n\n\n<p>Il Paese possiede inoltre una riserva petrolifera accertata di quarantasei miliardi di barili, la pi\u00f9 grande dell\u2019Africa. La sua produzione annuale di petrolio \u00e8 di circa 1,65 milioni di barili al giorno. A causa della recente guerra, i prezzi del petrolio sono scesi a livelli estremamente bassi. Tuttavia, il petrolio e il gas naturale rappresentano oltre la met\u00e0 del reddito nazionale della Libia. In effetti, l\u2019Europa acquista circa l\u2019ottanta per cento delle esportazioni petrolifere libiche.<\/p>\n\n\n\n<h2 class=\"wp-block-heading\">Quartieri in Libia<\/h2>\n\n\n\n<p>Il Ciad \u00e8 a sud della Libia, la Nigeria \u00e8 a sud-ovest e il Sudan \u00e8 a sud-est. Confina anche con l&#039;Egitto, che si trova a est.<\/p>\n\n\n\n<p>La capitale della Libia \u00e8 Tripoli, situata nel nord-ovest, sulla costa mediterranea. Tripoli \u00e8 la citt\u00e0 pi\u00f9 grande della Libia ed \u00e8 qui che si svolge la maggior parte del commercio del paese. Ci vivono pi\u00f9 di un milione di persone. Tripoli \u00e8 anche il principale porto della Libia. Altre grandi citt\u00e0 della Libia includono Bengasi, Misurata e Tarhuna. Queste citt\u00e0 sono dove vive la maggior parte delle persone e dove commerciano beni e servizi.<\/p>\n\n\n\n<h2 class=\"wp-block-heading\">Base dei consumatori<\/h2>\n\n\n\n<p>Il conto delle importazioni della Libia \u00e8 pi\u00f9 alto di quello di altri paesi africani a causa della recente guerra. Una delle principali importazioni \u00e8 il cibo, che acquista da altri paesi. Cose come fagioli, grano, riso, lenticchie e mais sono alcuni degli alimenti richiesti in Libia. Di conseguenza, il settore agricolo rappresenta una grande opportunit\u00e0 di investimento per fare soldi in Libia.<\/p>\n\n\n\n<p>Pi\u00f9 di tre quarti della popolazione libica \u00e8 urbana. Il paese soffre di una grave disoccupazione, le cifre riportate arrivano fino al 50%. Tuttavia, ospita un gran numero di lavoratori stranieri provenienti da paesi come Egitto, Turchia e India. Molti di questi lavoratori lavorano nell\u2019industria petrolifera e, di conseguenza, guadagnano salari elevati.<\/p>\n\n\n\n<h2 class=\"wp-block-heading\">Motivi per far crescere la tua attivit\u00e0 in Libia<\/h2>\n\n\n\n<p>La Libia \u00e8 un ottimo posto per far crescere la tua attivit\u00e0 grazie alla sua numerosa popolazione. Ha anche bisogno di aiuto per la crescita economica. Il Sudafrica, la Nigeria e l\u2019Egitto sono alcuni dei paesi pi\u00f9 prosperi dell\u2019Africa e la Libia ha il potenziale per classificarsi con questi paesi. Gli economisti si aspettano che la Libia continui a crescere in termini di ricchezza. La produzione di petrolio \u00e8 eccellente e dispone di vaste riserve non sfruttate. Ecco perch\u00e9 investire in Libia sarebbe un\u2019ottima idea.<\/p>\n\n\n\n<h2 class=\"wp-block-heading\">Informazioni sulle ricerche di mercato in Libia<\/h2>\n\n\n\n<p>Ti piacerebbe fare affari in Libia? Ti forniamo informazioni aggiornate sulle opportunit\u00e0 di investimento. Ci riuniamo <a href=\"https:\/\/www.sisinternational.com\/it\/cose-la-ricerca-quantitativa\/\" target=\"_blank\" rel=\"noopener\">Quantitativo<\/a>, <a href=\"https:\/\/www.sisinternational.com\/it\/cose-la-ricerca-qualitativa\/\" target=\"_blank\" rel=\"noopener\">Qualitativo<\/a>, E <a href=\"https:\/\/www.sisinternational.com\/it\/soluzioni\/consulenza-strategica\/come-la-ricerca-strategica-puo-migliorare-le-tue-prestazioni\/\" target=\"_blank\" rel=\"noopener\">Ricerca strategica<\/a> per te o la tua azienda. I dati raccolti servono ad informarvi sulla situazione economica in Libia. Ci auguriamo che questo articolo ti sia stato utile e che tu possa considerare di investire in Libia.<\/p>\n\n\n\n<p><\/p>","protected":false},"excerpt":{"rendered":"<p>La Libia \u00e8 un ottimo posto per far crescere la tua attivit\u00e0 grazie alla sua numerosa popolazione. Gli economisti si aspettano che la Libia continui a crescere in termini di ricchezza.<\/p>","protected":false},"author":1,"featured_media":65375,"parent":14281,"menu_order":26,"comment_status":"closed","ping_status":"closed","template":"","meta":{"footnotes":""},"class_list":["post-37843","page","type-page","status-publish","has-post-thumbnail"],"_links":{"self":[{"href":"https:\/\/www.sisinternational.com\/it\/wp-json\/wp\/v2\/pages\/37843","targetHints":{"allow":["GET"]}}],"collection":[{"href":"https:\/\/www.sisinternational.com\/it\/wp-json\/wp\/v2\/pages"}],"about":[{"href":"https:\/\/www.sisinternational.com\/it\/wp-json\/wp\/v2\/types\/page"}],"author":[{"embeddable":true,"href":"https:\/\/www.sisinternational.com\/it\/wp-json\/wp\/v2\/users\/1"}],"replies":[{"embeddable":true,"href":"https:\/\/www.sisinternational.com\/it\/wp-json\/wp\/v2\/comments?post=37843"}],"version-history":[{"count":2,"href":"https:\/\/www.sisinternational.com\/it\/wp-json\/wp\/v2\/pages\/37843\/revisions"}],"predecessor-version":[{"id":68554,"href":"https:\/\/www.sisinternational.com\/it\/wp-json\/wp\/v2\/pages\/37843\/revisions\/68554"}],"up":[{"embeddable":true,"href":"https:\/\/www.sisinternational.com\/it\/wp-json\/wp\/v2\/pages\/14281"}],"wp:featuredmedia":[{"embeddable":true,"href":"https:\/\/www.sisinternational.com\/it\/wp-json\/wp\/v2\/media\/65375"}],"wp:attachment":[{"href":"https:\/\/www.sisinternational.com\/it\/wp-json\/wp\/v2\/media?parent=37843"}],"curies":[{"name":"wp","href":"https:\/\/api.w.org\/{rel}","templated":true}]}}