{"id":37841,"date":"2021-06-15T06:54:55","date_gmt":"2021-06-15T06:54:55","guid":{"rendered":"https:\/\/www.sisinternational.com\/?page_id=37841"},"modified":"2025-09-14T17:34:07","modified_gmt":"2025-09-14T21:34:07","slug":"ricerche-di-mercato-in-liberia-africa","status":"publish","type":"page","link":"https:\/\/www.sisinternational.com\/it\/copertura\/ricerche-di-mercato-africane\/ricerche-di-mercato-in-liberia-africa\/","title":{"rendered":"Ricerche di mercato in Liberia, Africa"},"content":{"rendered":"<h1 class=\"wp-block-heading\">Ricerche di mercato in Liberia<\/h1>\n\n\n\n<figure class=\"gb-block-image gb-block-image-cc0893d2\"><img loading=\"lazy\" decoding=\"async\" width=\"1456\" height=\"816\" class=\"gb-image gb-image-cc0893d2\" src=\"https:\/\/www.sisinternational.com\/wp-content\/uploads\/2025\/08\/Liberia-1.jpg\" alt=\"Ricerca e strategia di mercato internazionale SIS\" title=\"Liberia (1)\" srcset=\"https:\/\/www.sisinternational.com\/wp-content\/uploads\/2025\/08\/Liberia-1.jpg 1456w, https:\/\/www.sisinternational.com\/wp-content\/uploads\/2025\/08\/Liberia-1-300x168.jpg 300w, https:\/\/www.sisinternational.com\/wp-content\/uploads\/2025\/08\/Liberia-1-1024x574.jpg 1024w, https:\/\/www.sisinternational.com\/wp-content\/uploads\/2025\/08\/Liberia-1-768x430.jpg 768w, https:\/\/www.sisinternational.com\/wp-content\/uploads\/2025\/08\/Liberia-1-18x10.jpg 18w\" sizes=\"auto, (max-width: 1456px) 100vw, 1456px\"><\/figure>\n\n\n\n<p><\/p>\n\n\n\n<p><a href=\"https:\/\/oec.world\/en\/profile\/country\/lbr\" target=\"_blank\" rel=\"noopener\">La Liberia \u00e8 un paese dell&#039;Africa occidentale<\/a> che confina con Costa d&#039;Avorio, Guinea e Sierra Leone. Come molti altri paesi africani, \u00e8 un ottimo investimento perch\u00e9 il suo mercato \u00e8 ancora inutilizzato. Tuttavia, il paese ha molti problemi, tra cui una storia di guerra civile e disordini.<\/p>\n\n\n\n<h2 class=\"wp-block-heading\">Industrie chiave<\/h2>\n\n\n\n<p>Una delle industrie primarie in Liberia \u00e8 l&#039;estrazione mineraria (ferro, oro, diamanti e minerali). Altre industrie significative sono l\u2019olio di palma e la lavorazione della gomma.<\/p>\n\n\n\n<p>Il sistema economico della Liberia \u00e8 sottosviluppato. Questo danno \u00e8 stato il risultato della prima guerra civile liberiana, combattuta dal 1989 al 1996. Da allora, la Liberia \u00e8 tra i paesi pi\u00f9 poveri del mondo.<\/p>\n\n\n\n<p>La guerra civile rovesci\u00f2 la minoranza americano-liberiana che governava il paese. La guerra port\u00f2 anche alla fuga dei cervelli e alla perdita di capitali. Di conseguenza, la Liberia ha il profilo tipico dell\u2019economia dell\u2019Africa sub-sahariana, con abbondanti risorse minerarie, foreste e agricoltura. Ma manca di capitale umano, infrastrutture e stabilit\u00e0. Pertanto, la maggior parte della popolazione dipende dall\u2019agricoltura. Al contrario, gli stranieri possiedono gran parte dell\u2019industria manifatturiera locale esistente.<\/p>\n\n\n\n<h2 class=\"wp-block-heading\">Quartieri in Liberia<\/h2>\n\n\n\n<p>Monrovia \u00e8 la capitale della Liberia, situata sulla costa atlantica. Ha la popolazione pi\u00f9 numerosa del paese. Questa citt\u00e0, fondata nel 1822, \u00e8 il centro culturale, finanziario ed economico del paese. La sua economia dipende dal suo ruolo di porto e sede del governo liberiano.<\/p>\n\n\n\n<p>Gbarnga \u00e8 un&#039;altra grande citt\u00e0. \u00c8 la capitale della contea di Bonn, situata a nord-est di Monrovia. Ha avuto un ruolo essenziale come base per il Fronte patriottico nazionale liberiano di Charles Taylor quando hanno combattuto nella guerra civile iniziale. Al giorno d&#039;oggi, Gbarnga svolge un ruolo pi\u00f9 progressista nello sviluppo della Liberia. per esempio, \u00e8 sede del Cuttington College. Questo college \u00e8 una scuola privata affiliata ad una chiesa anglicana vicino alla citt\u00e0. Il suo campus un tempo ospitava l&#039;African American Museum, distrutto dalla Guerra Civile.<\/p>\n\n\n\n<h2 class=\"wp-block-heading\">Tendenze e base di consumatori in Liberia<\/h2>\n\n\n\n<p>La maggior parte dei liberiani guadagna meno di $500 al mese, il che non sempre \u00e8 sufficiente per vestirsi, cibo e alloggio.<\/p>\n\n\n\n<p>I beni manufatti, ad esempio, i prodotti alimentari, i prodotti chimici e i combustibili sono le principali importazioni della Liberia.<br>Il riso \u00e8 un ingrediente base in Liberia. Altri prodotti agricoli includono manioca, pesce, banane, agrumi. Gli agricoltori della Liberia coltivano anche platani, cocco, gombo e patate dolci.<\/p>\n\n\n\n<h2 class=\"wp-block-heading\">Punti di forza nel mercato<\/h2>\n\n\n\n<p>Uno dei punti di forza della Liberia sono le sue risorse naturali.<\/p>\n\n\n\n<p>L\u2019agricoltura \u00e8 ancora la sua industria principale, impiegando due terzi della popolazione.<\/p>\n\n\n\n<p>L\u2019industria mineraria in Liberia si \u00e8 ripresa dopo la seconda guerra civile, terminata nel 2003. Sono in vigore nuove leggi minerarie e politiche di sviluppo minerario per attirare investimenti stranieri.<\/p>\n\n\n\n<h2 class=\"wp-block-heading\">Motivi per far crescere la tua attivit\u00e0 attraverso le ricerche di mercato in Liberia<\/h2>\n\n\n\n<p><strong>Amministrazione fiscale di supporto<\/strong>;<br>La Liberia ha istituito la legge sugli investimenti del 2016. L&#039;articolo 16 di questa legge affronta il sistema fiscale liberiano. Fornisce speciali incentivi finanziari e non finanziari per gli investimenti. Questi investimenti devono riguardare uno qualsiasi dei 15 settori prioritari, tra cui l\u2019industria manifatturiera, la tecnologia dell\u2019informazione e il turismo.<\/p>\n\n\n\n<p><strong>Non sono previsti rendimenti minimi sui ricavi n\u00e9 limiti di cambio.<\/strong><br>L&#039;articolo 11 della legge sugli investimenti del 2010 rafforza la protezione degli investimenti. Consente agli investitori di restituire il proprio capitale e i profitti ai propri paesi d\u2019origine, compresi utili, dividendi e trasferimenti di denaro al momento della vendita o della liquidazione. Comprende anche il rimborso dei prestiti ottenuti da banche estere.<\/p>\n\n\n\n<p><strong>C&#039;\u00e8 un mercato locale insaturo di beni per la casa e generi alimentari.<\/strong><br>La Liberia fa affidamento sull\u2019industria mineraria. Poich\u00e9 il settore manifatturiero non \u00e8 ben sviluppato, il paese importa la maggior parte dei beni domestici consumati. Ad esempio, si registra l&#039;importazione di circa 90% del riso consumato ogni anno. Allo stesso modo, c&#039;\u00e8 l&#039;importazione di molti articoli per la casa. Pertanto, gli articoli per la casa si rivelerebbero un business molto redditizio. Il governo \u00e8 ansioso di passare da un\u2019economia basata sull\u2019estrazione mineraria e sulle importazioni. Vuole passare a un\u2019economia orientata all\u2019esportazione nel settore manifatturiero.<\/p>\n\n\n\n<h2 class=\"wp-block-heading\">Informazioni sulle ricerche di mercato in Liberia<\/h2>\n\n\n\n<p>Vuoi avviare un&#039;impresa? La Liberia ti sembra un posto fantastico? Allora questo articolo fa per te. Abbiamo creato Focus Group per il settore privato africano. Possiamo anche condurre <a href=\"https:\/\/www.sisinternational.com\/it\/cose-la-ricerca-quantitativa\/\" target=\"_blank\" rel=\"noopener\">Quantitativo<\/a>, <a href=\"https:\/\/www.sisinternational.com\/it\/cose-la-ricerca-qualitativa\/\" target=\"_blank\" rel=\"noopener\">Qualitativo<\/a>, E <a href=\"https:\/\/www.sisinternational.com\/it\/soluzioni\/consulenza-strategica\/come-la-ricerca-strategica-puo-migliorare-le-tue-prestazioni\/\" target=\"_blank\" rel=\"noopener\">Ricerca strategica<\/a> per la tua associazione Quindi, puoi scegliere il settore pi\u00f9 adatto per avviare un&#039;impresa. Adottiamo tutte queste misure per garantire il successo della tua attivit\u00e0.<\/p>\n\n\n\n<p>Questo documento ti fornisce le indicazioni necessarie per ottenere il massimo dal tuo investimento in Liberia.<\/p>\n\n\n\n<p><\/p>","protected":false},"excerpt":{"rendered":"<p>Uno dei punti di forza della Liberia sono le sue risorse naturali. L\u2019agricoltura \u00e8 ancora la sua industria principale, impiegando due terzi della popolazione.<\/p>","protected":false},"author":1,"featured_media":65369,"parent":14281,"menu_order":25,"comment_status":"closed","ping_status":"closed","template":"","meta":{"_uag_custom_page_level_css":"","footnotes":""},"class_list":["post-37841","page","type-page","status-publish","has-post-thumbnail"],"uagb_featured_image_src":{"full":["https:\/\/www.sisinternational.com\/wp-content\/uploads\/2025\/08\/Liberia-1.jpg",1456,816,false],"thumbnail":["https:\/\/www.sisinternational.com\/wp-content\/uploads\/2025\/08\/Liberia-1-150x150.jpg",150,150,true],"medium":["https:\/\/www.sisinternational.com\/wp-content\/uploads\/2025\/08\/Liberia-1-300x168.jpg",300,168,true],"medium_large":["https:\/\/www.sisinternational.com\/wp-content\/uploads\/2025\/08\/Liberia-1-768x430.jpg",768,430,true],"large":["https:\/\/www.sisinternational.com\/wp-content\/uploads\/2025\/08\/Liberia-1-1024x574.jpg",1024,574,true],"1536x1536":["https:\/\/www.sisinternational.com\/wp-content\/uploads\/2025\/08\/Liberia-1.jpg",1456,816,false],"2048x2048":["https:\/\/www.sisinternational.com\/wp-content\/uploads\/2025\/08\/Liberia-1.jpg",1456,816,false],"trp-custom-language-flag":["https:\/\/www.sisinternational.com\/wp-content\/uploads\/2025\/08\/Liberia-1-18x10.jpg",18,10,true]},"uagb_author_info":{"display_name":"Ruth Stanat","author_link":"https:\/\/www.sisinternational.com\/it\/author\/expert\/"},"uagb_comment_info":0,"uagb_excerpt":"One of Liberia\u2019s strengths is its natural resources. Agriculture is still its primary industry, employing two-thirds of the population.","_links":{"self":[{"href":"https:\/\/www.sisinternational.com\/it\/wp-json\/wp\/v2\/pages\/37841","targetHints":{"allow":["GET"]}}],"collection":[{"href":"https:\/\/www.sisinternational.com\/it\/wp-json\/wp\/v2\/pages"}],"about":[{"href":"https:\/\/www.sisinternational.com\/it\/wp-json\/wp\/v2\/types\/page"}],"author":[{"embeddable":true,"href":"https:\/\/www.sisinternational.com\/it\/wp-json\/wp\/v2\/users\/1"}],"replies":[{"embeddable":true,"href":"https:\/\/www.sisinternational.com\/it\/wp-json\/wp\/v2\/comments?post=37841"}],"version-history":[{"count":2,"href":"https:\/\/www.sisinternational.com\/it\/wp-json\/wp\/v2\/pages\/37841\/revisions"}],"predecessor-version":[{"id":68555,"href":"https:\/\/www.sisinternational.com\/it\/wp-json\/wp\/v2\/pages\/37841\/revisions\/68555"}],"up":[{"embeddable":true,"href":"https:\/\/www.sisinternational.com\/it\/wp-json\/wp\/v2\/pages\/14281"}],"wp:featuredmedia":[{"embeddable":true,"href":"https:\/\/www.sisinternational.com\/it\/wp-json\/wp\/v2\/media\/65369"}],"wp:attachment":[{"href":"https:\/\/www.sisinternational.com\/it\/wp-json\/wp\/v2\/media?parent=37841"}],"curies":[{"name":"wp","href":"https:\/\/api.w.org\/{rel}","templated":true}]}}