{"id":37839,"date":"2021-06-15T06:46:00","date_gmt":"2021-06-15T06:46:00","guid":{"rendered":"https:\/\/www.sisinternational.com\/?page_id=37839"},"modified":"2026-01-24T20:41:06","modified_gmt":"2026-01-25T01:41:06","slug":"ricerche-di-mercato-in-lesotho-africa","status":"publish","type":"page","link":"https:\/\/www.sisinternational.com\/it\/copertura\/ricerche-di-mercato-africane\/ricerche-di-mercato-in-lesotho-africa\/","title":{"rendered":"Ricerche di mercato in Lesotho, Africa"},"content":{"rendered":"<h1 class=\"wp-block-heading\">Ricerche di mercato in Lesotho<\/h1>\n\n\n\n<figure class=\"gb-block-image gb-block-image-8b04ab6e\"><img loading=\"lazy\" decoding=\"async\" width=\"1456\" height=\"816\" class=\"gb-image gb-image-8b04ab6e\" src=\"https:\/\/www.sisinternational.com\/wp-content\/uploads\/2025\/08\/Lesotho-1vv-3.jpg\" alt=\"Ricerca e strategia di mercato internazionale SIS\" title=\"Lesotho (1vv) (3)\" srcset=\"https:\/\/www.sisinternational.com\/wp-content\/uploads\/2025\/08\/Lesotho-1vv-3.jpg 1456w, https:\/\/www.sisinternational.com\/wp-content\/uploads\/2025\/08\/Lesotho-1vv-3-300x168.jpg 300w, https:\/\/www.sisinternational.com\/wp-content\/uploads\/2025\/08\/Lesotho-1vv-3-1024x574.jpg 1024w, https:\/\/www.sisinternational.com\/wp-content\/uploads\/2025\/08\/Lesotho-1vv-3-768x430.jpg 768w, https:\/\/www.sisinternational.com\/wp-content\/uploads\/2025\/08\/Lesotho-1vv-3-18x10.jpg 18w\" sizes=\"auto, (max-width: 1456px) 100vw, 1456px\"><\/figure>\n\n\n\n<p><\/p>\n\n\n\n<p>Il Sud Africa circonda il <a href=\"https:\/\/oec.world\/en\/profile\/country\/lso\" target=\"_blank\" rel=\"noopener\">ex protettorato britannico ora noto come Lesotho<\/a> \u2013 una situazione unica. Precedentemente noto come Basutoland, il Lesotho ottenne l&#039;indipendenza nel 1966. Attualmente, il Lesotho \u00e8 una monarchia con un&#039;economia integrata. Oggi la maggior parte delle famiglie vive di agricoltura.<\/p>\n\n\n\n<h2 class=\"wp-block-heading\">Industrie chiave in Lesotho<\/h2>\n\n\n\n<p>L&#039;economia del Lesotho si concentra sulla produzione, sull&#039;agricoltura, sull&#039;estrazione mineraria e sull&#039;allevamento di animali. Anche molti Basotho, che \u00e8 il nome della popolazione del Lesotho, fanno affidamento sulle rimesse. Sebbene il Lesotho dipenda dall\u2019agricoltura, gran parte della sua terra non \u00e8 coltivabile. Pertanto, molti Basotho partono per lavorare nelle miniere del Sud Africa. Queste rimesse provengono da quei lavoratori migranti.<\/p>\n\n\n\n<p>Le principali esportazioni del Lesotho sono risorse naturali e manufatti. Il settore dell&#039;abbigliamento \u00e8 una delle industrie primarie e impiega molte lavoratrici.<\/p>\n\n\n\n<h2 class=\"wp-block-heading\">Quartieri<\/h2>\n\n\n\n<p>La capitale e citt\u00e0 pi\u00f9 grande del Lesotho \u00e8 Maseru. Si trova adiacente al fiume Caledon, proprio al confine tra Lesotho e Sud Africa. La citt\u00e0 era un campo di polizia e divenne la capitale dopo che il Lesotho divenne un protettorato britannico nel 1869. Maseru continu\u00f2 ad essere la capitale nel 1966 anche dopo che il paese ottenne l&#039;indipendenza. Il nome della citt\u00e0 significa &quot;arenaria rossa&quot;, la parola deriva da una parola Sesotho.<\/p>\n\n\n\n<h2 class=\"wp-block-heading\">Base di consumatori in Lesotho<\/h2>\n\n\n\n<p>Il termine \u201cmokhoro\u201d si riferisce allo stile edilizio del Lesotho. Molte case tradizionali, soprattutto nei piccoli villaggi e citt\u00e0, sono in stile mokhoro. I Basotho spesso incollano le pareti su grandi pezzi di cemento. Oggi vengono utilizzati anche mattoni di argilla, soprattutto blocchi di cemento. I proprietari spesso sostituiscono i tradizionali tetti di paglia con cartone ondulato.<\/p>\n\n\n\n<p>Il Lesotho ha risorse alimentari limitate, quindi la maggior parte delle famiglie produce bestiame e cibo per nutrirsi. Attualmente l\u2019economia \u00e8 in fase di transizione. Il paese sta cercando di porre fine a questa dipendenza dall\u2019agricoltura di sussistenza. Pertanto, si sta lentamente diversificando, il che rappresenta una grande opportunit\u00e0 per gli investitori. Ci\u00f2 significher\u00e0 redditi pi\u00f9 alti per Basotho, quindi il mercato locale sar\u00e0 in grado di sostenere un\u2019impresa.<\/p>\n\n\n\n<h2 class=\"wp-block-heading\">Punti di forza nel mercato<\/h2>\n\n\n\n<p>La forza del Lesotho \u00e8 nel turismo. \u00c8 un eccellente luogo di vacanza per i visitatori perch\u00e9 offre quanto segue:<\/p>\n\n\n\n<ol class=\"wp-block-list\">\n<li>Esperienza nella natura africana. Il Lesotho \u00e8 la destinazione per viaggiatori esigenti e amanti dell&#039;avventura. \u00c8 perfetto per chi desidera qualcosa di diverso da una vacanza d&#039;affari.<\/li>\n\n\n\n<li>Paesaggio scenico. Il Lesotho \u00e8 ricco di fauna selvatica unica e ha anche bellissimi ruscelli limpidi. \u00c8 uno degli ambienti naturali pi\u00f9 puliti e incontaminati della regione.<\/li>\n\n\n\n<li>Vicino al Sud Africa. Come accennato in precedenza, il Sudafrica circonda il Lesotho. In effetti, questa situazione presenta molte opportunit\u00e0. In primo luogo, aiuta lo sviluppo e la crescita dell&#039;industria del turismo del Lesotho. Il Sudafrica attira molti turisti, offrendo al Lesotho un&#039;opportunit\u00e0 unica. Pu\u00f2 sfruttare i punti di forza del paese vicino. Infatti, pu\u00f2 posizionarsi per diventare una destinazione turistica internazionale. Il Sudafrica pu\u00f2 cos\u00ec diventare la \u201cporta d\u2019ingresso\u201d del Lesotho.<\/li>\n<\/ol>\n\n\n\n<h2 class=\"wp-block-heading\">Motivi per far crescere la tua attivit\u00e0 sul mercato<\/h2>\n\n\n\n<ol class=\"wp-block-list\">\n<li>Il Lesotho ha stabilit\u00e0 politica. Pertanto, gli investitori trarranno vantaggio dalla continuit\u00e0 politica. Questa stabilit\u00e0 consente inoltre alle imprese di crescere e prosperare. Gli investitori possono pianificare a lungo termine senza doversi preoccupare di interruzioni dovute a sconvolgimenti politici.<\/li>\n\n\n\n<li>Le recenti riforme governative hanno avuto un effetto positivo sull\u2019economia.<\/li>\n\n\n\n<li>Esistono opportunit\u00e0 di investimento nelle seguenti aree:\n<ol class=\"wp-block-list\">\n<li>agricoltura<\/li>\n\n\n\n<li>Infrastrutture e costruzioni<\/li>\n\n\n\n<li>Produzione<\/li>\n\n\n\n<li>TIC<\/li>\n\n\n\n<li>Energia rinnovabile<\/li>\n\n\n\n<li>Servizi finanziari<\/li>\n\n\n\n<li>Turismo<\/li>\n\n\n\n<li>Estrazione<\/li>\n<\/ol>\n<\/li>\n\n\n\n<li>Gli splendidi paesaggi e le piste innevate del Lesotho sono perfetti per lo sci. Queste caratteristiche possono promuovere il turismo.<\/li>\n\n\n\n<li>The \u201cAfrican Growth and Opportunity Act\u201d and the Continental Free Trade Area. These agreements provide a broader <a href=\"https:\/\/www.sisinternational.com\/it\/il-mercato-africano-in-continua-evoluzione\/\" title=\"Ricerca sulle opportunit\u00e0 di mercato in Africa\" data-wpil-monitor-id=\"2802\">market for countries outside of South Africa<\/a>.<\/li>\n<\/ol>\n\n\n\n<h2 class=\"wp-block-heading\">Informazioni sulle ricerche di mercato in Lesotho<\/h2>\n\n\n\n<p>Vuoi avviare un&#039;impresa? Il Lesotho sembra un posto ideale? Allora questo articolo fa per te. Abbiamo creato focus group per il settore privato africano. Possiamo anche effettuare <a href=\"https:\/\/www.sisinternational.com\/it\/cose-la-ricerca-quantitativa\/\" target=\"_blank\" rel=\"noopener\">Quantitativo<\/a>, <a href=\"https:\/\/www.sisinternational.com\/it\/cose-la-ricerca-qualitativa\/\" target=\"_blank\" rel=\"noopener\">Qualitativo<\/a>, E <a href=\"https:\/\/www.sisinternational.com\/it\/soluzioni\/consulenza-strategica\/come-la-ricerca-strategica-puo-migliorare-le-tue-prestazioni\/\" target=\"_blank\" rel=\"noopener\">Ricerca strategica<\/a> per la tua azienda Quindi puoi scegliere il settore migliore per avviare la tua attivit\u00e0. In breve, le nostre ricerche di mercato possono garantire il successo della tua attivit\u00e0.<\/p>\n\n\n\n<p><\/p>","protected":false},"excerpt":{"rendered":"<p>La forza del Lesotho \u00e8 il turismo. Il Lesotho \u00e8 una monarchia con un\u2019economia integrata. Oggi la maggior parte delle famiglie vive di agricoltura.<\/p>","protected":false},"author":1,"featured_media":65365,"parent":14281,"menu_order":24,"comment_status":"closed","ping_status":"closed","template":"","meta":{"footnotes":""},"class_list":["post-37839","page","type-page","status-publish","has-post-thumbnail"],"_links":{"self":[{"href":"https:\/\/www.sisinternational.com\/it\/wp-json\/wp\/v2\/pages\/37839","targetHints":{"allow":["GET"]}}],"collection":[{"href":"https:\/\/www.sisinternational.com\/it\/wp-json\/wp\/v2\/pages"}],"about":[{"href":"https:\/\/www.sisinternational.com\/it\/wp-json\/wp\/v2\/types\/page"}],"author":[{"embeddable":true,"href":"https:\/\/www.sisinternational.com\/it\/wp-json\/wp\/v2\/users\/1"}],"replies":[{"embeddable":true,"href":"https:\/\/www.sisinternational.com\/it\/wp-json\/wp\/v2\/comments?post=37839"}],"version-history":[{"count":4,"href":"https:\/\/www.sisinternational.com\/it\/wp-json\/wp\/v2\/pages\/37839\/revisions"}],"predecessor-version":[{"id":77137,"href":"https:\/\/www.sisinternational.com\/it\/wp-json\/wp\/v2\/pages\/37839\/revisions\/77137"}],"up":[{"embeddable":true,"href":"https:\/\/www.sisinternational.com\/it\/wp-json\/wp\/v2\/pages\/14281"}],"wp:featuredmedia":[{"embeddable":true,"href":"https:\/\/www.sisinternational.com\/it\/wp-json\/wp\/v2\/media\/65365"}],"wp:attachment":[{"href":"https:\/\/www.sisinternational.com\/it\/wp-json\/wp\/v2\/media?parent=37839"}],"curies":[{"name":"wp","href":"https:\/\/api.w.org\/{rel}","templated":true}]}}