{"id":37837,"date":"2021-06-15T06:31:57","date_gmt":"2021-06-15T06:31:57","guid":{"rendered":"https:\/\/www.sisinternational.com\/?page_id=37837"},"modified":"2026-01-24T20:50:51","modified_gmt":"2026-01-25T01:50:51","slug":"ricerche-di-mercato-in-kenya-africa","status":"publish","type":"page","link":"https:\/\/www.sisinternational.com\/it\/copertura\/ricerche-di-mercato-africane\/ricerche-di-mercato-in-kenya-africa\/","title":{"rendered":"Ricerche di mercato in Kenya, Africa"},"content":{"rendered":"<h1 class=\"wp-block-heading\">Ricerche di mercato in Kenya<\/h1>\n\n\n\n<figure class=\"gb-block-image gb-block-image-87484c04\"><img loading=\"lazy\" decoding=\"async\" width=\"1456\" height=\"816\" class=\"gb-image gb-image-87484c04\" src=\"https:\/\/www.sisinternational.com\/wp-content\/uploads\/2025\/08\/Kenya-2.jpg\" alt=\"Ricerca e strategia di mercato internazionale SIS\" title=\"Kenya (2)\" srcset=\"https:\/\/www.sisinternational.com\/wp-content\/uploads\/2025\/08\/Kenya-2.jpg 1456w, https:\/\/www.sisinternational.com\/wp-content\/uploads\/2025\/08\/Kenya-2-300x168.jpg 300w, https:\/\/www.sisinternational.com\/wp-content\/uploads\/2025\/08\/Kenya-2-1024x574.jpg 1024w, https:\/\/www.sisinternational.com\/wp-content\/uploads\/2025\/08\/Kenya-2-768x430.jpg 768w, https:\/\/www.sisinternational.com\/wp-content\/uploads\/2025\/08\/Kenya-2-18x10.jpg 18w\" sizes=\"auto, (max-width: 1456px) 100vw, 1456px\"><\/figure>\n\n\n\n<p><\/p>\n\n\n\n<p>IL <a href=\"https:\/\/oec.world\/en\/profile\/country\/ken\" target=\"_blank\" rel=\"noopener\">Repubblica del Kenia<\/a> \u00e8 un paese dell&#039;Africa orientale situato a nord della Tanzania. Si trova a est dell&#039;Uganda e a sud-est del Sud Sudan. L&#039;Etiopia \u00e8 a nord e la Somalia a nord-est. L&#039;Oceano Indiano \u00e8 a sud-est.<\/p>\n\n\n\n<h2 class=\"wp-block-heading\">Industrie chiave in Kenya<\/h2>\n\n\n\n<p>L\u2019economia del Kenya \u00e8 basata sull\u2019agricoltura. L\u2019agricoltura rappresenta poco pi\u00f9 di un terzo del Pil. Le esportazioni tradizionali sono t\u00e8 e caff\u00e8. Il Kenya ha anche un\u2019industria orticola in erba.<\/p>\n\n\n\n<p>Il settore agricolo \u00e8 costituito dalla produzione agricola, dall&#039;orticoltura, dall&#039;allevamento, dalla silvicoltura e dalla pesca. La produzione agricola e l\u2019orticoltura contribuiscono maggiormente al PIL agricolo. Questo settore costituisce la spina dorsale dell\u2019economia keniota. Offre anche un mezzo per guadagnarsi da vivere per la popolazione.<\/p>\n\n\n\n<p>The industrial sector is also a huge contributor to the GDP. The country has a well-developed industrial sector, and it is the <a href=\"https:\/\/www.sisinternational.com\/it\/il-mercato-africano-in-continua-evoluzione\/\" title=\"Ricerca sulle opportunit\u00e0 di mercato in Africa\" data-wpil-monitor-id=\"2806\">market leader in East Africa<\/a>. This sector accounts for one-tenth of the GDP, and manufacturing is thriving.<\/p>\n\n\n\n<p>In crescita anche il settore edile e quello immobiliare. Questa crescita \u00e8 dovuta in parte agli investimenti pubblici nelle infrastrutture pubbliche. I keniani stanno investendo anche nel settore immobiliare.<\/p>\n\n\n\n<p>A causa della pandemia di COVID-19, gli esperti prevedono che la crescita del Kenya diminuir\u00e0. Il paese ha ridotto gli scambi. Inoltre, il coronavirus ha interrotto le catene di approvvigionamento e la produzione interna. Nonostante ci\u00f2, il governo resta fiducioso. Continua a promuovere l\u2019istruzione, il commercio e gli investimenti. Sperano che l\u2019economia possa continuare la tendenza al rialzo vista prima della pandemia.<\/p>\n\n\n\n<h2 class=\"wp-block-heading\">Quartieri in Kenya<\/h2>\n\n\n\n<p>Il Kenya ha una grande quantit\u00e0 di flora e fauna, che fanno parte della bellezza naturale del paese.<\/p>\n\n\n\n<p>Le principali citt\u00e0 del Kenya sono Nairobi, Mombasa e Kisumu. Nairobi, la capitale, \u00e8 la pi\u00f9 grande. Questa citt\u00e0 strizza l&#039;occhio al suo passato coloniale utilizzando molti toponimi inglesi. A Nairobi, i residenti pi\u00f9 ricchi vivono solitamente nelle regioni occidentali e centro-settentrionali. I coloni europei risiedevano in queste regioni durante il periodo coloniale. Al contrario, i quartieri a reddito medio-basso e medio-alto si trovano nelle zone centro-settentrionali della citt\u00e0.<\/p>\n\n\n\n<p>Mombasa, la seconda citt\u00e0 pi\u00f9 grande, si trova sulla costa sud-orientale del Kenya. \u00c8 basato sul turismo e dispone di un aeroporto internazionale. \u00c8 anche sede del terzo porto pi\u00f9 grande dell&#039;Africa.<\/p>\n\n\n\n<p>Kisumu, la terza citt\u00e0 pi\u00f9 grande, \u00e8 bellissima. La citt\u00e0 sta dando nuova vita al centro e alle zone basse con un progetto di ringiovanimento urbano. Sta aggiornando l\u2019aspetto del lungolago e alleviando l\u2019affollamento delle strade principali, rendendole pi\u00f9 facili da percorrere per i pedoni.<\/p>\n\n\n\n<h2 class=\"wp-block-heading\">Tendenze<\/h2>\n\n\n\n<p>Negli ultimi dieci anni, il Kenya ha visto una forte crescita economica. Questa crescita \u00e8 dovuta alle riforme politiche ed economiche che ha realizzato. Purtroppo la pandemia in corso ha influito su questa crescita.<\/p>\n\n\n\n<p>Le principali sfide per lo sviluppo includono la povert\u00e0 e il cambiamento climatico. Anche il Kenya ha una societ\u00e0 diseguale e gli investimenti del settore privato sono bassi.<\/p>\n\n\n\n<p>Per ora, le prospettive economiche del Kenya sono cupe. Gli economisti si aspettano una lenta ripresa del Paese. La pandemia ha devastato le esportazioni e il turismo del Kenya. Ha danneggiato anche altre attivit\u00e0 economiche nazionali. Tuttavia, il Kenya ha un piano di sviluppo a lungo termine che rende la produzione una priorit\u00e0. Il piano comprende anche assistenza sanitaria universale, alloggi a prezzi accessibili e sicurezza alimentare.<\/p>\n\n\n\n<h2 class=\"wp-block-heading\">Vantaggi e punti di forza nel mercato<\/h2>\n\n\n\n<p>The agricultural sector is the pride and joy of the Kenyan market. Kenya is the third-largest tea producer in the world. The services sector is also expanding. Its economy is crucial to the East-African community. It is <a href=\"https:\/\/www.sisinternational.com\/it\/ricerche-di-mercato-in-africa\/\" title=\"Ricerche di mercato in Africa\" data-wpil-monitor-id=\"2945\">Africa\u2019s number-one common market<\/a> and the seventh-largest African economy.<\/p>\n\n\n\n<h2 class=\"wp-block-heading\">Base di consumatori in Kenya<\/h2>\n\n\n\n<p>Un piccolo numero di consumatori in Kenya ha beneficiato della rapida espansione dell\u2019economia. Ma un numero molto pi\u00f9 grande ha visto pochi o nessun beneficio. Pertanto, subiscono gli effetti dell\u2019inflazione. La povert\u00e0 e la malnutrizione rimangono problemi significativi per molti keniani.<\/p>\n\n\n\n<h2 class=\"wp-block-heading\">Motivi per far crescere la tua attivit\u00e0 nel mercato keniota<\/h2>\n\n\n\n<p>I mercati kenioti offrono molte opportunit\u00e0 a basso costo per gli investitori. Il Kenya ha costi operativi inferiori rispetto ad altri mercati emergenti e gli investitori hanno quindi un vantaggio competitivo sugli affitti e sui costi del lavoro.<\/p>\n\n\n\n<p>Inoltre, il Kenya occupa una posizione geografica privilegiata. Ha accesso alle principali rotte marittime provenienti sia dall&#039;Europa che dall&#039;Asia. E il mercato keniota non \u00e8 molto sviluppato. Pertanto, le nuove imprese sperimenteranno una mancanza di concorrenza durante l\u2019avvio. Questa situazione aumenta la possibilit\u00e0 di una rapida crescita in un breve periodo. Le nuove aziende possono aspettarsi di ottenere il sostegno del governo. Il governo sta incoraggiando la crescita in diversi settori.<\/p>\n\n\n\n<h2 class=\"wp-block-heading\">Informazioni sulle ricerche di mercato in Kenya<\/h2>\n\n\n\n<p>\u00c8 essenziale farlo <a href=\"https:\/\/www.sisinternational.com\/it\/cose-la-ricerca-quantitativa\/\" target=\"_blank\" rel=\"noopener\">Quantitativo<\/a>, <a href=\"https:\/\/www.sisinternational.com\/it\/cose-la-ricerca-qualitativa\/\" target=\"_blank\" rel=\"noopener\">Qualitativo<\/a>, E <a href=\"https:\/\/www.sisinternational.com\/it\/soluzioni\/consulenza-strategica\/come-la-ricerca-strategica-puo-migliorare-le-tue-prestazioni\/\" target=\"_blank\" rel=\"noopener\">Ricerca strategica<\/a>. Le imprese dovrebbero effettuare questi controlli prima di entrare in qualsiasi mercato. Fare ricerche di mercato sul Kenya \u00e8 particolarmente cruciale. Aiuta le nuove aziende a determinare la migliore strategia di ingresso nel mercato.<\/p>\n\n\n\n<p>La ricerca di mercato pu\u00f2 comportare la visita del mercato. Tali visite aiutano a coinvolgere potenziali partner locali. Aiutano a costruire relazioni e a trovare opportunit\u00e0 di mercato. Le ricerche di mercato possono anche coinvolgere focus group, interviste e sondaggi.<\/p>\n\n\n\n<p><\/p>","protected":false},"excerpt":{"rendered":"<p>Negli ultimi dieci anni, il Kenya ha visto una forte crescita economica. Il settore agricolo \u00e8 l\u2019orgoglio e la gioia del mercato keniano.<\/p>","protected":false},"author":1,"featured_media":65205,"parent":14281,"menu_order":23,"comment_status":"closed","ping_status":"closed","template":"","meta":{"_uag_custom_page_level_css":"","footnotes":""},"class_list":["post-37837","page","type-page","status-publish","has-post-thumbnail"],"uagb_featured_image_src":{"full":["https:\/\/www.sisinternational.com\/wp-content\/uploads\/2025\/08\/Kenya-2.jpg",1456,816,false],"thumbnail":["https:\/\/www.sisinternational.com\/wp-content\/uploads\/2025\/08\/Kenya-2-150x150.jpg",150,150,true],"medium":["https:\/\/www.sisinternational.com\/wp-content\/uploads\/2025\/08\/Kenya-2-300x168.jpg",300,168,true],"medium_large":["https:\/\/www.sisinternational.com\/wp-content\/uploads\/2025\/08\/Kenya-2-768x430.jpg",768,430,true],"large":["https:\/\/www.sisinternational.com\/wp-content\/uploads\/2025\/08\/Kenya-2-1024x574.jpg",1024,574,true],"1536x1536":["https:\/\/www.sisinternational.com\/wp-content\/uploads\/2025\/08\/Kenya-2.jpg",1456,816,false],"2048x2048":["https:\/\/www.sisinternational.com\/wp-content\/uploads\/2025\/08\/Kenya-2.jpg",1456,816,false],"trp-custom-language-flag":["https:\/\/www.sisinternational.com\/wp-content\/uploads\/2025\/08\/Kenya-2-18x10.jpg",18,10,true]},"uagb_author_info":{"display_name":"Ruth Stanat","author_link":"https:\/\/www.sisinternational.com\/it\/author\/expert\/"},"uagb_comment_info":0,"uagb_excerpt":"Over the past decade, Kenya has seen much economic growth. The agricultural sector is the pride and joy of the Kenyan market.","_links":{"self":[{"href":"https:\/\/www.sisinternational.com\/it\/wp-json\/wp\/v2\/pages\/37837","targetHints":{"allow":["GET"]}}],"collection":[{"href":"https:\/\/www.sisinternational.com\/it\/wp-json\/wp\/v2\/pages"}],"about":[{"href":"https:\/\/www.sisinternational.com\/it\/wp-json\/wp\/v2\/types\/page"}],"author":[{"embeddable":true,"href":"https:\/\/www.sisinternational.com\/it\/wp-json\/wp\/v2\/users\/1"}],"replies":[{"embeddable":true,"href":"https:\/\/www.sisinternational.com\/it\/wp-json\/wp\/v2\/comments?post=37837"}],"version-history":[{"count":5,"href":"https:\/\/www.sisinternational.com\/it\/wp-json\/wp\/v2\/pages\/37837\/revisions"}],"predecessor-version":[{"id":77272,"href":"https:\/\/www.sisinternational.com\/it\/wp-json\/wp\/v2\/pages\/37837\/revisions\/77272"}],"up":[{"embeddable":true,"href":"https:\/\/www.sisinternational.com\/it\/wp-json\/wp\/v2\/pages\/14281"}],"wp:featuredmedia":[{"embeddable":true,"href":"https:\/\/www.sisinternational.com\/it\/wp-json\/wp\/v2\/media\/65205"}],"wp:attachment":[{"href":"https:\/\/www.sisinternational.com\/it\/wp-json\/wp\/v2\/media?parent=37837"}],"curies":[{"name":"wp","href":"https:\/\/api.w.org\/{rel}","templated":true}]}}