{"id":37833,"date":"2021-06-15T06:17:32","date_gmt":"2021-06-15T06:17:32","guid":{"rendered":"https:\/\/www.sisinternational.com\/?page_id=37833"},"modified":"2025-09-14T16:16:20","modified_gmt":"2025-09-14T20:16:20","slug":"ricerche-di-mercato-in-ghana-africa","status":"publish","type":"page","link":"https:\/\/www.sisinternational.com\/it\/copertura\/ricerche-di-mercato-africane\/ricerche-di-mercato-in-ghana-africa\/","title":{"rendered":"Ricerche di mercato in Ghana, Africa"},"content":{"rendered":"<h1 class=\"wp-block-heading\">Ricerche di mercato in Ghana, Africa<\/h1>\n\n\n\n<figure class=\"gb-block-image gb-block-image-c483eb15\"><img loading=\"lazy\" decoding=\"async\" width=\"1456\" height=\"816\" class=\"gb-image gb-image-c483eb15\" src=\"https:\/\/www.sisinternational.com\/wp-content\/uploads\/2025\/08\/Ghana-4.jpg\" alt=\"Ricerca e strategia di mercato internazionale SIS\" title=\"Ghana, (4)\" srcset=\"https:\/\/www.sisinternational.com\/wp-content\/uploads\/2025\/08\/Ghana-4.jpg 1456w, https:\/\/www.sisinternational.com\/wp-content\/uploads\/2025\/08\/Ghana-4-300x168.jpg 300w, https:\/\/www.sisinternational.com\/wp-content\/uploads\/2025\/08\/Ghana-4-1024x574.jpg 1024w, https:\/\/www.sisinternational.com\/wp-content\/uploads\/2025\/08\/Ghana-4-768x430.jpg 768w, https:\/\/www.sisinternational.com\/wp-content\/uploads\/2025\/08\/Ghana-4-18x10.jpg 18w\" sizes=\"auto, (max-width: 1456px) 100vw, 1456px\"><\/figure>\n\n\n\n<p><\/p>\n\n\n\n<p><a href=\"https:\/\/oec.world\/en\/profile\/country\/gha\" target=\"_blank\" rel=\"noopener\">Situato sulla costa del Golfo di Guinea nell&#039;Africa occidentale<\/a>, Il Ghana confina a nord e nord-ovest con il Burkina Faso. Il Togo si trova a est, la Costa d&#039;Avorio a ovest e l&#039;Oceano Atlantico a sud. Il clima \u00e8 tropicale. Sebbene multilingue, la lingua ufficiale del Ghana \u00e8 l&#039;inglese.<\/p>\n\n\n\n<p>Il Ghana si distingue come uno dei paesi leader in Africa.<\/p>\n\n\n\n<p>Sebbene il popolo del Ghana possa appartenere ad un ampio gruppo della famiglia africana, esistono molti sottogruppi. La maggior parte della popolazione \u00e8 cristiana e un quinto \u00e8 musulmana. Inoltre, un piccolo segmento aderisce alle tradizionali religioni indigene.<\/p>\n\n\n\n<h2 class=\"wp-block-heading\">Industrie chiave in Ghana<\/h2>\n\n\n\n<p>L&#039;agricoltura, la silvicoltura e la pesca sono industrie vitali in Ghana. Queste industrie impiegano un\u2019ampia parte della popolazione. La coltivazione del cacao per le fave di cacao costituisce pi\u00f9 della met\u00e0 della terra arabile del Ghana. Inoltre, costituisce una fonte significativa delle entrate delle esportazioni del paese e il Ghana \u00e8 tra i principali produttori di cacao al mondo. Anche il legname \u00e8 un importante prodotto di esportazione. Inoltre, le esportazioni del Ghana includono zucchero, caff\u00e8, olio di palma, copra e vari tipi di frutta e verdura.<\/p>\n\n\n\n<p>C&#039;\u00e8 una piccola ma essenziale industria del vetro. Oltre al vetro, il paese produce cemento e alluminio.<\/p>\n\n\n\n<p>Il mercato automobilistico del Ghana ha acquisito un valore enorme nel 2020. Le proiezioni indicano che aumenter\u00e0 ulteriormente entro il 2026.<\/p>\n\n\n\n<h2 class=\"wp-block-heading\">Quartieri<\/h2>\n\n\n\n<p>Accra, situata sulla costa, \u00e8 la capitale del Ghana e il centro commerciale ed educativo del paese. Innanzitutto, la citt\u00e0 si divide in cinque regioni geografiche: Nord, Ovest, Est, Centro e Sud. Poi ha undici aree sub-metropolitane, ognuna con una caratteristica unica. Ad esempio, Central ospita i ministeri e la parte pi\u00f9 vivace di Accra.<\/p>\n\n\n\n<p>Kumasi, la citt\u00e0 giardino dell&#039;Africa occidentale, \u00e8 un importante centro commerciale del centro-sud. Questa citt\u00e0, che \u00e8 la capitale dello storico Impero Ashanti, si trova in una regione della foresta pluviale.<\/p>\n\n\n\n<p>La zona costiera \u00e8 di gran lunga la pi\u00f9 piccola delle regioni. \u00c8 dove si trovano pescatori e piccoli agricoltori. La zona costiera ha pi\u00f9 centri urbani di qualsiasi altra regione del Ghana.<\/p>\n\n\n\n<h2 class=\"wp-block-heading\">Tendenze<\/h2>\n\n\n\n<p>La pandemia di COVID-19 ha colpito il Ghana mettendo in vigore protocolli come il distanziamento sociale. Inoltre, il Ghana ha subito un duro colpo a causa della chiusura dei centri turistici e di ospitalit\u00e0. Il virus ha sopraffatto il sistema sanitario del Ghana.<\/p>\n\n\n\n<p>Il Ghana pu\u00f2 trasformare queste sfide in prospettive e opportunit\u00e0. Il governo sta investendo per rilanciare il settore sanitario. Sta inoltre creando sostegno per le PMI. Queste industrie forniscono molta occupazione a molti ghanesi.<\/p>\n\n\n\n<h2 class=\"wp-block-heading\">Vantaggi e punti di forza del mercato<\/h2>\n\n\n\n<p>Il mercato del Ghana \u00e8 ricco di risorse naturali come oro, diamanti, petrolio e bauxite. Ci sono anche industrie in via di sviluppo come quella cinematografica.<\/p>\n\n\n\n<p>Il Ghana vuole rimanere uno dei paesi leader dell\u2019Africa occidentale. Il governo aiuta a sviluppare le sue industrie piccole e pi\u00f9 significative. Ha fornito un sostegno ancora maggiore dall\u2019inizio della pandemia. Un esempio \u00e8 l\u2019approvazione della legge sullo sviluppo e la classificazione dei film per far avanzare la sua industria cinematografica in erba.<\/p>\n\n\n\n<h2 class=\"wp-block-heading\">Base dei consumatori<\/h2>\n\n\n\n<p>Il Ghana ha un eccellente sistema educativo, uno dei migliori dell\u2019Africa occidentale.<\/p>\n\n\n\n<p>Il paese ha anche un tasso di crescita elevato. Circa due terzi dei ghanesi hanno meno di 30 anni. Avere una popolazione giovane implica che l&#039;elevato tasso di crescita del paese continuer\u00e0 per qualche tempo. Sebbene bassa rispetto agli standard mondiali, l\u2019aspettativa di vita \u00e8 migliorata dal 1960 ed \u00e8 tra le pi\u00f9 alte dell\u2019Africa occidentale.<\/p>\n\n\n\n<h2 class=\"wp-block-heading\">Motivi per far crescere la tua attivit\u00e0 attraverso le ricerche di mercato in Ghana<\/h2>\n\n\n\n<p>Il governo investe nell\u2019industria, nelle infrastrutture e nella sicurezza alimentare, che sono elementi critici per la ripresa economica come parte della sua visione Ghana Beyond Aid. Questo sostegno aiuta a potenziare le imprese locali. Si concentra anche sulla produzione e sul consumo locale. Investendo in Ghollywood, l\u2019industria cinematografica ghanese potrebbe rivelarsi fruttuosa.<\/p>\n\n\n\n<p>Esiste anche un&#039;industria emergente nella produzione e vendita di automobili, che riceve aiuti dal governo. \u00c8 uno dei paesi in pi\u00f9 rapida crescita al mondo. Entro la fine del 2021, il Ghana prevede che rappresenter\u00e0 un\u2019ampia porzione del PIL.<\/p>\n\n\n\n<h2 class=\"wp-block-heading\">Informazioni sulle ricerche di mercato in Ghana<\/h2>\n\n\n\n<p><a href=\"https:\/\/www.sisinternational.com\/it\/cose-la-ricerca-qualitativa\/\" target=\"_blank\" rel=\"noopener\">Qualitativo<\/a> E <a href=\"https:\/\/www.sisinternational.com\/it\/cose-la-ricerca-quantitativa\/\" target=\"_blank\" rel=\"noopener\">Quantitativo<\/a> La ricerca fornirebbe le informazioni necessarie sul Ghana. Tale ricerca \u00e8 essenziale date le precedenti frodi e corruzione nel governo.<\/p>\n\n\n\n<p>Dettagliato <a href=\"https:\/\/www.sisinternational.com\/it\/soluzioni\/consulenza-strategica\/come-la-ricerca-strategica-puo-migliorare-le-tue-prestazioni\/\" target=\"_blank\" rel=\"noopener\">Ricerca strategica<\/a> sarebbe utile anche se stai cercando di sfruttare le risorse naturali. Focus group, sondaggi e interviste forniscono approfondimenti critici su dove sfruttare il mercato.<\/p>\n\n\n\n<p><\/p>","protected":false},"excerpt":{"rendered":"<p>Il Ghana si distingue come uno dei paesi leader in Africa. L\u2019agricoltura, la silvicoltura e la pesca sono settori vitali.<\/p>","protected":false},"author":1,"featured_media":65200,"parent":14281,"menu_order":21,"comment_status":"closed","ping_status":"closed","template":"","meta":{"footnotes":""},"class_list":["post-37833","page","type-page","status-publish","has-post-thumbnail"],"_links":{"self":[{"href":"https:\/\/www.sisinternational.com\/it\/wp-json\/wp\/v2\/pages\/37833","targetHints":{"allow":["GET"]}}],"collection":[{"href":"https:\/\/www.sisinternational.com\/it\/wp-json\/wp\/v2\/pages"}],"about":[{"href":"https:\/\/www.sisinternational.com\/it\/wp-json\/wp\/v2\/types\/page"}],"author":[{"embeddable":true,"href":"https:\/\/www.sisinternational.com\/it\/wp-json\/wp\/v2\/users\/1"}],"replies":[{"embeddable":true,"href":"https:\/\/www.sisinternational.com\/it\/wp-json\/wp\/v2\/comments?post=37833"}],"version-history":[{"count":2,"href":"https:\/\/www.sisinternational.com\/it\/wp-json\/wp\/v2\/pages\/37833\/revisions"}],"predecessor-version":[{"id":68519,"href":"https:\/\/www.sisinternational.com\/it\/wp-json\/wp\/v2\/pages\/37833\/revisions\/68519"}],"up":[{"embeddable":true,"href":"https:\/\/www.sisinternational.com\/it\/wp-json\/wp\/v2\/pages\/14281"}],"wp:featuredmedia":[{"embeddable":true,"href":"https:\/\/www.sisinternational.com\/it\/wp-json\/wp\/v2\/media\/65200"}],"wp:attachment":[{"href":"https:\/\/www.sisinternational.com\/it\/wp-json\/wp\/v2\/media?parent=37833"}],"curies":[{"name":"wp","href":"https:\/\/api.w.org\/{rel}","templated":true}]}}