{"id":37831,"date":"2021-06-15T06:04:58","date_gmt":"2021-06-15T06:04:58","guid":{"rendered":"https:\/\/www.sisinternational.com\/?page_id=37831"},"modified":"2025-09-14T16:20:22","modified_gmt":"2025-09-14T20:20:22","slug":"ricerche-di-mercato-in-gabon-africa","status":"publish","type":"page","link":"https:\/\/www.sisinternational.com\/it\/copertura\/ricerche-di-mercato-africane\/ricerche-di-mercato-in-gabon-africa\/","title":{"rendered":"Ricerche di mercato in Gabon, Africa"},"content":{"rendered":"<h1 class=\"wp-block-heading\">Ricerche di mercato in Gabon<\/h1>\n\n\n\n<figure class=\"gb-block-image gb-block-image-820d3f6c\"><img loading=\"lazy\" decoding=\"async\" width=\"1456\" height=\"816\" class=\"gb-image gb-image-820d3f6c\" src=\"https:\/\/www.sisinternational.com\/wp-content\/uploads\/2025\/08\/Gabon-2.jpg\" alt=\"Ricerca e strategia di mercato internazionale SIS\" title=\"Gabon (2)\" srcset=\"https:\/\/www.sisinternational.com\/wp-content\/uploads\/2025\/08\/Gabon-2.jpg 1456w, https:\/\/www.sisinternational.com\/wp-content\/uploads\/2025\/08\/Gabon-2-300x168.jpg 300w, https:\/\/www.sisinternational.com\/wp-content\/uploads\/2025\/08\/Gabon-2-1024x574.jpg 1024w, https:\/\/www.sisinternational.com\/wp-content\/uploads\/2025\/08\/Gabon-2-768x430.jpg 768w, https:\/\/www.sisinternational.com\/wp-content\/uploads\/2025\/08\/Gabon-2-18x10.jpg 18w\" sizes=\"auto, (max-width: 1456px) 100vw, 1456px\"><\/figure>\n\n\n\n<p><\/p>\n\n\n\n<h2 class=\"wp-block-heading\">Industrie chiave<\/h2>\n\n\n\n<p>Il Gabon \u00e8 un paese a reddito medio-alto, dove il petrolio contribuisce al prodotto interno lordo e al cambio estero, e anche l\u2019estrazione mineraria \u00e8 un\u2019industria essenziale. Il Gabon \u00e8 il quinto produttore di petrolio in Africa e il quarto produttore di manganese nella regione. Anche la silvicoltura contribuisce ai proventi delle esportazioni del Gabon. Lo stesso vale per la gomma, il turismo, l\u2019agricoltura e la pesca.<\/p>\n\n\n\n<h2 class=\"wp-block-heading\">Quartieri<\/h2>\n\n\n\n<p><a href=\"https:\/\/oec.world\/en\/profile\/country\/gab\" target=\"_blank\" rel=\"noopener\">Il Gabon \u00e8 una nazione dell&#039;Africa centrale<\/a> situato sulla costa atlantica. Confina con il Camerun, la Guinea Equatoriale e la Repubblica del Congo.<\/p>\n\n\n\n<p>Il Camerun si trova a nord del Gabon. La Guinea Equatoriale si trova a nord-ovest e la Repubblica del Congo a sud-est.<\/p>\n\n\n\n<p>Libreville \u00e8 la capitale del Gabon. \u00c8 anche lo sviluppo urbano pi\u00f9 popoloso. Libreville si trova vicino al Golfo di Guinea, sulle rive del fiume Komo. Libreville ospita il Palais L\u00e9on M&#039;ba, luogo di incontro del Parlamento del paese. La citt\u00e0 ospita anche l&#039;aeroporto internazionale di Libreville. Il porto di Libreville ha una fiorente industria della costruzione navale. Questo porto marittimo \u00e8 per l&#039;esportazione di cacao, legno e gomma.<\/p>\n\n\n\n<p>Port-Gentil \u00e8 la seconda citt\u00e0 del Gabon, che si estende lungo la spiaggia. Ha enormi piattaforme petrolifere e di gas.<\/p>\n\n\n\n<h2 class=\"wp-block-heading\">Tendenze in Gabon<\/h2>\n\n\n\n<p>La ricchezza di risorse naturali del Gabon crea una strada per le imprese.<\/p>\n\n\n\n<p>Il Gabon coltiva legni duri, alcuni dei quali sono molto richiesti in tutto il mondo. Esempi sono Okoume, Mogano, Ebano e Tigerwood. In passato, la mancanza di infrastrutture di trasporto ostacolava lo sfruttamento dei prodotti forestali. Questa situazione \u00e8 cambiata in seguito alla costruzione dell&#039;autostrada Ndjole Bitam e allo sviluppo della ferrovia Trans Gabon. Il governo gabonese ha anche incoraggiato il rimboschimento e il diradamento selettivo degli alberi.<\/p>\n\n\n\n<h2 class=\"wp-block-heading\">Vantaggi e punti di forza nel mercato<\/h2>\n\n\n\n<p>I casi di COVID-19 in Gabon sono aumentati e diminuiti, portando alla chiusura delle frontiere terrestri ad eccezione dei valichi approvati dal governo. Situazioni come queste possono avere un impatto sulla vendita internazionale di petrolio.<\/p>\n\n\n\n<p>Il governo del Gabon sta adottando misure per diversificare la propria economia. Sebbene il turismo in Gabon sia ancora sottosviluppato, ci sono molte attrazioni turistiche. Questi includono strutture per la pesca nell&#039;entroterra, spiagge, fiumi e montagne. I turisti amano visitare il Parco Nazionale delle Crystal Mountains e le cascate del fiume Ogoou\u00e9, ed \u00e8 in fase di sviluppo anche un sistema di parchi nazionali, che promuove l&#039;ecoturismo.<\/p>\n\n\n\n<h2 class=\"wp-block-heading\">Motivi per far crescere la tua attivit\u00e0 in Gabon<\/h2>\n\n\n\n<p>Attualmente, pi\u00f9 di cinquanta aziende stanno esplorando le foreste del Gabon alla ricerca di opportunit\u00e0 nell\u2019industria del legname. Il governo sta inoltre concedendo concessioni a potenziali investitori.<\/p>\n\n\n\n<p>Il governo sta valutando la diversificazione dell\u2019economia. Le misure includono la creazione di uno sportello unico per gli investitori e l\u2019introduzione di un quadro di partenariato pubblico-privato (PPP) e di un tribunale arbitrale nazionale.<\/p>\n\n\n\n<p>Il Gabon ora offre linee guida per le industrie degli idrocarburi e dell\u2019estrazione mineraria, rendendole pi\u00f9 trasparenti e favorevoli agli investitori.<\/p>\n\n\n\n<h2 class=\"wp-block-heading\">Informazioni sulle ricerche di mercato in Gabon<\/h2>\n\n\n\n<p>Poverty and the unemployment rate in Gabon are significant challenges. These problems are due to high levels of corruption. Thus, Focus Groups have a crucial role in safeguarding investors. That\u2019s why it\u2019s essential to conduct surveys on each country to understand the market. Qualitative and Quantitative Research also helps business owners. Investors can determine if an investment in Gabon\u2019s economy will be worthwhile.<\/p>\n\n\n\n<p>La ricerca strategica consente inoltre all&#039;investitore di condurre uno studio sistematico dell&#039;economia del paese. Ad esempio, un investitore sta valutando la possibilit\u00e0 di investire in combustibili fossili. L\u2019investitore dovr\u00e0 essere consapevole delle risorse disponibili nel paese. Lui o lei dovr\u00e0 anche conoscere la loro posizione. L&#039;investitore deve anche considerare la concorrenza esistente nel settore specifico. L&#039;attrezzatura necessaria per condurre i test \u00e8 un&#039;altra decisione strategica fondamentale. Lo stesso vale per la conoscenza dei canali legali adeguati.<\/p>\n\n\n\n<p>Stai pensando di investire in Gabon? Siamo felici di fornire <a href=\"https:\/\/www.sisinternational.com\/it\/cose-la-ricerca-quantitativa\/\" target=\"_blank\" rel=\"noopener\">Quantitativo<\/a>, <a href=\"https:\/\/www.sisinternational.com\/it\/cose-la-ricerca-qualitativa\/\" target=\"_blank\" rel=\"noopener\">Qualitativo<\/a>, E <a href=\"https:\/\/www.sisinternational.com\/it\/soluzioni\/consulenza-strategica\/come-la-ricerca-strategica-puo-migliorare-le-tue-prestazioni\/\" target=\"_blank\" rel=\"noopener\">Ricerca strategica<\/a>. We can help you decide on your plan of action. Contact us now for a consultation.<\/p>","protected":false},"excerpt":{"rendered":"<p>Il Gabon sta adottando misure per diversificare la propria economia. ci sono molte attrazioni turistiche con strutture per la pesca, spiagge, fiumi e montagne.<\/p>","protected":false},"author":1,"featured_media":65191,"parent":14281,"menu_order":20,"comment_status":"closed","ping_status":"closed","template":"","meta":{"footnotes":""},"class_list":["post-37831","page","type-page","status-publish","has-post-thumbnail"],"_links":{"self":[{"href":"https:\/\/www.sisinternational.com\/it\/wp-json\/wp\/v2\/pages\/37831","targetHints":{"allow":["GET"]}}],"collection":[{"href":"https:\/\/www.sisinternational.com\/it\/wp-json\/wp\/v2\/pages"}],"about":[{"href":"https:\/\/www.sisinternational.com\/it\/wp-json\/wp\/v2\/types\/page"}],"author":[{"embeddable":true,"href":"https:\/\/www.sisinternational.com\/it\/wp-json\/wp\/v2\/users\/1"}],"replies":[{"embeddable":true,"href":"https:\/\/www.sisinternational.com\/it\/wp-json\/wp\/v2\/comments?post=37831"}],"version-history":[{"count":2,"href":"https:\/\/www.sisinternational.com\/it\/wp-json\/wp\/v2\/pages\/37831\/revisions"}],"predecessor-version":[{"id":68520,"href":"https:\/\/www.sisinternational.com\/it\/wp-json\/wp\/v2\/pages\/37831\/revisions\/68520"}],"up":[{"embeddable":true,"href":"https:\/\/www.sisinternational.com\/it\/wp-json\/wp\/v2\/pages\/14281"}],"wp:featuredmedia":[{"embeddable":true,"href":"https:\/\/www.sisinternational.com\/it\/wp-json\/wp\/v2\/media\/65191"}],"wp:attachment":[{"href":"https:\/\/www.sisinternational.com\/it\/wp-json\/wp\/v2\/media?parent=37831"}],"curies":[{"name":"wp","href":"https:\/\/api.w.org\/{rel}","templated":true}]}}