{"id":37829,"date":"2021-06-15T06:00:03","date_gmt":"2021-06-15T06:00:03","guid":{"rendered":"https:\/\/www.sisinternational.com\/?page_id=37829"},"modified":"2026-01-27T15:24:05","modified_gmt":"2026-01-27T20:24:05","slug":"ricerche-di-mercato-in-etiopia-africa","status":"publish","type":"page","link":"https:\/\/www.sisinternational.com\/it\/copertura\/ricerche-di-mercato-africane\/ricerche-di-mercato-in-etiopia-africa\/","title":{"rendered":"Ricerche di mercato in Etiopia, Africa"},"content":{"rendered":"<h1 class=\"wp-block-heading\">Ricerche di mercato in Etiopia<\/h1>\n\n\n\n<figure class=\"gb-block-image gb-block-image-9b9ae45b\"><img loading=\"lazy\" decoding=\"async\" width=\"1456\" height=\"816\" class=\"gb-image gb-image-9b9ae45b\" src=\"https:\/\/www.sisinternational.com\/wp-content\/uploads\/2025\/08\/Ethiopia-2.jpg\" alt=\"Ricerca e strategia di mercato internazionale SIS\" title=\"Ethiopia (2)\" srcset=\"https:\/\/www.sisinternational.com\/wp-content\/uploads\/2025\/08\/Ethiopia-2.jpg 1456w, https:\/\/www.sisinternational.com\/wp-content\/uploads\/2025\/08\/Ethiopia-2-300x168.jpg 300w, https:\/\/www.sisinternational.com\/wp-content\/uploads\/2025\/08\/Ethiopia-2-1024x574.jpg 1024w, https:\/\/www.sisinternational.com\/wp-content\/uploads\/2025\/08\/Ethiopia-2-768x430.jpg 768w, https:\/\/www.sisinternational.com\/wp-content\/uploads\/2025\/08\/Ethiopia-2-18x10.jpg 18w\" sizes=\"auto, (max-width: 1456px) 100vw, 1456px\"><\/figure>\n\n\n\n<p><\/p>\n\n\n\n<h2 class=\"wp-block-heading\">Industrie chiave<\/h2>\n\n\n\n<p><a href=\"https:\/\/oec.world\/en\/profile\/country\/eth\" target=\"_blank\" rel=\"noopener\">L\u2019Etiopia ha un mercato misto con un vasto settore pubblico<\/a>, therefore, it is&nbsp;moving toward a market economy and is privatizing several of its state-owned enterprises. Government-owned companies dominate the telecommunication, banking, and transportation sectors of the economy.<\/p>\n\n\n\n<p>L\u2019Etiopia produce la pi\u00f9 alta quantit\u00e0 di caff\u00e8 del continente africano. Il paese ha un gran numero di bovini, di conseguenza sono al quinto posto per inventario del bestiame. Gli altri beni esportati sono prodotti in pelle, khat, semi oleosi e oro. L\u2019Etiopia ha recentemente sviluppato il settore della floricoltura e potrebbe presto diventare il primo esportatore di piante e fiori in tutto il mondo.<\/p>\n\n\n\n<h2 class=\"wp-block-heading\">Quartieri<\/h2>\n\n\n\n<p>La citt\u00e0 pi\u00f9 grande e capitale dell&#039;Etiopia \u00e8 Addis Abeba e si trova su un altopiano circondato da montagne. Addis Abeba si trova nel centro geografico del paese.<\/p>\n\n\n\n<p>Addis Abeba \u00e8 la capitale dell&#039;Etiopia dalla fine del XIX secolo. Nei primi anni sembrava pi\u00f9 un accampamento militare che una citt\u00e0. Il palazzo dell&#039;imperatore era il fulcro principale; c&#039;era solo un esercito a guardia del palazzo. Da allora la popolazione \u00e8 cresciuta. La citt\u00e0 \u00e8 bellissima con la caratteristica unica degli alberi di eucalipto importati dall&#039;Australia che punteggiano il paesaggio urbano.<\/p>\n\n\n\n<h2 class=\"wp-block-heading\">Tendenze, base dei consumatori in Etiopia<\/h2>\n\n\n\n<p>Negli ultimi anni, il commercio bilaterale tra Etiopia e Cina \u00e8 aumentato, di conseguenza l\u2019Etiopia \u00e8 uno dei paesi africani in pi\u00f9 rapida crescita. Il suo commercio con la Cina ha mostrato una crescita rapida e sostenuta. Ci sono state molte esportazioni dalla Cina all\u2019Etiopia.<\/p>\n\n\n\n<p>Another trend is in the light industry, textiles, and apparel products, as a result, these products have a large share of <a href=\"https:\/\/www.sisinternational.com\/it\/ricerche-di-mercato-in-medio-oriente\/\" title=\"Ricerche di mercato in Medio Oriente\" data-wpil-monitor-id=\"7337\">middle and low-end markets<\/a> in Ethiopia.<\/p>\n\n\n\n<p>Si \u00e8 registrato un forte aumento nell\u2019acquisto di beni di consumo come elettrodomestici, macchine elettroniche e prodotti ad alta tecnologia.<\/p>\n\n\n\n<h2 class=\"wp-block-heading\">Sport<\/h2>\n\n\n\n<p>Gli sport principali dell&#039;Etiopia sono il calcio e l&#039;atletica (soprattutto la corsa su lunga distanza).<\/p>\n\n\n\n<h2 class=\"wp-block-heading\">La cucina in Etiopia<\/h2>\n\n\n\n<p>Il piatto etiope pi\u00f9 noto \u00e8 l&#039;injera e gli etiopi servono questa grande focaccia a lievitazione naturale con vari tipi di spessi stufati di carne. Lo mangiano anche con contorni di verdure. Molti etiopi non si preoccupano degli utensili, ad esempio raccolgono il cibo con l&#039;injera. In Etiopia \u00e8 comune mangiare con un gruppo di persone. Al centro del tavolo ci sarebbe un piatto da condividere con tutti. \u00c8 anche una pratica comune trasferire il cibo agli altri membri del gruppo con le proprie mani. Questa tradizione \u00e8 il \u201cgursha\u201d.<\/p>\n\n\n\n<h2 class=\"wp-block-heading\">Punti di forza nel mercato<\/h2>\n\n\n\n<ul class=\"wp-block-list\">\n<li>Risultati straordinari in termini di crescita e riduzione della povert\u00e0<\/li>\n\n\n\n<li>Grande mercato<\/li>\n\n\n\n<li>Investimenti pubblici nello sviluppo delle infrastrutture<\/li>\n\n\n\n<li>Hub dell&#039;aviazione<\/li>\n\n\n\n<li>Energia idroelettrica, estrazione mineraria (fosfati, idrocarburi) e possibilit\u00e0 turistiche<\/li>\n<\/ul>\n\n\n\n<h2 class=\"wp-block-heading\">Motivi per far crescere la tua attivit\u00e0 in Etiopia.<\/h2>\n\n\n\n<figure class=\"gb-block-image gb-block-image-bc18131f\"><img loading=\"lazy\" decoding=\"async\" width=\"1456\" height=\"816\" class=\"gb-image gb-image-bc18131f\" src=\"https:\/\/www.sisinternational.com\/wp-content\/uploads\/2025\/08\/Ethiopia-1.jpg\" alt=\"Ricerca e strategia di mercato internazionale SIS\" title=\"Ethiopia (1)\" srcset=\"https:\/\/www.sisinternational.com\/wp-content\/uploads\/2025\/08\/Ethiopia-1.jpg 1456w, https:\/\/www.sisinternational.com\/wp-content\/uploads\/2025\/08\/Ethiopia-1-300x168.jpg 300w, https:\/\/www.sisinternational.com\/wp-content\/uploads\/2025\/08\/Ethiopia-1-1024x574.jpg 1024w, https:\/\/www.sisinternational.com\/wp-content\/uploads\/2025\/08\/Ethiopia-1-768x430.jpg 768w, https:\/\/www.sisinternational.com\/wp-content\/uploads\/2025\/08\/Ethiopia-1-18x10.jpg 18w\" sizes=\"auto, (max-width: 1456px) 100vw, 1456px\"><\/figure>\n\n\n\n<ul class=\"wp-block-list\">\n<li>La sua posizione tra Asia ed Europa offre un vantaggio, quindi grazie a questa posizione, l\u2019Etiopia \u00e8 diventata una destinazione manifatturiera. Sta andando molto bene nel settore del ready-made (RMG).<\/li>\n\n\n\n<li>Privatizzazione totale e parziale delle aziende statali<\/li>\n\n\n\n<li>Introduzione e attuazione delle riforme economiche locali<\/li>\n\n\n\n<li>Liberalizzazione dei settori dell\u2019aviazione, della logistica e delle telecomunicazioni<\/li>\n<\/ul>\n\n\n\n<h2 class=\"wp-block-heading\">Informazioni sulle ricerche di mercato in Etiopia<\/h2>\n\n\n\n<p>Stai cercando di avviare un&#039;impresa? L\u2019Etiopia sembra il posto ideale? Se \u00e8 cos\u00ec, questo articolo \u00e8 per te. SIS prepara Focus Group per le imprese commerciali in Africa. Possiamo eseguire <a href=\"https:\/\/www.sisinternational.com\/it\/cose-la-ricerca-quantitativa\/\" target=\"_blank\" rel=\"noopener\">Quantitativo<\/a>, <a href=\"https:\/\/www.sisinternational.com\/it\/cose-la-ricerca-qualitativa\/\" target=\"_blank\" rel=\"noopener\">Qualitativo<\/a>, E <a href=\"https:\/\/www.sisinternational.com\/it\/soluzioni\/consulenza-strategica\/come-la-ricerca-strategica-puo-migliorare-le-tue-prestazioni\/\" target=\"_blank\" rel=\"noopener\">Ricerca strategica<\/a> per la tua azienda, che ti permetter\u00e0 di scegliere il settore migliore per avviare la tua attivit\u00e0. Il SIS pu\u00f2 anche accumulare documenti essenziali per te e la tua azienda per garantirne il successo.<\/p>\n\n\n\n<p>Ci auguriamo che questo articolo ti offra la guida necessaria per ottenere guadagni monetari in Etiopia.<\/p>","protected":false},"excerpt":{"rendered":"<p>Negli ultimi anni, il commercio bilaterale tra Etiopia e Cina \u00e8 aumentato. L\u2019Etiopia \u00e8 uno dei paesi africani in pi\u00f9 rapida crescita.<\/p>","protected":false},"author":1,"featured_media":65188,"parent":14281,"menu_order":19,"comment_status":"closed","ping_status":"closed","template":"","meta":{"footnotes":""},"class_list":["post-37829","page","type-page","status-publish","has-post-thumbnail"],"_links":{"self":[{"href":"https:\/\/www.sisinternational.com\/it\/wp-json\/wp\/v2\/pages\/37829","targetHints":{"allow":["GET"]}}],"collection":[{"href":"https:\/\/www.sisinternational.com\/it\/wp-json\/wp\/v2\/pages"}],"about":[{"href":"https:\/\/www.sisinternational.com\/it\/wp-json\/wp\/v2\/types\/page"}],"author":[{"embeddable":true,"href":"https:\/\/www.sisinternational.com\/it\/wp-json\/wp\/v2\/users\/1"}],"replies":[{"embeddable":true,"href":"https:\/\/www.sisinternational.com\/it\/wp-json\/wp\/v2\/comments?post=37829"}],"version-history":[{"count":3,"href":"https:\/\/www.sisinternational.com\/it\/wp-json\/wp\/v2\/pages\/37829\/revisions"}],"predecessor-version":[{"id":80982,"href":"https:\/\/www.sisinternational.com\/it\/wp-json\/wp\/v2\/pages\/37829\/revisions\/80982"}],"up":[{"embeddable":true,"href":"https:\/\/www.sisinternational.com\/it\/wp-json\/wp\/v2\/pages\/14281"}],"wp:featuredmedia":[{"embeddable":true,"href":"https:\/\/www.sisinternational.com\/it\/wp-json\/wp\/v2\/media\/65188"}],"wp:attachment":[{"href":"https:\/\/www.sisinternational.com\/it\/wp-json\/wp\/v2\/media?parent=37829"}],"curies":[{"name":"wp","href":"https:\/\/api.w.org\/{rel}","templated":true}]}}