{"id":37827,"date":"2021-06-15T05:19:21","date_gmt":"2021-06-15T05:19:21","guid":{"rendered":"https:\/\/www.sisinternational.com\/?page_id=37827"},"modified":"2026-01-25T19:05:52","modified_gmt":"2026-01-26T00:05:52","slug":"ricerche-di-mercato-in-eswatini-africa","status":"publish","type":"page","link":"https:\/\/www.sisinternational.com\/it\/copertura\/ricerche-di-mercato-africane\/ricerche-di-mercato-in-eswatini-africa\/","title":{"rendered":"Ricerche di mercato in Swaziland, Africa"},"content":{"rendered":"<h1 class=\"wp-block-heading\">Ricerche di mercato in Swaziland<\/h1>\n\n\n\n<figure class=\"gb-block-image gb-block-image-fa00031d\"><img loading=\"lazy\" decoding=\"async\" width=\"1456\" height=\"816\" class=\"gb-image gb-image-fa00031d\" src=\"https:\/\/www.sisinternational.com\/wp-content\/uploads\/2025\/08\/Eswatini-1.jpg\" alt=\"Ricerca e strategia di mercato internazionale SIS\" title=\"Eswatini, (1)\" srcset=\"https:\/\/www.sisinternational.com\/wp-content\/uploads\/2025\/08\/Eswatini-1.jpg 1456w, https:\/\/www.sisinternational.com\/wp-content\/uploads\/2025\/08\/Eswatini-1-300x168.jpg 300w, https:\/\/www.sisinternational.com\/wp-content\/uploads\/2025\/08\/Eswatini-1-1024x574.jpg 1024w, https:\/\/www.sisinternational.com\/wp-content\/uploads\/2025\/08\/Eswatini-1-768x430.jpg 768w, https:\/\/www.sisinternational.com\/wp-content\/uploads\/2025\/08\/Eswatini-1-18x10.jpg 18w\" sizes=\"auto, (max-width: 1456px) 100vw, 1456px\"><\/figure>\n\n\n\n<p><\/p>\n\n\n\n<p>Il minuscolo <a href=\"https:\/\/oec.world\/en\/profile\/country\/swz\" target=\"_blank\" rel=\"noopener\">Regno di Eswatini o Swaziland<\/a> si trova nel sud del continente africano. Le Repubbliche del Mozambico e del Sud Africa circondano questa nazione senza sbocco sul mare. Swaziland esercita un fascino su geologi e visitatori perch\u00e9 ospita formazioni rocciose uniche e splendidi paesaggi montani. Il regno ospita anche aree protette piene di fauna selvatica, uccelli e flora.<\/p>\n\n\n\n<p>Le lingue ufficiali di Eswatini sono SiSwati e inglese. Il paese basa la sua religione sugli spiriti dei suoi antenati e gli abitanti dello Swaziland adorano un creatore e Dio supremo noto come Mvelincanti.<\/p>\n\n\n\n<h2 class=\"wp-block-heading\">Industrie chiave<\/h2>\n\n\n\n<p>Le industrie chiave del Regno di Eswatini sono l&#039;agricoltura e il turismo, di conseguenza l&#039;agricoltura fornisce la maggior parte delle materie prime per le industrie manifatturiere locali e apporta la maggior parte delle entrate al paese. Tuttavia, la pandemia di COVID-19 ha cambiato le regole del gioco e ha portato a una riduzione forzata della spesa pubblica.<\/p>\n\n\n\n<p>South <a href=\"https:\/\/www.sisinternational.com\/it\/il-mercato-africano-in-continua-evoluzione\/\" title=\"Ricerca sulle opportunit\u00e0 di mercato in Africa\" data-wpil-monitor-id=\"2810\">Africa provides the primary market<\/a> for Swazi products. It buys Swazi sugar, cotton, citrus fruits, corn, and canned products.<\/p>\n\n\n\n<p>Anche il turismo \u00e8 un aspetto essenziale dell\u2019economia. Il ricco patrimonio dello Swaziland attira visitatori da ogni parte e molti prendono parte a tour e visite alle riserve naturali. Altre attrazioni includono:<\/p>\n\n\n\n<ul class=\"wp-block-list\">\n<li>Formazioni rocciose.<\/li>\n\n\n\n<li>I tradizionali mercati artigianali dello Swaziland.<\/li>\n\n\n\n<li>Il Santuario della fauna selvatica di Mlilwane.<\/li>\n\n\n\n<li>Il villaggio culturale dello Swaziland.<\/li>\n<\/ul>\n\n\n\n<h2 class=\"wp-block-heading\">Quartieri<\/h2>\n\n\n\n<p>La capitale dello Swaziland \u00e8 Mbabane e la principale zona industriale \u00e8 Matsapa. Il paese ha quattro aree principali: Hhohho, Lubombo, Manzini e Shiselweni. Le regioni pi\u00f9 popolate sono Manzini e Hhohho, mentre le meno popolate sono Shiselweni e Lubombo. La provincia pi\u00f9 piccola dello Swaziland \u00e8 Lubombo, una zona panoramica e montuosa. Lubombo sostiene la natura e le attivit\u00e0 agricole.<\/p>\n\n\n\n<h2 class=\"wp-block-heading\">Tendenze<\/h2>\n\n\n\n<p>Unemployment in eSwatini was high even before the COVID-19 pandemic. The economy started to recover in the second half of 2020, however, the recovery was most evident in the service and industry sectors. But, domestic revenue is still on the decline. The informal sector expanded due to the effects of the pandemic. This sector is necessary for the survival of households. But many of these micro businesses have no safety net. They cannot withstand further economic losses.<\/p>\n\n\n\n<h2 class=\"wp-block-heading\">Punti di forza del mercato in Swaziland<\/h2>\n\n\n\n<p>What makes the market of Eswatini strong? Above all, it&#8217;s the country\u2019s natural resources. These resources include sugar, food products, wood pulp, and wildlife, and provide a solid basis for its lucrative trade and exports to South Africa.<\/p>\n\n\n\n<h2 class=\"wp-block-heading\">Base dei consumatori<\/h2>\n\n\n\n<p>Subsistence farming is a massive aspect of Eswatini\u2019s economy, and over 70 percent of the country\u2019s population relies on it. In recent times, The Swaziland Agricultural Project has moved to improve food security because it wants to transform agriculture into a more robust sector.<\/p>\n\n\n\n<h2 class=\"wp-block-heading\">Motivi per far crescere la tua attivit\u00e0 in Eswatini (Swaziland)<\/h2>\n\n\n\n<p>There are a few reasons to grow your business in Eswatini, and quality infrastructure and peace and safety are two of them. Quality infrastructure includes electricity, roads, water, and telecommunications, and is an essential aspect of a strong market. It indicates the potential future development of the country.<\/p>\n\n\n\n<p>The country\u2019s safe and peaceful environment is a much-desired ingredient; therefore, it makes for a strong market. Investors can feel confident in their prospects.<\/p>\n\n\n\n<h2 class=\"wp-block-heading\">Informazioni sulle ricerche di mercato in Swaziland<\/h2>\n\n\n\n<p>The initial thought of growing your business in Eswatini seems daunting, so given the current trends, future growth and development may seem limited. That\u2019s why we\u2019re here: to put your mind at ease. Our method is sure with the use of Focus Groups in the different African markets. At SIS, we can present you with the bare facts and figures of the economy because <a href=\"https:\/\/www.sisinternational.com\/it\/competenza\/industrie\/ricerche-di-mercato-sui-giochi-e-sul-gioco-dazzardo\/\" title=\"Ricerche di mercato nel settore dei giochi e dei giochi d&#039;azzardo\" data-wpil-monitor-id=\"5408\">research is our main game<\/a>.<\/p>\n\n\n\n<p>utilizza il SIS <a href=\"https:\/\/www.sisinternational.com\/it\/cose-la-ricerca-quantitativa\/\" target=\"_blank\" rel=\"noopener\">Quantitativo<\/a>, <a href=\"https:\/\/www.sisinternational.com\/it\/cose-la-ricerca-qualitativa\/\" target=\"_blank\" rel=\"noopener\">Qualitativo<\/a>, E <a href=\"https:\/\/www.sisinternational.com\/it\/soluzioni\/consulenza-strategica\/come-la-ricerca-strategica-puo-migliorare-le-tue-prestazioni\/\" target=\"_blank\" rel=\"noopener\">Ricerca strategica<\/a> for your company. We also create surveys and compile the data that you need. We can help you make the right decision for your business.<\/p>\n\n\n\n<p><\/p>","protected":false},"excerpt":{"rendered":"<p>Le industrie chiave del Regno di Eswatini sono l&#039;agricoltura e il turismo. Il ricco patrimonio dello Swaziland attira visitatori da ogni parte.<\/p>","protected":false},"author":1,"featured_media":65185,"parent":14281,"menu_order":18,"comment_status":"closed","ping_status":"closed","template":"","meta":{"footnotes":""},"class_list":["post-37827","page","type-page","status-publish","has-post-thumbnail"],"_links":{"self":[{"href":"https:\/\/www.sisinternational.com\/it\/wp-json\/wp\/v2\/pages\/37827","targetHints":{"allow":["GET"]}}],"collection":[{"href":"https:\/\/www.sisinternational.com\/it\/wp-json\/wp\/v2\/pages"}],"about":[{"href":"https:\/\/www.sisinternational.com\/it\/wp-json\/wp\/v2\/types\/page"}],"author":[{"embeddable":true,"href":"https:\/\/www.sisinternational.com\/it\/wp-json\/wp\/v2\/users\/1"}],"replies":[{"embeddable":true,"href":"https:\/\/www.sisinternational.com\/it\/wp-json\/wp\/v2\/comments?post=37827"}],"version-history":[{"count":6,"href":"https:\/\/www.sisinternational.com\/it\/wp-json\/wp\/v2\/pages\/37827\/revisions"}],"predecessor-version":[{"id":79189,"href":"https:\/\/www.sisinternational.com\/it\/wp-json\/wp\/v2\/pages\/37827\/revisions\/79189"}],"up":[{"embeddable":true,"href":"https:\/\/www.sisinternational.com\/it\/wp-json\/wp\/v2\/pages\/14281"}],"wp:featuredmedia":[{"embeddable":true,"href":"https:\/\/www.sisinternational.com\/it\/wp-json\/wp\/v2\/media\/65185"}],"wp:attachment":[{"href":"https:\/\/www.sisinternational.com\/it\/wp-json\/wp\/v2\/media?parent=37827"}],"curies":[{"name":"wp","href":"https:\/\/api.w.org\/{rel}","templated":true}]}}