{"id":37825,"date":"2021-06-15T05:16:57","date_gmt":"2021-06-15T05:16:57","guid":{"rendered":"https:\/\/www.sisinternational.com\/?page_id=37825"},"modified":"2026-01-24T20:41:08","modified_gmt":"2026-01-25T01:41:08","slug":"ricerche-di-mercato-nella-guinea-equatoriale-africana","status":"publish","type":"page","link":"https:\/\/www.sisinternational.com\/it\/copertura\/ricerche-di-mercato-africane\/ricerche-di-mercato-nella-guinea-equatoriale-africana\/","title":{"rendered":"Ricerche di mercato in Guinea Equatoriale, Africa"},"content":{"rendered":"<h1 class=\"wp-block-heading\">Ricerche di mercato in Guinea Equatoriale<\/h1>\n\n\n\n<figure class=\"gb-block-image gb-block-image-b3658b80\"><img loading=\"lazy\" decoding=\"async\" width=\"1456\" height=\"816\" class=\"gb-image gb-image-b3658b80\" src=\"https:\/\/www.sisinternational.com\/wp-content\/uploads\/2025\/08\/Equatorial-Guinea-2.jpg\" alt=\"Ricerca e strategia di mercato internazionale SIS\" title=\"Equatorial Guinea (2)\" srcset=\"https:\/\/www.sisinternational.com\/wp-content\/uploads\/2025\/08\/Equatorial-Guinea-2.jpg 1456w, https:\/\/www.sisinternational.com\/wp-content\/uploads\/2025\/08\/Equatorial-Guinea-2-300x168.jpg 300w, https:\/\/www.sisinternational.com\/wp-content\/uploads\/2025\/08\/Equatorial-Guinea-2-1024x574.jpg 1024w, https:\/\/www.sisinternational.com\/wp-content\/uploads\/2025\/08\/Equatorial-Guinea-2-768x430.jpg 768w, https:\/\/www.sisinternational.com\/wp-content\/uploads\/2025\/08\/Equatorial-Guinea-2-18x10.jpg 18w\" sizes=\"auto, (max-width: 1456px) 100vw, 1456px\"><\/figure>\n\n\n\n<p><\/p>\n\n\n\n<p><a href=\"https:\/\/oec.world\/en\/profile\/country\/gnq\" target=\"_blank\" rel=\"noopener\">La Guinea Equatoriale si trova sulla costa occidentale dell&#039;Africa.<\/a> Con la sua bellezza naturale, l&#039;eccellente rete stradale e gli imponenti nuovi edifici, la Guinea Equatoriale ha un ritmo incredibile di sviluppo e trasformazione. L&#039;industria primaria del paese \u00e8 la pesca, mentre il caff\u00e8 e il cacao sono i tradizionali principali prodotti di esportazione. La scoperta del petrolio negli anni \u201980 segn\u00f2 una svolta.<\/p>\n\n\n\n<h2 class=\"wp-block-heading\">Paesi confinanti<\/h2>\n\n\n\n<p>La Guinea Equatoriale comprende il territorio della terraferma e tre isole maggiori ed \u00e8 l&#039;unico paese di lingua spagnola nel continente africano.<\/p>\n\n\n\n<p>Due decenni fa, la Guinea Equatoriale era una delle nazioni pi\u00f9 povere dell&#039;Africa, tuttavia oggi \u00e8 una delle economie africane in pi\u00f9 rapido sviluppo.<\/p>\n\n\n\n<p>La sua capitale \u00e8 Malabo e Bata \u00e8 la sua citt\u00e0 pi\u00f9 grande. Malabo \u00e8 una citt\u00e0 di circa 300.000 abitanti. Lo spagnolo \u00e8 la lingua ufficiale della citt\u00e0. Anche il francese e il portoghese sono lingue parlate nella citt\u00e0 di Malabo.<\/p>\n\n\n\n<p>La Guinea Equatoriale ha un clima tropicale. Ha una stagione secca di tre mesi da dicembre a febbraio, e la stagione delle piogge copre i restanti nove mesi. Di notte la temperatura scende a 20 -21 gradi Celsius. Questa media esclude gennaio-aprile, poich\u00e9 la temperatura \u00e8 leggermente pi\u00f9 alta.<\/p>\n\n\n\n<p>Negli anni ottanta sono nate diverse agenzie per la cooperazione e lo sviluppo internazionale. Da allora, il paese ha visto diversi progetti di sviluppo nazionale e regionale. La sede di queste agenzie \u00e8 nell&#039;ufficio di cooperazione tecnica a Malabo.<\/p>\n\n\n\n<h2 class=\"wp-block-heading\">Tendenze in Guinea Equatoriale<\/h2>\n\n\n\n<p>La cultura, la salute e l&#039;istruzione del Paese hanno ricevuto un rafforzamento istituzionale e si stanno sviluppando a un ritmo rapido.<\/p>\n\n\n\n<p>Questa spinta consente ai giovani di liberare la loro libert\u00e0 creativa e uno degli sbocchi per tale espressione artistica \u00e8 il Centro Culturale di Spagna a Malabo. Fondato nel 2003, questo centro ha tre punti di accesso geografici e mira a catturare quante pi\u00f9 persone possibile nella regione e contribuire al suo sviluppo. Un altro sbocco fondamentale \u00e8 il Centro culturale ispano-guineano.<\/p>\n\n\n\n<p>Le attivit\u00e0 includono arte, film, teatro, musica e giochi. Ci sono due festival principali:<\/p>\n\n\n\n<ul class=\"wp-block-list\">\n<li>MIFF \u2013 Malabo International Music and Film Festival e<\/li>\n\n\n\n<li>Festival internazionale dell&#039;hip hop Malabo<\/li>\n<\/ul>\n\n\n\n<p>Il settore del turismo ha visto una crescita molto significativa dopo la scoperta del petrolio. Questa scoperta ha permesso al paese di migliorare le sue infrastrutture. La citt\u00e0 \u00e8 un punto focale per il turismo grazie al collegamento diretto con le principali attrazioni dell&#039;isola di Beoco.<\/p>\n\n\n\n<p>La Guinea Equatoriale dispone di un&#039;ampia offerta di hotel, soprattutto nelle sue citt\u00e0. Ha anche un eccellente prodotto turistico per servire i visitatori in massa. Ci sono molte destinazioni turistiche. Alcuni includono Eureka Springs, Ciudad de la Paz e San Antonio de Ureca.<\/p>\n\n\n\n<p>Il commercio \u00e8 una delle attivit\u00e0 economiche pi\u00f9 essenziali e diffuse, pertanto diverse societ\u00e0 statunitensi operano in Guinea Equatoriale.<\/p>\n\n\n\n<h2 class=\"wp-block-heading\">Settori chiave e motivi per far crescere la tua attivit\u00e0 sul mercato<\/h2>\n\n\n\n<p>La Guinea Equatoriale \u00e8 il terzo produttore di petrolio in Africa. La produzione media ha raggiunto i 360.000 barili al giorno nel 2005. Con l&#039;aumento della produzione, \u00e8 aumentata anche la popolazione nelle regioni produttrici di petrolio.<\/p>\n\n\n\n<p>La Guinea Equatoriale prospera nel turismo, nel commercio e nella cultura, e la sua popolazione giovane \u00e8 un altro ingrediente per un gigante emergente. La Guinea Equatoriale potrebbe presto diventare uno dei paesi africani pi\u00f9 ricchi.<\/p>\n\n\n\n<p>Investire nella Guinea Equatoriale \u00e8 un\u2019ottima mossa perch\u00e9 l\u2019industria del turismo \u00e8 in forte espansione e dispone di abbondanti riserve di petrolio. Hai ottime possibilit\u00e0 di raccogliere grandi ricompense. Attivit\u00e0 come hotel e case vacanza rappresentano grandi opportunit\u00e0 di investimento.<\/p>\n\n\n\n<h2 class=\"wp-block-heading\">Informazioni sulle ricerche di mercato in Guinea Equatoriale<\/h2>\n\n\n\n<p>Are you looking for a country in which to invest? Well, Equatorial Guinea is a great pick. With loaded oil reserves and a burgeoning tourism industry, you can profit from your investments. SIS arranges Focus Groups in individual <a href=\"https:\/\/www.sisinternational.com\/it\/ricerche-di-mercato-sul-calcio-in-africa\/\" title=\"Calcio in Africa: ricerche di mercato\" data-wpil-monitor-id=\"2812\">markets in Africa<\/a>. We can do <a href=\"https:\/\/www.sisinternational.com\/it\/soluzioni\/consulenza-strategica\/come-la-ricerca-strategica-puo-migliorare-le-tue-prestazioni\/\" target=\"_blank\" rel=\"noopener\">Ricerca strategica<\/a> e prendi <a href=\"https:\/\/www.sisinternational.com\/it\/cose-la-ricerca-qualitativa\/\" target=\"_blank\" rel=\"noopener\">Qualitativo<\/a> E <a href=\"https:\/\/www.sisinternational.com\/it\/cose-la-ricerca-quantitativa\/\" target=\"_blank\" rel=\"noopener\">Quantitativo<\/a> informazioni per te.<\/p>\n\n\n\n<p>SIS International Market Research pu\u00f2 aiutarti a prendere la decisione migliore su dove investire i tuoi soldi, ottenendo informazioni da tutte le fonti possibili per compilare i migliori articoli di ricerca. Ci auguriamo che questo articolo risponda alle tue domande e speriamo anche che prenderai in considerazione l\u2019idea di investire in Guinea Equatoriale.<\/p>","protected":false},"excerpt":{"rendered":"<p>La Guinea Equatoriale prospera nel turismo, nel commercio e nella cultura, e la sua popolazione giovane \u00e8 un altro ingrediente per un gigante emergente.<\/p>","protected":false},"author":1,"featured_media":65182,"parent":14281,"menu_order":17,"comment_status":"closed","ping_status":"closed","template":"","meta":{"footnotes":""},"class_list":["post-37825","page","type-page","status-publish","has-post-thumbnail"],"_links":{"self":[{"href":"https:\/\/www.sisinternational.com\/it\/wp-json\/wp\/v2\/pages\/37825","targetHints":{"allow":["GET"]}}],"collection":[{"href":"https:\/\/www.sisinternational.com\/it\/wp-json\/wp\/v2\/pages"}],"about":[{"href":"https:\/\/www.sisinternational.com\/it\/wp-json\/wp\/v2\/types\/page"}],"author":[{"embeddable":true,"href":"https:\/\/www.sisinternational.com\/it\/wp-json\/wp\/v2\/users\/1"}],"replies":[{"embeddable":true,"href":"https:\/\/www.sisinternational.com\/it\/wp-json\/wp\/v2\/comments?post=37825"}],"version-history":[{"count":3,"href":"https:\/\/www.sisinternational.com\/it\/wp-json\/wp\/v2\/pages\/37825\/revisions"}],"predecessor-version":[{"id":77146,"href":"https:\/\/www.sisinternational.com\/it\/wp-json\/wp\/v2\/pages\/37825\/revisions\/77146"}],"up":[{"embeddable":true,"href":"https:\/\/www.sisinternational.com\/it\/wp-json\/wp\/v2\/pages\/14281"}],"wp:featuredmedia":[{"embeddable":true,"href":"https:\/\/www.sisinternational.com\/it\/wp-json\/wp\/v2\/media\/65182"}],"wp:attachment":[{"href":"https:\/\/www.sisinternational.com\/it\/wp-json\/wp\/v2\/media?parent=37825"}],"curies":[{"name":"wp","href":"https:\/\/api.w.org\/{rel}","templated":true}]}}