{"id":37823,"date":"2021-06-15T05:14:22","date_gmt":"2021-06-15T05:14:22","guid":{"rendered":"https:\/\/www.sisinternational.com\/?page_id=37823"},"modified":"2025-09-14T16:25:14","modified_gmt":"2025-09-14T20:25:14","slug":"ricerche-di-mercato-nelle-comore-africane","status":"publish","type":"page","link":"https:\/\/www.sisinternational.com\/it\/copertura\/ricerche-di-mercato-africane\/ricerche-di-mercato-nelle-comore-africane\/","title":{"rendered":"Ricerche di mercato alle Comore, Africa"},"content":{"rendered":"<h1 class=\"wp-block-heading\">Ricerche di mercato alle Comore<\/h1>\n\n\n\n<figure class=\"gb-block-image gb-block-image-9deb7018\"><img loading=\"lazy\" decoding=\"async\" width=\"1456\" height=\"816\" class=\"gb-image gb-image-9deb7018\" src=\"https:\/\/www.sisinternational.com\/wp-content\/uploads\/2025\/08\/Comoros-3.jpg\" alt=\"Ricerca e strategia di mercato internazionale SIS\" title=\"Comoros, (3)\" srcset=\"https:\/\/www.sisinternational.com\/wp-content\/uploads\/2025\/08\/Comoros-3.jpg 1456w, https:\/\/www.sisinternational.com\/wp-content\/uploads\/2025\/08\/Comoros-3-300x168.jpg 300w, https:\/\/www.sisinternational.com\/wp-content\/uploads\/2025\/08\/Comoros-3-1024x574.jpg 1024w, https:\/\/www.sisinternational.com\/wp-content\/uploads\/2025\/08\/Comoros-3-768x430.jpg 768w, https:\/\/www.sisinternational.com\/wp-content\/uploads\/2025\/08\/Comoros-3-18x10.jpg 18w\" sizes=\"auto, (max-width: 1456px) 100vw, 1456px\"><\/figure>\n\n\n\n<p><\/p>\n\n\n\n<p>IL <a href=\"https:\/\/oec.world\/en\/profile\/country\/com\" target=\"_blank\" rel=\"noopener\">Unione delle Comore<\/a> \u00e8 nell&#039;Oceano Indiano. Questa catena di isole \u00e8 una nazione dell&#039;Africa orientale poich\u00e9 si trova proprio al largo della costa orientale dell&#039;Africa. I paesi confinanti sono il Mozambico, il Madagascar, le Seychelles, la Tanzania e Mayotte. E fa anche parte dell\u2019Unione Africana.<\/p>\n\n\n\n<p>La religione ufficiale delle Comore \u00e8 l&#039;Islam sunnita, ed \u00e8 uno stato membro della Lega Araba e l&#039;unica nazione araba situata interamente nell&#039;emisfero meridionale. Il popolo delle Comore parla tre lingue ufficiali: comoriano, francese e arabo, e ci sono due gruppi etnici esistenti nelle Comore. La maggioranza della popolazione \u00e8 afro-araba e c&#039;\u00e8 un piccolo gruppo di malgasci. La valuta di questo paese \u00e8 il franco delle Comore.<\/p>\n\n\n\n<h2 class=\"wp-block-heading\">Industrie chiave nelle Comore<\/h2>\n\n\n\n<p>L\u2019agricoltura \u00e8 l\u2019industria primaria. Alcune persone lo integrano con la caccia, la pesca e l\u2019agricoltura di sussistenza. L&#039;agricoltura impiega la maggior parte della forza lavoro del paese, che \u00e8 essenziale per la popolazione e l&#039;economia poich\u00e9 rappresenta la maggior parte delle esportazioni. Vaniglia, chiodi di garofano, essenze profumate e copra sono le principali esportazioni.<\/p>\n\n\n\n<p>Le Comore sono il principale fornitore mondiale di ylang-ylang, un&#039;essenza utilizzata nella produzione di profumi. Il paese \u00e8 il secondo fornitore mondiale di vaniglia, mentre colture come banane, noci di cocco e manioca vengono coltivate per il consumo della popolazione. Questi alimenti giocano un ruolo nella loro cucina quotidiana.<\/p>\n\n\n\n<h2 class=\"wp-block-heading\">Quartieri<\/h2>\n\n\n\n<p>Moroni \u00e8 la capitale e la citt\u00e0 pi\u00f9 grande delle Comore e si trova sulla pi\u00f9 grande delle tre isole principali: Grand Comore. Moroni ospita un porto e un museo che fungono da attrazioni turistiche. L&#039;infrastruttura mantiene un aspetto arabo tradizionale, anche con le modifiche agli edifici. La citt\u00e0 ha molte moschee, ma Moroni ha anche chiese e templi cristiani.<\/p>\n\n\n\n<h2 class=\"wp-block-heading\">Vantaggi e punti di forza del mercato<\/h2>\n\n\n\n<p>Le Comore coltivano l&#039;ylang ylang. \u00c8 un punto di forza perch\u00e9 \u00e8 particolarmente richiesto nel settore della bellezza\/cosmetica. Il paese ha la capacit\u00e0 e la forza lavoro per essere il principale produttore di questo prodotto nel mondo, tuttavia, le Comore dipendono fortemente dal commercio per molte cose, compresi i prodotti alimentari. Il paese \u00e8 riuscito a mantenere la fornitura delle sue spezie ed essenze, tuttavia ha anche sviluppato buone relazioni commerciali internazionali.<\/p>\n\n\n\n<h2 class=\"wp-block-heading\">Tendenze nelle Comore<\/h2>\n\n\n\n<p>Le Comore sono una nazione povera e in via di sviluppo. Il paese possiede risorse naturali e umane, ma non ha i mezzi per sfruttarle al meglio. Come molti altri paesi in via di sviluppo, le risorse umane hanno bisogno di lavoro, di conseguenza le persone qualificate e istruite delle Comore sono emigrate in Francia, provocando una fuga di cervelli. Ecco perch\u00e9 lo sviluppo delle loro industrie \u00e8 lento. L\u2019agricoltura di sussistenza rimane l\u2019attivit\u00e0 economica principale.<\/p>\n\n\n\n<h2 class=\"wp-block-heading\">Base dei consumatori<\/h2>\n\n\n\n<p>Circa due terzi della popolazione delle Comore vive nelle zone rurali, mentre il resto occupa la capitale e altre citt\u00e0. Gli isolani delle Comore fanno acquisti in luoghi come il mercato Volo Volo per i prodotti locali. I venditori vendono spezie, oli, tessuti, gioielli, artigianato e altro ancora. I loro acquirenti sono sia gli abitanti delle Comore che i turisti di passaggio nelle isole. Le Comore hanno anche diversi mercati alimentari. Qui i consumatori acquistano raccolti, alimenti trasformati e importati e altri articoli.<\/p>\n\n\n\n<h2 class=\"wp-block-heading\">Informazioni sulle ricerche di mercato nelle Comore<\/h2>\n\n\n\n<p>Se stai pensando di fare affari alle Comore, possiamo aiutarti. In SIS creiamo Focus Group nei diversi mercati africani, e lo facciamo <a href=\"https:\/\/www.sisinternational.com\/it\/cose-la-ricerca-quantitativa\/\" target=\"_blank\" rel=\"noopener\">Quantitativo<\/a>, <a href=\"https:\/\/www.sisinternational.com\/it\/cose-la-ricerca-qualitativa\/\" target=\"_blank\" rel=\"noopener\">Qualitativo<\/a>, E <a href=\"https:\/\/www.sisinternational.com\/it\/soluzioni\/consulenza-strategica\/come-la-ricerca-strategica-puo-migliorare-le-tue-prestazioni\/\" target=\"_blank\" rel=\"noopener\">Ricerca strategica<\/a> per la tua azienda Esaminiamo informazioni e risultati e li compiliamo tutti per la tua attivit\u00e0. Ci auguriamo che questo articolo ti aiuti con la tua impresa commerciale alle Comore.<\/p>\n\n\n\n<p><\/p>","protected":false},"excerpt":{"rendered":"<p>L&#039;agricoltura \u00e8 l&#039;industria primaria delle Comore. Alcune persone lo integrano con la caccia, la pesca e l\u2019agricoltura di sussistenza.<\/p>","protected":false},"author":1,"featured_media":65166,"parent":14281,"menu_order":16,"comment_status":"closed","ping_status":"closed","template":"","meta":{"footnotes":""},"class_list":["post-37823","page","type-page","status-publish","has-post-thumbnail"],"_links":{"self":[{"href":"https:\/\/www.sisinternational.com\/it\/wp-json\/wp\/v2\/pages\/37823","targetHints":{"allow":["GET"]}}],"collection":[{"href":"https:\/\/www.sisinternational.com\/it\/wp-json\/wp\/v2\/pages"}],"about":[{"href":"https:\/\/www.sisinternational.com\/it\/wp-json\/wp\/v2\/types\/page"}],"author":[{"embeddable":true,"href":"https:\/\/www.sisinternational.com\/it\/wp-json\/wp\/v2\/users\/1"}],"replies":[{"embeddable":true,"href":"https:\/\/www.sisinternational.com\/it\/wp-json\/wp\/v2\/comments?post=37823"}],"version-history":[{"count":2,"href":"https:\/\/www.sisinternational.com\/it\/wp-json\/wp\/v2\/pages\/37823\/revisions"}],"predecessor-version":[{"id":68525,"href":"https:\/\/www.sisinternational.com\/it\/wp-json\/wp\/v2\/pages\/37823\/revisions\/68525"}],"up":[{"embeddable":true,"href":"https:\/\/www.sisinternational.com\/it\/wp-json\/wp\/v2\/pages\/14281"}],"wp:featuredmedia":[{"embeddable":true,"href":"https:\/\/www.sisinternational.com\/it\/wp-json\/wp\/v2\/media\/65166"}],"wp:attachment":[{"href":"https:\/\/www.sisinternational.com\/it\/wp-json\/wp\/v2\/media?parent=37823"}],"curies":[{"name":"wp","href":"https:\/\/api.w.org\/{rel}","templated":true}]}}