{"id":37733,"date":"2021-05-19T05:57:17","date_gmt":"2021-05-19T05:57:17","guid":{"rendered":"https:\/\/www.sisinternational.com\/?page_id=37733"},"modified":"2025-09-14T16:11:14","modified_gmt":"2025-09-14T20:11:14","slug":"ricerche-di-mercato-in-congo","status":"publish","type":"page","link":"https:\/\/www.sisinternational.com\/it\/copertura\/ricerche-di-mercato-africane\/ricerche-di-mercato-in-congo\/","title":{"rendered":"Ricerche di mercato in Congo"},"content":{"rendered":"<h1 class=\"wp-block-heading\">Ricerche di mercato in Congo<\/h1>\n\n\n\n<figure class=\"gb-block-image gb-block-image-24c68747\"><img loading=\"lazy\" decoding=\"async\" width=\"1456\" height=\"816\" class=\"gb-image gb-image-24c68747\" src=\"https:\/\/www.sisinternational.com\/wp-content\/uploads\/2025\/08\/Congo-1.jpg\" alt=\"Ricerca e strategia di mercato internazionale SIS\" title=\"Congo (1)\" srcset=\"https:\/\/www.sisinternational.com\/wp-content\/uploads\/2025\/08\/Congo-1.jpg 1456w, https:\/\/www.sisinternational.com\/wp-content\/uploads\/2025\/08\/Congo-1-300x168.jpg 300w, https:\/\/www.sisinternational.com\/wp-content\/uploads\/2025\/08\/Congo-1-1024x574.jpg 1024w, https:\/\/www.sisinternational.com\/wp-content\/uploads\/2025\/08\/Congo-1-768x430.jpg 768w, https:\/\/www.sisinternational.com\/wp-content\/uploads\/2025\/08\/Congo-1-18x10.jpg 18w\" sizes=\"auto, (max-width: 1456px) 100vw, 1456px\"><\/figure>\n\n\n\n<p><\/p>\n\n\n\n<p>Congo-Brazzaville e Congo-Kinshasa sono paesi vicini dell&#039;Africa sub-sahariana. Il nome \u201cCongo\u201d deriva dai Bakongo, una trib\u00f9 Bantu che popola entrambi i paesi. I paesi condividono la cultura Bakongo e nomi quasi identici, ma differiscono per diversi fattori.<\/p>\n\n\n\n<p>Il Congo-Kinshasa, che \u00e8 l&#039;altro nome della Repubblica Democratica del Congo, \u00e8 gigantesco. \u00c8 il secondo paese pi\u00f9 grande del continente. Vi vivono pi\u00f9 di 80 milioni di persone. Ma la popolazione del Congo-Brazzaville \u00e8 di soli 5 milioni di persone. Copre una piccola area geografica.<\/p>\n\n\n\n<p>Entrambi i paesi usano il francese come lingua ufficiale. Eppure, due nazioni diverse una volta li colonizzarono. La Francia ha occupato la Repubblica del Congo (ROC). La Repubblica Democratica del Congo era una colonia belga.<\/p>\n\n\n\n<p>La Repubblica Democratica del Congo (RDC) si trova in una posizione geografica unica. Ha 25 miglia di costa con accesso all&#039;Oceano Atlantico a ovest. Eppure, situato nel cuore dell\u2019Africa, \u00e8 il punto di incrocio dei corridoi che vanno a nord, sud, est e ovest. La capitale del Congo-Kinshasa, Kinshasa, \u00e8 la citt\u00e0 pi\u00f9 grande del paese.<\/p>\n\n\n\n<h2 class=\"wp-block-heading\">Quartieri<\/h2>\n\n\n\n<p>Kinshasa \u00e8 una megalopoli sulla sponda meridionale del fiume Congo. Il sistema urbano pi\u00f9 importante e in pi\u00f9 rapida crescita dell&#039;Africa centrale si sta espandendo di cinque miglia quadrate all&#039;anno. Dopo Il Cairo e Lagos, Kinshasa \u00e8 la terza citt\u00e0 pi\u00f9 grande dell&#039;Africa. Ville Basse \u00e8 la zona pi\u00f9 antica e ricca, situata in pianura vicino al fiume. Le parti pi\u00f9 nuove di Kinshasa si stanno sviluppando sulle colline che la circondano.<\/p>\n\n\n\n<h2 class=\"wp-block-heading\">Industrie chiave<\/h2>\n\n\n\n<p>Sul confine occidentale del fiume Congo si trova il Congo-Brazzaville, il pi\u00f9 piccolo dei due. A Brazzaville (ROC), i settori petrolifero, del legname e minerario guidano l&#039;economia. Il settore petrolifero assorbe la maggior parte degli afflussi di investimenti esteri. Si tratta solo di una piccola industria, ma la silvicoltura \u00e8 la seconda pi\u00f9 grande ed \u00e8 in espansione.<\/p>\n\n\n\n<p>Anche il settore minerario della RDC \u00e8 abbondante. C&#039;\u00e8 una vasta ricchezza di terreni coltivabili. All&#039;interno della terra, rame, cobalto, oro, diamanti e zinco sono solo alcune delle numerose risorse naturali.<\/p>\n\n\n\n<h2 class=\"wp-block-heading\">Tendenze<\/h2>\n\n\n\n<p>The economy of Congo-Kinshasa has suffered from long years of political instability. Despite this, it shows a trend of upward growth, and the business climate is improving, reflecting many planned reforms aimed at strengthening governance and natural resource management. Surveys show a new environment of confidence alongside new directives to fight corruption. <a href=\"https:\/\/www.sisinternational.com\/it\/soluzioni\/consulenza-strategica\/consulenza-strategica-per-ricerche-di-mercato-per-investitori-esg\/\" title=\"ESG Investor Strategy Consulting\"  data-wpil-monitor-id=\"8779\">Investors conducting strategy<\/a> research can focus on financing agriculture, mining, energy, and infrastructure.<\/p>\n\n\n\n<h2 class=\"wp-block-heading\">Vantaggi e punti di forza nel mercato<\/h2>\n\n\n\n<p>Il governo del Congo-Brazzaville sta cercando di stimolare lo sviluppo e la crescita nel Congo-Brazzaville. Il paese prevede di diversificare la propria economia. L\u2019agroalimentare in Congo-Brazzaville rappresenta un\u2019opportunit\u00e0. Non gran parte della terra arabile del paese \u00e8 coltivata. Il terreno presenta anche il potenziale per investimenti nell&#039;ecoturismo. Contiene infinite riserve forestali incontaminate. Anche l\u2019edilizia, i trasporti e l\u2019estrazione mineraria sono settori attraenti per gli investitori stranieri.<\/p>\n\n\n\n<p>Brazzaville \u00e8 la citt\u00e0 pi\u00f9 grande del Congo-Brazzaville, ma Pointe-Noire \u00e8 l&#039;importante centro commerciale. Brazzaville \u00e8 anche la citt\u00e0 pi\u00f9 antica. \u00c8 una citt\u00e0 costiera piena di espatriati e piena di soldi derivanti dal petrolio. La citt\u00e0 si divide nel quartiere europeo e nel quartiere africano (La Cit\u00e9), offrendo esperienze distinte e opzioni gastronomiche internazionali. Il quartiere africano \u00e8 occupato e vivace. La Cit\u00e9 ha molti ristoranti e bar vivaci ed \u00e8 il posto migliore per scoprire la cucina tradizionale africana. Le spiagge di Pointe-Noire offrono il noleggio di barche e la possibilit\u00e0 di rilassarsi.<\/p>\n\n\n\n<p>There is room for internet <a href=\"https:\/\/www.sisinternational.com\/it\/soluzioni\/ricerca-di-consulenza-strategica-fintech\/banking-as-a-service-ricerche-di-mercato-e-consulenza-strategica\/\" title=\"Banking as a Service Ricerche di mercato e consulenza strategica\"  data-wpil-monitor-id=\"8780\">services and mobile banking<\/a> here in the Republic of Congo, and consumers have high connectivity despite inadequate infrastructure in the telecommunications sector. The many cyber cafes are an indicator of unmet demand for reliable internet services.<\/p>\n\n\n\n<h2 class=\"wp-block-heading\">Motivi per far crescere la tua attivit\u00e0; Ricerche di mercato in Congo<\/h2>\n\n\n\n<p>Gli investitori potranno presto beneficiare delle riforme previste dalla Repubblica del Congo. Le iniziative governative includono l\u2019ingresso e la protezione degli investimenti diretti esteri, la creazione di societ\u00e0, la tassazione e le risorse umane. Gli investimenti esteri continuano ad aumentare. Attualmente rendono la ROC la principale destinazione degli investimenti diretti esteri in <a href=\"https:\/\/www.sisinternational.com\/it\/copertura\/ricerche-di-mercato-africane\/ricerche-di-mercato-repubblica-centrafricana\/\">Africa centrale<\/a>. La ricerca quantitativa supporta questi fatti.<\/p>\n\n\n\n<p>You\u2019ll find that there is no lesser of the two Congos but that each presents opportunities. Qualitative <a href=\"https:\/\/www.sisinternational.com\/it\/soluzioni\/ricerche-di-mercato-con-focus-group\/\" title=\"Focus Group Ricerche di mercato\"  data-wpil-monitor-id=\"8778\">research via focus groups<\/a> can bring further clarity for future ventures.<\/p>\n\n\n\n<p>&nbsp;<\/p>","protected":false},"excerpt":{"rendered":"<p>Ricerche di mercato in Congo: ognuna presenta opportunit\u00e0. La ricerca qualitativa tramite focus group apporta ulteriore chiarezza per le iniziative future.<\/p>","protected":false},"author":1,"featured_media":65168,"parent":14281,"menu_order":15,"comment_status":"closed","ping_status":"closed","template":"","meta":{"footnotes":""},"class_list":["post-37733","page","type-page","status-publish","has-post-thumbnail"],"_links":{"self":[{"href":"https:\/\/www.sisinternational.com\/it\/wp-json\/wp\/v2\/pages\/37733","targetHints":{"allow":["GET"]}}],"collection":[{"href":"https:\/\/www.sisinternational.com\/it\/wp-json\/wp\/v2\/pages"}],"about":[{"href":"https:\/\/www.sisinternational.com\/it\/wp-json\/wp\/v2\/types\/page"}],"author":[{"embeddable":true,"href":"https:\/\/www.sisinternational.com\/it\/wp-json\/wp\/v2\/users\/1"}],"replies":[{"embeddable":true,"href":"https:\/\/www.sisinternational.com\/it\/wp-json\/wp\/v2\/comments?post=37733"}],"version-history":[{"count":4,"href":"https:\/\/www.sisinternational.com\/it\/wp-json\/wp\/v2\/pages\/37733\/revisions"}],"predecessor-version":[{"id":81472,"href":"https:\/\/www.sisinternational.com\/it\/wp-json\/wp\/v2\/pages\/37733\/revisions\/81472"}],"up":[{"embeddable":true,"href":"https:\/\/www.sisinternational.com\/it\/wp-json\/wp\/v2\/pages\/14281"}],"wp:featuredmedia":[{"embeddable":true,"href":"https:\/\/www.sisinternational.com\/it\/wp-json\/wp\/v2\/media\/65168"}],"wp:attachment":[{"href":"https:\/\/www.sisinternational.com\/it\/wp-json\/wp\/v2\/media?parent=37733"}],"curies":[{"name":"wp","href":"https:\/\/api.w.org\/{rel}","templated":true}]}}