{"id":37731,"date":"2021-05-19T05:53:02","date_gmt":"2021-05-19T05:53:02","guid":{"rendered":"https:\/\/www.sisinternational.com\/?page_id=37731"},"modified":"2026-01-25T16:55:42","modified_gmt":"2026-01-25T21:55:42","slug":"ricerche-di-mercato-gibuti","status":"publish","type":"page","link":"https:\/\/www.sisinternational.com\/it\/copertura\/ricerche-di-mercato-africane\/ricerche-di-mercato-gibuti\/","title":{"rendered":"Ricerche di mercato a Gibuti"},"content":{"rendered":"<h1 class=\"wp-block-heading\">Ricerche di mercato a Gibuti<\/h1>\n\n\n\n<figure class=\"gb-block-image gb-block-image-77261c6a\"><img loading=\"lazy\" decoding=\"async\" width=\"1456\" height=\"816\" class=\"gb-image gb-image-77261c6a\" src=\"https:\/\/www.sisinternational.com\/wp-content\/uploads\/2025\/08\/Djibouti-3.jpg\" alt=\"Ricerca e strategia di mercato internazionale SIS\" title=\"Djibouti (3)\" srcset=\"https:\/\/www.sisinternational.com\/wp-content\/uploads\/2025\/08\/Djibouti-3.jpg 1456w, https:\/\/www.sisinternational.com\/wp-content\/uploads\/2025\/08\/Djibouti-3-300x168.jpg 300w, https:\/\/www.sisinternational.com\/wp-content\/uploads\/2025\/08\/Djibouti-3-1024x574.jpg 1024w, https:\/\/www.sisinternational.com\/wp-content\/uploads\/2025\/08\/Djibouti-3-768x430.jpg 768w, https:\/\/www.sisinternational.com\/wp-content\/uploads\/2025\/08\/Djibouti-3-18x10.jpg 18w\" sizes=\"auto, (max-width: 1456px) 100vw, 1456px\"><\/figure>\n\n\n\n<p><\/p>\n\n\n\n<p>Gibuti \u00e8 uno dei paesi pi\u00f9 strategici dell\u2019Africa. Questo piccolo paese del Corno d&#039;Africa ha il nome ufficiale della Repubblica di Gibuti. Gibuti si trova sulla costa nord-orientale dell&#039;Africa fino al Mar Rosso. \u00c8 famoso per i suoi paesaggi unici e la sua fauna selvatica diversificata. Anche le tradizioni e le culture di Gibuti sono piene di diversit\u00e0. Non solo nel linguaggio ma nei colori e nelle credenze superstiziose.<\/p>\n\n\n\n<p>Secondo dati recenti, questo paese ospita quasi un milione di persone. La capitale \u00e8 Gibuti, e il francese e l&#039;arabo sono le lingue pi\u00f9 comuni. Ci sono due trib\u00f9 principali a Gibuti: i Somali e gli Afar. I musulmani costituiscono il 94% della popolazione e l\u2019Islam \u00e8 la religione principale.<\/p>\n\n\n\n<p>Gibuti occupa un&#039;area di poco pi\u00f9 di quattordicimila miglia quadrate. \u00c8 un po\u2019 pi\u00f9 grande della Slovenia e allo stesso tempo un po\u2019 pi\u00f9 piccola del New Jersey negli Stati Uniti. Gibuti ha uno degli oceani pi\u00f9 salati del mondo.<\/p>\n\n\n\n<h2 class=\"wp-block-heading\">Quartieri<\/h2>\n\n\n\n<p>I paesi vicini a Gibuti includono Somalia, Etiopia, Eritrea e Yemen. Questi paesi confinano tutti con Gibuti.<\/p>\n\n\n\n<p>Il paese \u00e8 di interesse geografico perch\u00e9 controlla importanti corsi d&#039;acqua come il Mar Rosso e il Canale di Suez. Queste acque sono due delle pi\u00f9 grandi rotte marittime.<\/p>\n\n\n\n<h2 class=\"wp-block-heading\">Zona di libero scambio internazionale di Gibuti<\/h2>\n\n\n\n<p>DIFTZ (Djibouti international Free Trade Zone) is a model of China Africa cooperation. With the support of the Djibouti government, <a href=\"https:\/\/www.sisinternational.com\/it\/copertura\/ricerche-di-mercato-asiatiche\/focus-group-di-ricerca-di-mercato-in-cina\/\" title=\"Focus Group Ricerche di mercato in Cina\"  data-wpil-monitor-id=\"9315\">China and the port group<\/a> have joined forces and are collaborating to build this fantastic African project. They are transforming the Avenue General Gallieni, the location of the main port. It is already one of the most attractive areas for businesses. It can attract lots of international trade.<\/p>\n\n\n\n<h2 class=\"wp-block-heading\">Vantaggi e punti di forza nel mercato di Gibuti: perch\u00e9 far crescere la tua attivit\u00e0 l\u00ec?<\/h2>\n\n\n\n<p>Come abbiamo visto in precedenza, Gibuti \u00e8 in una posizione piuttosto strategica. Questa posizione \u00e8 di per s\u00e9 il punto di forza della contea. Questa posizione si trova nello stretto di Bab-el-Mandeb, dove finisce l&#039;Oceano Indiano e inizia il Mar Rosso. I due specchi d&#039;acqua distano circa 15 miglia l&#039;uno dall&#039;altro. Questa posizione rende Gibuti un paese fortunato.<\/p>\n\n\n\n<p>Il vantaggio della posizione del paese \u00e8 che \u00e8 un terreno per il commercio regionale. Questo commercio incoraggia il cambio estero e aumenta il tasso di esportazione del paese.<\/p>\n\n\n\n<p>The position is essential when deciding what country you would like your <a href=\"https:\/\/www.sisinternational.com\/it\/pubblicazioni\/giappone-esportatore-di-fascia-media-del-mercato\/\" title=\"Far crescere il tuo business in Giappone\"  data-wpil-monitor-id=\"9314\">business to grow<\/a> in. Ships from China, India, or anywhere in Asia to Europe or vice versa usually cross the strait.<\/p>\n\n\n\n<p>La regione \u00e8 una delle pi\u00f9 grandi nella produzione di petrolio. Quando passano merci e navi, la domanda di risorse \u00e8 elevata, quindi si fermano a Gibuti. Questa connessione significa che le opportunit\u00e0 commerciali e turistiche sono abbondanti.<\/p>\n\n\n\n<p>L\u2019Etiopia non ha sbocco sul mare, ma ha una delle popolazioni pi\u00f9 grandi dell\u2019Africa. Gibuti \u00e8 il porto dell&#039;Etiopia dal 1999. Pertanto, il porto di Gibuti \u00e8 cruciale e sempre attivo. Il porto \u00e8 uno dei principali vantaggi di Gibuti.<\/p>\n\n\n\n<p>Fare affari a Gibuti \u00e8 un bellissimo passo di investimento. Anche se l\u2019aliquota fiscale \u00e8 del 10%, i profitti possono pi\u00f9 che raddoppiarla. Essendo nella posizione perfetta, tutto ci\u00f2 di cui hai bisogno \u00e8 stare al passo con le richieste della gente. \u00c8 facile per un&#039;impresa decollare, anche se non esiste una garanzia poich\u00e9 tutto comporta la possibilit\u00e0 di rischio. \u00c8 un&#039;ottima scelta di paese per gli investimenti.<\/p>\n\n\n\n<h2 class=\"wp-block-heading\">Informazioni sulle ricerche di mercato a Gibuti<\/h2>\n\n\n\n<p>Are you interested in owning a business in Djibouti? This article has all there is to know about this unique country. SIS International <a href=\"https:\/\/www.sisinternational.com\/it\/competenza\/industrie\/ricerche-di-mercato-geopolitiche\/\" title=\"Ricerche di mercato geopolitiche\"  data-wpil-monitor-id=\"3821\">Research organizes Focus Groups in the markets<\/a> of Africa. We also do Qualitative, Quantitative, and Strategy Research. This <a href=\"https:\/\/www.sisinternational.com\/it\/pubblicazioni\/ricerche-di-mercato-per-un-business-scalabile-7-modi-per-costruire-un-business-scalabile\/\" title=\"Ricerche di mercato per aziende scalabili: 7 modi per costruire un business scalabile\"  data-wpil-monitor-id=\"9316\">research will aid in your business<\/a> inquiries and help you decide your next move. We hope that you will consider doing business and investing in Djibouti. You will not regret it!<\/p>\n\n\n\n<p><\/p>","protected":false},"excerpt":{"rendered":"<p>Market Research in Djibouti Djibouti is one of Africa\u2019s most strategic countries. This small country on the horn of Africa has the official name of the Republic of Djibouti. Djibouti is on the northeastern coast of Africa to the Red Sea. It is famous for its unique landscapes and diverse wildlife. The traditions and cultures &#8230; <a title=\"Ricerche di mercato a Gibuti\" class=\"read-more\" href=\"https:\/\/www.sisinternational.com\/it\/copertura\/ricerche-di-mercato-africane\/ricerche-di-mercato-gibuti\/\" aria-label=\"Per saperne di pi\u00f9 su Market Research in Djibouti\">Leggi tutto<\/a><\/p>","protected":false},"author":1,"featured_media":65176,"parent":14281,"menu_order":14,"comment_status":"closed","ping_status":"closed","template":"","meta":{"footnotes":""},"class_list":["post-37731","page","type-page","status-publish","has-post-thumbnail"],"_links":{"self":[{"href":"https:\/\/www.sisinternational.com\/it\/wp-json\/wp\/v2\/pages\/37731","targetHints":{"allow":["GET"]}}],"collection":[{"href":"https:\/\/www.sisinternational.com\/it\/wp-json\/wp\/v2\/pages"}],"about":[{"href":"https:\/\/www.sisinternational.com\/it\/wp-json\/wp\/v2\/types\/page"}],"author":[{"embeddable":true,"href":"https:\/\/www.sisinternational.com\/it\/wp-json\/wp\/v2\/users\/1"}],"replies":[{"embeddable":true,"href":"https:\/\/www.sisinternational.com\/it\/wp-json\/wp\/v2\/comments?post=37731"}],"version-history":[{"count":5,"href":"https:\/\/www.sisinternational.com\/it\/wp-json\/wp\/v2\/pages\/37731\/revisions"}],"predecessor-version":[{"id":81557,"href":"https:\/\/www.sisinternational.com\/it\/wp-json\/wp\/v2\/pages\/37731\/revisions\/81557"}],"up":[{"embeddable":true,"href":"https:\/\/www.sisinternational.com\/it\/wp-json\/wp\/v2\/pages\/14281"}],"wp:featuredmedia":[{"embeddable":true,"href":"https:\/\/www.sisinternational.com\/it\/wp-json\/wp\/v2\/media\/65176"}],"wp:attachment":[{"href":"https:\/\/www.sisinternational.com\/it\/wp-json\/wp\/v2\/media?parent=37731"}],"curies":[{"name":"wp","href":"https:\/\/api.w.org\/{rel}","templated":true}]}}