{"id":37729,"date":"2021-05-19T05:46:38","date_gmt":"2021-05-19T05:46:38","guid":{"rendered":"https:\/\/www.sisinternational.com\/?page_id=37729"},"modified":"2025-09-14T16:27:30","modified_gmt":"2025-09-14T20:27:30","slug":"ricerche-di-mercato-in-ciad","status":"publish","type":"page","link":"https:\/\/www.sisinternational.com\/it\/copertura\/ricerche-di-mercato-africane\/ricerche-di-mercato-in-ciad\/","title":{"rendered":"Ricerche di mercato in Ciad"},"content":{"rendered":"<h1 class=\"wp-block-heading\">Ricerche di mercato in Ciad<\/h1>\n\n\n\n<figure class=\"gb-block-image gb-block-image-2e41044d\"><img loading=\"lazy\" decoding=\"async\" width=\"1456\" height=\"816\" class=\"gb-image gb-image-2e41044d\" src=\"https:\/\/www.sisinternational.com\/wp-content\/uploads\/2025\/08\/Chad-1.jpg\" alt=\"Ricerca e strategia di mercato internazionale SIS\" title=\"Chad (1)\" srcset=\"https:\/\/www.sisinternational.com\/wp-content\/uploads\/2025\/08\/Chad-1.jpg 1456w, https:\/\/www.sisinternational.com\/wp-content\/uploads\/2025\/08\/Chad-1-300x168.jpg 300w, https:\/\/www.sisinternational.com\/wp-content\/uploads\/2025\/08\/Chad-1-1024x574.jpg 1024w, https:\/\/www.sisinternational.com\/wp-content\/uploads\/2025\/08\/Chad-1-768x430.jpg 768w, https:\/\/www.sisinternational.com\/wp-content\/uploads\/2025\/08\/Chad-1-18x10.jpg 18w\" sizes=\"auto, (max-width: 1456px) 100vw, 1456px\"><\/figure>\n\n\n\n<p><\/p>\n\n\n\n<p>La Repubblica del Ciad si trova nell&#039;Africa centro-settentrionale. Questo paese senza sbocco sul mare confina con il Sudan a est, con la Libia a nord e con il Camerun e la Nigeria a sud-ovest. A sud si trova la Repubblica Centrafricana, a ovest il Niger. La mancanza di infrastrutture, la siccit\u00e0 e i disordini politici hanno causato sofferenze all\u2019economia del Ciad. Anche la lontananza geografica del paese \u00e8 un fattore paralizzante.<\/p>\n\n\n\n<h2 class=\"wp-block-heading\">Industrie chiave<\/h2>\n\n\n\n<p>L&#039;agricoltura e il petrolio guidano l&#039;economia del Ciad, dove il petrolio costituisce la maggior parte delle entrate pubbliche e dei proventi delle esportazioni. Le principali esportazioni non petrolifere del Ciad sono gomma arabica, oro, bestiame, sesamo e cotone. Altri prodotti agricoli includono arachidi, sorgo, igname, miglio, mais, canna da zucchero, riso, manioca, fagioli e patate dolci.<\/p>\n\n\n\n<p>La maggioranza della popolazione del Ciad fa affidamento sull&#039;allevamento del bestiame e sull&#039;agricoltura di sussistenza. I persistenti bassi prezzi globali del petrolio hanno danneggiato l\u2019economia. Lo stesso vale per la crisi economica del 2016-2017 che ha ridotto la spesa per gli investimenti. Il paese sta anche affrontando le ricadute finanziarie della pandemia di COVID-19 in tutto il mondo.<\/p>\n\n\n\n<p>Still, the government continues its campaign for economic relief. Its goal is to increase the export of value-added products. It also aims to diversify key sectors and develop a formal economy within the <a href=\"https:\/\/www.sisinternational.com\/it\/competenza\/industrie\/ricerche-di-mercato-automobilistiche\/futuro-dei-veicoli-elettrici-negli-usa\/\" title=\"The Future of Electric Vehicles in the USA &#8211; The Next 5 Years\"  data-wpil-monitor-id=\"7943\">next ten years<\/a>.<\/p>\n\n\n\n<h2 class=\"wp-block-heading\">Quartieri<\/h2>\n\n\n\n<p>Citt\u00e0 importanti in Ciad sono N&#039;Djamena, Koutere e Moundou. Il Ciad \u00e8 uno dei 25 paesi pi\u00f9 poveri del mondo. Non dispone di una rete di trasporti stabile e ben gestita. N&#039;Djamena \u00e8 la capitale, quindi ha strade asfaltate, cos\u00ec come le altre grandi citt\u00e0. La qualit\u00e0 peggiora man mano che ci si sposta nelle zone rurali. Il costo della vita a N&#039;Djamena \u00e8 alle stelle. Gli affitti competono con quelli di New York e Londra, rendendola la citt\u00e0 pi\u00f9 costosa dell\u2019Africa in cui si pu\u00f2 vivere.<\/p>\n\n\n\n<h2 class=\"wp-block-heading\">Tendenze<\/h2>\n\n\n\n<p>Gli economisti si aspettano che l\u2019economia ciadiana riprenda la crescita con la scomparsa della pandemia. Sperano che le attivit\u00e0 industriali ritornino a livelli normali. La produzione di petrolio, la sgranatura del cotone e l\u2019industria tessile dovrebbero presto riprendere slancio. Il Ciad ha fatto progressi nella riduzione della povert\u00e0, ma l\u2019economia rimane fragile. Il paese si trova ad affrontare molti rischi, come l\u2019instabilit\u00e0 regionale e la volatilit\u00e0 del prezzo del petrolio.<\/p>\n\n\n\n<h2 class=\"wp-block-heading\">Vantaggi e punti di forza nel mercato ciadiano<\/h2>\n\n\n\n<p>Chad cannot use its national public finance <a href=\"https:\/\/www.sisinternational.com\/it\/soluzioni\/e-la-crescita-globale\/gestione-globale-del-progetto\/\" title=\"Consulenza sulla gestione globale dei progetti\"  data-wpil-monitor-id=\"7941\">management system to implement projects<\/a> financed with external resources. The Paris Declaration does not allow it. This measure is due to the country\u2019s poor performance in economic governance. Still, the government is making progress in areas such as transparency. This transparency is especially evident in the management of its oil reserves.<\/p>\n\n\n\n<h2 class=\"wp-block-heading\">Base dei consumatori<\/h2>\n\n\n\n<p>Pi\u00f9 di tre quarti dei ciadiani vivono in zone rurali. Quasi la met\u00e0 degli abitanti si trova al di sotto della soglia di povert\u00e0 nazionale. Il Ciad \u00e8 una societ\u00e0 agricola e l&#039;agricoltura impiega la maggior parte degli adulti in et\u00e0 lavorativa del paese. La penetrazione della telefonia mobile \u00e8 in ritardo rispetto a quella di altri paesi africani. Tuttavia, i due principali fornitori hanno compiuto progressi significativi, anche nelle zone rurali. Eppure, secondo l\u2019UNDP, il Ciad \u00e8 uno dei tre paesi meno sviluppati al mondo.<\/p>\n\n\n\n<h2 class=\"wp-block-heading\">Motivi per far crescere la tua attivit\u00e0 in Ciad<\/h2>\n\n\n\n<p>Chad\u2019s economic outlook may seem dismal, but things can only get better. It presents remarkable opportunities for early investors, and the investment climate is suitable for medium and large-scale projects. Opportunities exist in power generation and distribution (especially solar) and oil exploration. Investors can also do well in livestock, mining, telecommunications, agribusiness, and infrastructure. The success of several foreign <a href=\"https:\/\/www.sisinternational.com\/it\/copertura\/ricerche-di-mercato-medio-oriente\/investment-opportunities-in-neom-real-estate\/\" title=\"Investment Opportunities in NEOM Real Estate\"  data-wpil-monitor-id=\"7942\">investments in Chad proves that business opportunities<\/a> exist. The country needs committed, skilled, and patient investors, despite the many challenges.<\/p>\n\n\n\n<h2 class=\"wp-block-heading\">Informazioni sulle ricerche di mercato in Ciad<\/h2>\n\n\n\n<p>Companies interested in doing business in Chad should do thorough <a href=\"https:\/\/www.sisinternational.com\/it\/competenza\/industrie\/ricerche-di-mercato-sugli-articoli-essenziali-per-la-cucina\/\" title=\"Ricerche di mercato sugli articoli essenziali per la cucina\"  data-wpil-monitor-id=\"7939\">Market Research because it\u2019s essential<\/a> to know the business environment and the legal and regulatory frameworks. <a href=\"https:\/\/www.sisinternational.com\/it\/soluzioni\/ricerche-di-mercato-con-focus-group\/\" title=\"Focus Group Ricerche di mercato\"  data-wpil-monitor-id=\"7940\">Gruppi di discussione<\/a> can help determine the Chadian market\u2019s readiness, as can Interviews and Surveys. <a href=\"https:\/\/www.sisinternational.com\/it\/contattaci\/\" title=\"Contattaci\"  data-wpil-monitor-id=\"7938\">Ricerca internazionale SIS<\/a> offers Quantitative, Qualitative, and Strategy Research for Chad and other African countries. Research is not a mere option: it is a necessity for volatile countries such as Chad.<\/p>\n\n\n\n<p><\/p>","protected":false},"excerpt":{"rendered":"<p>Market Research in Chad The Republic of Chad is in north-central Africa. This landlocked country shares borders with Sudan to the east, Libya to the north, and Cameroon and Nigeria to the southwest. The Central African Republic lies to the south and Niger to the west. Lack of infrastructure, drought, and political turmoil have caused &#8230; <a title=\"Ricerche di mercato in Ciad\" class=\"read-more\" href=\"https:\/\/www.sisinternational.com\/it\/copertura\/ricerche-di-mercato-africane\/ricerche-di-mercato-in-ciad\/\" aria-label=\"Per saperne di pi\u00f9 su Market Research in Chad\">Leggi tutto<\/a><\/p>","protected":false},"author":1,"featured_media":65281,"parent":14281,"menu_order":13,"comment_status":"closed","ping_status":"closed","template":"","meta":{"footnotes":""},"class_list":["post-37729","page","type-page","status-publish","has-post-thumbnail"],"_links":{"self":[{"href":"https:\/\/www.sisinternational.com\/it\/wp-json\/wp\/v2\/pages\/37729","targetHints":{"allow":["GET"]}}],"collection":[{"href":"https:\/\/www.sisinternational.com\/it\/wp-json\/wp\/v2\/pages"}],"about":[{"href":"https:\/\/www.sisinternational.com\/it\/wp-json\/wp\/v2\/types\/page"}],"author":[{"embeddable":true,"href":"https:\/\/www.sisinternational.com\/it\/wp-json\/wp\/v2\/users\/1"}],"replies":[{"embeddable":true,"href":"https:\/\/www.sisinternational.com\/it\/wp-json\/wp\/v2\/comments?post=37729"}],"version-history":[{"count":3,"href":"https:\/\/www.sisinternational.com\/it\/wp-json\/wp\/v2\/pages\/37729\/revisions"}],"predecessor-version":[{"id":81338,"href":"https:\/\/www.sisinternational.com\/it\/wp-json\/wp\/v2\/pages\/37729\/revisions\/81338"}],"up":[{"embeddable":true,"href":"https:\/\/www.sisinternational.com\/it\/wp-json\/wp\/v2\/pages\/14281"}],"wp:featuredmedia":[{"embeddable":true,"href":"https:\/\/www.sisinternational.com\/it\/wp-json\/wp\/v2\/media\/65281"}],"wp:attachment":[{"href":"https:\/\/www.sisinternational.com\/it\/wp-json\/wp\/v2\/media?parent=37729"}],"curies":[{"name":"wp","href":"https:\/\/api.w.org\/{rel}","templated":true}]}}