{"id":37727,"date":"2021-05-19T05:44:09","date_gmt":"2021-05-19T05:44:09","guid":{"rendered":"https:\/\/www.sisinternational.com\/?page_id=37727"},"modified":"2025-09-14T17:12:36","modified_gmt":"2025-09-14T21:12:36","slug":"ricerche-di-mercato-burundesi","status":"publish","type":"page","link":"https:\/\/www.sisinternational.com\/it\/copertura\/ricerche-di-mercato-africane\/ricerche-di-mercato-burundesi\/","title":{"rendered":"Ricerche di mercato in Burundi"},"content":{"rendered":"<h1 class=\"wp-block-heading\">Ricerche di mercato in Burundi<\/h1>\n\n\n\n<figure class=\"gb-block-image gb-block-image-3af6ae8b\"><img loading=\"lazy\" decoding=\"async\" width=\"1456\" height=\"816\" class=\"gb-image gb-image-3af6ae8b\" src=\"https:\/\/www.sisinternational.com\/wp-content\/uploads\/2025\/08\/Burundi-1.jpg\" alt=\"Ricerca e strategia di mercato internazionale SIS\" title=\"Burundi (1)\" srcset=\"https:\/\/www.sisinternational.com\/wp-content\/uploads\/2025\/08\/Burundi-1.jpg 1456w, https:\/\/www.sisinternational.com\/wp-content\/uploads\/2025\/08\/Burundi-1-300x168.jpg 300w, https:\/\/www.sisinternational.com\/wp-content\/uploads\/2025\/08\/Burundi-1-1024x574.jpg 1024w, https:\/\/www.sisinternational.com\/wp-content\/uploads\/2025\/08\/Burundi-1-768x430.jpg 768w, https:\/\/www.sisinternational.com\/wp-content\/uploads\/2025\/08\/Burundi-1-18x10.jpg 18w\" sizes=\"auto, (max-width: 1456px) 100vw, 1456px\"><\/figure>\n\n\n\n<p><\/p>\n\n\n\n<h2 class=\"wp-block-heading\">Industrie chiave<\/h2>\n\n\n\n<p>Il Burundi \u00e8 uno stato senza sbocco sul mare nella regione dei Grandi Laghi dell&#039;Africa orientale. Confina con il Ruanda, la Tanzania e la Repubblica Democratica del Congo. Le principali esportazioni del Burundi includono caff\u00e8, t\u00e8 e zucchero e la maggior parte della popolazione lavora nell&#039;agricoltura, il pilastro centrale dell&#039;economia burundese. L&#039;agricoltura costituisce un terzo del prodotto interno lordo (PIL) e 60% delle esportazioni del Burundi.<\/p>\n\n\n\n<p>I settori agricolo e minerario catturano la maggior parte degli investimenti esteri. Il Burundi gode del sostegno internazionale per la sua politica agraria. Anche la sua continua costruzione di dighe idroelettriche \u00e8 popolare. La generazione di energia geotermica, eolica e solare ha un grande potenziale.<\/p>\n\n\n\n<h2 class=\"wp-block-heading\">Tendenze<\/h2>\n\n\n\n<p>Il mondo sta mostrando un crescente interesse per lo sviluppo della produzione di terre rare. Sono in corso ulteriori sforzi di ricerca quantitativa sui suoi depositi minerari non sfruttati. I pi\u00f9 grandi tra questi sono il rame, il cobalto e il nichel. Altre risorse naturali come il petrolio sono probabilmente redditizie.<\/p>\n\n\n\n<h2 class=\"wp-block-heading\">Vantaggi e punti di forza nel mercato<\/h2>\n\n\n\n<p>Burundi has excellent <a href=\"https:\/\/www.sisinternational.com\/it\/connesso_car_market_research\/\" title=\"Ricerche di mercato sulle auto connesse\"  data-wpil-monitor-id=\"7963\">connections in the African markets<\/a>. Its geographical location positions it as a regional commercial hub. It has not yet taken advantage of its convenient location, but it has access to several neighboring countries.<\/p>\n\n\n\n<p>\u00c8 membro di numerosi accordi di libero scambio nel continente. Questi includono lo Spazio economico dell\u2019Africa centrale, la Comunit\u00e0 dell\u2019Africa orientale e l\u2019Area di libero scambio continentale africana. Ha anche accordi con gli Stati Uniti e l&#039;Unione Europea.<\/p>\n\n\n\n<p>Un calo degli aiuti esteri dal 2015 ha causato difficolt\u00e0 all&#039;economia del Burundi. Questa perdita di risorse esterne ha comportato una crescita inferiore. Lo shock della pandemia di Covid-19 ha peggiorato la situazione. L\u2019economia non \u00e8 diversificata ed \u00e8 troppo dipendente dalla volatilit\u00e0 dei prezzi mondiali del caff\u00e8.<\/p>\n\n\n\n<p>The population is growing. Thus, the government has sought to meet the surge in demand for social and consumer goods. Their focus has turned to stimulate internal resources. Yet, a significant gap still exists in the <a href=\"https:\/\/www.sisinternational.com\/it\/competenza\/industrie\/ricerche-di-mercato-sulla-produzione-di-bevande-alimentari\/\" title=\"Ricerche di mercato sulla produzione di alimenti e bevande\"  data-wpil-monitor-id=\"7960\">market for locally-produced manufactured<\/a> goods. Public services make up 25% of Burundi\u2019s GDP.<\/p>\n\n\n\n<h2 class=\"wp-block-heading\">Quartieri<\/h2>\n\n\n\n<p>Bujumbura \u00e8 la capitale economica del Burundi. Si trova sulle rive del Lago Tanganica. Qui i gruppi etnici tutsi e hutu convivono insieme a piccole popolazioni di immigrati. Gli espatriati sono solitamente europei e asiatici del sud. Una persistente influenza europea \u00e8 evidente negli edifici di Bujumbura (ex Usumbura), un residuo dei suoi giorni come capitale coloniale.<\/p>\n\n\n\n<p>Il mix di culture conferisce alla citt\u00e0 un tocco cosmopolita. I visitatori possono gustare la fantastica cucina francese, con cibi e bevande eccellenti e la scena della vita notturna \u00e8 attraente. Gli amanti dell&#039;arte possono visitare il Museo vivente di Bujumbura, uno zoo e un museo. Il Living Museum \u00e8 uno dei migliori in Africa, con in mostra sia l&#039;artigianato antico che quello moderno.<\/p>\n\n\n\n<p>Rohero I, sede del Jardin Public (un grande parco), \u00e8 uno dei quartieri pi\u00f9 sicuri di Bujumbura. Molti residenti di Bujumbura si rilassano in questo spazio verde e si godono il clima caldo del paese. Altro sobborgo pi\u00f9 esclusivo \u00e8 Kiriri, il quartiere presidenziale che si affaccia sul Lago Tanganica.<\/p>\n\n\n\n<h2 class=\"wp-block-heading\">Base dei consumatori<\/h2>\n\n\n\n<p>Burundi\u2019s youngest generation will grow into an educated workforce. The Gross Enrollment Rate of primary education has exploded compared to twenty years ago. Most of the country speaks Kirundi, the first official language, as well as French. In the coming years, <a href=\"https:\/\/www.sisinternational.com\/it\/soluzioni\/ai-ricerche-di-mercato-e-consulenza-strategica\/automazione-dei-servizi-di-beni-di-consumo-e-consulenza\/\" title=\"Automazione di beni e servizi di consumo e consulenza sull&#039;intelligenza artificiale\"  data-wpil-monitor-id=\"7962\">consumers will seek more online services<\/a>. The broadband internet market is untapped. With fiber optics installation, e-admin and e-banking opportunities will arise.<\/p>\n\n\n\n<h2 class=\"wp-block-heading\">Motivi per far crescere la tua attivit\u00e0 in Burundi<\/h2>\n\n\n\n<p>Il governo mostra un interesse acquisito nel migliorare il contesto imprenditoriale in Burundi. Mira a superare il suo basso posizionamento al 116\u00b0 posto su 190 economie (Doing Business 2020). Ha promulgato una nuova legge sugli investimenti, che garantisce agli investitori stranieri diritti simili a quelli nazionali. Gli investitori godono di pochi limiti in termini di propriet\u00e0 e controllo, nonch\u00e9 di screening limitato.<\/p>\n\n\n\n<h2 class=\"wp-block-heading\">Informazioni sulle ricerche di mercato in Burundi<\/h2>\n\n\n\n<p>For discerning shareholders, there are many investments available in Burundi. With focus groups and surveys, investors can gain essential insights into hot industries. Such insights can prove priceless. <a href=\"https:\/\/www.sisinternational.com\/it\/competenza\/industrie\/ricerche-di-mercato-industriali\/\" title=\"Ricerca e strategia di mercato industriale\"  data-wpil-monitor-id=\"7959\">Strategy research on manufacturing industries<\/a> can result in critical assets for quantitative analysis. There are many <a href=\"https:\/\/www.sisinternational.com\/it\/soluzioni\/consulenza-strategica\/consulenza-sulla-mappatura-delle-opportunita-dei-prodotti-di-mercato\/\" title=\"Consulenza per la mappatura delle opportunit\u00e0 di mercato e di prodotto\"  data-wpil-monitor-id=\"7961\">opportunities in manufacturing because the food products<\/a> processing, building materials, chemicals, and textiles industries are few. Burundi imports the majority of manufactured consumer goods. Hence the government is turning to foreign investors to fill the gap.<\/p>\n\n\n\n<p><\/p>","protected":false},"excerpt":{"rendered":"<p>Market Research in Burundi Key Industries Burundi is a landlocked state in the Great Lakes Region of East Africa. It shares borders with Rwanda, Tanzania, and the Democratic Republic of the Congo. Burundi\u2019s main exports include coffee, tea, and sugar, and most of the population works in agriculture, the central pillar of the Burundian economy. &#8230; <a title=\"Ricerche di mercato in Burundi\" class=\"read-more\" href=\"https:\/\/www.sisinternational.com\/it\/copertura\/ricerche-di-mercato-africane\/ricerche-di-mercato-burundesi\/\" aria-label=\"Per saperne di pi\u00f9 su Market Research in Burundi\">Leggi tutto<\/a><\/p>","protected":false},"author":1,"featured_media":65265,"parent":14281,"menu_order":12,"comment_status":"closed","ping_status":"closed","template":"","meta":{"footnotes":""},"class_list":["post-37727","page","type-page","status-publish","has-post-thumbnail"],"_links":{"self":[{"href":"https:\/\/www.sisinternational.com\/it\/wp-json\/wp\/v2\/pages\/37727","targetHints":{"allow":["GET"]}}],"collection":[{"href":"https:\/\/www.sisinternational.com\/it\/wp-json\/wp\/v2\/pages"}],"about":[{"href":"https:\/\/www.sisinternational.com\/it\/wp-json\/wp\/v2\/types\/page"}],"author":[{"embeddable":true,"href":"https:\/\/www.sisinternational.com\/it\/wp-json\/wp\/v2\/users\/1"}],"replies":[{"embeddable":true,"href":"https:\/\/www.sisinternational.com\/it\/wp-json\/wp\/v2\/comments?post=37727"}],"version-history":[{"count":3,"href":"https:\/\/www.sisinternational.com\/it\/wp-json\/wp\/v2\/pages\/37727\/revisions"}],"predecessor-version":[{"id":81341,"href":"https:\/\/www.sisinternational.com\/it\/wp-json\/wp\/v2\/pages\/37727\/revisions\/81341"}],"up":[{"embeddable":true,"href":"https:\/\/www.sisinternational.com\/it\/wp-json\/wp\/v2\/pages\/14281"}],"wp:featuredmedia":[{"embeddable":true,"href":"https:\/\/www.sisinternational.com\/it\/wp-json\/wp\/v2\/media\/65265"}],"wp:attachment":[{"href":"https:\/\/www.sisinternational.com\/it\/wp-json\/wp\/v2\/media?parent=37727"}],"curies":[{"name":"wp","href":"https:\/\/api.w.org\/{rel}","templated":true}]}}