{"id":37725,"date":"2021-05-19T05:39:12","date_gmt":"2021-05-19T05:39:12","guid":{"rendered":"https:\/\/www.sisinternational.com\/?page_id=37725"},"modified":"2025-09-14T17:13:33","modified_gmt":"2025-09-14T21:13:33","slug":"ricerche-di-mercato-burkina-faso","status":"publish","type":"page","link":"https:\/\/www.sisinternational.com\/it\/copertura\/ricerche-di-mercato-africane\/ricerche-di-mercato-burkina-faso\/","title":{"rendered":"Ricerche di mercato in Burkina Faso"},"content":{"rendered":"<h1 class=\"wp-block-heading\">Ricerche di mercato in Burkina Faso<\/h1>\n\n\n\n<figure class=\"gb-block-image gb-block-image-1d97df6f\"><img loading=\"lazy\" decoding=\"async\" width=\"1456\" height=\"816\" class=\"gb-image gb-image-1d97df6f\" src=\"https:\/\/www.sisinternational.com\/wp-content\/uploads\/2025\/08\/Burkina-Faso-2.jpg\" alt=\"Ricerca e strategia di mercato internazionale SIS\" title=\"Burkina Faso (2)\" srcset=\"https:\/\/www.sisinternational.com\/wp-content\/uploads\/2025\/08\/Burkina-Faso-2.jpg 1456w, https:\/\/www.sisinternational.com\/wp-content\/uploads\/2025\/08\/Burkina-Faso-2-300x168.jpg 300w, https:\/\/www.sisinternational.com\/wp-content\/uploads\/2025\/08\/Burkina-Faso-2-1024x574.jpg 1024w, https:\/\/www.sisinternational.com\/wp-content\/uploads\/2025\/08\/Burkina-Faso-2-768x430.jpg 768w, https:\/\/www.sisinternational.com\/wp-content\/uploads\/2025\/08\/Burkina-Faso-2-18x10.jpg 18w\" sizes=\"auto, (max-width: 1456px) 100vw, 1456px\"><\/figure>\n\n\n\n<p><\/p>\n\n\n\n<h2 class=\"wp-block-heading\">Storia del Burkina Faso<\/h2>\n\n\n\n<p>Il Burkina Faso \u00e8 uno stato dell&#039;Africa occidentale, diventato indipendente il 5 agosto 1950. Il suo nome precedente \u00e8 Repubblica dell&#039;Alto Volta, utilizzato tra il 1958 e il 1984. Ha iniziato ad usare il nome Burkina Faso il 4 agosto 1984.<\/p>\n\n\n\n<p>Il Burkina Faso copre un&#039;area di circa 170.000 miglia quadrate. Questo piccolo paese del continente africano riconosce tre lingue. Il francese \u00e8 la lingua principale. Il Burkina Faso ha una popolazione di 20,3 milioni di persone.<\/p>\n\n\n\n<p>Il Burkina Faso ha i migliori toponimi del mondo. Quando guardi i nomi dati ai luoghi del Burkina Faso, hanno significati meravigliosi. Burkina Faso significa \u201cterra di uomini onesti\u201d. La capitale \u201cOuagadougou\u201d significa \u201cSei il benvenuto a casa qui con noi\u201d. Ouagadougou \u00e8 una delle citt\u00e0 pi\u00f9 antiche della terra.<\/p>\n\n\n\n<h2 class=\"wp-block-heading\">Paesi confinanti<\/h2>\n\n\n\n<p>Six countries surround Burkina Faso. Mali is to the <a href=\"https:\/\/www.sisinternational.com\/it\/copertura\/ricerche-di-mercato-africane\/ricerche-di-mercato-in-marocco-nord-africa\/\" title=\"Ricerche di mercato in Marocco, continente africano nordoccidentale\"  data-wpil-monitor-id=\"7910\">north and west<\/a>, Nigeria to the east, and Benin and Togo to the southeast. Ghana is south of Burkina Faso.<\/p>\n\n\n\n<p>Il paese ha generato una crescita economica impressionante negli ultimi anni. Il loro PIL \u00e8 cresciuto negli ultimi cinque anni circa. Ora stanno rivaleggiando con le nuove potenze economiche come Cina, India e Brasile.<\/p>\n\n\n\n<p>The spontaneous <a href=\"https:\/\/www.sisinternational.com\/it\/soluzioni\/ricerca-di-consulenza-strategica-fintech\/ricerche-di-mercato-sui-mercati-dei-capitali\/\" title=\"Ricerche di mercato sui mercati dei capitali\"  data-wpil-monitor-id=\"7909\">markets are everywhere in Burkina Faso&#8217;s capital<\/a>, called Ouagadougou. Vendors pop up everywhere, from government offices to banks, selling their goods around the clock. Thousands find employment through these ventures. But, some tend to be dangerous for road users while others pollute the environment.<\/p>\n\n\n\n<p>Questi commercianti non hanno soldi per aprire negozi, quindi molti si stabiliscono su strade pubbliche e le auto non possono sopravvivere. La mancanza di spazio e gli alti affitti mensili dei negozi rappresentano un ostacolo significativo.<\/p>\n\n\n\n<p>Quando si trovano nei guai con il governo, entrambi i partiti di solito trovano un terreno comune.<\/p>\n\n\n\n<p>The authorities are aware of the inconvenience <a href=\"https:\/\/www.sisinternational.com\/it\/soluzioni\/consulenza-strategica\/analisi-delle-cause-profonde-ricerca-di-mercato-e-consulenza\/\" title=\"Root Cause Analysis Market Research\"  data-wpil-monitor-id=\"7911\">caused by the spontaneous markets<\/a>. They have recently designed a program of transportation and modernization to ensure better conditions for the vendors. It also removes the harassment factor, and introduces a level of legitimacy to these micro-enterprises.<\/p>\n\n\n\n<h2 class=\"wp-block-heading\">Tendenze del Burkina Faso<\/h2>\n\n\n\n<p>Il Burkina Faso ha uno dei tassi di fertilit\u00e0 pi\u00f9 alti al mondo. Di conseguenza, la popolazione \u00e8 aumentata nel secolo scorso. Il tasso di natalit\u00e0 medio per famiglia in Burkina Faso \u00e8 di sei figli.<\/p>\n\n\n\n<p>Il Burkina Faso ha poche risorse naturali. L\u2019Africa \u00e8 generalmente nota per essere un continente ricco di risorse naturali. Il Burkina Faso \u00e8 uno dei paesi che non rientrano in quella categoria.<\/p>\n\n\n\n<h2 class=\"wp-block-heading\">Ragioni per cui dovresti investire in Burkina Faso<\/h2>\n\n\n\n<ul class=\"wp-block-list\">\n<li>Bilateral Investment agreement. In August 2014, the United States signed a trade and investment framework agreement with Burkina Faso in <a href=\"https:\/\/www.sisinternational.com\/it\/copertura\/le-americhe\/copertura-degli-stati-uniti\/ricerche-di-mercato-nello-stato-di-washington\/\" title=\"Ricerche di mercato nello Stato di Washington\"  data-wpil-monitor-id=\"7913\">Washington<\/a>. Burkina Faso has cooperation agreements with France and Switzerland. It provides for the free transfer of corporate earnings, interest, and dividends.<\/li>\n\n\n\n<li>Burkina Faso has signed many investment promotions and mutual protection agreements. It has contracts with Germany, Belgium, the Netherlands, Malaysia, Ghana, Taiwan, South Korea, and many more countries.<\/li>\n\n\n\n<li>Da ci\u00f2 \u00e8 chiaro che fare affari in Burkina Faso \u00e8 facile grazie ai trattati bilaterali. Nessuno vuole investire in un paese in cui non sei sicuro dei tuoi investimenti. Il Burkina Faso \u00e8 un luogo eccellente per fare affari.<\/li>\n\n\n\n<li>Sistema normativo trasparente. Esiste una legge che regola tutti gli Stati membri dell&#039;Ohada, compreso il Burkina Faso. Questa legge, in parole semplici, afferma che le pratiche commerciali devono essere giuste e regolamentate. I prezzi non dovrebbero essere troppo alti. Questa legge garantisce che le persone possano ottenere i beni di prima necessit\u00e0 senza dover pagare troppo. Fornisce inoltre una misura di sicurezza e fiducia nelle politiche valutarie del paese.<\/li>\n\n\n\n<li>Incentivi agli investimenti. Il governo del Burkina Faso sta facendo tantissimo per dare incentivi agli investitori perch\u00e9 vogliono sviluppare il Paese. Vogliono anche utilizzare gli investitori per contribuire a fornire posti di lavoro ai disoccupati.<\/li>\n<\/ul>\n\n\n\n<h2 class=\"wp-block-heading\">Ricerche di mercato in Burkina Faso<\/h2>\n\n\n\n<p>Offriamo diversi tipi di ricerche di mercato in Burkina Faso, inclusa la ricerca strategica. Possiamo anche organizzare focus group per ottenere informazioni approfondite.<\/p>\n\n\n\n<p>Our Qualitative <a href=\"https:\/\/www.sisinternational.com\/it\/top-5-benefits-of-qualitative-market-research-for-businesses\/\" title=\"Top 5 Benefits of Qualitative Market Research for Businesses\"  data-wpil-monitor-id=\"7912\">Ricerca<\/a> on Burkina Faso has led us to believe that it is a great place to do business and invest.<\/p>\n\n\n\n<p>Abbiamo anche svolto ricerche quantitative. Ci\u00f2 dimostra che il mercato del Burkina Faso \u00e8 in continua crescita e prevediamo che fiorir\u00e0 presto. \u00c8 un paese incredibile e, con l&#039;aiuto degli investitori, pu\u00f2 diventare uno dei pi\u00f9 prosperi dell&#039;Africa.<\/p>\n\n\n\n<p><\/p>","protected":false},"excerpt":{"rendered":"<p>Market Research in Burkina Faso History of Burkina Faso Burkina Faso is a country located in West Africa, which became independent on 5 August 1950. Its former name is the Republic of Upper Volta, used between 1958 and 1984. It started using the name Burkina Faso on 4 August 1984. Burkina Faso covers an area &#8230; <a title=\"Ricerche di mercato in Burkina Faso\" class=\"read-more\" href=\"https:\/\/www.sisinternational.com\/it\/copertura\/ricerche-di-mercato-africane\/ricerche-di-mercato-burkina-faso\/\" aria-label=\"Per saperne di pi\u00f9 su Market Research in Burkina Faso\">Leggi tutto<\/a><\/p>","protected":false},"author":1,"featured_media":65262,"parent":14281,"menu_order":11,"comment_status":"closed","ping_status":"closed","template":"","meta":{"footnotes":""},"class_list":["post-37725","page","type-page","status-publish","has-post-thumbnail"],"_links":{"self":[{"href":"https:\/\/www.sisinternational.com\/it\/wp-json\/wp\/v2\/pages\/37725","targetHints":{"allow":["GET"]}}],"collection":[{"href":"https:\/\/www.sisinternational.com\/it\/wp-json\/wp\/v2\/pages"}],"about":[{"href":"https:\/\/www.sisinternational.com\/it\/wp-json\/wp\/v2\/types\/page"}],"author":[{"embeddable":true,"href":"https:\/\/www.sisinternational.com\/it\/wp-json\/wp\/v2\/users\/1"}],"replies":[{"embeddable":true,"href":"https:\/\/www.sisinternational.com\/it\/wp-json\/wp\/v2\/comments?post=37725"}],"version-history":[{"count":3,"href":"https:\/\/www.sisinternational.com\/it\/wp-json\/wp\/v2\/pages\/37725\/revisions"}],"predecessor-version":[{"id":81334,"href":"https:\/\/www.sisinternational.com\/it\/wp-json\/wp\/v2\/pages\/37725\/revisions\/81334"}],"up":[{"embeddable":true,"href":"https:\/\/www.sisinternational.com\/it\/wp-json\/wp\/v2\/pages\/14281"}],"wp:featuredmedia":[{"embeddable":true,"href":"https:\/\/www.sisinternational.com\/it\/wp-json\/wp\/v2\/media\/65262"}],"wp:attachment":[{"href":"https:\/\/www.sisinternational.com\/it\/wp-json\/wp\/v2\/media?parent=37725"}],"curies":[{"name":"wp","href":"https:\/\/api.w.org\/{rel}","templated":true}]}}