{"id":37722,"date":"2021-05-19T05:34:36","date_gmt":"2021-05-19T05:34:36","guid":{"rendered":"https:\/\/www.sisinternational.com\/?page_id=37722"},"modified":"2025-09-14T14:43:49","modified_gmt":"2025-09-14T18:43:49","slug":"ricerche-di-mercato-in-botswana","status":"publish","type":"page","link":"https:\/\/www.sisinternational.com\/it\/copertura\/ricerche-di-mercato-africane\/ricerche-di-mercato-in-botswana\/","title":{"rendered":"Ricerche di mercato in Botswana"},"content":{"rendered":"<h1 class=\"wp-block-heading\">Ricerche di mercato in Botswana<\/h1>\n\n\n\n<figure class=\"gb-block-image gb-block-image-ec92d225\"><img loading=\"lazy\" decoding=\"async\" width=\"1024\" height=\"574\" class=\"gb-image gb-image-ec92d225\" src=\"https:\/\/www.sisinternational.com\/wp-content\/uploads\/2025\/08\/Botswana-1-1024x574.jpg\" srcset=\"https:\/\/www.sisinternational.com\/wp-content\/uploads\/2025\/08\/Botswana-1-1024x574.jpg 1024w, https:\/\/www.sisinternational.com\/wp-content\/uploads\/2025\/08\/Botswana-1-300x168.jpg 300w, https:\/\/www.sisinternational.com\/wp-content\/uploads\/2025\/08\/Botswana-1-768x430.jpg 768w, https:\/\/www.sisinternational.com\/wp-content\/uploads\/2025\/08\/Botswana-1-18x10.jpg 18w, https:\/\/www.sisinternational.com\/wp-content\/uploads\/2025\/08\/Botswana-1.jpg 1456w\" sizes=\"auto, (max-width: 1024px) 100vw, 1024px\" alt=\"Ricerca e strategia di mercato internazionale SIS\"><\/figure>\n\n\n\n<p><\/p>\n\n\n\n<p>La Repubblica del Botswana non ha sbocco sul mare. Si trova nella regione meridionale dell&#039;Africa. I suoi vicini sono il Sudafrica a sud e sud-est, la Namibia a ovest e a nord e lo Zimbabwe a nord-est. Le lingue ufficiali sono l&#039;inglese e il setswana. Il Botswana \u00e8 piatto e oltre il 70% del suo territorio \u00e8 costituito dal deserto del Kalahari. Divenne indipendente dagli inglesi e ottenne lo status di Repubblica nel 1966.<\/p>\n\n\n\n<h2 class=\"wp-block-heading\">Industrie chiave<\/h2>\n\n\n\n<p>Il Botswana mostra una notevole crescita economica. Un tempo era tra i paesi pi\u00f9 poveri del mondo, ma ora rientra nella categoria a reddito medio-alto. L&#039;attivit\u00e0 mineraria svolge un ruolo significativo nello sviluppo del paese. L&#039;obiettivo principale del settore minerario sono i diamanti. Il Botswana possiede alcune delle riserve di diamanti pi\u00f9 grandi del mondo. Inoltre estrae oro, carbonato di sodio, rame, nichel e carbone.<\/p>\n\n\n\n<p>Anche il settore agricolo contribuisce all\u2019economia. Il clima del paese e il deserto non consentono un&#039;agricoltura su larga scala. Gli agricoltori di sussistenza coltivano mais, sorgo, miglio e arachidi. I Botswana allevano bestiame anche per produrre carne bovina.<\/p>\n\n\n\n<h2 class=\"wp-block-heading\">Quartieri<\/h2>\n\n\n\n<p>Gabarone \u00e8 la citt\u00e0 pi\u00f9 grande del Botswana e funge da capitale governativa ed economica. La capitale ha uffici governativi, edifici parlamentari, strutture sanitarie e grandi imprese. Nella capitale si trovano anche le compagnie elettriche e l&#039;Universit\u00e0 del Botswana. Ci sono anche il museo e la galleria d&#039;arte. Gli abitanti di Gaberone parlano diverse lingue, tra cui; Setswana, inglese, Kalanga e Kgalagadi.<\/p>\n\n\n\n<h2 class=\"wp-block-heading\">Tendenze<\/h2>\n\n\n\n<p>L&#039;infrastruttura del Botswana \u00e8 piuttosto interessante. Nelle piccole citt\u00e0 troverai spesso capanne di fango e case tradizionali proprio accanto a una casa in stile moderno. Alcune persone si aggrappano alla tradizione mentre altre adottano uno stile di vita pi\u00f9 moderno. Questa tendenza a mescolare vecchio e nuovo si verifica anche in politica e religione. Molti Botswanani mantengono la loro lingua madre e la loro religione. Altri parlano inglese e si sono convertiti al cristianesimo. Alcuni temono che le lingue etniche scompariranno a causa della rapida modernizzazione.<\/p>\n\n\n\n<h2 class=\"wp-block-heading\">Vantaggi e punti di forza del mercato<\/h2>\n\n\n\n<p>I diamanti sono sempre richiesti in tutto il mondo. Il Botswana \u00e8 fortunato ad avere una ricchezza di diamanti che pu\u00f2 commerciare su cos\u00ec larga scala. Il commercio frequente ha consentito al Botswana di promuovere buone relazioni con altri paesi. Uno di questi paesi sono gli Stati Uniti.<\/p>\n\n\n\n<h2 class=\"wp-block-heading\">Base dei consumatori<\/h2>\n\n\n\n<p>La maggior parte delle persone che vivono nelle comunit\u00e0 urbane dipendono dal Main Mall, il cuore commerciale della citt\u00e0 di Gaborone. \u00c8 dove troverai attivit\u00e0 commerciali, negozi, banche e franchising. Gli abitanti del Botswana utilizzano quest&#039;area anche per mostrare l&#039;artigianato e l&#039;arte e allestire spettacoli. Molte delle persone che vivono nelle zone rurali dipendono da piccole aziende agricole di sussistenza. I prodotti sono sufficienti a soddisfare le loro necessit\u00e0 quotidiane e a contribuire all&#039;approvvigionamento alimentare del Main Mall.<\/p>\n\n\n\n<h2 class=\"wp-block-heading\">Motivi per far crescere la tua attivit\u00e0 sul mercato<\/h2>\n\n\n\n<p>The blend of urban and rural <a href=\"https:\/\/www.sisinternational.com\/it\/competenza\/industrie\/ricerche-di-mercato-nel-settore-delle-scienze-della-vita\/\" title=\"Ricerche di mercato nel settore delle scienze della vita\"  data-wpil-monitor-id=\"7900\">life provides a market<\/a> for modern commodities in many parts of Botswana. Your business can add to the modernization of the city areas. Or help expand the variety of goods and services provided in underdeveloped regions. The nation\u2019s economy is on the rise, and <a href=\"https:\/\/www.sisinternational.com\/it\/future-trends-in-qualitative-market-research\/\" title=\"Future Trends in Qualitative Market Research\"  data-wpil-monitor-id=\"7899\">trends predict a lucrative future<\/a>. Investing now could be the best move for your business.<\/p>\n\n\n\n<h2 class=\"wp-block-heading\">Informazioni sulle ricerche di mercato in Botswana<\/h2>\n\n\n\n<p>Are you interested in doing business in Botswana? We\u2019re here to help. We organize <a href=\"https:\/\/www.sisinternational.com\/it\/soluzioni\/ricerche-di-mercato-con-focus-group\/\" title=\"Focus Group Ricerche di mercato\"  data-wpil-monitor-id=\"7896\">Focus Groups in the different African markets<\/a>. We can also undertake Quantitative, Qualitative, and <a href=\"https:\/\/www.sisinternational.com\/it\/soluzioni\/consulenza-per-lospitalita-turistica-turistica\/consulenza-strategica-per-ricerche-di-mercato-da-parte-di-societa-di-gestione-alberghiera\/\" title=\"Societ\u00e0 di gestione alberghiera Ricerche di mercato e consulenza strategica\"  data-wpil-monitor-id=\"7898\">Strategy Research for your company<\/a>. We go through piles of information and findings. Then we compile information for you and your business. We hope this article helps with your business endeavors in Botswana.<\/p>","protected":false},"excerpt":{"rendered":"<p>Market Research in Botswana The Republic of Botswana is landlocked. It is in the Southern region of Africa. Its neighbors are South Africa at the south and southeast, Namibia to the west and north, and Zimbabwe to the northeast. The official languages are English and Setswana. Botswana is flat, and over 70 percent of it &#8230; <a title=\"Ricerche di mercato in Botswana\" class=\"read-more\" href=\"https:\/\/www.sisinternational.com\/it\/copertura\/ricerche-di-mercato-africane\/ricerche-di-mercato-in-botswana\/\" aria-label=\"Per saperne di pi\u00f9 su Market Research in Botswana\">Leggi tutto<\/a><\/p>","protected":false},"author":1,"featured_media":65251,"parent":14281,"menu_order":10,"comment_status":"closed","ping_status":"closed","template":"","meta":{"footnotes":""},"class_list":["post-37722","page","type-page","status-publish","has-post-thumbnail"],"_links":{"self":[{"href":"https:\/\/www.sisinternational.com\/it\/wp-json\/wp\/v2\/pages\/37722","targetHints":{"allow":["GET"]}}],"collection":[{"href":"https:\/\/www.sisinternational.com\/it\/wp-json\/wp\/v2\/pages"}],"about":[{"href":"https:\/\/www.sisinternational.com\/it\/wp-json\/wp\/v2\/types\/page"}],"author":[{"embeddable":true,"href":"https:\/\/www.sisinternational.com\/it\/wp-json\/wp\/v2\/users\/1"}],"replies":[{"embeddable":true,"href":"https:\/\/www.sisinternational.com\/it\/wp-json\/wp\/v2\/comments?post=37722"}],"version-history":[{"count":3,"href":"https:\/\/www.sisinternational.com\/it\/wp-json\/wp\/v2\/pages\/37722\/revisions"}],"predecessor-version":[{"id":81332,"href":"https:\/\/www.sisinternational.com\/it\/wp-json\/wp\/v2\/pages\/37722\/revisions\/81332"}],"up":[{"embeddable":true,"href":"https:\/\/www.sisinternational.com\/it\/wp-json\/wp\/v2\/pages\/14281"}],"wp:featuredmedia":[{"embeddable":true,"href":"https:\/\/www.sisinternational.com\/it\/wp-json\/wp\/v2\/media\/65251"}],"wp:attachment":[{"href":"https:\/\/www.sisinternational.com\/it\/wp-json\/wp\/v2\/media?parent=37722"}],"curies":[{"name":"wp","href":"https:\/\/api.w.org\/{rel}","templated":true}]}}