{"id":37720,"date":"2021-05-19T05:29:23","date_gmt":"2021-05-19T05:29:23","guid":{"rendered":"https:\/\/www.sisinternational.com\/?page_id=37720"},"modified":"2026-01-27T16:37:06","modified_gmt":"2026-01-27T21:37:06","slug":"ricerche-di-mercato-costa-davorio","status":"publish","type":"page","link":"https:\/\/www.sisinternational.com\/it\/copertura\/ricerche-di-mercato-africane\/ricerche-di-mercato-costa-davorio\/","title":{"rendered":"Ricerche di mercato in Costa d&#039;Avorio"},"content":{"rendered":"<h1 class=\"wp-block-heading p1\"><span class=\"s1\">Ricerche di mercato in Costa d&#039;Avorio<\/span><\/h1>\n\n\n\n<figure class=\"gb-block-image gb-block-image-2b9f1310\"><img loading=\"lazy\" decoding=\"async\" width=\"1456\" height=\"816\" class=\"gb-image gb-image-2b9f1310\" src=\"https:\/\/www.sisinternational.com\/wp-content\/uploads\/2025\/08\/Cote-dIvoire-3.jpg\" srcset=\"https:\/\/www.sisinternational.com\/wp-content\/uploads\/2025\/08\/Cote-dIvoire-3.jpg 1456w, https:\/\/www.sisinternational.com\/wp-content\/uploads\/2025\/08\/Cote-dIvoire-3-300x168.jpg 300w, https:\/\/www.sisinternational.com\/wp-content\/uploads\/2025\/08\/Cote-dIvoire-3-1024x574.jpg 1024w, https:\/\/www.sisinternational.com\/wp-content\/uploads\/2025\/08\/Cote-dIvoire-3-768x430.jpg 768w, https:\/\/www.sisinternational.com\/wp-content\/uploads\/2025\/08\/Cote-dIvoire-3-18x10.jpg 18w\" sizes=\"auto, (max-width: 1456px) 100vw, 1456px\" alt=\"Ricerca e strategia di mercato internazionale SIS\"><\/figure>\n\n\n\n<p><\/p>\n\n\n\n<hr class=\"wp-block-separator has-alpha-channel-opacity is-style-dots\"\/>\n\n\n\n<h2 class=\"wp-block-heading p3\">Industrie chiave<\/h2>\n\n\n\n<p class=\"p5\">Costa d&#039;Avorio in francese significa Costa d&#039;Avorio o Costa d&#039;Avorio. Questo paese ha fatto crescere la sua economia nonostante l\u2019instabilit\u00e0 del suo governo politico. Il suo settore agricolo \u00e8 fiorente. La Costa d&#039;Avorio produce olio di palma, fave di cacao, caff\u00e8, igname e anacardi. Altre esportazioni sono petrolio greggio, gomma, petrolio raffinato e oro.<\/p>\n\n\n\n<p class=\"p5\">The Ivory Coast has the largest fishing port in <a href=\"https:\/\/www.sisinternational.com\/it\/copertura\/ricerche-di-mercato-africane\/ricerche-di-mercato-a-mauritius-in-africa\/\" title=\"Market Research in Mauritius \u2014 Island off Africa&#8217;s East Coast\"  data-wpil-monitor-id=\"8766\">Africa<\/a> for tuna. Their sardines supply is also high in stock.<\/p>\n\n\n\n<p class=\"p5\">C&#039;\u00e8 molta attivit\u00e0 mineraria in Costa d&#039;Avorio. Questa estrazione mineraria gli ha assicurato il posto di nono produttore di manganese al mondo.<\/p>\n\n\n\n<h2 class=\"wp-block-heading p3\">Quartieri<\/h2>\n\n\n\n<p class=\"p5\">La capitale della Costa d&#039;Avorio \u00e8 il distretto di Yamoussoukro, a nord di Abidjan. Questo distretto \u00e8 su dolci colline e pianure.<\/p>\n\n\n\n<p class=\"p5\">Abidjan \u00e8 l&#039;ex capitale della Costa d&#039;Avorio. \u00c8 la citt\u00e0 pi\u00f9 grande e sede di numerosi centri commerciali e bancari. Si trova su diverse peninsulari e isole collegate da ponti.<\/p>\n\n\n\n<p class=\"p5\">La Costa d&#039;Avorio \u00e8 calda e umida e le strade sono spesso piene di venditori ambulanti. Nonostante ci\u00f2, Abidjan \u00e8 la \u201cParigi dell\u2019Africa occidentale\u201d. Questo titolo \u00e8 nato grazie alle sue universit\u00e0, ai parchi e alla moda esotica. Ha anche ampi viali e musei.<\/p>\n\n\n\n<p class=\"p5\">Ci sono molti dipartimenti governativi in citt\u00e0, compreso quello responsabile del sistema stradale nazionale. \u00c8 anche la fine della ferrovia Abidjan-Niger.<\/p>\n\n\n\n<p class=\"p5\">Un tempo, la Costa d\u2019Avorio era un paese pacifico, sulla buona strada per diventare ricco. Ora si sta riprendendo dalle guerre civili ivoriane, combattute dal 2002 al 2011.<\/p>\n\n\n\n<h2 class=\"wp-block-heading p3\">Tendenze, Base Consumatori<\/h2>\n\n\n\n<h3 class=\"wp-block-heading p6\">Media<\/h3>\n\n\n\n<p class=\"p5\">Televisione, radio, telecomunicazioni e stampa sono tutte possedute e controllate dal governo. La libert\u00e0 di parola nei media non \u00e8 una cosa che accade in Costa d&#039;Avorio. Le autorit\u00e0 spesso puniscono reporter e giornalisti per aver esagerato.<\/p>\n\n\n\n<h3 class=\"wp-block-heading p6\">Cucina<\/h3>\n\n\n\n<p class=\"p5\">Gli ivoriani tengono molto al cibo. Usano spesso cereali e tuberi nelle loro cucine. L&#039;uso di platani e manioca gioca un ruolo importante nei loro pasti. Aitiu, che \u00e8 una forma di pasta di mais, viene solitamente utilizzata per preparare polpette di mais. Uno dei loro contorni principali \u00e8 Atti\u00e9k\u00e9.<\/p>\n\n\n\n<p class=\"p5\">Gli ivoriani mangiano molto pollo. A loro piace anche usare frutti di mare come sardine, bonito, tonno e gamberetti.<\/p>\n\n\n\n<h3 class=\"wp-block-heading p6\">Musica<\/h3>\n\n\n\n<p class=\"p5\">La Costa d&#039;Avorio ha avuto un impatto sulla scena internazionale con la sua musica. Artisti come AfroB, Meiway, Magic Syst\u00e9me hanno messo la Costa d&#039;Avorio sulla mappa per la sua musica. I generi musicali si differenziano in base ai gruppi etnici. Due delle loro caratteristiche distintive sono la batteria e la polifonia vocale.<\/p>\n\n\n\n<h2 class=\"wp-block-heading p6\">Punti di forza nel mercato<\/h2>\n\n\n\n<figure class=\"gb-block-image gb-block-image-18789f0b\"><img loading=\"lazy\" decoding=\"async\" width=\"1456\" height=\"816\" class=\"gb-image gb-image-18789f0b\" src=\"https:\/\/www.sisinternational.com\/wp-content\/uploads\/2025\/08\/Cote-dIvoire-1.jpg\" alt=\"Ricerca e strategia di mercato internazionale SIS\" title=\"Cote d&#039;Ivoire (1)\" srcset=\"https:\/\/www.sisinternational.com\/wp-content\/uploads\/2025\/08\/Cote-dIvoire-1.jpg 1456w, https:\/\/www.sisinternational.com\/wp-content\/uploads\/2025\/08\/Cote-dIvoire-1-300x168.jpg 300w, https:\/\/www.sisinternational.com\/wp-content\/uploads\/2025\/08\/Cote-dIvoire-1-1024x574.jpg 1024w, https:\/\/www.sisinternational.com\/wp-content\/uploads\/2025\/08\/Cote-dIvoire-1-768x430.jpg 768w, https:\/\/www.sisinternational.com\/wp-content\/uploads\/2025\/08\/Cote-dIvoire-1-18x10.jpg 18w\" sizes=\"auto, (max-width: 1456px) 100vw, 1456px\"><\/figure>\n\n\n\n<ol class=\"wp-block-list ol1\">\n<li>Pi\u00f9 di un terzo degli ivoriani vive in povert\u00e0 ed esiste ancora il lavoro minorile. Tuttavia si registra un\u2019espansione della classe media.<\/li>\n\n\n\n<li>Risorse diversificate: la Costa d&#039;Avorio \u00e8 ricca di agricoltura (cacao, caff\u00e8, zucchero, anacardi. \u00c8 anche il pi\u00f9 grande produttore di gomma al mondo). Il paese produce anche idrocarburi e minerali (oro, rame, ferro, manganese e bauxite).<\/li>\n\n\n\n<li>La Costa d&#039;Avorio fa parte dell&#039;Unione economica e monetaria dell&#039;Africa occidentale (UEMOA). Questa organizzazione ha una valuta comune, che tiene sotto controllo l\u2019inflazione.<\/li>\n\n\n\n<li>Le infrastrutture sono in fase di modernizzazione.<\/li>\n\n\n\n<li>Il Paese sta apportando continui miglioramenti negli ambienti aziendali e di governance.<\/li>\n<\/ol>\n\n\n\n<h2 class=\"wp-block-heading p6\">Motivi per far crescere la tua attivit\u00e0 sul mercato<\/h2>\n\n\n\n<ol class=\"wp-block-list ol1\">\n<li>Agroalimentare: la Costa d\u2019Avorio esporta materie prime. Esiste un potenziale per le aziende che desiderano elaborare tali materiali all\u2019interno del paese.<\/li>\n\n\n\n<li>The region imports the vast majority of its medical supplies. Thus, this sector has many opportunities, and as the population expands, the demand for healthcare will increase. Local <a href=\"https:\/\/www.sisinternational.com\/it\/competenza\/industrie\/ricerche-di-mercato-sulla-diagnostica-clinica\/\" title=\"Ricerche di mercato sulla diagnostica clinica\"  data-wpil-monitor-id=\"8765\">diagnostics centers and clinics<\/a> are still scarce. Affluent people often travel abroad for treatment. There is potential for the private sector to expand healthcare capacity.<\/li>\n\n\n\n<li>Education is another area of interest for investors. There is a shortfall in capacity and growing demand in this sector. Many members of the young population leave the educational circuit early with few qualifications. There are gaps in theoretical training and business needs.&nbsp;Businesses can establish training centers to close those gaps.<\/li>\n<\/ol>\n\n\n\n<h2 class=\"wp-block-heading p3\">Informazioni sulle ricerche di mercato in Costa d&#039;Avorio<\/h2>\n\n\n\n<p class=\"p5\">If you&#8217;re a business visionary who wants to work in Ivory Coast, <a href=\"https:\/\/www.sisinternational.com\/it\/contattaci\/\" title=\"Contattaci\"  data-wpil-monitor-id=\"8763\">Ricerca internazionale SIS<\/a> is ideal for you. We arrange focus groups in different <a href=\"https:\/\/www.sisinternational.com\/it\/leffetto-della-cultura-del-mercato-nigeriano-sugli-affari\/\" title=\"Il mercato nigeriano: l&#039;effetto della cultura sul business\"  data-wpil-monitor-id=\"7482\">business areas in Africa<\/a> and conduct Quantitative, Qualitative, and Strategy Research. We will collect essential information for you and your business. <a href=\"https:\/\/www.sisinternational.com\/it\/fattori-chiave-di-successo-nelle-ricerche-di-mercato-automobilistiche\/\" title=\"Fattori chiave di successo nelle ricerche di mercato automobilistiche\"  data-wpil-monitor-id=\"8764\">Market Research ensures your success<\/a>.<\/p>\n\n\n\n<p class=\"p5\"><\/p>","protected":false},"excerpt":{"rendered":"<p>Market Research in Cote d&#8217;Ivoire Key Industries Cote d&#8217;Ivoire is French for the Coast of Ivory or Ivory Coast. This country has been growing its economy despite the instability of its political government. Its agricultural sector is thriving. Cote d\u2019Ivoire produces palm oil, cocoa beans, coffee, yam, and cashews. Other exports are crude petroleum, rubber, &#8230; <a title=\"Market Research in Cote d&#8217;Ivoire\" class=\"read-more\" href=\"https:\/\/www.sisinternational.com\/it\/copertura\/ricerche-di-mercato-africane\/ricerche-di-mercato-costa-davorio\/\" aria-label=\"Per saperne di pi\u00f9 su Market Research in Cote d&#8217;Ivoire\">Leggi tutto<\/a><\/p>","protected":false},"author":1,"featured_media":65173,"parent":14281,"menu_order":9,"comment_status":"closed","ping_status":"closed","template":"","meta":{"footnotes":""},"class_list":["post-37720","page","type-page","status-publish","has-post-thumbnail"],"_links":{"self":[{"href":"https:\/\/www.sisinternational.com\/it\/wp-json\/wp\/v2\/pages\/37720","targetHints":{"allow":["GET"]}}],"collection":[{"href":"https:\/\/www.sisinternational.com\/it\/wp-json\/wp\/v2\/pages"}],"about":[{"href":"https:\/\/www.sisinternational.com\/it\/wp-json\/wp\/v2\/types\/page"}],"author":[{"embeddable":true,"href":"https:\/\/www.sisinternational.com\/it\/wp-json\/wp\/v2\/users\/1"}],"replies":[{"embeddable":true,"href":"https:\/\/www.sisinternational.com\/it\/wp-json\/wp\/v2\/comments?post=37720"}],"version-history":[{"count":5,"href":"https:\/\/www.sisinternational.com\/it\/wp-json\/wp\/v2\/pages\/37720\/revisions"}],"predecessor-version":[{"id":81470,"href":"https:\/\/www.sisinternational.com\/it\/wp-json\/wp\/v2\/pages\/37720\/revisions\/81470"}],"up":[{"embeddable":true,"href":"https:\/\/www.sisinternational.com\/it\/wp-json\/wp\/v2\/pages\/14281"}],"wp:featuredmedia":[{"embeddable":true,"href":"https:\/\/www.sisinternational.com\/it\/wp-json\/wp\/v2\/media\/65173"}],"wp:attachment":[{"href":"https:\/\/www.sisinternational.com\/it\/wp-json\/wp\/v2\/media?parent=37720"}],"curies":[{"name":"wp","href":"https:\/\/api.w.org\/{rel}","templated":true}]}}